{"id":239,"date":"2013-11-13T14:53:58","date_gmt":"2013-11-13T13:53:58","guid":{"rendered":"http:\/\/seatechnology.eu\/seadrill-160-eng\/"},"modified":"2022-10-26T12:02:51","modified_gmt":"2022-10-26T10:02:51","slug":"seadrill-200","status":"publish","type":"page","link":"https:\/\/www.seatechnology.eu\/en\/construction-machinery\/seadrill-200\/","title":{"rendered":"Seadrill 200"},"content":{"rendered":"<div class=\"wpb-content-wrapper\"><p>[vc_row text_align=&#8221;center&#8221; bottom_padding=&#8221;50&#8243;][vc_column width=&#8221;1\/1&#8243;][vc_column_text]<\/p>\n<h1><span style=\"color: #009cde;\">SEADRILL\u00a0200<\/span><\/h1>\n<p>[\/vc_column_text][\/vc_column][\/vc_row][vc_row top_padding=&#8221;10&#8243; bottom_padding=&#8221;10&#8243;][vc_column width=&#8221;1\/3&#8243;]<div class=\"single_image wpb_content_element align-left  animate image_box_shadow image_opacity \" data-animation=\"fade-in-from-top\" data-delay=\"300\"><a href=\"https:\/\/www.seatechnology.eu\/wp-content\/uploads\/2021\/09\/SEADRILL-200.jpg\" class=\"prettyPhoto\" rel=\"prettyPhoto[image]\"><img loading=\"lazy\" decoding=\"async\" width=\"1500\" height=\"1500\" src=\"https:\/\/www.seatechnology.eu\/wp-content\/uploads\/2021\/09\/SEADRILL-200.jpg\" class=\"attachment-full\" alt=\"\" title=\"SEADRILL 200\" srcset=\"https:\/\/www.seatechnology.eu\/wp-content\/uploads\/2021\/09\/SEADRILL-200.jpg 1500w, https:\/\/www.seatechnology.eu\/wp-content\/uploads\/2021\/09\/SEADRILL-200-600x600.jpg 600w, https:\/\/www.seatechnology.eu\/wp-content\/uploads\/2021\/09\/SEADRILL-200-1200x1200.jpg 1200w, https:\/\/www.seatechnology.eu\/wp-content\/uploads\/2021\/09\/SEADRILL-200-300x300.jpg 300w, https:\/\/www.seatechnology.eu\/wp-content\/uploads\/2021\/09\/SEADRILL-200-768x768.jpg 768w, https:\/\/www.seatechnology.eu\/wp-content\/uploads\/2021\/09\/SEADRILL-200-80x80.jpg 80w, https:\/\/www.seatechnology.eu\/wp-content\/uploads\/2021\/09\/SEADRILL-200-500x500.jpg 500w, https:\/\/www.seatechnology.eu\/wp-content\/uploads\/2021\/09\/SEADRILL-200-1000x1000.jpg 1000w\" sizes=\"auto, (max-width: 1500px) 100vw, 1500px\" \/><\/a><\/div>[vc_row_inner][vc_column_inner][vc_column_text]<\/p>\n<p style=\"text-align: center;\"><strong>Accedi alla scheda tecnica<\/strong><\/p>\n<p>[\/vc_column_text][vc_btn title=&#8221;Seadrill 200&#8243; style=&#8221;3d&#8221; color=&#8221;primary&#8221; align=&#8221;center&#8221; i_icon_fontawesome=&#8221;far fa-file-pdf&#8221; add_icon=&#8221;true&#8221; link=&#8221;url:%2Fdl.php%3Ffile_url%3Dhttps%3A%2F%2Fwww.seatechnology.eu%2Fwp-content%2Fuploads%2F2021%2F11%2FSEADRILL-200-Sea-Technology.pdf|&#8221; css=&#8221;.vc_custom_1637318460466{margin-top: 0px !important;margin-right: 0px !important;margin-bottom: 0px !important;margin-left: 0px !important;padding-top: 0px !important;padding-right: 0px !important;padding-bottom: 0px !important;padding-left: 0px !important;}&#8221;][\/vc_column_inner][\/vc_row_inner][\/vc_column][vc_column width=&#8221;2\/3&#8243;]<div class=\"headline font-inherit fontsize-inherit fontweight-700 lh-inherit align-center transform-uppercase head-descrizione\" style=\"\">DESCRIZIONE<\/div>[vc_column_text]La SEADRILL 200, ottenuta dal montaggio del SEADRILL 2000A sulla COLONNA SEASTAND 200, \u00e8 un sistema di carotaggio per forature fino a 205 mm. Si distingue per la sua versatilit\u00e0 grazie al favorevole rapporto peso\/potenza e per la possibilit\u00e0 di essere fissata sia tramite l\u2019 apposito tassello in dotazione sia attraverso fissaggio sottovuoto per il quale \u00e8 gi\u00e0 predisposta. \u00c8 possibile effettuare carotaggi inclinati di 45\u00b0. Base in acciaio di dimensioni ridotte per essere posizionata pi\u00f9 agilmente.<\/p>\n<ul>\n<li>Sistema di sgancio a collare rapido<\/li>\n<li>Scorrimento del carrello a cuscinetti<\/li>\n<li>Fornita di bolla per un rapido livellamento<\/li>\n<\/ul>\n<p>[\/vc_column_text]<div class=\"headline font-inherit fontsize-inherit fontweight-700 lh-inherit align-center transform-uppercase head-descrizione\" style=\"\">SCHEDA TECNICA<\/div>[vc_column_text]<\/p>\n<table class=\"table-seatechnology-bis\">\n<tbody>\n<tr>\n<td colspan=\"2\">DESCRIZIONE<\/td>\n<\/tr>\n<tr>\n<td>Motore: SEADRILL 2000A<\/td>\n<td>Cremagliera e colonna in un\u2019unica fusione<\/td>\n<\/tr>\n<tr>\n<td>Attacco: 1\u201d1\/4 e 1\/2 Gas<\/td>\n<td>Basamento in acciaio<\/td>\n<\/tr>\n<tr>\n<td>Adatto per forature max di 205 mm<\/td>\n<td>Inclinabile a 45\u00b0<\/td>\n<\/tr>\n<tr>\n<td>Corsa utile: 510 mm<br \/>\nAltezza colonna: 850 mm<\/td>\n<td>Peso colonna: 11,5 kg Peso motore: 7 kg<\/td>\n<\/tr>\n<tr>\n<td>Sgancio rapido del motore<\/td>\n<td>\u00a0A norma CE<\/td>\n<\/tr>\n<\/tbody>\n<\/table>\n<p>[\/vc_column_text][vc_column_text]<\/p>\n<table class=\"table-seatechnology-bis\">\n<tbody>\n<tr>\n<td>COD.<\/td>\n<td>DESCRIZIONE<\/td>\n<\/tr>\n<tr>\n<td>SEADRILL200<\/td>\n<td>CAROTATRICE PROFESSIONALE SEADRILL200 COMPLETA DI ACCESSORI E MOTORE<\/td>\n<\/tr>\n<\/tbody>\n<\/table>\n<p>[\/vc_column_text][\/vc_column][\/vc_row]<\/p>\n<\/div>","protected":false},"excerpt":{"rendered":"<p>[vc_row text_align=&#8221;center&#8221; bottom_padding=&#8221;50&#8243;][vc_column width=&#8221;1\/1&#8243;][vc_column_text] SEADRILL\u00a0200 [\/vc_column_text][\/vc_column][\/vc_row][vc_row top_padding=&#8221;10&#8243; bottom_padding=&#8221;10&#8243;][vc_column width=&#8221;1\/3&#8243;][vc_row_inner][vc_column_inner][vc_column_text] Accedi alla scheda tecnica [\/vc_column_text][vc_btn title=&#8221;Seadrill 200&#8243; style=&#8221;3d&#8221; color=&#8221;primary&#8221; align=&#8221;center&#8221; i_icon_fontawesome=&#8221;far fa-file-pdf&#8221; add_icon=&#8221;true&#8221; link=&#8221;url:%2Fdl.php%3Ffile_url%3Dhttps%3A%2F%2Fwww.seatechnology.eu%2Fwp-content%2Fuploads%2F2021%2F11%2FSEADRILL-200-Sea-Technology.pdf|&#8221; css=&#8221;.vc_custom_1637318460466{margin-top: 0px !important;margin-right: 0px !important;margin-bottom: 0px !important;margin-left: 0px !important;padding-top: 0px !important;padding-right: 0px !important;padding-bottom: 0px !important;padding-left: 0px !important;}&#8221;][\/vc_column_inner][\/vc_row_inner][\/vc_column][vc_column width=&#8221;2\/3&#8243;][vc_column_text]La SEADRILL 200, ottenuta dal montaggio del SEADRILL 2000A sulla COLONNA SEASTAND 200, \u00e8 un sistema di carotaggio per forature fino a 205 mm. Si distingue per la sua versatilit\u00e0 grazie al favorevole rapporto peso\/potenza e per la possibilit\u00e0 di essere fissata sia tramite l\u2019 apposito tassello in dotazione sia attraverso fissaggio sottovuoto per il quale \u00e8 gi\u00e0 predisposta. \u00c8 possibile effettuare carotaggi inclinati di 45\u00b0. Base in acciaio di dimensioni ridotte per essere posizionata pi\u00f9 agilmente. Sistema di sgancio a collare rapido Scorrimento del carrello a cuscinetti Fornita di bolla per un rapido livellamento [\/vc_column_text][vc_column_text] DESCRIZIONE Motore: SEADRILL 2000A Cremagliera e colonna in un\u2019unica fusione Attacco: 1\u201d1\/4 e 1\/2 Gas Basamento in acciaio Adatto per forature max di 205 mm Inclinabile a 45\u00b0 Corsa utile: 510 mm Altezza colonna: 850 mm Peso colonna: 11,5 kg Peso motore: 7 kg Sgancio rapido del motore \u00a0A norma CE [\/vc_column_text][vc_column_text] COD. DESCRIZIONE SEADRILL200 CAROTATRICE PROFESSIONALE SEADRILL200 COMPLETA DI ACCESSORI E MOTORE [\/vc_column_text][\/vc_column][\/vc_row]<\/p>\n","protected":false},"author":3,"featured_media":8240,"parent":1168,"menu_order":6,"comment_status":"closed","ping_status":"closed","template":"","meta":{"inline_featured_image":false,"footnotes":""},"class_list":["post-239","page","type-page","status-publish","has-post-thumbnail","hentry"],"yoast_head":"<!-- This site is optimized with the Yoast SEO plugin v26.8 - https:\/\/yoast.com\/product\/yoast-seo-wordpress\/ -->\n<title>Seadrill 200 - Sea Technology<\/title>\n<meta name=\"description\" content=\"SEADRILL 200 coring column equipped with motor and tilting steel base\" \/>\n<meta name=\"robots\" content=\"index, follow, max-snippet:-1, max-image-preview:large, max-video-preview:-1\" \/>\n<link rel=\"canonical\" href=\"https:\/\/www.seatechnology.eu\/en\/construction-machinery\/seadrill-200\/\" \/>\n<meta property=\"og:locale\" content=\"en_US\" \/>\n<meta property=\"og:type\" content=\"article\" \/>\n<meta property=\"og:title\" content=\"Seadrill 200 - Sea Technology\" \/>\n<meta property=\"og:description\" content=\"SEADRILL 200 coring column equipped with motor and tilting steel base\" \/>\n<meta property=\"og:url\" content=\"https:\/\/www.seatechnology.eu\/en\/construction-machinery\/seadrill-200\/\" \/>\n<meta property=\"og:site_name\" content=\"Sea Technology\" \/>\n<meta property=\"article:publisher\" content=\"https:\/\/www.facebook.com\/seatechnologyeu\/\" \/>\n<meta property=\"article:modified_time\" content=\"2022-10-26T10:02:51+00:00\" \/>\n<meta property=\"og:image\" content=\"https:\/\/www.seatechnology.eu\/wp-content\/uploads\/2021\/09\/SEADRILL-200.jpg\" \/>\n\t<meta property=\"og:image:width\" content=\"1500\" \/>\n\t<meta property=\"og:image:height\" content=\"1500\" \/>\n\t<meta property=\"og:image:type\" content=\"image\/jpeg\" \/>\n<meta name=\"twitter:card\" content=\"summary_large_image\" \/>\n<meta name=\"twitter:site\" content=\"@SeaTechnology_\" \/>\n<meta name=\"twitter:label1\" content=\"Est. reading time\" \/>\n\t<meta name=\"twitter:data1\" content=\"1 minute\" \/>\n<script type=\"application\/ld+json\" class=\"yoast-schema-graph\">{\"@context\":\"https:\/\/schema.org\",\"@graph\":[{\"@type\":\"WebPage\",\"@id\":\"https:\/\/www.seatechnology.eu\/en\/construction-machinery\/seadrill-200\/\",\"url\":\"https:\/\/www.seatechnology.eu\/en\/construction-machinery\/seadrill-200\/\",\"name\":\"Seadrill 200 - Sea Technology\",\"isPartOf\":{\"@id\":\"https:\/\/www.seatechnology.eu\/en\/#website\"},\"primaryImageOfPage\":{\"@id\":\"https:\/\/www.seatechnology.eu\/en\/construction-machinery\/seadrill-200\/#primaryimage\"},\"image\":{\"@id\":\"https:\/\/www.seatechnology.eu\/en\/construction-machinery\/seadrill-200\/#primaryimage\"},\"thumbnailUrl\":\"https:\/\/www.seatechnology.eu\/wp-content\/uploads\/2021\/09\/SEADRILL-200.jpg\",\"datePublished\":\"2013-11-13T13:53:58+00:00\",\"dateModified\":\"2022-10-26T10:02:51+00:00\",\"description\":\"SEADRILL 200 coring column equipped with motor and tilting steel base\",\"breadcrumb\":{\"@id\":\"https:\/\/www.seatechnology.eu\/en\/construction-machinery\/seadrill-200\/#breadcrumb\"},\"inLanguage\":\"en-US\",\"potentialAction\":[{\"@type\":\"ReadAction\",\"target\":[\"https:\/\/www.seatechnology.eu\/en\/construction-machinery\/seadrill-200\/\"]}]},{\"@type\":\"ImageObject\",\"inLanguage\":\"en-US\",\"@id\":\"https:\/\/www.seatechnology.eu\/en\/construction-machinery\/seadrill-200\/#primaryimage\",\"url\":\"https:\/\/www.seatechnology.eu\/wp-content\/uploads\/2021\/09\/SEADRILL-200.jpg\",\"contentUrl\":\"https:\/\/www.seatechnology.eu\/wp-content\/uploads\/2021\/09\/SEADRILL-200.jpg\",\"width\":1500,\"height\":1500},{\"@type\":\"BreadcrumbList\",\"@id\":\"https:\/\/www.seatechnology.eu\/en\/construction-machinery\/seadrill-200\/#breadcrumb\",\"itemListElement\":[{\"@type\":\"ListItem\",\"position\":1,\"name\":\"Home\",\"item\":\"https:\/\/www.seatechnology.eu\/en\/\"},{\"@type\":\"ListItem\",\"position\":2,\"name\":\"Construction machinery\",\"item\":\"https:\/\/www.seatechnology.eu\/en\/construction-machinery\/\"},{\"@type\":\"ListItem\",\"position\":3,\"name\":\"Seadrill 200\"}]},{\"@type\":\"WebSite\",\"@id\":\"https:\/\/www.seatechnology.eu\/en\/#website\",\"url\":\"https:\/\/www.seatechnology.eu\/en\/\",\"name\":\"Sea Technology\",\"description\":\"Solutions Only, Since 1973\",\"publisher\":{\"@id\":\"https:\/\/www.seatechnology.eu\/en\/#organization\"},\"potentialAction\":[{\"@type\":\"SearchAction\",\"target\":{\"@type\":\"EntryPoint\",\"urlTemplate\":\"https:\/\/www.seatechnology.eu\/en\/?s={search_term_string}\"},\"query-input\":{\"@type\":\"PropertyValueSpecification\",\"valueRequired\":true,\"valueName\":\"search_term_string\"}}],\"inLanguage\":\"en-US\"},{\"@type\":\"Organization\",\"@id\":\"https:\/\/www.seatechnology.eu\/en\/#organization\",\"name\":\"Sea Technology Srl\",\"url\":\"https:\/\/www.seatechnology.eu\/en\/\",\"logo\":{\"@type\":\"ImageObject\",\"inLanguage\":\"en-US\",\"@id\":\"https:\/\/www.seatechnology.eu\/en\/#\/schema\/logo\/image\/\",\"url\":\"https:\/\/www.seatechnology.eu\/wp-content\/uploads\/2019\/09\/SeaTechnology-vertical-300px.png\",\"contentUrl\":\"https:\/\/www.seatechnology.eu\/wp-content\/uploads\/2019\/09\/SeaTechnology-vertical-300px.png\",\"width\":244,\"height\":266,\"caption\":\"Sea Technology Srl\"},\"image\":{\"@id\":\"https:\/\/www.seatechnology.eu\/en\/#\/schema\/logo\/image\/\"},\"sameAs\":[\"https:\/\/www.facebook.com\/seatechnologyeu\/\",\"https:\/\/x.com\/SeaTechnology_\",\"https:\/\/www.linkedin.com\/company\/sea-technology-srl\",\"https:\/\/www.youtube.com\/@seatechnology5754\"]}]}<\/script>\n<!-- \/ Yoast SEO plugin. -->","yoast_head_json":{"title":"Seadrill 200 - Sea Technology","description":"SEADRILL 200 coring column equipped with motor and tilting steel base","robots":{"index":"index","follow":"follow","max-snippet":"max-snippet:-1","max-image-preview":"max-image-preview:large","max-video-preview":"max-video-preview:-1"},"canonical":"https:\/\/www.seatechnology.eu\/en\/construction-machinery\/seadrill-200\/","og_locale":"en_US","og_type":"article","og_title":"Seadrill 200 - Sea Technology","og_description":"SEADRILL 200 coring column equipped with motor and tilting steel base","og_url":"https:\/\/www.seatechnology.eu\/en\/construction-machinery\/seadrill-200\/","og_site_name":"Sea Technology","article_publisher":"https:\/\/www.facebook.com\/seatechnologyeu\/","article_modified_time":"2022-10-26T10:02:51+00:00","og_image":[{"width":1500,"height":1500,"url":"https:\/\/www.seatechnology.eu\/wp-content\/uploads\/2021\/09\/SEADRILL-200.jpg","type":"image\/jpeg"}],"twitter_card":"summary_large_image","twitter_site":"@SeaTechnology_","twitter_misc":{"Est. reading time":"1 minute"},"schema":{"@context":"https:\/\/schema.org","@graph":[{"@type":"WebPage","@id":"https:\/\/www.seatechnology.eu\/en\/construction-machinery\/seadrill-200\/","url":"https:\/\/www.seatechnology.eu\/en\/construction-machinery\/seadrill-200\/","name":"Seadrill 200 - Sea Technology","isPartOf":{"@id":"https:\/\/www.seatechnology.eu\/en\/#website"},"primaryImageOfPage":{"@id":"https:\/\/www.seatechnology.eu\/en\/construction-machinery\/seadrill-200\/#primaryimage"},"image":{"@id":"https:\/\/www.seatechnology.eu\/en\/construction-machinery\/seadrill-200\/#primaryimage"},"thumbnailUrl":"https:\/\/www.seatechnology.eu\/wp-content\/uploads\/2021\/09\/SEADRILL-200.jpg","datePublished":"2013-11-13T13:53:58+00:00","dateModified":"2022-10-26T10:02:51+00:00","description":"SEADRILL 200 coring column equipped with motor and tilting steel base","breadcrumb":{"@id":"https:\/\/www.seatechnology.eu\/en\/construction-machinery\/seadrill-200\/#breadcrumb"},"inLanguage":"en-US","potentialAction":[{"@type":"ReadAction","target":["https:\/\/www.seatechnology.eu\/en\/construction-machinery\/seadrill-200\/"]}]},{"@type":"ImageObject","inLanguage":"en-US","@id":"https:\/\/www.seatechnology.eu\/en\/construction-machinery\/seadrill-200\/#primaryimage","url":"https:\/\/www.seatechnology.eu\/wp-content\/uploads\/2021\/09\/SEADRILL-200.jpg","contentUrl":"https:\/\/www.seatechnology.eu\/wp-content\/uploads\/2021\/09\/SEADRILL-200.jpg","width":1500,"height":1500},{"@type":"BreadcrumbList","@id":"https:\/\/www.seatechnology.eu\/en\/construction-machinery\/seadrill-200\/#breadcrumb","itemListElement":[{"@type":"ListItem","position":1,"name":"Home","item":"https:\/\/www.seatechnology.eu\/en\/"},{"@type":"ListItem","position":2,"name":"Construction machinery","item":"https:\/\/www.seatechnology.eu\/en\/construction-machinery\/"},{"@type":"ListItem","position":3,"name":"Seadrill 200"}]},{"@type":"WebSite","@id":"https:\/\/www.seatechnology.eu\/en\/#website","url":"https:\/\/www.seatechnology.eu\/en\/","name":"Sea Technology","description":"Solutions Only, Since 1973","publisher":{"@id":"https:\/\/www.seatechnology.eu\/en\/#organization"},"potentialAction":[{"@type":"SearchAction","target":{"@type":"EntryPoint","urlTemplate":"https:\/\/www.seatechnology.eu\/en\/?s={search_term_string}"},"query-input":{"@type":"PropertyValueSpecification","valueRequired":true,"valueName":"search_term_string"}}],"inLanguage":"en-US"},{"@type":"Organization","@id":"https:\/\/www.seatechnology.eu\/en\/#organization","name":"Sea Technology Srl","url":"https:\/\/www.seatechnology.eu\/en\/","logo":{"@type":"ImageObject","inLanguage":"en-US","@id":"https:\/\/www.seatechnology.eu\/en\/#\/schema\/logo\/image\/","url":"https:\/\/www.seatechnology.eu\/wp-content\/uploads\/2019\/09\/SeaTechnology-vertical-300px.png","contentUrl":"https:\/\/www.seatechnology.eu\/wp-content\/uploads\/2019\/09\/SeaTechnology-vertical-300px.png","width":244,"height":266,"caption":"Sea Technology Srl"},"image":{"@id":"https:\/\/www.seatechnology.eu\/en\/#\/schema\/logo\/image\/"},"sameAs":["https:\/\/www.facebook.com\/seatechnologyeu\/","https:\/\/x.com\/SeaTechnology_","https:\/\/www.linkedin.com\/company\/sea-technology-srl","https:\/\/www.youtube.com\/@seatechnology5754"]}]}},"_links":{"self":[{"href":"https:\/\/www.seatechnology.eu\/en\/wp-json\/wp\/v2\/pages\/239","targetHints":{"allow":["GET"]}}],"collection":[{"href":"https:\/\/www.seatechnology.eu\/en\/wp-json\/wp\/v2\/pages"}],"about":[{"href":"https:\/\/www.seatechnology.eu\/en\/wp-json\/wp\/v2\/types\/page"}],"author":[{"embeddable":true,"href":"https:\/\/www.seatechnology.eu\/en\/wp-json\/wp\/v2\/users\/3"}],"replies":[{"embeddable":true,"href":"https:\/\/www.seatechnology.eu\/en\/wp-json\/wp\/v2\/comments?post=239"}],"version-history":[{"count":0,"href":"https:\/\/www.seatechnology.eu\/en\/wp-json\/wp\/v2\/pages\/239\/revisions"}],"up":[{"embeddable":true,"href":"https:\/\/www.seatechnology.eu\/en\/wp-json\/wp\/v2\/pages\/1168"}],"wp:featuredmedia":[{"embeddable":true,"href":"https:\/\/www.seatechnology.eu\/en\/wp-json\/wp\/v2\/media\/8240"}],"wp:attachment":[{"href":"https:\/\/www.seatechnology.eu\/en\/wp-json\/wp\/v2\/media?parent=239"}],"curies":[{"name":"wp","href":"https:\/\/api.w.org\/{rel}","templated":true}]}}