{"id":10027,"date":"2024-04-10T09:56:57","date_gmt":"2024-04-10T07:56:57","guid":{"rendered":"https:\/\/www.seatechnology.eu\/?page_id=10027"},"modified":"2024-05-17T12:24:08","modified_gmt":"2024-05-17T10:24:08","slug":"seafloor-500-s","status":"publish","type":"page","link":"https:\/\/www.seatechnology.eu\/it\/mototagliatrici-e-tagliasuolo\/seafloor-500-s\/","title":{"rendered":"Seafloor 500 S"},"content":{"rendered":"<div class=\"wpb-content-wrapper\"><p>[vc_row text_align=&#8221;center&#8221; bottom_padding=&#8221;50&#8243;][vc_column width=&#8221;1\/1&#8243;][vc_column_text]<\/p>\n<h1><span style=\"color: #009cde;\">SEAFLOOR 500 S<\/span><\/h1>\n<p>[\/vc_column_text][\/vc_column][\/vc_row][vc_row top_padding=&#8221;10&#8243; bottom_padding=&#8221;10&#8243;][vc_column width=&#8221;1\/3&#8243;]<div class=\"single_image wpb_content_element align-left  animate image_box_shadow image_opacity \" data-animation=\"fade-in-from-top\" data-delay=\"300\"><a href=\"https:\/\/www.seatechnology.eu\/wp-content\/uploads\/2024\/04\/SEAFLOOR500S_22-03-2024.jpg\" class=\"prettyPhoto\" rel=\"prettyPhoto[image]\"><img loading=\"lazy\" decoding=\"async\" width=\"1500\" height=\"1500\" src=\"https:\/\/www.seatechnology.eu\/wp-content\/uploads\/2024\/04\/SEAFLOOR500S_22-03-2024.jpg\" class=\"attachment-full\" alt=\"\" title=\"SEAFLOOR500S_22-03-2024\" srcset=\"https:\/\/www.seatechnology.eu\/wp-content\/uploads\/2024\/04\/SEAFLOOR500S_22-03-2024.jpg 1500w, https:\/\/www.seatechnology.eu\/wp-content\/uploads\/2024\/04\/SEAFLOOR500S_22-03-2024-600x600.jpg 600w, https:\/\/www.seatechnology.eu\/wp-content\/uploads\/2024\/04\/SEAFLOOR500S_22-03-2024-1200x1200.jpg 1200w, https:\/\/www.seatechnology.eu\/wp-content\/uploads\/2024\/04\/SEAFLOOR500S_22-03-2024-150x150.jpg 150w, https:\/\/www.seatechnology.eu\/wp-content\/uploads\/2024\/04\/SEAFLOOR500S_22-03-2024-768x768.jpg 768w, https:\/\/www.seatechnology.eu\/wp-content\/uploads\/2024\/04\/SEAFLOOR500S_22-03-2024-80x80.jpg 80w, https:\/\/www.seatechnology.eu\/wp-content\/uploads\/2024\/04\/SEAFLOOR500S_22-03-2024-500x500.jpg 500w, https:\/\/www.seatechnology.eu\/wp-content\/uploads\/2024\/04\/SEAFLOOR500S_22-03-2024-1000x1000.jpg 1000w\" sizes=\"auto, (max-width: 1500px) 100vw, 1500px\" \/><\/a><\/div>[vc_row_inner][vc_column_inner][vc_column_text]<\/p>\n<p style=\"text-align: center;\"><strong>Accedi alla scheda tecnica<\/strong><\/p>\n<p>[\/vc_column_text][vc_btn title=&#8221;Seafloor 500 S&#8221; style=&#8221;3d&#8221; color=&#8221;primary&#8221; align=&#8221;center&#8221; i_icon_fontawesome=&#8221;far fa-file-pdf&#8221; add_icon=&#8221;true&#8221; link=&#8221;url:%2Fdl.php%3Ffile_url%3Dhttps%3A%2F%2Fwww.seatechnology.eu%2Fwp-content%2Fuploads%2F2024%2F04%2FSEAFLOOR_500_S_SCHEDATECNICA.pdf&#8221; css=&#8221;.vc_custom_1712735244926{margin-top: 0px !important;margin-right: 0px !important;margin-bottom: 0px !important;margin-left: 0px !important;padding-top: 0px !important;padding-right: 0px !important;padding-bottom: 0px !important;padding-left: 0px !important;}&#8221;][\/vc_column_inner][\/vc_row_inner][\/vc_column][vc_column width=&#8221;2\/3&#8243;]<div class=\"headline font-inherit fontsize-inherit fontweight-700 lh-inherit align-center transform-uppercase head-descrizione\" style=\"\">DESCRIZIONE<\/div>[vc_column_text]La nuova SEAFLOOR 500 S \u00e8 stata sviluppata per soddisfare le richieste di coloro che necessitano di una tagliasuolo potente e affidabile ma, allo stesso tempo, pi\u00f9 leggera e maneggevole di quelle gi\u00e0 esistenti. \u00c8 idonea al taglio di cemento e asfalto con profondit\u00e0 fino a 190 mm e presenta le stesse caratteristiche di SEAFLOOR 500 in termini di motorizzazione (motore Honda GX-390), pur avendo un peso ridotto a 105 Kg. Inoltre, un nuovo serbatoio dell\u2019acqua a sgancio rapido facilita il rifornimento, che pu\u00f2 essere effettuato senza dover mobilitare la macchina: un\u2019importante configurazione, che risulta molto utile per l\u2019utilizzo nei cantieri stradali dove spesso la zona di taglio \u00e8 distante dalla cisterna per il rifornimento.[\/vc_column_text]<div class=\"headline font-inherit fontsize-inherit fontweight-700 lh-inherit align-center transform-uppercase head-descrizione\" style=\"\">SCHEDA TECNICA<\/div>[vc_column_text]<\/p>\n<table class=\"table-seatechnology-bis\">\n<tbody>\n<tr>\n<td colspan=\"2\">DESCRIZIONE<\/td>\n<\/tr>\n<tr>\n<td>Disco diamantato diametro 500 mm foro 25,4 mm<\/td>\n<td>Serbatoio acqua da 20 Lt<\/td>\n<\/tr>\n<tr>\n<td>Profondit\u00e0 di taglio 19 cm<\/td>\n<td>Dimensioni (LxWxH) 110x53x95<\/td>\n<\/tr>\n<tr>\n<td>Motore Honda GX390 8.7 kW \u2013 11.7 CV<\/td>\n<td>Peso 105 kg<\/td>\n<\/tr>\n<tr>\n<td>Giri motore 3600 MIN -1<\/td>\n<td>A Norma CE<\/td>\n<\/tr>\n<tr>\n<td>Dotata di contaore<\/td>\n<td><\/td>\n<\/tr>\n<\/tbody>\n<\/table>\n<p>[\/vc_column_text][vc_column_text]<\/p>\n<table class=\"table-seatechnology-bis\">\n<tbody>\n<tr>\n<td>COD.<\/td>\n<td>DESCRIZIONE<\/td>\n<\/tr>\n<tr>\n<td>AS1450F25<\/td>\n<td>Disco diamantato diam. 450<\/td>\n<\/tr>\n<tr>\n<td>SEAFLOOR500S<\/td>\n<td>TAGLIAPAVIMENTO PROFESS. MOD. SEAFLOOR500S<\/td>\n<\/tr>\n<\/tbody>\n<\/table>\n<div id=\"gtx-trans\" style=\"position: absolute; left: 178px; top: 66px;\">\n<div class=\"gtx-trans-icon\"><\/div>\n<\/div>\n<p>[\/vc_column_text][\/vc_column][\/vc_row]<\/p>\n<\/div>","protected":false},"excerpt":{"rendered":"<p>[vc_row text_align=&#8221;center&#8221; bottom_padding=&#8221;50&#8243;][vc_column width=&#8221;1\/1&#8243;][vc_column_text] SEAFLOOR 500 S [\/vc_column_text][\/vc_column][\/vc_row][vc_row top_padding=&#8221;10&#8243; bottom_padding=&#8221;10&#8243;][vc_column width=&#8221;1\/3&#8243;][vc_row_inner][vc_column_inner][vc_column_text] Accedi alla scheda tecnica [\/vc_column_text][vc_btn title=&#8221;Seafloor 500 S&#8221; style=&#8221;3d&#8221; color=&#8221;primary&#8221; align=&#8221;center&#8221; i_icon_fontawesome=&#8221;far fa-file-pdf&#8221; add_icon=&#8221;true&#8221; link=&#8221;url:%2Fdl.php%3Ffile_url%3Dhttps%3A%2F%2Fwww.seatechnology.eu%2Fwp-content%2Fuploads%2F2024%2F04%2FSEAFLOOR_500_S_SCHEDATECNICA.pdf&#8221; css=&#8221;.vc_custom_1712735244926{margin-top: 0px !important;margin-right: 0px !important;margin-bottom: 0px !important;margin-left: 0px !important;padding-top: 0px !important;padding-right: 0px !important;padding-bottom: 0px !important;padding-left: 0px !important;}&#8221;][\/vc_column_inner][\/vc_row_inner][\/vc_column][vc_column width=&#8221;2\/3&#8243;][vc_column_text]La nuova SEAFLOOR 500 S \u00e8 stata sviluppata per soddisfare le richieste di coloro che necessitano di una tagliasuolo potente e affidabile ma, allo stesso tempo, pi\u00f9 leggera e maneggevole di quelle gi\u00e0 esistenti. \u00c8 idonea al taglio di cemento e asfalto con profondit\u00e0 fino a 190 mm e presenta le stesse caratteristiche di SEAFLOOR 500 in termini di motorizzazione (motore Honda GX-390), pur avendo un peso ridotto a 105 Kg. Inoltre, un nuovo serbatoio dell\u2019acqua a sgancio rapido facilita il rifornimento, che pu\u00f2 essere effettuato senza dover mobilitare la macchina: un\u2019importante configurazione, che risulta molto utile per l\u2019utilizzo nei cantieri stradali dove spesso la zona di taglio \u00e8 distante dalla cisterna per il rifornimento.[\/vc_column_text][vc_column_text] DESCRIZIONE Disco diamantato diametro 500 mm foro 25,4 mm Serbatoio acqua da 20 Lt Profondit\u00e0 di taglio 19 cm Dimensioni (LxWxH) 110x53x95 Motore Honda GX390 8.7 kW \u2013 11.7 CV Peso 105 kg Giri motore 3600 MIN -1 A Norma CE Dotata [&hellip;]<\/p>\n","protected":false},"author":3,"featured_media":10031,"parent":4644,"menu_order":7,"comment_status":"closed","ping_status":"closed","template":"","meta":{"inline_featured_image":false,"footnotes":""},"class_list":["post-10027","page","type-page","status-publish","has-post-thumbnail","hentry"],"yoast_head":"<!-- This site is optimized with the Yoast SEO plugin v26.8 - https:\/\/yoast.com\/product\/yoast-seo-wordpress\/ -->\n<title>Seafloor 500 S - Sea Technology<\/title>\n<meta name=\"description\" content=\"SEAFLOOR 500 S tagliasuolo potente affidabile leggera maneggevole idonea taglio cemento asfalto fino a 190 mm simile a SEAFLOOR 500\" \/>\n<meta name=\"robots\" content=\"index, follow, max-snippet:-1, max-image-preview:large, max-video-preview:-1\" \/>\n<link rel=\"canonical\" href=\"https:\/\/www.seatechnology.eu\/it\/mototagliatrici-e-tagliasuolo\/seafloor-500-s\/\" \/>\n<meta property=\"og:locale\" content=\"it_IT\" \/>\n<meta property=\"og:type\" content=\"article\" \/>\n<meta property=\"og:title\" content=\"Seafloor 500 S - Sea Technology\" \/>\n<meta property=\"og:description\" content=\"SEAFLOOR 500 S tagliasuolo potente affidabile leggera maneggevole idonea taglio cemento asfalto fino a 190 mm simile a SEAFLOOR 500\" \/>\n<meta property=\"og:url\" content=\"https:\/\/www.seatechnology.eu\/it\/mototagliatrici-e-tagliasuolo\/seafloor-500-s\/\" \/>\n<meta property=\"og:site_name\" content=\"Sea Technology\" \/>\n<meta property=\"article:publisher\" content=\"https:\/\/www.facebook.com\/seatechnologyeu\/\" \/>\n<meta property=\"article:modified_time\" content=\"2024-05-17T10:24:08+00:00\" \/>\n<meta property=\"og:image\" content=\"https:\/\/www.seatechnology.eu\/wp-content\/uploads\/2024\/04\/SEAFLOOR500S_22-03-2024.jpg\" \/>\n\t<meta property=\"og:image:width\" content=\"1500\" \/>\n\t<meta property=\"og:image:height\" content=\"1500\" \/>\n\t<meta property=\"og:image:type\" content=\"image\/jpeg\" \/>\n<meta name=\"twitter:card\" content=\"summary_large_image\" \/>\n<meta name=\"twitter:site\" content=\"@SeaTechnology_\" \/>\n<meta name=\"twitter:label1\" content=\"Tempo di lettura stimato\" \/>\n\t<meta name=\"twitter:data1\" content=\"1 minuto\" \/>\n<script type=\"application\/ld+json\" class=\"yoast-schema-graph\">{\"@context\":\"https:\/\/schema.org\",\"@graph\":[{\"@type\":\"WebPage\",\"@id\":\"https:\/\/www.seatechnology.eu\/it\/mototagliatrici-e-tagliasuolo\/seafloor-500-s\/\",\"url\":\"https:\/\/www.seatechnology.eu\/it\/mototagliatrici-e-tagliasuolo\/seafloor-500-s\/\",\"name\":\"Seafloor 500 S - Sea Technology\",\"isPartOf\":{\"@id\":\"https:\/\/www.seatechnology.eu\/it\/#website\"},\"primaryImageOfPage\":{\"@id\":\"https:\/\/www.seatechnology.eu\/it\/mototagliatrici-e-tagliasuolo\/seafloor-500-s\/#primaryimage\"},\"image\":{\"@id\":\"https:\/\/www.seatechnology.eu\/it\/mototagliatrici-e-tagliasuolo\/seafloor-500-s\/#primaryimage\"},\"thumbnailUrl\":\"https:\/\/www.seatechnology.eu\/wp-content\/uploads\/2024\/04\/SEAFLOOR500S_22-03-2024.jpg\",\"datePublished\":\"2024-04-10T07:56:57+00:00\",\"dateModified\":\"2024-05-17T10:24:08+00:00\",\"description\":\"SEAFLOOR 500 S tagliasuolo potente affidabile leggera maneggevole idonea taglio cemento asfalto fino a 190 mm simile a SEAFLOOR 500\",\"breadcrumb\":{\"@id\":\"https:\/\/www.seatechnology.eu\/it\/mototagliatrici-e-tagliasuolo\/seafloor-500-s\/#breadcrumb\"},\"inLanguage\":\"it-IT\",\"potentialAction\":[{\"@type\":\"ReadAction\",\"target\":[\"https:\/\/www.seatechnology.eu\/it\/mototagliatrici-e-tagliasuolo\/seafloor-500-s\/\"]}]},{\"@type\":\"ImageObject\",\"inLanguage\":\"it-IT\",\"@id\":\"https:\/\/www.seatechnology.eu\/it\/mototagliatrici-e-tagliasuolo\/seafloor-500-s\/#primaryimage\",\"url\":\"https:\/\/www.seatechnology.eu\/wp-content\/uploads\/2024\/04\/SEAFLOOR500S_22-03-2024.jpg\",\"contentUrl\":\"https:\/\/www.seatechnology.eu\/wp-content\/uploads\/2024\/04\/SEAFLOOR500S_22-03-2024.jpg\",\"width\":1500,\"height\":1500},{\"@type\":\"BreadcrumbList\",\"@id\":\"https:\/\/www.seatechnology.eu\/it\/mototagliatrici-e-tagliasuolo\/seafloor-500-s\/#breadcrumb\",\"itemListElement\":[{\"@type\":\"ListItem\",\"position\":1,\"name\":\"Home\",\"item\":\"https:\/\/www.seatechnology.eu\/it\/\"},{\"@type\":\"ListItem\",\"position\":2,\"name\":\"Mototagliatrici e Tagliasuolo\",\"item\":\"https:\/\/www.seatechnology.eu\/it\/mototagliatrici-e-tagliasuolo\/\"},{\"@type\":\"ListItem\",\"position\":3,\"name\":\"Seafloor 500 S\"}]},{\"@type\":\"WebSite\",\"@id\":\"https:\/\/www.seatechnology.eu\/it\/#website\",\"url\":\"https:\/\/www.seatechnology.eu\/it\/\",\"name\":\"Sea Technology\",\"description\":\"Experts in diamond tools, Since 1973\",\"publisher\":{\"@id\":\"https:\/\/www.seatechnology.eu\/it\/#organization\"},\"potentialAction\":[{\"@type\":\"SearchAction\",\"target\":{\"@type\":\"EntryPoint\",\"urlTemplate\":\"https:\/\/www.seatechnology.eu\/it\/?s={search_term_string}\"},\"query-input\":{\"@type\":\"PropertyValueSpecification\",\"valueRequired\":true,\"valueName\":\"search_term_string\"}}],\"inLanguage\":\"it-IT\"},{\"@type\":\"Organization\",\"@id\":\"https:\/\/www.seatechnology.eu\/it\/#organization\",\"name\":\"Sea Technology Srl\",\"url\":\"https:\/\/www.seatechnology.eu\/it\/\",\"logo\":{\"@type\":\"ImageObject\",\"inLanguage\":\"it-IT\",\"@id\":\"https:\/\/www.seatechnology.eu\/it\/#\/schema\/logo\/image\/\",\"url\":\"https:\/\/www.seatechnology.eu\/wp-content\/uploads\/2019\/09\/SeaTechnology-vertical-300px.png\",\"contentUrl\":\"https:\/\/www.seatechnology.eu\/wp-content\/uploads\/2019\/09\/SeaTechnology-vertical-300px.png\",\"width\":244,\"height\":266,\"caption\":\"Sea Technology Srl\"},\"image\":{\"@id\":\"https:\/\/www.seatechnology.eu\/it\/#\/schema\/logo\/image\/\"},\"sameAs\":[\"https:\/\/www.facebook.com\/seatechnologyeu\/\",\"https:\/\/x.com\/SeaTechnology_\",\"https:\/\/www.linkedin.com\/company\/sea-technology-srl\",\"https:\/\/www.youtube.com\/@seatechnology5754\"]}]}<\/script>\n<!-- \/ Yoast SEO plugin. -->","yoast_head_json":{"title":"Seafloor 500 S - Sea Technology","description":"SEAFLOOR 500 S tagliasuolo potente affidabile leggera maneggevole idonea taglio cemento asfalto fino a 190 mm simile a SEAFLOOR 500","robots":{"index":"index","follow":"follow","max-snippet":"max-snippet:-1","max-image-preview":"max-image-preview:large","max-video-preview":"max-video-preview:-1"},"canonical":"https:\/\/www.seatechnology.eu\/it\/mototagliatrici-e-tagliasuolo\/seafloor-500-s\/","og_locale":"it_IT","og_type":"article","og_title":"Seafloor 500 S - Sea Technology","og_description":"SEAFLOOR 500 S tagliasuolo potente affidabile leggera maneggevole idonea taglio cemento asfalto fino a 190 mm simile a SEAFLOOR 500","og_url":"https:\/\/www.seatechnology.eu\/it\/mototagliatrici-e-tagliasuolo\/seafloor-500-s\/","og_site_name":"Sea Technology","article_publisher":"https:\/\/www.facebook.com\/seatechnologyeu\/","article_modified_time":"2024-05-17T10:24:08+00:00","og_image":[{"width":1500,"height":1500,"url":"https:\/\/www.seatechnology.eu\/wp-content\/uploads\/2024\/04\/SEAFLOOR500S_22-03-2024.jpg","type":"image\/jpeg"}],"twitter_card":"summary_large_image","twitter_site":"@SeaTechnology_","twitter_misc":{"Tempo di lettura stimato":"1 minuto"},"schema":{"@context":"https:\/\/schema.org","@graph":[{"@type":"WebPage","@id":"https:\/\/www.seatechnology.eu\/it\/mototagliatrici-e-tagliasuolo\/seafloor-500-s\/","url":"https:\/\/www.seatechnology.eu\/it\/mototagliatrici-e-tagliasuolo\/seafloor-500-s\/","name":"Seafloor 500 S - Sea Technology","isPartOf":{"@id":"https:\/\/www.seatechnology.eu\/it\/#website"},"primaryImageOfPage":{"@id":"https:\/\/www.seatechnology.eu\/it\/mototagliatrici-e-tagliasuolo\/seafloor-500-s\/#primaryimage"},"image":{"@id":"https:\/\/www.seatechnology.eu\/it\/mototagliatrici-e-tagliasuolo\/seafloor-500-s\/#primaryimage"},"thumbnailUrl":"https:\/\/www.seatechnology.eu\/wp-content\/uploads\/2024\/04\/SEAFLOOR500S_22-03-2024.jpg","datePublished":"2024-04-10T07:56:57+00:00","dateModified":"2024-05-17T10:24:08+00:00","description":"SEAFLOOR 500 S tagliasuolo potente affidabile leggera maneggevole idonea taglio cemento asfalto fino a 190 mm simile a SEAFLOOR 500","breadcrumb":{"@id":"https:\/\/www.seatechnology.eu\/it\/mototagliatrici-e-tagliasuolo\/seafloor-500-s\/#breadcrumb"},"inLanguage":"it-IT","potentialAction":[{"@type":"ReadAction","target":["https:\/\/www.seatechnology.eu\/it\/mototagliatrici-e-tagliasuolo\/seafloor-500-s\/"]}]},{"@type":"ImageObject","inLanguage":"it-IT","@id":"https:\/\/www.seatechnology.eu\/it\/mototagliatrici-e-tagliasuolo\/seafloor-500-s\/#primaryimage","url":"https:\/\/www.seatechnology.eu\/wp-content\/uploads\/2024\/04\/SEAFLOOR500S_22-03-2024.jpg","contentUrl":"https:\/\/www.seatechnology.eu\/wp-content\/uploads\/2024\/04\/SEAFLOOR500S_22-03-2024.jpg","width":1500,"height":1500},{"@type":"BreadcrumbList","@id":"https:\/\/www.seatechnology.eu\/it\/mototagliatrici-e-tagliasuolo\/seafloor-500-s\/#breadcrumb","itemListElement":[{"@type":"ListItem","position":1,"name":"Home","item":"https:\/\/www.seatechnology.eu\/it\/"},{"@type":"ListItem","position":2,"name":"Mototagliatrici e Tagliasuolo","item":"https:\/\/www.seatechnology.eu\/it\/mototagliatrici-e-tagliasuolo\/"},{"@type":"ListItem","position":3,"name":"Seafloor 500 S"}]},{"@type":"WebSite","@id":"https:\/\/www.seatechnology.eu\/it\/#website","url":"https:\/\/www.seatechnology.eu\/it\/","name":"Sea Technology","description":"Experts in diamond tools, Since 1973","publisher":{"@id":"https:\/\/www.seatechnology.eu\/it\/#organization"},"potentialAction":[{"@type":"SearchAction","target":{"@type":"EntryPoint","urlTemplate":"https:\/\/www.seatechnology.eu\/it\/?s={search_term_string}"},"query-input":{"@type":"PropertyValueSpecification","valueRequired":true,"valueName":"search_term_string"}}],"inLanguage":"it-IT"},{"@type":"Organization","@id":"https:\/\/www.seatechnology.eu\/it\/#organization","name":"Sea Technology Srl","url":"https:\/\/www.seatechnology.eu\/it\/","logo":{"@type":"ImageObject","inLanguage":"it-IT","@id":"https:\/\/www.seatechnology.eu\/it\/#\/schema\/logo\/image\/","url":"https:\/\/www.seatechnology.eu\/wp-content\/uploads\/2019\/09\/SeaTechnology-vertical-300px.png","contentUrl":"https:\/\/www.seatechnology.eu\/wp-content\/uploads\/2019\/09\/SeaTechnology-vertical-300px.png","width":244,"height":266,"caption":"Sea Technology Srl"},"image":{"@id":"https:\/\/www.seatechnology.eu\/it\/#\/schema\/logo\/image\/"},"sameAs":["https:\/\/www.facebook.com\/seatechnologyeu\/","https:\/\/x.com\/SeaTechnology_","https:\/\/www.linkedin.com\/company\/sea-technology-srl","https:\/\/www.youtube.com\/@seatechnology5754"]}]}},"_links":{"self":[{"href":"https:\/\/www.seatechnology.eu\/it\/wp-json\/wp\/v2\/pages\/10027","targetHints":{"allow":["GET"]}}],"collection":[{"href":"https:\/\/www.seatechnology.eu\/it\/wp-json\/wp\/v2\/pages"}],"about":[{"href":"https:\/\/www.seatechnology.eu\/it\/wp-json\/wp\/v2\/types\/page"}],"author":[{"embeddable":true,"href":"https:\/\/www.seatechnology.eu\/it\/wp-json\/wp\/v2\/users\/3"}],"replies":[{"embeddable":true,"href":"https:\/\/www.seatechnology.eu\/it\/wp-json\/wp\/v2\/comments?post=10027"}],"version-history":[{"count":1,"href":"https:\/\/www.seatechnology.eu\/it\/wp-json\/wp\/v2\/pages\/10027\/revisions"}],"predecessor-version":[{"id":10033,"href":"https:\/\/www.seatechnology.eu\/it\/wp-json\/wp\/v2\/pages\/10027\/revisions\/10033"}],"up":[{"embeddable":true,"href":"https:\/\/www.seatechnology.eu\/it\/wp-json\/wp\/v2\/pages\/4644"}],"wp:featuredmedia":[{"embeddable":true,"href":"https:\/\/www.seatechnology.eu\/it\/wp-json\/wp\/v2\/media\/10031"}],"wp:attachment":[{"href":"https:\/\/www.seatechnology.eu\/it\/wp-json\/wp\/v2\/media?parent=10027"}],"curies":[{"name":"wp","href":"https:\/\/api.w.org\/{rel}","templated":true}]}}