{"id":10555,"date":"2024-05-17T12:03:56","date_gmt":"2024-05-17T10:03:56","guid":{"rendered":"https:\/\/www.seatechnology.eu\/?page_id=10555"},"modified":"2024-05-17T12:21:50","modified_gmt":"2024-05-17T10:21:50","slug":"sealifter","status":"publish","type":"page","link":"https:\/\/www.seatechnology.eu\/it\/accessori-per-il-carotaggio\/sealifter\/","title":{"rendered":"Sealifter"},"content":{"rendered":"<div class=\"wpb-content-wrapper\"><p>[vc_row text_align=&#8221;center&#8221; bottom_padding=&#8221;50&#8243;][vc_column width=&#8221;1\/1&#8243;][vc_column_text]<\/p>\n<h1><span style=\"color: #009cde;\">SEALIFTER<\/span><\/h1>\n<p>[\/vc_column_text][\/vc_column][\/vc_row][vc_row top_padding=&#8221;10&#8243; bottom_padding=&#8221;10&#8243;][vc_column width=&#8221;1\/3&#8243;]<div class=\"single_image wpb_content_element align-left  animate image_box_shadow image_opacity \" data-animation=\"fade-in-from-top\" data-delay=\"300\"><a href=\"https:\/\/www.seatechnology.eu\/wp-content\/uploads\/2024\/05\/SEALIFTER_22-03-2024_DSC0026-scaled.jpg\" class=\"prettyPhoto\" rel=\"prettyPhoto[image]\"><img loading=\"lazy\" decoding=\"async\" width=\"2298\" height=\"2560\" src=\"https:\/\/www.seatechnology.eu\/wp-content\/uploads\/2024\/05\/SEALIFTER_22-03-2024_DSC0026-scaled.jpg\" class=\"attachment-full\" alt=\"\" title=\"SEALIFTER_22-03-2024_DSC0026\" srcset=\"https:\/\/www.seatechnology.eu\/wp-content\/uploads\/2024\/05\/SEALIFTER_22-03-2024_DSC0026-scaled.jpg 2298w, https:\/\/www.seatechnology.eu\/wp-content\/uploads\/2024\/05\/SEALIFTER_22-03-2024_DSC0026-539x600.jpg 539w, https:\/\/www.seatechnology.eu\/wp-content\/uploads\/2024\/05\/SEALIFTER_22-03-2024_DSC0026-1077x1200.jpg 1077w, https:\/\/www.seatechnology.eu\/wp-content\/uploads\/2024\/05\/SEALIFTER_22-03-2024_DSC0026-768x855.jpg 768w, https:\/\/www.seatechnology.eu\/wp-content\/uploads\/2024\/05\/SEALIFTER_22-03-2024_DSC0026-1379x1536.jpg 1379w, https:\/\/www.seatechnology.eu\/wp-content\/uploads\/2024\/05\/SEALIFTER_22-03-2024_DSC0026-1839x2048.jpg 1839w\" sizes=\"auto, (max-width: 2298px) 100vw, 2298px\" \/><\/a><\/div>[vc_row_inner][vc_column_inner][vc_column_text]<\/p>\n<p style=\"text-align: center;\"><strong>Accedi alla scheda tecnica<\/strong><\/p>\n<p>[\/vc_column_text][vc_btn title=&#8221;Sealifter&#8221; style=&#8221;3d&#8221; color=&#8221;primary&#8221; align=&#8221;center&#8221; i_icon_fontawesome=&#8221;far fa-file-pdf&#8221; css=&#8221;.vc_custom_1715941306591{margin-top: 0px !important;margin-right: 0px !important;margin-bottom: 0px !important;margin-left: 0px !important;padding-top: 0px !important;padding-right: 0px !important;padding-bottom: 0px !important;padding-left: 0px !important;}&#8221; add_icon=&#8221;true&#8221; link=&#8221;url:%2Fdl.php%3Ffile_url%3Dhttps%3A%2F%2Fwww.seatechnology.eu%2Fwp-content%2Fuploads%2F2024%2F05%2FSEALIFTER-Sea-Technology.pdf&#8221;][\/vc_column_inner][\/vc_row_inner][\/vc_column][vc_column width=&#8221;2\/3&#8243;]<div class=\"headline font-inherit fontsize-inherit fontweight-700 lh-inherit align-center transform-uppercase head-descrizione\" style=\"\">DESCRIZIONE<\/div>[vc_column_text]<strong>BILANCIATORE PNEUMATICO PER PIATTAFORMA AEREA<\/strong><\/p>\n<p>SEALIFTER \u00e8 il primo bilanciatore pneumatico della gamma SEA Technology. Brevettato per essere installato su qualsiasi piattaforma aerea, permette di svolgere la maggior parte delle mansioni in sicurezza e controllo, riducendo lo sforzo fisico e la probabilit\u00e0 di infortunio. La conseguenza \u00e8, oltre ad una performance di precisione, un importante incremento in termini di produttivit\u00e0. SEALIFTER sgrava l\u2019operatore dal sostenere pesanti utensili per lunghi periodi, azzerandone il peso e aumentando il controllo: ne deriva una significativa riduzione dello sforzo fisico oltre che una sicurezza totale nello svolgimento della lavorazione. Viene infatti ridotta al minimo la probabilit\u00e0 di accadimento dei pi\u00f9 comuni di infortuni e\/o lesioni legati alla schiena e arti superiori, causati principalmente dal lavoro ripetitivo e prolungato. \u00c8 idoneo all\u2019utilizzo in diversi ambiti: edilizia, montaggi industriali, logistica, automotive, carpenterie, cantieri navali, industria, manutenzione del verde, miniera. Tra gli accessori disponibili, il carrello trolley, che permette di operare in sicurezza e con ampia libert\u00e0 di movimento da terra fino a 2,12 m di altezza.<\/p>\n<p>Tutti i movimenti di SEALIFTER sono gestiti da un gruppo di compensazione pneumatico, che permette di controllare con facilit\u00e0 e senza altri strumenti tutti i movimenti del braccio manipolatore industriale: salita, discesa, arresto istantaneo, guida e controllo dell\u2019utensile, messa in sicurezza a fine lavoro. Il sistema prevede una staffa multi posizione dotata di due cinghie di fissaggio e progettata per bilanciare il baricentro ideale dell\u2019utensile, consentendo anche operazioni lunghe e ripetitive, precise e sicure, senza sforzi.[\/vc_column_text][vc_column_text]<\/p>\n<table class=\"table-seatechnology-bis\">\n<tbody>\n<tr>\n<td>CODICE<\/td>\n<td>DESCRIZIONE<\/td>\n<\/tr>\n<tr>\n<td>SEALIFTER<\/td>\n<td>SEALIFTER STANDARD COMPLETO DI CORPO MACCHINA, 2 BRACCETTI DI SUPPORTO SNODABILI, KIT STAFFE PER PARAPETTO, GANCIO, CINGHIA A 4 ANELLI E STAFFA PORTA ATTREZZI A 5 ATTACCHI<\/td>\n<\/tr>\n<\/tbody>\n<\/table>\n<p>[\/vc_column_text][vc_empty_space height=&#8221;20px&#8221;][\/vc_column][\/vc_row]<\/p>\n<\/div>","protected":false},"excerpt":{"rendered":"<p>[vc_row text_align=&#8221;center&#8221; bottom_padding=&#8221;50&#8243;][vc_column width=&#8221;1\/1&#8243;][vc_column_text] SEALIFTER [\/vc_column_text][\/vc_column][\/vc_row][vc_row top_padding=&#8221;10&#8243; bottom_padding=&#8221;10&#8243;][vc_column width=&#8221;1\/3&#8243;][vc_row_inner][vc_column_inner][vc_column_text] Accedi alla scheda tecnica [\/vc_column_text][vc_btn title=&#8221;Sealifter&#8221; style=&#8221;3d&#8221; color=&#8221;primary&#8221; align=&#8221;center&#8221; i_icon_fontawesome=&#8221;far fa-file-pdf&#8221; css=&#8221;.vc_custom_1715941306591{margin-top: 0px !important;margin-right: 0px !important;margin-bottom: 0px !important;margin-left: 0px !important;padding-top: 0px !important;padding-right: 0px !important;padding-bottom: 0px !important;padding-left: 0px !important;}&#8221; add_icon=&#8221;true&#8221; link=&#8221;url:%2Fdl.php%3Ffile_url%3Dhttps%3A%2F%2Fwww.seatechnology.eu%2Fwp-content%2Fuploads%2F2024%2F05%2FSEALIFTER-Sea-Technology.pdf&#8221;][\/vc_column_inner][\/vc_row_inner][\/vc_column][vc_column width=&#8221;2\/3&#8243;][vc_column_text]BILANCIATORE PNEUMATICO PER PIATTAFORMA AEREA SEALIFTER \u00e8 il primo bilanciatore pneumatico della gamma SEA Technology. Brevettato per essere installato su qualsiasi piattaforma aerea, permette di svolgere la maggior parte delle mansioni in sicurezza e controllo, riducendo lo sforzo fisico e la probabilit\u00e0 di infortunio. La conseguenza \u00e8, oltre ad una performance di precisione, un importante incremento in termini di produttivit\u00e0. SEALIFTER sgrava l\u2019operatore dal sostenere pesanti utensili per lunghi periodi, azzerandone il peso e aumentando il controllo: ne deriva una significativa riduzione dello sforzo fisico oltre che una sicurezza totale nello svolgimento della lavorazione. Viene infatti ridotta al minimo la probabilit\u00e0 di accadimento dei pi\u00f9 comuni di infortuni e\/o lesioni legati alla schiena e arti superiori, causati principalmente dal lavoro ripetitivo e prolungato. \u00c8 idoneo all\u2019utilizzo in diversi ambiti: edilizia, montaggi industriali, logistica, automotive, carpenterie, cantieri navali, industria, manutenzione del verde, miniera. Tra gli accessori disponibili, il carrello trolley, che permette di operare in sicurezza e con ampia libert\u00e0 di movimento [&hellip;]<\/p>\n","protected":false},"author":3,"featured_media":10558,"parent":4994,"menu_order":1,"comment_status":"closed","ping_status":"closed","template":"","meta":{"inline_featured_image":false,"footnotes":""},"class_list":["post-10555","page","type-page","status-publish","has-post-thumbnail","hentry"],"yoast_head":"<!-- This site is optimized with the Yoast SEO plugin v26.8 - https:\/\/yoast.com\/product\/yoast-seo-wordpress\/ -->\n<title>Sealifter - Sea Technology<\/title>\n<meta name=\"description\" content=\"SEALIFTER bilanciatore pneumatico per piattaforma aerea riduce lo sforzo fisico e probabilit\u00e0 di infortunio\" \/>\n<meta name=\"robots\" content=\"index, follow, max-snippet:-1, max-image-preview:large, max-video-preview:-1\" \/>\n<link rel=\"canonical\" href=\"https:\/\/www.seatechnology.eu\/it\/accessori-per-il-carotaggio\/sealifter\/\" \/>\n<meta property=\"og:locale\" content=\"it_IT\" \/>\n<meta property=\"og:type\" content=\"article\" \/>\n<meta property=\"og:title\" content=\"Sealifter - Sea Technology\" \/>\n<meta property=\"og:description\" content=\"SEALIFTER bilanciatore pneumatico per piattaforma aerea riduce lo sforzo fisico e probabilit\u00e0 di infortunio\" \/>\n<meta property=\"og:url\" content=\"https:\/\/www.seatechnology.eu\/it\/accessori-per-il-carotaggio\/sealifter\/\" \/>\n<meta property=\"og:site_name\" content=\"Sea Technology\" \/>\n<meta property=\"article:publisher\" content=\"https:\/\/www.facebook.com\/seatechnologyeu\/\" \/>\n<meta property=\"article:modified_time\" content=\"2024-05-17T10:21:50+00:00\" \/>\n<meta property=\"og:image\" content=\"https:\/\/www.seatechnology.eu\/wp-content\/uploads\/2024\/05\/SEALIFTER_22-03-2024_DSC0026-scaled.jpg\" \/>\n\t<meta property=\"og:image:width\" content=\"2298\" \/>\n\t<meta property=\"og:image:height\" content=\"2560\" \/>\n\t<meta property=\"og:image:type\" content=\"image\/jpeg\" \/>\n<meta name=\"twitter:card\" content=\"summary_large_image\" \/>\n<meta name=\"twitter:site\" content=\"@SeaTechnology_\" \/>\n<meta name=\"twitter:label1\" content=\"Tempo di lettura stimato\" \/>\n\t<meta name=\"twitter:data1\" content=\"1 minuto\" \/>\n<script type=\"application\/ld+json\" class=\"yoast-schema-graph\">{\"@context\":\"https:\/\/schema.org\",\"@graph\":[{\"@type\":\"WebPage\",\"@id\":\"https:\/\/www.seatechnology.eu\/it\/accessori-per-il-carotaggio\/sealifter\/\",\"url\":\"https:\/\/www.seatechnology.eu\/it\/accessori-per-il-carotaggio\/sealifter\/\",\"name\":\"Sealifter - Sea Technology\",\"isPartOf\":{\"@id\":\"https:\/\/www.seatechnology.eu\/it\/#website\"},\"primaryImageOfPage\":{\"@id\":\"https:\/\/www.seatechnology.eu\/it\/accessori-per-il-carotaggio\/sealifter\/#primaryimage\"},\"image\":{\"@id\":\"https:\/\/www.seatechnology.eu\/it\/accessori-per-il-carotaggio\/sealifter\/#primaryimage\"},\"thumbnailUrl\":\"https:\/\/www.seatechnology.eu\/wp-content\/uploads\/2024\/05\/SEALIFTER_22-03-2024_DSC0026-scaled.jpg\",\"datePublished\":\"2024-05-17T10:03:56+00:00\",\"dateModified\":\"2024-05-17T10:21:50+00:00\",\"description\":\"SEALIFTER bilanciatore pneumatico per piattaforma aerea riduce lo sforzo fisico e probabilit\u00e0 di infortunio\",\"breadcrumb\":{\"@id\":\"https:\/\/www.seatechnology.eu\/it\/accessori-per-il-carotaggio\/sealifter\/#breadcrumb\"},\"inLanguage\":\"it-IT\",\"potentialAction\":[{\"@type\":\"ReadAction\",\"target\":[\"https:\/\/www.seatechnology.eu\/it\/accessori-per-il-carotaggio\/sealifter\/\"]}]},{\"@type\":\"ImageObject\",\"inLanguage\":\"it-IT\",\"@id\":\"https:\/\/www.seatechnology.eu\/it\/accessori-per-il-carotaggio\/sealifter\/#primaryimage\",\"url\":\"https:\/\/www.seatechnology.eu\/wp-content\/uploads\/2024\/05\/SEALIFTER_22-03-2024_DSC0026-scaled.jpg\",\"contentUrl\":\"https:\/\/www.seatechnology.eu\/wp-content\/uploads\/2024\/05\/SEALIFTER_22-03-2024_DSC0026-scaled.jpg\",\"width\":2298,\"height\":2560},{\"@type\":\"BreadcrumbList\",\"@id\":\"https:\/\/www.seatechnology.eu\/it\/accessori-per-il-carotaggio\/sealifter\/#breadcrumb\",\"itemListElement\":[{\"@type\":\"ListItem\",\"position\":1,\"name\":\"Home\",\"item\":\"https:\/\/www.seatechnology.eu\/it\/\"},{\"@type\":\"ListItem\",\"position\":2,\"name\":\"Accessori per il Carotaggio\",\"item\":\"https:\/\/www.seatechnology.eu\/it\/accessori-per-il-carotaggio\/\"},{\"@type\":\"ListItem\",\"position\":3,\"name\":\"Sealifter\"}]},{\"@type\":\"WebSite\",\"@id\":\"https:\/\/www.seatechnology.eu\/it\/#website\",\"url\":\"https:\/\/www.seatechnology.eu\/it\/\",\"name\":\"Sea Technology\",\"description\":\"Experts in diamond tools, Since 1973\",\"publisher\":{\"@id\":\"https:\/\/www.seatechnology.eu\/it\/#organization\"},\"potentialAction\":[{\"@type\":\"SearchAction\",\"target\":{\"@type\":\"EntryPoint\",\"urlTemplate\":\"https:\/\/www.seatechnology.eu\/it\/?s={search_term_string}\"},\"query-input\":{\"@type\":\"PropertyValueSpecification\",\"valueRequired\":true,\"valueName\":\"search_term_string\"}}],\"inLanguage\":\"it-IT\"},{\"@type\":\"Organization\",\"@id\":\"https:\/\/www.seatechnology.eu\/it\/#organization\",\"name\":\"Sea Technology Srl\",\"url\":\"https:\/\/www.seatechnology.eu\/it\/\",\"logo\":{\"@type\":\"ImageObject\",\"inLanguage\":\"it-IT\",\"@id\":\"https:\/\/www.seatechnology.eu\/it\/#\/schema\/logo\/image\/\",\"url\":\"https:\/\/www.seatechnology.eu\/wp-content\/uploads\/2019\/09\/SeaTechnology-vertical-300px.png\",\"contentUrl\":\"https:\/\/www.seatechnology.eu\/wp-content\/uploads\/2019\/09\/SeaTechnology-vertical-300px.png\",\"width\":244,\"height\":266,\"caption\":\"Sea Technology Srl\"},\"image\":{\"@id\":\"https:\/\/www.seatechnology.eu\/it\/#\/schema\/logo\/image\/\"},\"sameAs\":[\"https:\/\/www.facebook.com\/seatechnologyeu\/\",\"https:\/\/x.com\/SeaTechnology_\",\"https:\/\/www.linkedin.com\/company\/sea-technology-srl\",\"https:\/\/www.youtube.com\/@seatechnology5754\"]}]}<\/script>\n<!-- \/ Yoast SEO plugin. -->","yoast_head_json":{"title":"Sealifter - Sea Technology","description":"SEALIFTER bilanciatore pneumatico per piattaforma aerea riduce lo sforzo fisico e probabilit\u00e0 di infortunio","robots":{"index":"index","follow":"follow","max-snippet":"max-snippet:-1","max-image-preview":"max-image-preview:large","max-video-preview":"max-video-preview:-1"},"canonical":"https:\/\/www.seatechnology.eu\/it\/accessori-per-il-carotaggio\/sealifter\/","og_locale":"it_IT","og_type":"article","og_title":"Sealifter - Sea Technology","og_description":"SEALIFTER bilanciatore pneumatico per piattaforma aerea riduce lo sforzo fisico e probabilit\u00e0 di infortunio","og_url":"https:\/\/www.seatechnology.eu\/it\/accessori-per-il-carotaggio\/sealifter\/","og_site_name":"Sea Technology","article_publisher":"https:\/\/www.facebook.com\/seatechnologyeu\/","article_modified_time":"2024-05-17T10:21:50+00:00","og_image":[{"width":2298,"height":2560,"url":"https:\/\/www.seatechnology.eu\/wp-content\/uploads\/2024\/05\/SEALIFTER_22-03-2024_DSC0026-scaled.jpg","type":"image\/jpeg"}],"twitter_card":"summary_large_image","twitter_site":"@SeaTechnology_","twitter_misc":{"Tempo di lettura stimato":"1 minuto"},"schema":{"@context":"https:\/\/schema.org","@graph":[{"@type":"WebPage","@id":"https:\/\/www.seatechnology.eu\/it\/accessori-per-il-carotaggio\/sealifter\/","url":"https:\/\/www.seatechnology.eu\/it\/accessori-per-il-carotaggio\/sealifter\/","name":"Sealifter - Sea Technology","isPartOf":{"@id":"https:\/\/www.seatechnology.eu\/it\/#website"},"primaryImageOfPage":{"@id":"https:\/\/www.seatechnology.eu\/it\/accessori-per-il-carotaggio\/sealifter\/#primaryimage"},"image":{"@id":"https:\/\/www.seatechnology.eu\/it\/accessori-per-il-carotaggio\/sealifter\/#primaryimage"},"thumbnailUrl":"https:\/\/www.seatechnology.eu\/wp-content\/uploads\/2024\/05\/SEALIFTER_22-03-2024_DSC0026-scaled.jpg","datePublished":"2024-05-17T10:03:56+00:00","dateModified":"2024-05-17T10:21:50+00:00","description":"SEALIFTER bilanciatore pneumatico per piattaforma aerea riduce lo sforzo fisico e probabilit\u00e0 di infortunio","breadcrumb":{"@id":"https:\/\/www.seatechnology.eu\/it\/accessori-per-il-carotaggio\/sealifter\/#breadcrumb"},"inLanguage":"it-IT","potentialAction":[{"@type":"ReadAction","target":["https:\/\/www.seatechnology.eu\/it\/accessori-per-il-carotaggio\/sealifter\/"]}]},{"@type":"ImageObject","inLanguage":"it-IT","@id":"https:\/\/www.seatechnology.eu\/it\/accessori-per-il-carotaggio\/sealifter\/#primaryimage","url":"https:\/\/www.seatechnology.eu\/wp-content\/uploads\/2024\/05\/SEALIFTER_22-03-2024_DSC0026-scaled.jpg","contentUrl":"https:\/\/www.seatechnology.eu\/wp-content\/uploads\/2024\/05\/SEALIFTER_22-03-2024_DSC0026-scaled.jpg","width":2298,"height":2560},{"@type":"BreadcrumbList","@id":"https:\/\/www.seatechnology.eu\/it\/accessori-per-il-carotaggio\/sealifter\/#breadcrumb","itemListElement":[{"@type":"ListItem","position":1,"name":"Home","item":"https:\/\/www.seatechnology.eu\/it\/"},{"@type":"ListItem","position":2,"name":"Accessori per il Carotaggio","item":"https:\/\/www.seatechnology.eu\/it\/accessori-per-il-carotaggio\/"},{"@type":"ListItem","position":3,"name":"Sealifter"}]},{"@type":"WebSite","@id":"https:\/\/www.seatechnology.eu\/it\/#website","url":"https:\/\/www.seatechnology.eu\/it\/","name":"Sea Technology","description":"Experts in diamond tools, Since 1973","publisher":{"@id":"https:\/\/www.seatechnology.eu\/it\/#organization"},"potentialAction":[{"@type":"SearchAction","target":{"@type":"EntryPoint","urlTemplate":"https:\/\/www.seatechnology.eu\/it\/?s={search_term_string}"},"query-input":{"@type":"PropertyValueSpecification","valueRequired":true,"valueName":"search_term_string"}}],"inLanguage":"it-IT"},{"@type":"Organization","@id":"https:\/\/www.seatechnology.eu\/it\/#organization","name":"Sea Technology Srl","url":"https:\/\/www.seatechnology.eu\/it\/","logo":{"@type":"ImageObject","inLanguage":"it-IT","@id":"https:\/\/www.seatechnology.eu\/it\/#\/schema\/logo\/image\/","url":"https:\/\/www.seatechnology.eu\/wp-content\/uploads\/2019\/09\/SeaTechnology-vertical-300px.png","contentUrl":"https:\/\/www.seatechnology.eu\/wp-content\/uploads\/2019\/09\/SeaTechnology-vertical-300px.png","width":244,"height":266,"caption":"Sea Technology Srl"},"image":{"@id":"https:\/\/www.seatechnology.eu\/it\/#\/schema\/logo\/image\/"},"sameAs":["https:\/\/www.facebook.com\/seatechnologyeu\/","https:\/\/x.com\/SeaTechnology_","https:\/\/www.linkedin.com\/company\/sea-technology-srl","https:\/\/www.youtube.com\/@seatechnology5754"]}]}},"_links":{"self":[{"href":"https:\/\/www.seatechnology.eu\/it\/wp-json\/wp\/v2\/pages\/10555","targetHints":{"allow":["GET"]}}],"collection":[{"href":"https:\/\/www.seatechnology.eu\/it\/wp-json\/wp\/v2\/pages"}],"about":[{"href":"https:\/\/www.seatechnology.eu\/it\/wp-json\/wp\/v2\/types\/page"}],"author":[{"embeddable":true,"href":"https:\/\/www.seatechnology.eu\/it\/wp-json\/wp\/v2\/users\/3"}],"replies":[{"embeddable":true,"href":"https:\/\/www.seatechnology.eu\/it\/wp-json\/wp\/v2\/comments?post=10555"}],"version-history":[{"count":2,"href":"https:\/\/www.seatechnology.eu\/it\/wp-json\/wp\/v2\/pages\/10555\/revisions"}],"predecessor-version":[{"id":10568,"href":"https:\/\/www.seatechnology.eu\/it\/wp-json\/wp\/v2\/pages\/10555\/revisions\/10568"}],"up":[{"embeddable":true,"href":"https:\/\/www.seatechnology.eu\/it\/wp-json\/wp\/v2\/pages\/4994"}],"wp:featuredmedia":[{"embeddable":true,"href":"https:\/\/www.seatechnology.eu\/it\/wp-json\/wp\/v2\/media\/10558"}],"wp:attachment":[{"href":"https:\/\/www.seatechnology.eu\/it\/wp-json\/wp\/v2\/media?parent=10555"}],"curies":[{"name":"wp","href":"https:\/\/api.w.org\/{rel}","templated":true}]}}