{"id":1095,"date":"2016-12-03T11:26:41","date_gmt":"2016-12-03T10:26:41","guid":{"rendered":"http:\/\/seatechnology.eu\/?page_id=1095\/"},"modified":"2021-11-19T10:38:51","modified_gmt":"2021-11-19T09:38:51","slug":"cer-quattro","status":"publish","type":"page","link":"https:\/\/www.seatechnology.eu\/it\/dischi-per-ceramica\/cer-quattro\/","title":{"rendered":"Cer Quattro"},"content":{"rendered":"<div class=\"wpb-content-wrapper\"><p>[vc_row text_align=&#8221;center&#8221; bottom_padding=&#8221;50&#8243;][vc_column width=&#8221;1\/1&#8243;][vc_column_text]<\/p>\n<h1><span style=\"color: #009cde;\">CER QUATTRO<\/span><\/h1>\n<p>[\/vc_column_text][\/vc_column][\/vc_row][vc_row top_padding=&#8221;10&#8243; bottom_padding=&#8221;10&#8243;][vc_column width=&#8221;1\/3&#8243;]<div class=\"single_image wpb_content_element align-left  animate image_box_shadow image_opacity \" data-animation=\"fade-in-from-top\" data-delay=\"300\"><a href=\"https:\/\/www.seatechnology.eu\/wp-content\/uploads\/2021\/09\/cer-quattro.jpg\" class=\"prettyPhoto\" rel=\"prettyPhoto[image]\"><img loading=\"lazy\" decoding=\"async\" width=\"1500\" height=\"1478\" src=\"https:\/\/www.seatechnology.eu\/wp-content\/uploads\/2021\/09\/cer-quattro.jpg\" class=\"attachment-full\" alt=\"\" title=\"cer quattro\" srcset=\"https:\/\/www.seatechnology.eu\/wp-content\/uploads\/2021\/09\/cer-quattro.jpg 1500w, https:\/\/www.seatechnology.eu\/wp-content\/uploads\/2021\/09\/cer-quattro-600x591.jpg 600w, https:\/\/www.seatechnology.eu\/wp-content\/uploads\/2021\/09\/cer-quattro-1200x1182.jpg 1200w, https:\/\/www.seatechnology.eu\/wp-content\/uploads\/2021\/09\/cer-quattro-768x757.jpg 768w, https:\/\/www.seatechnology.eu\/wp-content\/uploads\/2021\/09\/cer-quattro-80x80.jpg 80w\" sizes=\"auto, (max-width: 1500px) 100vw, 1500px\" \/><\/a><\/div>[vc_row_inner][vc_column_inner][vc_column_text]<\/p>\n<p style=\"text-align: center;\"><strong>Accedi alla scheda tecnica<\/strong><\/p>\n<p>[\/vc_column_text][vc_btn title=&#8221;Cer Quattro&#8221; style=&#8221;3d&#8221; color=&#8221;primary&#8221; align=&#8221;center&#8221; i_icon_fontawesome=&#8221;far fa-file-pdf&#8221; add_icon=&#8221;true&#8221; link=&#8221;url:%2Fdl.php%3Ffile_url%3Dhttps%3A%2F%2Fwww.seatechnology.eu%2Fwp-content%2Fuploads%2F2021%2F11%2FCER-QUATTRO-Sea-Technology.pdf&#8221; css=&#8221;.vc_custom_1637314730074{margin-top: 0px !important;margin-right: 0px !important;margin-bottom: 0px !important;margin-left: 0px !important;padding-top: 0px !important;padding-right: 0px !important;padding-bottom: 0px !important;padding-left: 0px !important;}&#8221;][\/vc_column_inner][\/vc_row_inner][\/vc_column][vc_column width=&#8221;2\/3&#8243;]<div class=\"headline font-inherit fontsize-inherit fontweight-700 lh-inherit align-center transform-uppercase head-descrizione\" style=\"\">DESCRIZIONE<\/div>[vc_column_text]Il CER QUATTRO \u00e8 un disco diamantato ideale per un uso non intensivo sul Gres Porcellanato. Per chi \u00e8 attento ai costi ma non vuole rinunciare alla qualit\u00e0, offre un ottimo rapporto qualit\u00e0\/prezzo. Tutta l\u2019affidabilit\u00e0 e le performance Sea Technology a condizioni vantaggiose. N.B: non utilizzare per taglio a jolly.[\/vc_column_text]<div class=\"headline font-inherit fontsize-inherit fontweight-700 lh-inherit align-center transform-uppercase head-descrizione\" style=\"\">SCHEDA TECNICA<\/div>[vc_column_text]<\/p>\n<table class=\"table-seatechnology\">\n<tbody>\n<tr style=\"height: 50px;\">\n<td><\/td>\n<td style=\"width: 35%;\"><img loading=\"lazy\" decoding=\"async\" class=\" alignright size-full wp-image-40\" style=\"float: right;\" src=\"\/wp-content\/uploads\/2013\/11\/images_prodotti_squalo_sea.png\" alt=\"\" width=\"30\" height=\"32\" border=\"0\" \/><img loading=\"lazy\" decoding=\"async\" class=\" alignright size-full wp-image-40\" style=\"float: right;\" src=\"\/wp-content\/uploads\/2013\/11\/images_prodotti_squalo_sea.png\" alt=\"\" width=\"30\" height=\"32\" border=\"0\" \/><img loading=\"lazy\" decoding=\"async\" class=\" alignright size-full wp-image-40\" style=\"float: right;\" src=\"\/wp-content\/uploads\/2013\/11\/images_prodotti_squalo_sea.png\" alt=\"\" width=\"30\" height=\"32\" border=\"0\" \/><img loading=\"lazy\" decoding=\"async\" class=\" alignright size-full wp-image-40\" style=\"float: right;\" src=\"\/wp-content\/uploads\/2013\/11\/images_prodotti_squalo_sea.png\" alt=\"\" width=\"30\" height=\"32\" border=\"0\" \/><img loading=\"lazy\" decoding=\"async\" class=\" alignright size-full wp-image-40\" style=\"float: right;\" src=\"\/wp-content\/uploads\/2013\/11\/images_prodotti_squalo_sea.png\" alt=\"\" width=\"30\" height=\"32\" border=\"0\" \/><\/td>\n<td style=\"padding: 15px; width: 20%;\"><span style=\"font-size: medium;\">SUPER<\/span><\/td>\n<\/tr>\n<tr style=\"height: 50px;\">\n<td>\u00a0marmi, bicottura, monocottura, gres porcellanato, klinker<\/td>\n<td style=\"width: 35%;\"><img loading=\"lazy\" decoding=\"async\" class=\" alignright size-full wp-image-40\" style=\"float: right;\" src=\"\/wp-content\/uploads\/2013\/11\/images_prodotti_squalo_sea.png\" alt=\"\" width=\"30\" height=\"32\" border=\"0\" \/><img loading=\"lazy\" decoding=\"async\" class=\" alignright size-full wp-image-40\" style=\"float: right;\" src=\"\/wp-content\/uploads\/2013\/11\/images_prodotti_squalo_sea.png\" alt=\"\" width=\"30\" height=\"32\" border=\"0\" \/><img loading=\"lazy\" decoding=\"async\" class=\" alignright size-full wp-image-40\" style=\"float: right;\" src=\"\/wp-content\/uploads\/2013\/11\/images_prodotti_squalo_sea.png\" alt=\"\" width=\"30\" height=\"32\" border=\"0\" \/><img loading=\"lazy\" decoding=\"async\" class=\" alignright size-full wp-image-40\" style=\"float: right;\" src=\"\/wp-content\/uploads\/2013\/11\/images_prodotti_squalo_sea.png\" alt=\"\" width=\"30\" height=\"32\" border=\"0\" \/><\/td>\n<td style=\"padding: 15px; width: 20%;\"><span style=\"font-size: medium;\">OTTIMO\u00a0<\/span><\/td>\n<\/tr>\n<tr style=\"height: 50px;\">\n<td>\u00a0graniti, pietre naturali, porfidi<\/td>\n<td style=\"width: 35%;\"><img loading=\"lazy\" decoding=\"async\" class=\" alignright size-full wp-image-40\" style=\"float: right;\" src=\"\/wp-content\/uploads\/2013\/11\/images_prodotti_squalo_sea.png\" alt=\"\" width=\"30\" height=\"32\" border=\"0\" \/><img loading=\"lazy\" decoding=\"async\" class=\" alignright size-full wp-image-40\" style=\"float: right;\" src=\"\/wp-content\/uploads\/2013\/11\/images_prodotti_squalo_sea.png\" alt=\"\" width=\"30\" height=\"32\" border=\"0\" \/><img loading=\"lazy\" decoding=\"async\" class=\" alignright size-full wp-image-40\" style=\"float: right;\" src=\"\/wp-content\/uploads\/2013\/11\/images_prodotti_squalo_sea.png\" alt=\"\" width=\"30\" height=\"32\" border=\"0\" \/><\/td>\n<td style=\"padding: 15px; width: 20%;\"><span style=\"font-size: medium;\">BUONO\u00a0<\/span><\/td>\n<\/tr>\n<tr style=\"height: 50px;\">\n<td><\/td>\n<td style=\"width: 35%;\">\u00a0<img loading=\"lazy\" decoding=\"async\" class=\" alignright size-full wp-image-40\" style=\"float: right;\" src=\"\/wp-content\/uploads\/2013\/11\/images_prodotti_squalo_sea.png\" alt=\"\" width=\"30\" height=\"32\" border=\"0\" \/><img loading=\"lazy\" decoding=\"async\" class=\" alignright size-full wp-image-40\" style=\"float: right;\" src=\"\/wp-content\/uploads\/2013\/11\/images_prodotti_squalo_sea.png\" alt=\"\" width=\"30\" height=\"32\" border=\"0\" \/><\/td>\n<td style=\"padding: 15px; width: 20%;\"><span style=\"font-size: medium;\">MEDIO\u00a0<\/span><\/td>\n<\/tr>\n<tr style=\"height: 50px;\">\n<td><\/td>\n<td style=\"width: 35%;\">\u00a0<img loading=\"lazy\" decoding=\"async\" class=\" alignright size-full wp-image-40\" style=\"float: right;\" src=\"\/wp-content\/uploads\/2013\/11\/images_prodotti_squalo_sea.png\" alt=\"\" width=\"30\" height=\"32\" border=\"0\" \/><\/td>\n<td style=\"padding: 15px; width: 20%;\"><span style=\"font-size: medium;\">SUFFICIENTE\u00a0<\/span><\/td>\n<\/tr>\n<tr style=\"height: 50px;\">\n<td><\/td>\n<td style=\"width: 35%;\"><\/td>\n<td style=\"padding: 15px; width: 20%;\"><span style=\"font-size: medium;\">INADATTO\u00a0<\/span><\/td>\n<\/tr>\n<\/tbody>\n<\/table>\n<p>[\/vc_column_text][vc_column_text]<\/p>\n<table class=\"table-seatechnology-bis\">\n<tbody>\n<tr>\n<td>CODICE<\/td>\n<td>\u2205<\/td>\n<td>FORO<\/td>\n<td>SPESS. mm<\/td>\n<td>ALT. mm<\/td>\n<td>USO<\/td>\n<\/tr>\n<tr>\n<td>C4115SF<\/td>\n<td>115<\/td>\n<td>22,2<\/td>\n<td>1,4<\/td>\n<td>7,5<\/td>\n<td>A SECCO<\/td>\n<\/tr>\n<tr>\n<td>C4125SF<\/td>\n<td>125<\/td>\n<td>22,2<\/td>\n<td>1,4<\/td>\n<td>7,5<\/td>\n<td>A SECCO<\/td>\n<\/tr>\n<\/tbody>\n<\/table>\n<p>[\/vc_column_text][\/vc_column][\/vc_row]<\/p>\n<\/div>","protected":false},"excerpt":{"rendered":"<p>[vc_row text_align=&#8221;center&#8221; bottom_padding=&#8221;50&#8243;][vc_column width=&#8221;1\/1&#8243;][vc_column_text] CER QUATTRO [\/vc_column_text][\/vc_column][\/vc_row][vc_row top_padding=&#8221;10&#8243; bottom_padding=&#8221;10&#8243;][vc_column width=&#8221;1\/3&#8243;][vc_row_inner][vc_column_inner][vc_column_text] Accedi alla scheda tecnica [\/vc_column_text][vc_btn title=&#8221;Cer Quattro&#8221; style=&#8221;3d&#8221; color=&#8221;primary&#8221; align=&#8221;center&#8221; i_icon_fontawesome=&#8221;far fa-file-pdf&#8221; add_icon=&#8221;true&#8221; link=&#8221;url:%2Fdl.php%3Ffile_url%3Dhttps%3A%2F%2Fwww.seatechnology.eu%2Fwp-content%2Fuploads%2F2021%2F11%2FCER-QUATTRO-Sea-Technology.pdf&#8221; css=&#8221;.vc_custom_1637314730074{margin-top: 0px !important;margin-right: 0px !important;margin-bottom: 0px !important;margin-left: 0px !important;padding-top: 0px !important;padding-right: 0px !important;padding-bottom: 0px !important;padding-left: 0px !important;}&#8221;][\/vc_column_inner][\/vc_row_inner][\/vc_column][vc_column width=&#8221;2\/3&#8243;][vc_column_text]Il CER QUATTRO \u00e8 un disco diamantato ideale per un uso non intensivo sul Gres Porcellanato. Per chi \u00e8 attento ai costi ma non vuole rinunciare alla qualit\u00e0, offre un ottimo rapporto qualit\u00e0\/prezzo. Tutta l\u2019affidabilit\u00e0 e le performance Sea Technology a condizioni vantaggiose. N.B: non utilizzare per taglio a jolly.[\/vc_column_text][vc_column_text] SUPER \u00a0marmi, bicottura, monocottura, gres porcellanato, klinker OTTIMO\u00a0 \u00a0graniti, pietre naturali, porfidi BUONO\u00a0 \u00a0 MEDIO\u00a0 \u00a0 SUFFICIENTE\u00a0 INADATTO\u00a0 [\/vc_column_text][vc_column_text] CODICE \u2205 FORO SPESS. mm ALT. mm USO C4115SF 115 22,2 1,4 7,5 A SECCO C4125SF 125 22,2 1,4 7,5 A SECCO [\/vc_column_text][\/vc_column][\/vc_row]<\/p>\n","protected":false},"author":3,"featured_media":4213,"parent":4485,"menu_order":4,"comment_status":"closed","ping_status":"closed","template":"","meta":{"inline_featured_image":false,"footnotes":""},"class_list":["post-1095","page","type-page","status-publish","has-post-thumbnail","hentry"],"yoast_head":"<!-- This site is optimized with the Yoast SEO plugin v26.8 - https:\/\/yoast.com\/product\/yoast-seo-wordpress\/ -->\n<title>Cer Quattro - Sea Technology<\/title>\n<meta name=\"description\" content=\"Disco diamantato ideale per il taglio di marmi bicottura monocottura gres porcellanato klinker graniti pietre naturali porfidi\" \/>\n<meta name=\"robots\" content=\"index, follow, max-snippet:-1, max-image-preview:large, max-video-preview:-1\" \/>\n<link rel=\"canonical\" href=\"https:\/\/www.seatechnology.eu\/it\/dischi-per-ceramica\/cer-quattro\/\" \/>\n<meta property=\"og:locale\" content=\"it_IT\" \/>\n<meta property=\"og:type\" content=\"article\" \/>\n<meta property=\"og:title\" content=\"Cer Quattro - Sea Technology\" \/>\n<meta property=\"og:description\" content=\"Disco diamantato ideale per il taglio di marmi bicottura monocottura gres porcellanato klinker graniti pietre naturali porfidi\" \/>\n<meta property=\"og:url\" content=\"https:\/\/www.seatechnology.eu\/it\/dischi-per-ceramica\/cer-quattro\/\" \/>\n<meta property=\"og:site_name\" content=\"Sea Technology\" \/>\n<meta property=\"article:publisher\" content=\"https:\/\/www.facebook.com\/seatechnologyeu\/\" \/>\n<meta property=\"article:modified_time\" content=\"2021-11-19T09:38:51+00:00\" \/>\n<meta property=\"og:image\" content=\"https:\/\/www.seatechnology.eu\/wp-content\/uploads\/2021\/09\/cer-quattro.jpg\" \/>\n\t<meta property=\"og:image:width\" content=\"1500\" \/>\n\t<meta property=\"og:image:height\" content=\"1478\" \/>\n\t<meta property=\"og:image:type\" content=\"image\/jpeg\" \/>\n<meta name=\"twitter:card\" content=\"summary_large_image\" \/>\n<meta name=\"twitter:site\" content=\"@SeaTechnology_\" \/>\n<meta name=\"twitter:label1\" content=\"Tempo di lettura stimato\" \/>\n\t<meta name=\"twitter:data1\" content=\"4 minuti\" \/>\n<script type=\"application\/ld+json\" class=\"yoast-schema-graph\">{\"@context\":\"https:\/\/schema.org\",\"@graph\":[{\"@type\":\"WebPage\",\"@id\":\"https:\/\/www.seatechnology.eu\/it\/dischi-per-ceramica\/cer-quattro\/\",\"url\":\"https:\/\/www.seatechnology.eu\/it\/dischi-per-ceramica\/cer-quattro\/\",\"name\":\"Cer Quattro - Sea Technology\",\"isPartOf\":{\"@id\":\"https:\/\/www.seatechnology.eu\/it\/#website\"},\"primaryImageOfPage\":{\"@id\":\"https:\/\/www.seatechnology.eu\/it\/dischi-per-ceramica\/cer-quattro\/#primaryimage\"},\"image\":{\"@id\":\"https:\/\/www.seatechnology.eu\/it\/dischi-per-ceramica\/cer-quattro\/#primaryimage\"},\"thumbnailUrl\":\"https:\/\/www.seatechnology.eu\/wp-content\/uploads\/2021\/09\/cer-quattro.jpg\",\"datePublished\":\"2016-12-03T10:26:41+00:00\",\"dateModified\":\"2021-11-19T09:38:51+00:00\",\"description\":\"Disco diamantato ideale per il taglio di marmi bicottura monocottura gres porcellanato klinker graniti pietre naturali porfidi\",\"breadcrumb\":{\"@id\":\"https:\/\/www.seatechnology.eu\/it\/dischi-per-ceramica\/cer-quattro\/#breadcrumb\"},\"inLanguage\":\"it-IT\",\"potentialAction\":[{\"@type\":\"ReadAction\",\"target\":[\"https:\/\/www.seatechnology.eu\/it\/dischi-per-ceramica\/cer-quattro\/\"]}]},{\"@type\":\"ImageObject\",\"inLanguage\":\"it-IT\",\"@id\":\"https:\/\/www.seatechnology.eu\/it\/dischi-per-ceramica\/cer-quattro\/#primaryimage\",\"url\":\"https:\/\/www.seatechnology.eu\/wp-content\/uploads\/2021\/09\/cer-quattro.jpg\",\"contentUrl\":\"https:\/\/www.seatechnology.eu\/wp-content\/uploads\/2021\/09\/cer-quattro.jpg\",\"width\":1500,\"height\":1478},{\"@type\":\"BreadcrumbList\",\"@id\":\"https:\/\/www.seatechnology.eu\/it\/dischi-per-ceramica\/cer-quattro\/#breadcrumb\",\"itemListElement\":[{\"@type\":\"ListItem\",\"position\":1,\"name\":\"Home\",\"item\":\"https:\/\/www.seatechnology.eu\/it\/\"},{\"@type\":\"ListItem\",\"position\":2,\"name\":\"Dischi per Ceramica\",\"item\":\"https:\/\/www.seatechnology.eu\/it\/dischi-per-ceramica\/\"},{\"@type\":\"ListItem\",\"position\":3,\"name\":\"Cer Quattro\"}]},{\"@type\":\"WebSite\",\"@id\":\"https:\/\/www.seatechnology.eu\/it\/#website\",\"url\":\"https:\/\/www.seatechnology.eu\/it\/\",\"name\":\"Sea Technology\",\"description\":\"Experts in diamond tools, Since 1973\",\"publisher\":{\"@id\":\"https:\/\/www.seatechnology.eu\/it\/#organization\"},\"potentialAction\":[{\"@type\":\"SearchAction\",\"target\":{\"@type\":\"EntryPoint\",\"urlTemplate\":\"https:\/\/www.seatechnology.eu\/it\/?s={search_term_string}\"},\"query-input\":{\"@type\":\"PropertyValueSpecification\",\"valueRequired\":true,\"valueName\":\"search_term_string\"}}],\"inLanguage\":\"it-IT\"},{\"@type\":\"Organization\",\"@id\":\"https:\/\/www.seatechnology.eu\/it\/#organization\",\"name\":\"Sea Technology Srl\",\"url\":\"https:\/\/www.seatechnology.eu\/it\/\",\"logo\":{\"@type\":\"ImageObject\",\"inLanguage\":\"it-IT\",\"@id\":\"https:\/\/www.seatechnology.eu\/it\/#\/schema\/logo\/image\/\",\"url\":\"https:\/\/www.seatechnology.eu\/wp-content\/uploads\/2019\/09\/SeaTechnology-vertical-300px.png\",\"contentUrl\":\"https:\/\/www.seatechnology.eu\/wp-content\/uploads\/2019\/09\/SeaTechnology-vertical-300px.png\",\"width\":244,\"height\":266,\"caption\":\"Sea Technology Srl\"},\"image\":{\"@id\":\"https:\/\/www.seatechnology.eu\/it\/#\/schema\/logo\/image\/\"},\"sameAs\":[\"https:\/\/www.facebook.com\/seatechnologyeu\/\",\"https:\/\/x.com\/SeaTechnology_\",\"https:\/\/www.linkedin.com\/company\/sea-technology-srl\",\"https:\/\/www.youtube.com\/@seatechnology5754\"]}]}<\/script>\n<!-- \/ Yoast SEO plugin. -->","yoast_head_json":{"title":"Cer Quattro - Sea Technology","description":"Disco diamantato ideale per il taglio di marmi bicottura monocottura gres porcellanato klinker graniti pietre naturali porfidi","robots":{"index":"index","follow":"follow","max-snippet":"max-snippet:-1","max-image-preview":"max-image-preview:large","max-video-preview":"max-video-preview:-1"},"canonical":"https:\/\/www.seatechnology.eu\/it\/dischi-per-ceramica\/cer-quattro\/","og_locale":"it_IT","og_type":"article","og_title":"Cer Quattro - Sea Technology","og_description":"Disco diamantato ideale per il taglio di marmi bicottura monocottura gres porcellanato klinker graniti pietre naturali porfidi","og_url":"https:\/\/www.seatechnology.eu\/it\/dischi-per-ceramica\/cer-quattro\/","og_site_name":"Sea Technology","article_publisher":"https:\/\/www.facebook.com\/seatechnologyeu\/","article_modified_time":"2021-11-19T09:38:51+00:00","og_image":[{"width":1500,"height":1478,"url":"https:\/\/www.seatechnology.eu\/wp-content\/uploads\/2021\/09\/cer-quattro.jpg","type":"image\/jpeg"}],"twitter_card":"summary_large_image","twitter_site":"@SeaTechnology_","twitter_misc":{"Tempo di lettura stimato":"4 minuti"},"schema":{"@context":"https:\/\/schema.org","@graph":[{"@type":"WebPage","@id":"https:\/\/www.seatechnology.eu\/it\/dischi-per-ceramica\/cer-quattro\/","url":"https:\/\/www.seatechnology.eu\/it\/dischi-per-ceramica\/cer-quattro\/","name":"Cer Quattro - Sea Technology","isPartOf":{"@id":"https:\/\/www.seatechnology.eu\/it\/#website"},"primaryImageOfPage":{"@id":"https:\/\/www.seatechnology.eu\/it\/dischi-per-ceramica\/cer-quattro\/#primaryimage"},"image":{"@id":"https:\/\/www.seatechnology.eu\/it\/dischi-per-ceramica\/cer-quattro\/#primaryimage"},"thumbnailUrl":"https:\/\/www.seatechnology.eu\/wp-content\/uploads\/2021\/09\/cer-quattro.jpg","datePublished":"2016-12-03T10:26:41+00:00","dateModified":"2021-11-19T09:38:51+00:00","description":"Disco diamantato ideale per il taglio di marmi bicottura monocottura gres porcellanato klinker graniti pietre naturali porfidi","breadcrumb":{"@id":"https:\/\/www.seatechnology.eu\/it\/dischi-per-ceramica\/cer-quattro\/#breadcrumb"},"inLanguage":"it-IT","potentialAction":[{"@type":"ReadAction","target":["https:\/\/www.seatechnology.eu\/it\/dischi-per-ceramica\/cer-quattro\/"]}]},{"@type":"ImageObject","inLanguage":"it-IT","@id":"https:\/\/www.seatechnology.eu\/it\/dischi-per-ceramica\/cer-quattro\/#primaryimage","url":"https:\/\/www.seatechnology.eu\/wp-content\/uploads\/2021\/09\/cer-quattro.jpg","contentUrl":"https:\/\/www.seatechnology.eu\/wp-content\/uploads\/2021\/09\/cer-quattro.jpg","width":1500,"height":1478},{"@type":"BreadcrumbList","@id":"https:\/\/www.seatechnology.eu\/it\/dischi-per-ceramica\/cer-quattro\/#breadcrumb","itemListElement":[{"@type":"ListItem","position":1,"name":"Home","item":"https:\/\/www.seatechnology.eu\/it\/"},{"@type":"ListItem","position":2,"name":"Dischi per Ceramica","item":"https:\/\/www.seatechnology.eu\/it\/dischi-per-ceramica\/"},{"@type":"ListItem","position":3,"name":"Cer Quattro"}]},{"@type":"WebSite","@id":"https:\/\/www.seatechnology.eu\/it\/#website","url":"https:\/\/www.seatechnology.eu\/it\/","name":"Sea Technology","description":"Experts in diamond tools, Since 1973","publisher":{"@id":"https:\/\/www.seatechnology.eu\/it\/#organization"},"potentialAction":[{"@type":"SearchAction","target":{"@type":"EntryPoint","urlTemplate":"https:\/\/www.seatechnology.eu\/it\/?s={search_term_string}"},"query-input":{"@type":"PropertyValueSpecification","valueRequired":true,"valueName":"search_term_string"}}],"inLanguage":"it-IT"},{"@type":"Organization","@id":"https:\/\/www.seatechnology.eu\/it\/#organization","name":"Sea Technology Srl","url":"https:\/\/www.seatechnology.eu\/it\/","logo":{"@type":"ImageObject","inLanguage":"it-IT","@id":"https:\/\/www.seatechnology.eu\/it\/#\/schema\/logo\/image\/","url":"https:\/\/www.seatechnology.eu\/wp-content\/uploads\/2019\/09\/SeaTechnology-vertical-300px.png","contentUrl":"https:\/\/www.seatechnology.eu\/wp-content\/uploads\/2019\/09\/SeaTechnology-vertical-300px.png","width":244,"height":266,"caption":"Sea Technology Srl"},"image":{"@id":"https:\/\/www.seatechnology.eu\/it\/#\/schema\/logo\/image\/"},"sameAs":["https:\/\/www.facebook.com\/seatechnologyeu\/","https:\/\/x.com\/SeaTechnology_","https:\/\/www.linkedin.com\/company\/sea-technology-srl","https:\/\/www.youtube.com\/@seatechnology5754"]}]}},"_links":{"self":[{"href":"https:\/\/www.seatechnology.eu\/it\/wp-json\/wp\/v2\/pages\/1095","targetHints":{"allow":["GET"]}}],"collection":[{"href":"https:\/\/www.seatechnology.eu\/it\/wp-json\/wp\/v2\/pages"}],"about":[{"href":"https:\/\/www.seatechnology.eu\/it\/wp-json\/wp\/v2\/types\/page"}],"author":[{"embeddable":true,"href":"https:\/\/www.seatechnology.eu\/it\/wp-json\/wp\/v2\/users\/3"}],"replies":[{"embeddable":true,"href":"https:\/\/www.seatechnology.eu\/it\/wp-json\/wp\/v2\/comments?post=1095"}],"version-history":[{"count":0,"href":"https:\/\/www.seatechnology.eu\/it\/wp-json\/wp\/v2\/pages\/1095\/revisions"}],"up":[{"embeddable":true,"href":"https:\/\/www.seatechnology.eu\/it\/wp-json\/wp\/v2\/pages\/4485"}],"wp:featuredmedia":[{"embeddable":true,"href":"https:\/\/www.seatechnology.eu\/it\/wp-json\/wp\/v2\/media\/4213"}],"wp:attachment":[{"href":"https:\/\/www.seatechnology.eu\/it\/wp-json\/wp\/v2\/media?parent=1095"}],"curies":[{"name":"wp","href":"https:\/\/api.w.org\/{rel}","templated":true}]}}