{"id":10978,"date":"2024-12-03T09:32:09","date_gmt":"2024-12-03T08:32:09","guid":{"rendered":"https:\/\/www.seatechnology.eu\/?page_id=10978"},"modified":"2025-06-19T15:51:52","modified_gmt":"2025-06-19T13:51:52","slug":"seapolish-480","status":"publish","type":"page","link":"https:\/\/www.seatechnology.eu\/it\/macchine-per-la-preparazione-delle-superfici\/seapolish-480\/","title":{"rendered":"Seapolish 480"},"content":{"rendered":"<div class=\"wpb-content-wrapper\"><p>[vc_row text_align=&#8221;center&#8221; bottom_padding=&#8221;50&#8243;][vc_column width=&#8221;1\/1&#8243;][vc_column_text]<\/p>\n<h1><span style=\"color: #009cde;\">SEAPOLISH 480<\/span><\/h1>\n<p>[\/vc_column_text][\/vc_column][\/vc_row][vc_row top_padding=&#8221;10&#8243; bottom_padding=&#8221;10&#8243;][vc_column width=&#8221;1\/3&#8243;]<div class=\"single_image wpb_content_element align-left  animate image_box_shadow image_opacity \" data-animation=\"fade-in-from-top\" data-delay=\"300\"><a href=\"https:\/\/www.seatechnology.eu\/wp-content\/uploads\/2025\/06\/SEAPOLISH480_08_05_2025_DSC1405.jpg\" class=\"prettyPhoto\" rel=\"prettyPhoto[image]\"><img loading=\"lazy\" decoding=\"async\" width=\"1600\" height=\"1600\" src=\"https:\/\/www.seatechnology.eu\/wp-content\/uploads\/2025\/06\/SEAPOLISH480_08_05_2025_DSC1405.jpg\" class=\"attachment-full\" alt=\"\" title=\"SEAPOLISH480_08_05_2025_DSC1405\" srcset=\"https:\/\/www.seatechnology.eu\/wp-content\/uploads\/2025\/06\/SEAPOLISH480_08_05_2025_DSC1405.jpg 1600w, https:\/\/www.seatechnology.eu\/wp-content\/uploads\/2025\/06\/SEAPOLISH480_08_05_2025_DSC1405-600x600.jpg 600w, https:\/\/www.seatechnology.eu\/wp-content\/uploads\/2025\/06\/SEAPOLISH480_08_05_2025_DSC1405-1200x1200.jpg 1200w, https:\/\/www.seatechnology.eu\/wp-content\/uploads\/2025\/06\/SEAPOLISH480_08_05_2025_DSC1405-150x150.jpg 150w, https:\/\/www.seatechnology.eu\/wp-content\/uploads\/2025\/06\/SEAPOLISH480_08_05_2025_DSC1405-768x768.jpg 768w, https:\/\/www.seatechnology.eu\/wp-content\/uploads\/2025\/06\/SEAPOLISH480_08_05_2025_DSC1405-1536x1536.jpg 1536w, https:\/\/www.seatechnology.eu\/wp-content\/uploads\/2025\/06\/SEAPOLISH480_08_05_2025_DSC1405-80x80.jpg 80w, https:\/\/www.seatechnology.eu\/wp-content\/uploads\/2025\/06\/SEAPOLISH480_08_05_2025_DSC1405-500x500.jpg 500w, https:\/\/www.seatechnology.eu\/wp-content\/uploads\/2025\/06\/SEAPOLISH480_08_05_2025_DSC1405-1000x1000.jpg 1000w\" sizes=\"auto, (max-width: 1600px) 100vw, 1600px\" \/><\/a><\/div>[vc_row_inner][vc_column_inner][vc_column_text]<\/p>\n<p style=\"text-align: center;\"><strong>Accedi alla scheda tecnica<\/strong><\/p>\n<p>[\/vc_column_text][vc_btn title=&#8221;Seapolish 480&#8243; style=&#8221;3d&#8221; color=&#8221;primary&#8221; align=&#8221;center&#8221; i_icon_fontawesome=&#8221;far fa-file-pdf&#8221; css=&#8221;.vc_custom_1744117373729{margin-top: 0px !important;margin-right: 0px !important;margin-bottom: 0px !important;margin-left: 0px !important;padding-top: 0px !important;padding-right: 0px !important;padding-bottom: 0px !important;padding-left: 0px !important;}&#8221; add_icon=&#8221;true&#8221; link=&#8221;url:%2Fdl.php%3Ffile_url%3Dhttps%3A%2F%2Fwww.seatechnology.eu%2Fwp-content%2Fuploads%2F2025%2F06%2FSEAPOLISH-480.pdf&#8221;][\/vc_column_inner][\/vc_row_inner][\/vc_column][vc_column width=&#8221;2\/3&#8243;]<div class=\"headline font-inherit fontsize-inherit fontweight-700 lh-inherit align-center transform-uppercase head-descrizione\" style=\"\">DESCRIZIONE<\/div>[vc_column_text]<\/p>\n<p class=\"p1\">SEAPOLISH 480 \u00e8 la nuova levigatrice multiuso robusta e affidabile con trasmissione a ingranaggi della gamma levigatura e trattamento delle superfici di SEA Technology.<\/p>\n<p class=\"p1\">\u00c8 dotata di un potente motore da 2300 W e possiede un\u2019eccezionale capacit\u00e0 di levigatura, ggrazie al suo peso aumentabile fino a 80,5 kg applicando la zavorra aggiuntiva da 22 kg.<\/p>\n<p class=\"p1\">La superficie di lavoro di 510 mm rende SEAPOLISH 480 estremamente performante su grandi aree e pavimenti industriali, per ristrutturazioni ed operazioni di pulizia<\/p>\n<p class=\"p1\">impegnative, massetti, asfalto, superfici adesive, rivestimenti industriali di ogni tipo.<\/p>\n<p class=\"p1\">La peculiarit\u00e0 di questa macchina \u00e8 senza dubbio la versatilit\u00e0: grazie ad una gamma di oltre 50 accessori \u00e8 possibile destinare SEAPOLISH 480 a molteplici e diversi utilizzi, tra cui:<\/p>\n<p class=\"p1\">\u2022 Lucidatura di pietra e materiali simili;<\/p>\n<p class=\"p1\">\u2022 Levigatura di superfici sia da interno che da esterno per sottoporle successivamente a trattamenti di vario genere con formulati epossidici o solventi (antiscivolo, antipolvere, idrorepellenti, antigraffio e antisegno) in ambienti industriali e magazzini, ma anche abitazioni, aree cortilive, parcheggi o centri commerciali;<\/p>\n<p class=\"p1\">\u2022 Rimozione di muschio, erba e detriti dagli autobloccanti<\/p>\n<p class=\"p1\">\u2022 Lucidatura di pavimenti e rivestimenti con pad disponibili in diverse grane;<\/p>\n<p class=\"p1\">\u2022 Levigatura di materiali ceramici come gres porcellanato o klinker;<\/p>\n<p class=\"p1\">\u2022 Pulizia e rimozione degli eccessi di colla dalle fughe e dalle mattonelle dopo la posa di gres, klinker e altri materiali per pavimentazioni;<\/p>\n<p class=\"p1\">\u2022 Lisciatura del cemento fresco appena gettato con piatto apposito o kit composto da quattro pale.<\/p>\n<p>[\/vc_column_text]<div class=\"headline font-inherit fontsize-inherit fontweight-700 lh-inherit align-center transform-uppercase head-descrizione\" style=\"\">SCHEDA TECNICA<\/div>[vc_column_text]<\/p>\n<table class=\"table-seatechnology-bis\">\n<tbody>\n<tr>\n<td colspan=\"2\">DESCRIZIONE<\/td>\n<\/tr>\n<tr>\n<td>\n<p class=\"p1\">Azionamento: meccanico<\/p>\n<\/td>\n<td>\n<p class=\"p1\">Coppia: 110 Nm<\/p>\n<\/td>\n<\/tr>\n<tr>\n<td>\n<p class=\"p1\">Potenza: 230 V &#8211; 2300 W<\/p>\n<\/td>\n<td>\n<p class=\"p1\">Dimensioni: 64 x 48 x 138 cm.<\/p>\n<\/td>\n<\/tr>\n<tr>\n<td>\n<p class=\"p1\">Frequenza: 50 Hz<\/p>\n<\/td>\n<td>\n<p class=\"p1\">Lunghezza della barra di guida: 930 mm.<\/p>\n<\/td>\n<\/tr>\n<tr>\n<td>\n<p class=\"p1\">Superficie di lavoro: 510 mm<\/p>\n<\/td>\n<td>\n<p class=\"p1\">Rumorosit\u00e0: 62 dB (A)<\/p>\n<\/td>\n<\/tr>\n<tr>\n<td>\n<p class=\"p1\">Velocit\u00e0: 156 rpm<\/p>\n<\/td>\n<td>\n<p class=\"p1\">Peso operativo: 58,5 kg (aumentabile a 80,5 kg)<\/p>\n<\/td>\n<\/tr>\n<\/tbody>\n<\/table>\n<p>[\/vc_column_text][vc_column_text]<\/p>\n<table class=\"table-seatechnology-bis\">\n<tbody>\n<tr>\n<td>COD.<\/td>\n<td>DESCRIZIONE<\/td>\n<\/tr>\n<tr>\n<td>SEAPOLISH480<\/td>\n<td>MONOSPAZZOLA PROFESSIONALE SEAPOLISH480<\/td>\n<\/tr>\n<\/tbody>\n<\/table>\n<p>[\/vc_column_text][\/vc_column][\/vc_row]<\/p>\n<\/div>","protected":false},"excerpt":{"rendered":"<p>[vc_row text_align=&#8221;center&#8221; bottom_padding=&#8221;50&#8243;][vc_column width=&#8221;1\/1&#8243;][vc_column_text] SEAPOLISH 480 [\/vc_column_text][\/vc_column][\/vc_row][vc_row top_padding=&#8221;10&#8243; bottom_padding=&#8221;10&#8243;][vc_column width=&#8221;1\/3&#8243;][vc_row_inner][vc_column_inner][vc_column_text] Accedi alla scheda tecnica [\/vc_column_text][vc_btn title=&#8221;Seapolish 480&#8243; style=&#8221;3d&#8221; color=&#8221;primary&#8221; align=&#8221;center&#8221; i_icon_fontawesome=&#8221;far fa-file-pdf&#8221; css=&#8221;.vc_custom_1744117373729{margin-top: 0px !important;margin-right: 0px !important;margin-bottom: 0px !important;margin-left: 0px !important;padding-top: 0px !important;padding-right: 0px !important;padding-bottom: 0px !important;padding-left: 0px !important;}&#8221; add_icon=&#8221;true&#8221; link=&#8221;url:%2Fdl.php%3Ffile_url%3Dhttps%3A%2F%2Fwww.seatechnology.eu%2Fwp-content%2Fuploads%2F2025%2F06%2FSEAPOLISH-480.pdf&#8221;][\/vc_column_inner][\/vc_row_inner][\/vc_column][vc_column width=&#8221;2\/3&#8243;][vc_column_text] SEAPOLISH 480 \u00e8 la nuova levigatrice multiuso robusta e affidabile con trasmissione a ingranaggi della gamma levigatura e trattamento delle superfici di SEA Technology. \u00c8 dotata di un potente motore da 2300 W e possiede un\u2019eccezionale capacit\u00e0 di levigatura, ggrazie al suo peso aumentabile fino a 80,5 kg applicando la zavorra aggiuntiva da 22 kg. La superficie di lavoro di 510 mm rende SEAPOLISH 480 estremamente performante su grandi aree e pavimenti industriali, per ristrutturazioni ed operazioni di pulizia impegnative, massetti, asfalto, superfici adesive, rivestimenti industriali di ogni tipo. La peculiarit\u00e0 di questa macchina \u00e8 senza dubbio la versatilit\u00e0: grazie ad una gamma di oltre 50 accessori \u00e8 possibile destinare SEAPOLISH 480 a molteplici e diversi utilizzi, tra cui: \u2022 Lucidatura di pietra e materiali simili; \u2022 Levigatura di superfici sia da interno che da esterno per sottoporle successivamente a trattamenti di vario genere con formulati epossidici o solventi (antiscivolo, antipolvere, idrorepellenti, antigraffio e antisegno) in ambienti industriali [&hellip;]<\/p>\n","protected":false},"author":6,"featured_media":11347,"parent":5342,"menu_order":10,"comment_status":"closed","ping_status":"closed","template":"","meta":{"inline_featured_image":false,"footnotes":""},"class_list":["post-10978","page","type-page","status-publish","has-post-thumbnail","hentry"],"yoast_head":"<!-- This site is optimized with the Yoast SEO plugin v26.8 - https:\/\/yoast.com\/product\/yoast-seo-wordpress\/ -->\n<title>Seapolish 480 - Sea Technology<\/title>\n<meta name=\"description\" content=\"Nuova levigatrice multiuso robusta affidabile trasmissione a ingranaggi della gamma levigatura e trattamento delle superfici di SEA Technology.\" \/>\n<meta name=\"robots\" content=\"index, follow, max-snippet:-1, max-image-preview:large, max-video-preview:-1\" \/>\n<link rel=\"canonical\" href=\"https:\/\/www.seatechnology.eu\/it\/macchine-per-la-preparazione-delle-superfici\/seapolish-480\/\" \/>\n<meta property=\"og:locale\" content=\"it_IT\" \/>\n<meta property=\"og:type\" content=\"article\" \/>\n<meta property=\"og:title\" content=\"Seapolish 480 - Sea Technology\" \/>\n<meta property=\"og:description\" content=\"Nuova levigatrice multiuso robusta affidabile trasmissione a ingranaggi della gamma levigatura e trattamento delle superfici di SEA Technology.\" \/>\n<meta property=\"og:url\" content=\"https:\/\/www.seatechnology.eu\/it\/macchine-per-la-preparazione-delle-superfici\/seapolish-480\/\" \/>\n<meta property=\"og:site_name\" content=\"Sea Technology\" \/>\n<meta property=\"article:publisher\" content=\"https:\/\/www.facebook.com\/seatechnologyeu\/\" \/>\n<meta property=\"article:modified_time\" content=\"2025-06-19T13:51:52+00:00\" \/>\n<meta property=\"og:image\" content=\"https:\/\/www.seatechnology.eu\/wp-content\/uploads\/2025\/06\/SEAPOLISH480_08_05_2025_DSC1405.jpg\" \/>\n\t<meta property=\"og:image:width\" content=\"1600\" \/>\n\t<meta property=\"og:image:height\" content=\"1600\" \/>\n\t<meta property=\"og:image:type\" content=\"image\/jpeg\" \/>\n<meta name=\"twitter:card\" content=\"summary_large_image\" \/>\n<meta name=\"twitter:site\" content=\"@SeaTechnology_\" \/>\n<meta name=\"twitter:label1\" content=\"Tempo di lettura stimato\" \/>\n\t<meta name=\"twitter:data1\" content=\"1 minuto\" \/>\n<script type=\"application\/ld+json\" class=\"yoast-schema-graph\">{\"@context\":\"https:\/\/schema.org\",\"@graph\":[{\"@type\":\"WebPage\",\"@id\":\"https:\/\/www.seatechnology.eu\/it\/macchine-per-la-preparazione-delle-superfici\/seapolish-480\/\",\"url\":\"https:\/\/www.seatechnology.eu\/it\/macchine-per-la-preparazione-delle-superfici\/seapolish-480\/\",\"name\":\"Seapolish 480 - Sea Technology\",\"isPartOf\":{\"@id\":\"https:\/\/www.seatechnology.eu\/it\/#website\"},\"primaryImageOfPage\":{\"@id\":\"https:\/\/www.seatechnology.eu\/it\/macchine-per-la-preparazione-delle-superfici\/seapolish-480\/#primaryimage\"},\"image\":{\"@id\":\"https:\/\/www.seatechnology.eu\/it\/macchine-per-la-preparazione-delle-superfici\/seapolish-480\/#primaryimage\"},\"thumbnailUrl\":\"https:\/\/www.seatechnology.eu\/wp-content\/uploads\/2025\/06\/SEAPOLISH480_08_05_2025_DSC1405.jpg\",\"datePublished\":\"2024-12-03T08:32:09+00:00\",\"dateModified\":\"2025-06-19T13:51:52+00:00\",\"description\":\"Nuova levigatrice multiuso robusta affidabile trasmissione a ingranaggi della gamma levigatura e trattamento delle superfici di SEA Technology.\",\"breadcrumb\":{\"@id\":\"https:\/\/www.seatechnology.eu\/it\/macchine-per-la-preparazione-delle-superfici\/seapolish-480\/#breadcrumb\"},\"inLanguage\":\"it-IT\",\"potentialAction\":[{\"@type\":\"ReadAction\",\"target\":[\"https:\/\/www.seatechnology.eu\/it\/macchine-per-la-preparazione-delle-superfici\/seapolish-480\/\"]}]},{\"@type\":\"ImageObject\",\"inLanguage\":\"it-IT\",\"@id\":\"https:\/\/www.seatechnology.eu\/it\/macchine-per-la-preparazione-delle-superfici\/seapolish-480\/#primaryimage\",\"url\":\"https:\/\/www.seatechnology.eu\/wp-content\/uploads\/2025\/06\/SEAPOLISH480_08_05_2025_DSC1405.jpg\",\"contentUrl\":\"https:\/\/www.seatechnology.eu\/wp-content\/uploads\/2025\/06\/SEAPOLISH480_08_05_2025_DSC1405.jpg\",\"width\":1600,\"height\":1600},{\"@type\":\"BreadcrumbList\",\"@id\":\"https:\/\/www.seatechnology.eu\/it\/macchine-per-la-preparazione-delle-superfici\/seapolish-480\/#breadcrumb\",\"itemListElement\":[{\"@type\":\"ListItem\",\"position\":1,\"name\":\"Home\",\"item\":\"https:\/\/www.seatechnology.eu\/it\/\"},{\"@type\":\"ListItem\",\"position\":2,\"name\":\"Macchine per la preparazione delle superfici\",\"item\":\"https:\/\/www.seatechnology.eu\/it\/macchine-per-la-preparazione-delle-superfici\/\"},{\"@type\":\"ListItem\",\"position\":3,\"name\":\"Seapolish 480\"}]},{\"@type\":\"WebSite\",\"@id\":\"https:\/\/www.seatechnology.eu\/it\/#website\",\"url\":\"https:\/\/www.seatechnology.eu\/it\/\",\"name\":\"Sea Technology\",\"description\":\"Experts in diamond tools, Since 1973\",\"publisher\":{\"@id\":\"https:\/\/www.seatechnology.eu\/it\/#organization\"},\"potentialAction\":[{\"@type\":\"SearchAction\",\"target\":{\"@type\":\"EntryPoint\",\"urlTemplate\":\"https:\/\/www.seatechnology.eu\/it\/?s={search_term_string}\"},\"query-input\":{\"@type\":\"PropertyValueSpecification\",\"valueRequired\":true,\"valueName\":\"search_term_string\"}}],\"inLanguage\":\"it-IT\"},{\"@type\":\"Organization\",\"@id\":\"https:\/\/www.seatechnology.eu\/it\/#organization\",\"name\":\"Sea Technology Srl\",\"url\":\"https:\/\/www.seatechnology.eu\/it\/\",\"logo\":{\"@type\":\"ImageObject\",\"inLanguage\":\"it-IT\",\"@id\":\"https:\/\/www.seatechnology.eu\/it\/#\/schema\/logo\/image\/\",\"url\":\"https:\/\/www.seatechnology.eu\/wp-content\/uploads\/2019\/09\/SeaTechnology-vertical-300px.png\",\"contentUrl\":\"https:\/\/www.seatechnology.eu\/wp-content\/uploads\/2019\/09\/SeaTechnology-vertical-300px.png\",\"width\":244,\"height\":266,\"caption\":\"Sea Technology Srl\"},\"image\":{\"@id\":\"https:\/\/www.seatechnology.eu\/it\/#\/schema\/logo\/image\/\"},\"sameAs\":[\"https:\/\/www.facebook.com\/seatechnologyeu\/\",\"https:\/\/x.com\/SeaTechnology_\",\"https:\/\/www.linkedin.com\/company\/sea-technology-srl\",\"https:\/\/www.youtube.com\/@seatechnology5754\"]}]}<\/script>\n<!-- \/ Yoast SEO plugin. -->","yoast_head_json":{"title":"Seapolish 480 - Sea Technology","description":"Nuova levigatrice multiuso robusta affidabile trasmissione a ingranaggi della gamma levigatura e trattamento delle superfici di SEA Technology.","robots":{"index":"index","follow":"follow","max-snippet":"max-snippet:-1","max-image-preview":"max-image-preview:large","max-video-preview":"max-video-preview:-1"},"canonical":"https:\/\/www.seatechnology.eu\/it\/macchine-per-la-preparazione-delle-superfici\/seapolish-480\/","og_locale":"it_IT","og_type":"article","og_title":"Seapolish 480 - Sea Technology","og_description":"Nuova levigatrice multiuso robusta affidabile trasmissione a ingranaggi della gamma levigatura e trattamento delle superfici di SEA Technology.","og_url":"https:\/\/www.seatechnology.eu\/it\/macchine-per-la-preparazione-delle-superfici\/seapolish-480\/","og_site_name":"Sea Technology","article_publisher":"https:\/\/www.facebook.com\/seatechnologyeu\/","article_modified_time":"2025-06-19T13:51:52+00:00","og_image":[{"width":1600,"height":1600,"url":"https:\/\/www.seatechnology.eu\/wp-content\/uploads\/2025\/06\/SEAPOLISH480_08_05_2025_DSC1405.jpg","type":"image\/jpeg"}],"twitter_card":"summary_large_image","twitter_site":"@SeaTechnology_","twitter_misc":{"Tempo di lettura stimato":"1 minuto"},"schema":{"@context":"https:\/\/schema.org","@graph":[{"@type":"WebPage","@id":"https:\/\/www.seatechnology.eu\/it\/macchine-per-la-preparazione-delle-superfici\/seapolish-480\/","url":"https:\/\/www.seatechnology.eu\/it\/macchine-per-la-preparazione-delle-superfici\/seapolish-480\/","name":"Seapolish 480 - Sea Technology","isPartOf":{"@id":"https:\/\/www.seatechnology.eu\/it\/#website"},"primaryImageOfPage":{"@id":"https:\/\/www.seatechnology.eu\/it\/macchine-per-la-preparazione-delle-superfici\/seapolish-480\/#primaryimage"},"image":{"@id":"https:\/\/www.seatechnology.eu\/it\/macchine-per-la-preparazione-delle-superfici\/seapolish-480\/#primaryimage"},"thumbnailUrl":"https:\/\/www.seatechnology.eu\/wp-content\/uploads\/2025\/06\/SEAPOLISH480_08_05_2025_DSC1405.jpg","datePublished":"2024-12-03T08:32:09+00:00","dateModified":"2025-06-19T13:51:52+00:00","description":"Nuova levigatrice multiuso robusta affidabile trasmissione a ingranaggi della gamma levigatura e trattamento delle superfici di SEA Technology.","breadcrumb":{"@id":"https:\/\/www.seatechnology.eu\/it\/macchine-per-la-preparazione-delle-superfici\/seapolish-480\/#breadcrumb"},"inLanguage":"it-IT","potentialAction":[{"@type":"ReadAction","target":["https:\/\/www.seatechnology.eu\/it\/macchine-per-la-preparazione-delle-superfici\/seapolish-480\/"]}]},{"@type":"ImageObject","inLanguage":"it-IT","@id":"https:\/\/www.seatechnology.eu\/it\/macchine-per-la-preparazione-delle-superfici\/seapolish-480\/#primaryimage","url":"https:\/\/www.seatechnology.eu\/wp-content\/uploads\/2025\/06\/SEAPOLISH480_08_05_2025_DSC1405.jpg","contentUrl":"https:\/\/www.seatechnology.eu\/wp-content\/uploads\/2025\/06\/SEAPOLISH480_08_05_2025_DSC1405.jpg","width":1600,"height":1600},{"@type":"BreadcrumbList","@id":"https:\/\/www.seatechnology.eu\/it\/macchine-per-la-preparazione-delle-superfici\/seapolish-480\/#breadcrumb","itemListElement":[{"@type":"ListItem","position":1,"name":"Home","item":"https:\/\/www.seatechnology.eu\/it\/"},{"@type":"ListItem","position":2,"name":"Macchine per la preparazione delle superfici","item":"https:\/\/www.seatechnology.eu\/it\/macchine-per-la-preparazione-delle-superfici\/"},{"@type":"ListItem","position":3,"name":"Seapolish 480"}]},{"@type":"WebSite","@id":"https:\/\/www.seatechnology.eu\/it\/#website","url":"https:\/\/www.seatechnology.eu\/it\/","name":"Sea Technology","description":"Experts in diamond tools, Since 1973","publisher":{"@id":"https:\/\/www.seatechnology.eu\/it\/#organization"},"potentialAction":[{"@type":"SearchAction","target":{"@type":"EntryPoint","urlTemplate":"https:\/\/www.seatechnology.eu\/it\/?s={search_term_string}"},"query-input":{"@type":"PropertyValueSpecification","valueRequired":true,"valueName":"search_term_string"}}],"inLanguage":"it-IT"},{"@type":"Organization","@id":"https:\/\/www.seatechnology.eu\/it\/#organization","name":"Sea Technology Srl","url":"https:\/\/www.seatechnology.eu\/it\/","logo":{"@type":"ImageObject","inLanguage":"it-IT","@id":"https:\/\/www.seatechnology.eu\/it\/#\/schema\/logo\/image\/","url":"https:\/\/www.seatechnology.eu\/wp-content\/uploads\/2019\/09\/SeaTechnology-vertical-300px.png","contentUrl":"https:\/\/www.seatechnology.eu\/wp-content\/uploads\/2019\/09\/SeaTechnology-vertical-300px.png","width":244,"height":266,"caption":"Sea Technology Srl"},"image":{"@id":"https:\/\/www.seatechnology.eu\/it\/#\/schema\/logo\/image\/"},"sameAs":["https:\/\/www.facebook.com\/seatechnologyeu\/","https:\/\/x.com\/SeaTechnology_","https:\/\/www.linkedin.com\/company\/sea-technology-srl","https:\/\/www.youtube.com\/@seatechnology5754"]}]}},"_links":{"self":[{"href":"https:\/\/www.seatechnology.eu\/it\/wp-json\/wp\/v2\/pages\/10978","targetHints":{"allow":["GET"]}}],"collection":[{"href":"https:\/\/www.seatechnology.eu\/it\/wp-json\/wp\/v2\/pages"}],"about":[{"href":"https:\/\/www.seatechnology.eu\/it\/wp-json\/wp\/v2\/types\/page"}],"author":[{"embeddable":true,"href":"https:\/\/www.seatechnology.eu\/it\/wp-json\/wp\/v2\/users\/6"}],"replies":[{"embeddable":true,"href":"https:\/\/www.seatechnology.eu\/it\/wp-json\/wp\/v2\/comments?post=10978"}],"version-history":[{"count":9,"href":"https:\/\/www.seatechnology.eu\/it\/wp-json\/wp\/v2\/pages\/10978\/revisions"}],"predecessor-version":[{"id":11349,"href":"https:\/\/www.seatechnology.eu\/it\/wp-json\/wp\/v2\/pages\/10978\/revisions\/11349"}],"up":[{"embeddable":true,"href":"https:\/\/www.seatechnology.eu\/it\/wp-json\/wp\/v2\/pages\/5342"}],"wp:featuredmedia":[{"embeddable":true,"href":"https:\/\/www.seatechnology.eu\/it\/wp-json\/wp\/v2\/media\/11347"}],"wp:attachment":[{"href":"https:\/\/www.seatechnology.eu\/it\/wp-json\/wp\/v2\/media?parent=10978"}],"curies":[{"name":"wp","href":"https:\/\/api.w.org\/{rel}","templated":true}]}}