{"id":11371,"date":"2025-06-25T15:14:19","date_gmt":"2025-06-25T13:14:19","guid":{"rendered":"https:\/\/www.seatechnology.eu\/?page_id=11371"},"modified":"2025-06-25T15:14:46","modified_gmt":"2025-06-25T13:14:46","slug":"seafloor-1201-e","status":"publish","type":"page","link":"https:\/\/www.seatechnology.eu\/it\/mototagliatrici-e-tagliasuolo\/seafloor-1201-e\/","title":{"rendered":"Seafloor 1201 E"},"content":{"rendered":"<div class=\"wpb-content-wrapper\"><p>[vc_row text_align=&#8221;center&#8221; bottom_padding=&#8221;50&#8243;][vc_column width=&#8221;1\/1&#8243;][vc_column_text]<\/p>\n<h1><span style=\"color: #009cde;\">SEAFLOOR 1201 E<\/span><\/h1>\n<p>[\/vc_column_text][\/vc_column][\/vc_row][vc_row top_padding=&#8221;10&#8243; bottom_padding=&#8221;10&#8243;][vc_column width=&#8221;1\/3&#8243;]<div class=\"single_image wpb_content_element align-left  animate image_box_shadow image_opacity \" data-animation=\"fade-in-from-top\" data-delay=\"300\"><a href=\"https:\/\/www.seatechnology.eu\/wp-content\/uploads\/2025\/06\/SEAFLOOR-1201E-10-03-2022-_DSC0015.jpg\" class=\"prettyPhoto\" rel=\"prettyPhoto[image]\"><img loading=\"lazy\" decoding=\"async\" width=\"1600\" height=\"1600\" src=\"https:\/\/www.seatechnology.eu\/wp-content\/uploads\/2025\/06\/SEAFLOOR-1201E-10-03-2022-_DSC0015.jpg\" class=\"attachment-full\" alt=\"\" title=\"SEAFLOOR 1201E - 10-03-2022 _DSC0015\" srcset=\"https:\/\/www.seatechnology.eu\/wp-content\/uploads\/2025\/06\/SEAFLOOR-1201E-10-03-2022-_DSC0015.jpg 1600w, https:\/\/www.seatechnology.eu\/wp-content\/uploads\/2025\/06\/SEAFLOOR-1201E-10-03-2022-_DSC0015-600x600.jpg 600w, https:\/\/www.seatechnology.eu\/wp-content\/uploads\/2025\/06\/SEAFLOOR-1201E-10-03-2022-_DSC0015-1200x1200.jpg 1200w, https:\/\/www.seatechnology.eu\/wp-content\/uploads\/2025\/06\/SEAFLOOR-1201E-10-03-2022-_DSC0015-150x150.jpg 150w, https:\/\/www.seatechnology.eu\/wp-content\/uploads\/2025\/06\/SEAFLOOR-1201E-10-03-2022-_DSC0015-768x768.jpg 768w, https:\/\/www.seatechnology.eu\/wp-content\/uploads\/2025\/06\/SEAFLOOR-1201E-10-03-2022-_DSC0015-1536x1536.jpg 1536w, https:\/\/www.seatechnology.eu\/wp-content\/uploads\/2025\/06\/SEAFLOOR-1201E-10-03-2022-_DSC0015-80x80.jpg 80w, https:\/\/www.seatechnology.eu\/wp-content\/uploads\/2025\/06\/SEAFLOOR-1201E-10-03-2022-_DSC0015-500x500.jpg 500w, https:\/\/www.seatechnology.eu\/wp-content\/uploads\/2025\/06\/SEAFLOOR-1201E-10-03-2022-_DSC0015-1000x1000.jpg 1000w\" sizes=\"auto, (max-width: 1600px) 100vw, 1600px\" \/><\/a><\/div>[vc_row_inner][vc_column_inner][vc_column_text]<\/p>\n<p style=\"text-align: center;\"><strong>Accedi alla scheda tecnica<\/strong><\/p>\n<p>[\/vc_column_text][vc_btn title=&#8221;Seafloor 1201 E&#8221; style=&#8221;3d&#8221; color=&#8221;primary&#8221; align=&#8221;center&#8221; i_icon_fontawesome=&#8221;far fa-file-pdf&#8221; css=&#8221;.vc_custom_1750857286996{margin-top: 0px !important;margin-right: 0px !important;margin-bottom: 0px !important;margin-left: 0px !important;padding-top: 0px !important;padding-right: 0px !important;padding-bottom: 0px !important;padding-left: 0px !important;}&#8221; add_icon=&#8221;true&#8221; link=&#8221;url:%2Fdl.php%3Ffile_url%3Dhttps%3A%2F%2Fwww.seatechnology.eu%2Fwp-content%2Fuploads%2F2025%2F06%2FSEAFLOOR-1201E-ES-Sea-Technology.pdf&#8221;][\/vc_column_inner][\/vc_row_inner][\/vc_column][vc_column width=&#8221;2\/3&#8243;]<div class=\"headline font-inherit fontsize-inherit fontweight-700 lh-inherit align-center transform-uppercase head-descrizione\" style=\"\">DESCRIZIONE<\/div>[vc_column_text]SEAFLOOR 1201E \u00e8 la tagliasuolo elettrica ideale per gli utilizzi pi\u00f9 gravosi e le metrature pi\u00f9 estese.<br \/>\nIl potente motore elettrico da 22 kw consente l\u2019utilizzo di dischi da 1200 mm, permettendo tagli profondi fino a 510 mm, grazie anche all\u2019avanzamento ed alla regolazione di profondit\u00e0 automatici.<br \/>\nDisponendo inoltre di un convertitore di frequenza, consente la regolazione in continuo del numero di giri dell\u2019albero, permettendo quindi l\u2019utilizzo di dischi compresi tra 500 e 1200 mm. Disponibile (opzionale) carter per taglio a filo parete con disco da 800 mm.<br \/>\nLa possibilit\u00e0 di convertire il taglio da sinistra a destra e la ruota posteriore che poggia all\u2019esterno dell\u2019area di taglio, rendono possibile la rifilatura dei giunti senza alcun problema.<br \/>\nElettrica, robusta, potente, dal design particolarmente compatto e senza emissioni, SEAFLOOR 1201E garantisce la massima efficienza.[\/vc_column_text]<div class=\"headline font-inherit fontsize-inherit fontweight-700 lh-inherit align-center transform-uppercase head-descrizione\" style=\"\">SCHEDA TECNICA<\/div>[vc_column_text]<\/p>\n<table class=\"table-seatechnology-bis\">\n<tbody>\n<tr style=\"height: 24px;\">\n<td style=\"height: 24px;\" colspan=\"2\">DESCRIZIONE<\/td>\n<\/tr>\n<tr style=\"height: 23px;\">\n<td style=\"height: 23px;\">Disco diamantato diametro 1200 mm, foro 25,4 mm<\/td>\n<td style=\"height: 23px;\">Possibilit\u00e0 di montaggio disco a sx e a dx<\/td>\n<\/tr>\n<tr style=\"height: 24px;\">\n<td style=\"height: 24px;\">Profondit\u00e0 di taglio 510 mm<\/td>\n<td style=\"height: 24px;\">Dimensioni (LxPxA) 1600x930x1240mm<\/td>\n<\/tr>\n<tr style=\"height: 24px;\">\n<td style=\"height: 24px;\">Motore elettrico 400V<\/td>\n<td style=\"height: 24px;\">Peso 630 kg<\/td>\n<\/tr>\n<tr>\n<td>Assorbimento 22 kW<\/td>\n<td>A Norma CE<\/td>\n<\/tr>\n<tr style=\"height: 24px;\">\n<td style=\"height: 24px;\">Avanzamento e regolazione profondit\u00e0 elettroidraulico<\/td>\n<td style=\"height: 24px;\"><\/td>\n<\/tr>\n<\/tbody>\n<\/table>\n<p>[\/vc_column_text][vc_column_text]<\/p>\n<table class=\"table-seatechnology-bis\">\n<tbody>\n<tr style=\"height: 24px;\">\n<td style=\"height: 24px;\">COD.<\/td>\n<td style=\"height: 24px;\">DESCRIZIONE<\/td>\n<\/tr>\n<tr style=\"height: 24px;\">\n<td style=\"height: 24px;\">SEAFLOOR1201E<\/td>\n<td style=\"height: 24px;\">TAGLIAPAVIMENTO PROFESSIONALE SEAFLOOR1201E ELETTRICA \u2013 22 KW<\/td>\n<\/tr>\n<tr>\n<td><\/td>\n<td><\/td>\n<\/tr>\n<\/tbody>\n<\/table>\n<p>[\/vc_column_text][\/vc_column][\/vc_row]<\/p>\n<\/div>","protected":false},"excerpt":{"rendered":"<p>[vc_row text_align=&#8221;center&#8221; bottom_padding=&#8221;50&#8243;][vc_column width=&#8221;1\/1&#8243;][vc_column_text] SEAFLOOR 1201 E [\/vc_column_text][\/vc_column][\/vc_row][vc_row top_padding=&#8221;10&#8243; bottom_padding=&#8221;10&#8243;][vc_column width=&#8221;1\/3&#8243;][vc_row_inner][vc_column_inner][vc_column_text] Accedi alla scheda tecnica [\/vc_column_text][vc_btn title=&#8221;Seafloor 1201 E&#8221; style=&#8221;3d&#8221; color=&#8221;primary&#8221; align=&#8221;center&#8221; i_icon_fontawesome=&#8221;far fa-file-pdf&#8221; css=&#8221;.vc_custom_1750857286996{margin-top: 0px !important;margin-right: 0px !important;margin-bottom: 0px !important;margin-left: 0px !important;padding-top: 0px !important;padding-right: 0px !important;padding-bottom: 0px !important;padding-left: 0px !important;}&#8221; add_icon=&#8221;true&#8221; link=&#8221;url:%2Fdl.php%3Ffile_url%3Dhttps%3A%2F%2Fwww.seatechnology.eu%2Fwp-content%2Fuploads%2F2025%2F06%2FSEAFLOOR-1201E-ES-Sea-Technology.pdf&#8221;][\/vc_column_inner][\/vc_row_inner][\/vc_column][vc_column width=&#8221;2\/3&#8243;][vc_column_text]SEAFLOOR 1201E \u00e8 la tagliasuolo elettrica ideale per gli utilizzi pi\u00f9 gravosi e le metrature pi\u00f9 estese. Il potente motore elettrico da 22 kw consente l\u2019utilizzo di dischi da 1200 mm, permettendo tagli profondi fino a 510 mm, grazie anche all\u2019avanzamento ed alla regolazione di profondit\u00e0 automatici. Disponendo inoltre di un convertitore di frequenza, consente la regolazione in continuo del numero di giri dell\u2019albero, permettendo quindi l\u2019utilizzo di dischi compresi tra 500 e 1200 mm. Disponibile (opzionale) carter per taglio a filo parete con disco da 800 mm. La possibilit\u00e0 di convertire il taglio da sinistra a destra e la ruota posteriore che poggia all\u2019esterno dell\u2019area di taglio, rendono possibile la rifilatura dei giunti senza alcun problema. Elettrica, robusta, potente, dal design particolarmente compatto e senza emissioni, SEAFLOOR 1201E garantisce la massima efficienza.[\/vc_column_text][vc_column_text] DESCRIZIONE Disco diamantato diametro 1200 mm, foro 25,4 mm Possibilit\u00e0 di montaggio disco a sx e a dx Profondit\u00e0 di taglio 510 mm Dimensioni [&hellip;]<\/p>\n","protected":false},"author":3,"featured_media":11367,"parent":4644,"menu_order":16,"comment_status":"closed","ping_status":"closed","template":"","meta":{"inline_featured_image":false,"footnotes":""},"class_list":["post-11371","page","type-page","status-publish","has-post-thumbnail","hentry"],"yoast_head":"<!-- This site is optimized with the Yoast SEO plugin v26.8 - https:\/\/yoast.com\/product\/yoast-seo-wordpress\/ -->\n<title>Seafloor 1201 E - Sea Technology<\/title>\n<meta name=\"description\" content=\"SEAFLOOR 1001 E\/ES tagliasuolo per taglio ampie superfici motore elettrico da 15kw o 17kw e disco da 1000mm per tagli profondi fino a 420mm\" \/>\n<meta name=\"robots\" content=\"index, follow, max-snippet:-1, max-image-preview:large, max-video-preview:-1\" \/>\n<link rel=\"canonical\" href=\"https:\/\/www.seatechnology.eu\/it\/mototagliatrici-e-tagliasuolo\/seafloor-1201-e\/\" \/>\n<meta property=\"og:locale\" content=\"it_IT\" \/>\n<meta property=\"og:type\" content=\"article\" \/>\n<meta property=\"og:title\" content=\"Seafloor 1201 E - Sea Technology\" \/>\n<meta property=\"og:description\" content=\"SEAFLOOR 1001 E\/ES tagliasuolo per taglio ampie superfici motore elettrico da 15kw o 17kw e disco da 1000mm per tagli profondi fino a 420mm\" \/>\n<meta property=\"og:url\" content=\"https:\/\/www.seatechnology.eu\/it\/mototagliatrici-e-tagliasuolo\/seafloor-1201-e\/\" \/>\n<meta property=\"og:site_name\" content=\"Sea Technology\" \/>\n<meta property=\"article:publisher\" content=\"https:\/\/www.facebook.com\/seatechnologyeu\/\" \/>\n<meta property=\"article:modified_time\" content=\"2025-06-25T13:14:46+00:00\" \/>\n<meta property=\"og:image\" content=\"https:\/\/www.seatechnology.eu\/wp-content\/uploads\/2025\/06\/SEAFLOOR-1201E-10-03-2022-_DSC0015.jpg\" \/>\n\t<meta property=\"og:image:width\" content=\"1600\" \/>\n\t<meta property=\"og:image:height\" content=\"1600\" \/>\n\t<meta property=\"og:image:type\" content=\"image\/jpeg\" \/>\n<meta name=\"twitter:card\" content=\"summary_large_image\" \/>\n<meta name=\"twitter:site\" content=\"@SeaTechnology_\" \/>\n<meta name=\"twitter:label1\" content=\"Tempo di lettura stimato\" \/>\n\t<meta name=\"twitter:data1\" content=\"2 minuti\" \/>\n<script type=\"application\/ld+json\" class=\"yoast-schema-graph\">{\"@context\":\"https:\/\/schema.org\",\"@graph\":[{\"@type\":\"WebPage\",\"@id\":\"https:\/\/www.seatechnology.eu\/it\/mototagliatrici-e-tagliasuolo\/seafloor-1201-e\/\",\"url\":\"https:\/\/www.seatechnology.eu\/it\/mototagliatrici-e-tagliasuolo\/seafloor-1201-e\/\",\"name\":\"Seafloor 1201 E - Sea Technology\",\"isPartOf\":{\"@id\":\"https:\/\/www.seatechnology.eu\/it\/#website\"},\"primaryImageOfPage\":{\"@id\":\"https:\/\/www.seatechnology.eu\/it\/mototagliatrici-e-tagliasuolo\/seafloor-1201-e\/#primaryimage\"},\"image\":{\"@id\":\"https:\/\/www.seatechnology.eu\/it\/mototagliatrici-e-tagliasuolo\/seafloor-1201-e\/#primaryimage\"},\"thumbnailUrl\":\"https:\/\/www.seatechnology.eu\/wp-content\/uploads\/2025\/06\/SEAFLOOR-1201E-10-03-2022-_DSC0015.jpg\",\"datePublished\":\"2025-06-25T13:14:19+00:00\",\"dateModified\":\"2025-06-25T13:14:46+00:00\",\"description\":\"SEAFLOOR 1001 E\/ES tagliasuolo per taglio ampie superfici motore elettrico da 15kw o 17kw e disco da 1000mm per tagli profondi fino a 420mm\",\"breadcrumb\":{\"@id\":\"https:\/\/www.seatechnology.eu\/it\/mototagliatrici-e-tagliasuolo\/seafloor-1201-e\/#breadcrumb\"},\"inLanguage\":\"it-IT\",\"potentialAction\":[{\"@type\":\"ReadAction\",\"target\":[\"https:\/\/www.seatechnology.eu\/it\/mototagliatrici-e-tagliasuolo\/seafloor-1201-e\/\"]}]},{\"@type\":\"ImageObject\",\"inLanguage\":\"it-IT\",\"@id\":\"https:\/\/www.seatechnology.eu\/it\/mototagliatrici-e-tagliasuolo\/seafloor-1201-e\/#primaryimage\",\"url\":\"https:\/\/www.seatechnology.eu\/wp-content\/uploads\/2025\/06\/SEAFLOOR-1201E-10-03-2022-_DSC0015.jpg\",\"contentUrl\":\"https:\/\/www.seatechnology.eu\/wp-content\/uploads\/2025\/06\/SEAFLOOR-1201E-10-03-2022-_DSC0015.jpg\",\"width\":1600,\"height\":1600},{\"@type\":\"BreadcrumbList\",\"@id\":\"https:\/\/www.seatechnology.eu\/it\/mototagliatrici-e-tagliasuolo\/seafloor-1201-e\/#breadcrumb\",\"itemListElement\":[{\"@type\":\"ListItem\",\"position\":1,\"name\":\"Home\",\"item\":\"https:\/\/www.seatechnology.eu\/it\/\"},{\"@type\":\"ListItem\",\"position\":2,\"name\":\"Mototagliatrici e Tagliasuolo\",\"item\":\"https:\/\/www.seatechnology.eu\/it\/mototagliatrici-e-tagliasuolo\/\"},{\"@type\":\"ListItem\",\"position\":3,\"name\":\"Seafloor 1201 E\"}]},{\"@type\":\"WebSite\",\"@id\":\"https:\/\/www.seatechnology.eu\/it\/#website\",\"url\":\"https:\/\/www.seatechnology.eu\/it\/\",\"name\":\"Sea Technology\",\"description\":\"Experts in diamond tools, Since 1973\",\"publisher\":{\"@id\":\"https:\/\/www.seatechnology.eu\/it\/#organization\"},\"potentialAction\":[{\"@type\":\"SearchAction\",\"target\":{\"@type\":\"EntryPoint\",\"urlTemplate\":\"https:\/\/www.seatechnology.eu\/it\/?s={search_term_string}\"},\"query-input\":{\"@type\":\"PropertyValueSpecification\",\"valueRequired\":true,\"valueName\":\"search_term_string\"}}],\"inLanguage\":\"it-IT\"},{\"@type\":\"Organization\",\"@id\":\"https:\/\/www.seatechnology.eu\/it\/#organization\",\"name\":\"Sea Technology Srl\",\"url\":\"https:\/\/www.seatechnology.eu\/it\/\",\"logo\":{\"@type\":\"ImageObject\",\"inLanguage\":\"it-IT\",\"@id\":\"https:\/\/www.seatechnology.eu\/it\/#\/schema\/logo\/image\/\",\"url\":\"https:\/\/www.seatechnology.eu\/wp-content\/uploads\/2019\/09\/SeaTechnology-vertical-300px.png\",\"contentUrl\":\"https:\/\/www.seatechnology.eu\/wp-content\/uploads\/2019\/09\/SeaTechnology-vertical-300px.png\",\"width\":244,\"height\":266,\"caption\":\"Sea Technology Srl\"},\"image\":{\"@id\":\"https:\/\/www.seatechnology.eu\/it\/#\/schema\/logo\/image\/\"},\"sameAs\":[\"https:\/\/www.facebook.com\/seatechnologyeu\/\",\"https:\/\/x.com\/SeaTechnology_\",\"https:\/\/www.linkedin.com\/company\/sea-technology-srl\",\"https:\/\/www.youtube.com\/@seatechnology5754\"]}]}<\/script>\n<!-- \/ Yoast SEO plugin. -->","yoast_head_json":{"title":"Seafloor 1201 E - Sea Technology","description":"SEAFLOOR 1001 E\/ES tagliasuolo per taglio ampie superfici motore elettrico da 15kw o 17kw e disco da 1000mm per tagli profondi fino a 420mm","robots":{"index":"index","follow":"follow","max-snippet":"max-snippet:-1","max-image-preview":"max-image-preview:large","max-video-preview":"max-video-preview:-1"},"canonical":"https:\/\/www.seatechnology.eu\/it\/mototagliatrici-e-tagliasuolo\/seafloor-1201-e\/","og_locale":"it_IT","og_type":"article","og_title":"Seafloor 1201 E - Sea Technology","og_description":"SEAFLOOR 1001 E\/ES tagliasuolo per taglio ampie superfici motore elettrico da 15kw o 17kw e disco da 1000mm per tagli profondi fino a 420mm","og_url":"https:\/\/www.seatechnology.eu\/it\/mototagliatrici-e-tagliasuolo\/seafloor-1201-e\/","og_site_name":"Sea Technology","article_publisher":"https:\/\/www.facebook.com\/seatechnologyeu\/","article_modified_time":"2025-06-25T13:14:46+00:00","og_image":[{"width":1600,"height":1600,"url":"https:\/\/www.seatechnology.eu\/wp-content\/uploads\/2025\/06\/SEAFLOOR-1201E-10-03-2022-_DSC0015.jpg","type":"image\/jpeg"}],"twitter_card":"summary_large_image","twitter_site":"@SeaTechnology_","twitter_misc":{"Tempo di lettura stimato":"2 minuti"},"schema":{"@context":"https:\/\/schema.org","@graph":[{"@type":"WebPage","@id":"https:\/\/www.seatechnology.eu\/it\/mototagliatrici-e-tagliasuolo\/seafloor-1201-e\/","url":"https:\/\/www.seatechnology.eu\/it\/mototagliatrici-e-tagliasuolo\/seafloor-1201-e\/","name":"Seafloor 1201 E - Sea Technology","isPartOf":{"@id":"https:\/\/www.seatechnology.eu\/it\/#website"},"primaryImageOfPage":{"@id":"https:\/\/www.seatechnology.eu\/it\/mototagliatrici-e-tagliasuolo\/seafloor-1201-e\/#primaryimage"},"image":{"@id":"https:\/\/www.seatechnology.eu\/it\/mototagliatrici-e-tagliasuolo\/seafloor-1201-e\/#primaryimage"},"thumbnailUrl":"https:\/\/www.seatechnology.eu\/wp-content\/uploads\/2025\/06\/SEAFLOOR-1201E-10-03-2022-_DSC0015.jpg","datePublished":"2025-06-25T13:14:19+00:00","dateModified":"2025-06-25T13:14:46+00:00","description":"SEAFLOOR 1001 E\/ES tagliasuolo per taglio ampie superfici motore elettrico da 15kw o 17kw e disco da 1000mm per tagli profondi fino a 420mm","breadcrumb":{"@id":"https:\/\/www.seatechnology.eu\/it\/mototagliatrici-e-tagliasuolo\/seafloor-1201-e\/#breadcrumb"},"inLanguage":"it-IT","potentialAction":[{"@type":"ReadAction","target":["https:\/\/www.seatechnology.eu\/it\/mototagliatrici-e-tagliasuolo\/seafloor-1201-e\/"]}]},{"@type":"ImageObject","inLanguage":"it-IT","@id":"https:\/\/www.seatechnology.eu\/it\/mototagliatrici-e-tagliasuolo\/seafloor-1201-e\/#primaryimage","url":"https:\/\/www.seatechnology.eu\/wp-content\/uploads\/2025\/06\/SEAFLOOR-1201E-10-03-2022-_DSC0015.jpg","contentUrl":"https:\/\/www.seatechnology.eu\/wp-content\/uploads\/2025\/06\/SEAFLOOR-1201E-10-03-2022-_DSC0015.jpg","width":1600,"height":1600},{"@type":"BreadcrumbList","@id":"https:\/\/www.seatechnology.eu\/it\/mototagliatrici-e-tagliasuolo\/seafloor-1201-e\/#breadcrumb","itemListElement":[{"@type":"ListItem","position":1,"name":"Home","item":"https:\/\/www.seatechnology.eu\/it\/"},{"@type":"ListItem","position":2,"name":"Mototagliatrici e Tagliasuolo","item":"https:\/\/www.seatechnology.eu\/it\/mototagliatrici-e-tagliasuolo\/"},{"@type":"ListItem","position":3,"name":"Seafloor 1201 E"}]},{"@type":"WebSite","@id":"https:\/\/www.seatechnology.eu\/it\/#website","url":"https:\/\/www.seatechnology.eu\/it\/","name":"Sea Technology","description":"Experts in diamond tools, Since 1973","publisher":{"@id":"https:\/\/www.seatechnology.eu\/it\/#organization"},"potentialAction":[{"@type":"SearchAction","target":{"@type":"EntryPoint","urlTemplate":"https:\/\/www.seatechnology.eu\/it\/?s={search_term_string}"},"query-input":{"@type":"PropertyValueSpecification","valueRequired":true,"valueName":"search_term_string"}}],"inLanguage":"it-IT"},{"@type":"Organization","@id":"https:\/\/www.seatechnology.eu\/it\/#organization","name":"Sea Technology Srl","url":"https:\/\/www.seatechnology.eu\/it\/","logo":{"@type":"ImageObject","inLanguage":"it-IT","@id":"https:\/\/www.seatechnology.eu\/it\/#\/schema\/logo\/image\/","url":"https:\/\/www.seatechnology.eu\/wp-content\/uploads\/2019\/09\/SeaTechnology-vertical-300px.png","contentUrl":"https:\/\/www.seatechnology.eu\/wp-content\/uploads\/2019\/09\/SeaTechnology-vertical-300px.png","width":244,"height":266,"caption":"Sea Technology Srl"},"image":{"@id":"https:\/\/www.seatechnology.eu\/it\/#\/schema\/logo\/image\/"},"sameAs":["https:\/\/www.facebook.com\/seatechnologyeu\/","https:\/\/x.com\/SeaTechnology_","https:\/\/www.linkedin.com\/company\/sea-technology-srl","https:\/\/www.youtube.com\/@seatechnology5754"]}]}},"_links":{"self":[{"href":"https:\/\/www.seatechnology.eu\/it\/wp-json\/wp\/v2\/pages\/11371","targetHints":{"allow":["GET"]}}],"collection":[{"href":"https:\/\/www.seatechnology.eu\/it\/wp-json\/wp\/v2\/pages"}],"about":[{"href":"https:\/\/www.seatechnology.eu\/it\/wp-json\/wp\/v2\/types\/page"}],"author":[{"embeddable":true,"href":"https:\/\/www.seatechnology.eu\/it\/wp-json\/wp\/v2\/users\/3"}],"replies":[{"embeddable":true,"href":"https:\/\/www.seatechnology.eu\/it\/wp-json\/wp\/v2\/comments?post=11371"}],"version-history":[{"count":2,"href":"https:\/\/www.seatechnology.eu\/it\/wp-json\/wp\/v2\/pages\/11371\/revisions"}],"predecessor-version":[{"id":11375,"href":"https:\/\/www.seatechnology.eu\/it\/wp-json\/wp\/v2\/pages\/11371\/revisions\/11375"}],"up":[{"embeddable":true,"href":"https:\/\/www.seatechnology.eu\/it\/wp-json\/wp\/v2\/pages\/4644"}],"wp:featuredmedia":[{"embeddable":true,"href":"https:\/\/www.seatechnology.eu\/it\/wp-json\/wp\/v2\/media\/11367"}],"wp:attachment":[{"href":"https:\/\/www.seatechnology.eu\/it\/wp-json\/wp\/v2\/media?parent=11371"}],"curies":[{"name":"wp","href":"https:\/\/api.w.org\/{rel}","templated":true}]}}