{"id":11642,"date":"2026-01-08T09:01:24","date_gmt":"2026-01-08T08:01:24","guid":{"rendered":"https:\/\/www.seatechnology.eu\/?page_id=11642"},"modified":"2026-01-08T09:01:24","modified_gmt":"2026-01-08T08:01:24","slug":"seacopter-120","status":"publish","type":"page","link":"https:\/\/www.seatechnology.eu\/it\/macchine-per-la-preparazione-delle-superfici\/seacopter-120\/","title":{"rendered":"Seacopter 120"},"content":{"rendered":"<div class=\"wpb-content-wrapper\"><p>[vc_row text_align=&#8221;center&#8221; bottom_padding=&#8221;50&#8243;][vc_column width=&#8221;1\/1&#8243;][vc_column_text]<\/p>\n<h1><span style=\"color: #009cde;\">SEACOPTER 120<\/span><\/h1>\n<p>[\/vc_column_text][\/vc_column][\/vc_row][vc_row top_padding=&#8221;10&#8243; bottom_padding=&#8221;10&#8243;][vc_column width=&#8221;1\/3&#8243;]<div class=\"single_image wpb_content_element align-left  animate image_box_shadow image_opacity \" data-animation=\"fade-in-from-top\" data-delay=\"300\"><a href=\"https:\/\/www.seatechnology.eu\/wp-content\/uploads\/2026\/01\/SEACOPTER-120_1200X1200.jpg\" class=\"prettyPhoto\" rel=\"prettyPhoto[image]\"><img loading=\"lazy\" decoding=\"async\" width=\"1200\" height=\"1200\" src=\"https:\/\/www.seatechnology.eu\/wp-content\/uploads\/2026\/01\/SEACOPTER-120_1200X1200.jpg\" class=\"attachment-full\" alt=\"\" title=\"SEACOPTER-120_1200X1200\" srcset=\"https:\/\/www.seatechnology.eu\/wp-content\/uploads\/2026\/01\/SEACOPTER-120_1200X1200.jpg 1200w, https:\/\/www.seatechnology.eu\/wp-content\/uploads\/2026\/01\/SEACOPTER-120_1200X1200-600x600.jpg 600w, https:\/\/www.seatechnology.eu\/wp-content\/uploads\/2026\/01\/SEACOPTER-120_1200X1200-150x150.jpg 150w, https:\/\/www.seatechnology.eu\/wp-content\/uploads\/2026\/01\/SEACOPTER-120_1200X1200-768x768.jpg 768w, https:\/\/www.seatechnology.eu\/wp-content\/uploads\/2026\/01\/SEACOPTER-120_1200X1200-80x80.jpg 80w, https:\/\/www.seatechnology.eu\/wp-content\/uploads\/2026\/01\/SEACOPTER-120_1200X1200-500x500.jpg 500w, https:\/\/www.seatechnology.eu\/wp-content\/uploads\/2026\/01\/SEACOPTER-120_1200X1200-1000x1000.jpg 1000w\" sizes=\"auto, (max-width: 1200px) 100vw, 1200px\" \/><\/a><\/div>[vc_row_inner][vc_column_inner][vc_column_text]<\/p>\n<p style=\"text-align: center;\"><strong>Accedi alla scheda tecnica<\/strong><\/p>\n<p>[\/vc_column_text][vc_btn title=&#8221;Seacopter 120&#8243; style=&#8221;3d&#8221; color=&#8221;primary&#8221; align=&#8221;center&#8221; i_icon_fontawesome=&#8221;far fa-file-pdf&#8221; css=&#8221;.vc_custom_1767858585499{margin-top: 0px !important;margin-right: 0px !important;margin-bottom: 0px !important;margin-left: 0px !important;padding-top: 0px !important;padding-right: 0px !important;padding-bottom: 0px !important;padding-left: 0px !important;}&#8221; add_icon=&#8221;true&#8221; link=&#8221;url:%2Fdl.php%3Ffile_url%3Dhttps%3A%2F%2Fwww.seatechnology.eu%2Fwp-content%2Fuploads%2F2026%2F01%2FSEACOPTER-120.pdf&#8221;][\/vc_column_inner][\/vc_row_inner][\/vc_column][vc_column width=&#8221;2\/3&#8243;]<div class=\"headline font-inherit fontsize-inherit fontweight-700 lh-inherit align-center transform-uppercase head-descrizione\" style=\"\">DESCRIZIONE<\/div>[vc_column_text]SEACOPTER 120 \u00e8 la frattazzatrice dotata di motore HONDA<br \/>\nGX270, una potenza di 6,3 kW e una superficie utile di lavoro<br \/>\ndi 1170 mm.<\/p>\n<p>Viene fornita dotata di pale per finitura e risulta facilmente<br \/>\nmanovrabile verso la direzione voluta, premendo o sollevando<br \/>\nl\u2019impugnatura.<\/p>\n<p>Questa frattazzatrice \u00e8 perfetta per la rapida livellatura di sottofondi<br \/>\nin calcestruzzo, prevalentemente in cantieri dove vi \u00e8<br \/>\nla necessit\u00e0 di coprire importanti superfici.[\/vc_column_text]<div class=\"headline font-inherit fontsize-inherit fontweight-700 lh-inherit align-center transform-uppercase head-descrizione\" style=\"\">SCHEDA TECNICA<\/div>[vc_column_text]<\/p>\n<table class=\"table-seatechnology-bis\">\n<tbody>\n<tr>\n<td colspan=\"2\">DESCRIZIONE<\/td>\n<\/tr>\n<tr>\n<td>Motore Honda GX270 \u2013 6,3 Kw(8,6Hp)<\/td>\n<td>Diametro rotazione delle pale: \u00d8 1170 mm<\/td>\n<\/tr>\n<tr>\n<td>Impugnatura regolabile<\/td>\n<td>Velocit\u00e0 rotazione pale: 117-167 rpm<\/td>\n<\/tr>\n<tr>\n<td>Leva di sicurezza marcia<\/td>\n<td>Livello di emissione sonora: 95 Db<\/td>\n<\/tr>\n<tr>\n<td>Timone pieghevole e regolabile<\/td>\n<td>Gancio di sollevamento<\/td>\n<\/tr>\n<tr>\n<td>Regolazione inclinazione pale con volantino<\/td>\n<td>Dimensioni 2060x1220x1000 mm \u2013 Peso 107 kg<\/td>\n<\/tr>\n<\/tbody>\n<\/table>\n<p>[\/vc_column_text][vc_column_text]<\/p>\n<table class=\"table-seatechnology-bis\">\n<tbody>\n<tr>\n<td>COD.<\/td>\n<td>DESCRIZIONE<\/td>\n<\/tr>\n<tr>\n<td>SEACOPTER120<\/td>\n<td>\n<p class=\"p1\">FRATTAZZATRICE SEACOPTER 120 CON MOTORE HONDA GX270, COMPLETA DI 1 SET DI PALE PER FINITURA<\/p>\n<\/td>\n<\/tr>\n<\/tbody>\n<\/table>\n<p>[\/vc_column_text][\/vc_column][\/vc_row]<\/p>\n<\/div>","protected":false},"excerpt":{"rendered":"<p>[vc_row text_align=&#8221;center&#8221; bottom_padding=&#8221;50&#8243;][vc_column width=&#8221;1\/1&#8243;][vc_column_text] SEACOPTER 120 [\/vc_column_text][\/vc_column][\/vc_row][vc_row top_padding=&#8221;10&#8243; bottom_padding=&#8221;10&#8243;][vc_column width=&#8221;1\/3&#8243;][vc_row_inner][vc_column_inner][vc_column_text] Accedi alla scheda tecnica [\/vc_column_text][vc_btn title=&#8221;Seacopter 120&#8243; style=&#8221;3d&#8221; color=&#8221;primary&#8221; align=&#8221;center&#8221; i_icon_fontawesome=&#8221;far fa-file-pdf&#8221; css=&#8221;.vc_custom_1767858585499{margin-top: 0px !important;margin-right: 0px !important;margin-bottom: 0px !important;margin-left: 0px !important;padding-top: 0px !important;padding-right: 0px !important;padding-bottom: 0px !important;padding-left: 0px !important;}&#8221; add_icon=&#8221;true&#8221; link=&#8221;url:%2Fdl.php%3Ffile_url%3Dhttps%3A%2F%2Fwww.seatechnology.eu%2Fwp-content%2Fuploads%2F2026%2F01%2FSEACOPTER-120.pdf&#8221;][\/vc_column_inner][\/vc_row_inner][\/vc_column][vc_column width=&#8221;2\/3&#8243;][vc_column_text]SEACOPTER 120 \u00e8 la frattazzatrice dotata di motore HONDA GX270, una potenza di 6,3 kW e una superficie utile di lavoro di 1170 mm. Viene fornita dotata di pale per finitura e risulta facilmente manovrabile verso la direzione voluta, premendo o sollevando l\u2019impugnatura. Questa frattazzatrice \u00e8 perfetta per la rapida livellatura di sottofondi in calcestruzzo, prevalentemente in cantieri dove vi \u00e8 la necessit\u00e0 di coprire importanti superfici.[\/vc_column_text][vc_column_text] DESCRIZIONE Motore Honda GX270 \u2013 6,3 Kw(8,6Hp) Diametro rotazione delle pale: \u00d8 1170 mm Impugnatura regolabile Velocit\u00e0 rotazione pale: 117-167 rpm Leva di sicurezza marcia Livello di emissione sonora: 95 Db Timone pieghevole e regolabile Gancio di sollevamento Regolazione inclinazione pale con volantino Dimensioni 2060x1220x1000 mm \u2013 Peso 107 kg [\/vc_column_text][vc_column_text] COD. DESCRIZIONE SEACOPTER120 FRATTAZZATRICE SEACOPTER 120 CON MOTORE HONDA GX270, COMPLETA DI 1 SET DI PALE PER FINITURA [\/vc_column_text][\/vc_column][\/vc_row]<\/p>\n","protected":false},"author":6,"featured_media":11648,"parent":5342,"menu_order":10,"comment_status":"closed","ping_status":"closed","template":"","meta":{"inline_featured_image":false,"footnotes":""},"class_list":["post-11642","page","type-page","status-publish","has-post-thumbnail","hentry"],"yoast_head":"<!-- This site is optimized with the Yoast SEO plugin v26.8 - https:\/\/yoast.com\/product\/yoast-seo-wordpress\/ -->\n<title>Seacopter 120 - Sea Technology<\/title>\n<meta name=\"description\" content=\"Nuova frattazzatrice con superficie utile di lavoro da 1170 mm, per la rapida livellatura di sottofondiin calcestruzzo, prevalentemente in cantieri dove vi \u00e8la necessit\u00e0 di coprire importanti superfici.\" \/>\n<meta name=\"robots\" content=\"index, follow, max-snippet:-1, max-image-preview:large, max-video-preview:-1\" \/>\n<link rel=\"canonical\" href=\"https:\/\/www.seatechnology.eu\/it\/macchine-per-la-preparazione-delle-superfici\/seacopter-120\/\" \/>\n<meta property=\"og:locale\" content=\"it_IT\" \/>\n<meta property=\"og:type\" content=\"article\" \/>\n<meta property=\"og:title\" content=\"Seacopter 120 - Sea Technology\" \/>\n<meta property=\"og:description\" content=\"Nuova frattazzatrice con superficie utile di lavoro da 1170 mm, per la rapida livellatura di sottofondiin calcestruzzo, prevalentemente in cantieri dove vi \u00e8la necessit\u00e0 di coprire importanti superfici.\" \/>\n<meta property=\"og:url\" content=\"https:\/\/www.seatechnology.eu\/it\/macchine-per-la-preparazione-delle-superfici\/seacopter-120\/\" \/>\n<meta property=\"og:site_name\" content=\"Sea Technology\" \/>\n<meta property=\"article:publisher\" content=\"https:\/\/www.facebook.com\/seatechnologyeu\/\" \/>\n<meta property=\"og:image\" content=\"https:\/\/www.seatechnology.eu\/wp-content\/uploads\/2026\/01\/SEACOPTER-120_1200X1200.jpg\" \/>\n\t<meta property=\"og:image:width\" content=\"1200\" \/>\n\t<meta property=\"og:image:height\" content=\"1200\" \/>\n\t<meta property=\"og:image:type\" content=\"image\/jpeg\" \/>\n<meta name=\"twitter:card\" content=\"summary_large_image\" \/>\n<meta name=\"twitter:site\" content=\"@SeaTechnology_\" \/>\n<meta name=\"twitter:label1\" content=\"Tempo di lettura stimato\" \/>\n\t<meta name=\"twitter:data1\" content=\"1 minuto\" \/>\n<script type=\"application\/ld+json\" class=\"yoast-schema-graph\">{\"@context\":\"https:\/\/schema.org\",\"@graph\":[{\"@type\":\"WebPage\",\"@id\":\"https:\/\/www.seatechnology.eu\/it\/macchine-per-la-preparazione-delle-superfici\/seacopter-120\/\",\"url\":\"https:\/\/www.seatechnology.eu\/it\/macchine-per-la-preparazione-delle-superfici\/seacopter-120\/\",\"name\":\"Seacopter 120 - Sea Technology\",\"isPartOf\":{\"@id\":\"https:\/\/www.seatechnology.eu\/it\/#website\"},\"primaryImageOfPage\":{\"@id\":\"https:\/\/www.seatechnology.eu\/it\/macchine-per-la-preparazione-delle-superfici\/seacopter-120\/#primaryimage\"},\"image\":{\"@id\":\"https:\/\/www.seatechnology.eu\/it\/macchine-per-la-preparazione-delle-superfici\/seacopter-120\/#primaryimage\"},\"thumbnailUrl\":\"https:\/\/www.seatechnology.eu\/wp-content\/uploads\/2026\/01\/SEACOPTER-120_1200X1200.jpg\",\"datePublished\":\"2026-01-08T08:01:24+00:00\",\"description\":\"Nuova frattazzatrice con superficie utile di lavoro da 1170 mm, per la rapida livellatura di sottofondiin calcestruzzo, prevalentemente in cantieri dove vi \u00e8la necessit\u00e0 di coprire importanti superfici.\",\"breadcrumb\":{\"@id\":\"https:\/\/www.seatechnology.eu\/it\/macchine-per-la-preparazione-delle-superfici\/seacopter-120\/#breadcrumb\"},\"inLanguage\":\"it-IT\",\"potentialAction\":[{\"@type\":\"ReadAction\",\"target\":[\"https:\/\/www.seatechnology.eu\/it\/macchine-per-la-preparazione-delle-superfici\/seacopter-120\/\"]}]},{\"@type\":\"ImageObject\",\"inLanguage\":\"it-IT\",\"@id\":\"https:\/\/www.seatechnology.eu\/it\/macchine-per-la-preparazione-delle-superfici\/seacopter-120\/#primaryimage\",\"url\":\"https:\/\/www.seatechnology.eu\/wp-content\/uploads\/2026\/01\/SEACOPTER-120_1200X1200.jpg\",\"contentUrl\":\"https:\/\/www.seatechnology.eu\/wp-content\/uploads\/2026\/01\/SEACOPTER-120_1200X1200.jpg\",\"width\":1200,\"height\":1200},{\"@type\":\"BreadcrumbList\",\"@id\":\"https:\/\/www.seatechnology.eu\/it\/macchine-per-la-preparazione-delle-superfici\/seacopter-120\/#breadcrumb\",\"itemListElement\":[{\"@type\":\"ListItem\",\"position\":1,\"name\":\"Home\",\"item\":\"https:\/\/www.seatechnology.eu\/it\/\"},{\"@type\":\"ListItem\",\"position\":2,\"name\":\"Macchine per la preparazione delle superfici\",\"item\":\"https:\/\/www.seatechnology.eu\/it\/macchine-per-la-preparazione-delle-superfici\/\"},{\"@type\":\"ListItem\",\"position\":3,\"name\":\"Seacopter 120\"}]},{\"@type\":\"WebSite\",\"@id\":\"https:\/\/www.seatechnology.eu\/it\/#website\",\"url\":\"https:\/\/www.seatechnology.eu\/it\/\",\"name\":\"Sea Technology\",\"description\":\"Experts in diamond tools, Since 1973\",\"publisher\":{\"@id\":\"https:\/\/www.seatechnology.eu\/it\/#organization\"},\"potentialAction\":[{\"@type\":\"SearchAction\",\"target\":{\"@type\":\"EntryPoint\",\"urlTemplate\":\"https:\/\/www.seatechnology.eu\/it\/?s={search_term_string}\"},\"query-input\":{\"@type\":\"PropertyValueSpecification\",\"valueRequired\":true,\"valueName\":\"search_term_string\"}}],\"inLanguage\":\"it-IT\"},{\"@type\":\"Organization\",\"@id\":\"https:\/\/www.seatechnology.eu\/it\/#organization\",\"name\":\"Sea Technology Srl\",\"url\":\"https:\/\/www.seatechnology.eu\/it\/\",\"logo\":{\"@type\":\"ImageObject\",\"inLanguage\":\"it-IT\",\"@id\":\"https:\/\/www.seatechnology.eu\/it\/#\/schema\/logo\/image\/\",\"url\":\"https:\/\/www.seatechnology.eu\/wp-content\/uploads\/2019\/09\/SeaTechnology-vertical-300px.png\",\"contentUrl\":\"https:\/\/www.seatechnology.eu\/wp-content\/uploads\/2019\/09\/SeaTechnology-vertical-300px.png\",\"width\":244,\"height\":266,\"caption\":\"Sea Technology Srl\"},\"image\":{\"@id\":\"https:\/\/www.seatechnology.eu\/it\/#\/schema\/logo\/image\/\"},\"sameAs\":[\"https:\/\/www.facebook.com\/seatechnologyeu\/\",\"https:\/\/x.com\/SeaTechnology_\",\"https:\/\/www.linkedin.com\/company\/sea-technology-srl\",\"https:\/\/www.youtube.com\/@seatechnology5754\"]}]}<\/script>\n<!-- \/ Yoast SEO plugin. -->","yoast_head_json":{"title":"Seacopter 120 - Sea Technology","description":"Nuova frattazzatrice con superficie utile di lavoro da 1170 mm, per la rapida livellatura di sottofondiin calcestruzzo, prevalentemente in cantieri dove vi \u00e8la necessit\u00e0 di coprire importanti superfici.","robots":{"index":"index","follow":"follow","max-snippet":"max-snippet:-1","max-image-preview":"max-image-preview:large","max-video-preview":"max-video-preview:-1"},"canonical":"https:\/\/www.seatechnology.eu\/it\/macchine-per-la-preparazione-delle-superfici\/seacopter-120\/","og_locale":"it_IT","og_type":"article","og_title":"Seacopter 120 - Sea Technology","og_description":"Nuova frattazzatrice con superficie utile di lavoro da 1170 mm, per la rapida livellatura di sottofondiin calcestruzzo, prevalentemente in cantieri dove vi \u00e8la necessit\u00e0 di coprire importanti superfici.","og_url":"https:\/\/www.seatechnology.eu\/it\/macchine-per-la-preparazione-delle-superfici\/seacopter-120\/","og_site_name":"Sea Technology","article_publisher":"https:\/\/www.facebook.com\/seatechnologyeu\/","og_image":[{"width":1200,"height":1200,"url":"https:\/\/www.seatechnology.eu\/wp-content\/uploads\/2026\/01\/SEACOPTER-120_1200X1200.jpg","type":"image\/jpeg"}],"twitter_card":"summary_large_image","twitter_site":"@SeaTechnology_","twitter_misc":{"Tempo di lettura stimato":"1 minuto"},"schema":{"@context":"https:\/\/schema.org","@graph":[{"@type":"WebPage","@id":"https:\/\/www.seatechnology.eu\/it\/macchine-per-la-preparazione-delle-superfici\/seacopter-120\/","url":"https:\/\/www.seatechnology.eu\/it\/macchine-per-la-preparazione-delle-superfici\/seacopter-120\/","name":"Seacopter 120 - Sea Technology","isPartOf":{"@id":"https:\/\/www.seatechnology.eu\/it\/#website"},"primaryImageOfPage":{"@id":"https:\/\/www.seatechnology.eu\/it\/macchine-per-la-preparazione-delle-superfici\/seacopter-120\/#primaryimage"},"image":{"@id":"https:\/\/www.seatechnology.eu\/it\/macchine-per-la-preparazione-delle-superfici\/seacopter-120\/#primaryimage"},"thumbnailUrl":"https:\/\/www.seatechnology.eu\/wp-content\/uploads\/2026\/01\/SEACOPTER-120_1200X1200.jpg","datePublished":"2026-01-08T08:01:24+00:00","description":"Nuova frattazzatrice con superficie utile di lavoro da 1170 mm, per la rapida livellatura di sottofondiin calcestruzzo, prevalentemente in cantieri dove vi \u00e8la necessit\u00e0 di coprire importanti superfici.","breadcrumb":{"@id":"https:\/\/www.seatechnology.eu\/it\/macchine-per-la-preparazione-delle-superfici\/seacopter-120\/#breadcrumb"},"inLanguage":"it-IT","potentialAction":[{"@type":"ReadAction","target":["https:\/\/www.seatechnology.eu\/it\/macchine-per-la-preparazione-delle-superfici\/seacopter-120\/"]}]},{"@type":"ImageObject","inLanguage":"it-IT","@id":"https:\/\/www.seatechnology.eu\/it\/macchine-per-la-preparazione-delle-superfici\/seacopter-120\/#primaryimage","url":"https:\/\/www.seatechnology.eu\/wp-content\/uploads\/2026\/01\/SEACOPTER-120_1200X1200.jpg","contentUrl":"https:\/\/www.seatechnology.eu\/wp-content\/uploads\/2026\/01\/SEACOPTER-120_1200X1200.jpg","width":1200,"height":1200},{"@type":"BreadcrumbList","@id":"https:\/\/www.seatechnology.eu\/it\/macchine-per-la-preparazione-delle-superfici\/seacopter-120\/#breadcrumb","itemListElement":[{"@type":"ListItem","position":1,"name":"Home","item":"https:\/\/www.seatechnology.eu\/it\/"},{"@type":"ListItem","position":2,"name":"Macchine per la preparazione delle superfici","item":"https:\/\/www.seatechnology.eu\/it\/macchine-per-la-preparazione-delle-superfici\/"},{"@type":"ListItem","position":3,"name":"Seacopter 120"}]},{"@type":"WebSite","@id":"https:\/\/www.seatechnology.eu\/it\/#website","url":"https:\/\/www.seatechnology.eu\/it\/","name":"Sea Technology","description":"Experts in diamond tools, Since 1973","publisher":{"@id":"https:\/\/www.seatechnology.eu\/it\/#organization"},"potentialAction":[{"@type":"SearchAction","target":{"@type":"EntryPoint","urlTemplate":"https:\/\/www.seatechnology.eu\/it\/?s={search_term_string}"},"query-input":{"@type":"PropertyValueSpecification","valueRequired":true,"valueName":"search_term_string"}}],"inLanguage":"it-IT"},{"@type":"Organization","@id":"https:\/\/www.seatechnology.eu\/it\/#organization","name":"Sea Technology Srl","url":"https:\/\/www.seatechnology.eu\/it\/","logo":{"@type":"ImageObject","inLanguage":"it-IT","@id":"https:\/\/www.seatechnology.eu\/it\/#\/schema\/logo\/image\/","url":"https:\/\/www.seatechnology.eu\/wp-content\/uploads\/2019\/09\/SeaTechnology-vertical-300px.png","contentUrl":"https:\/\/www.seatechnology.eu\/wp-content\/uploads\/2019\/09\/SeaTechnology-vertical-300px.png","width":244,"height":266,"caption":"Sea Technology Srl"},"image":{"@id":"https:\/\/www.seatechnology.eu\/it\/#\/schema\/logo\/image\/"},"sameAs":["https:\/\/www.facebook.com\/seatechnologyeu\/","https:\/\/x.com\/SeaTechnology_","https:\/\/www.linkedin.com\/company\/sea-technology-srl","https:\/\/www.youtube.com\/@seatechnology5754"]}]}},"_links":{"self":[{"href":"https:\/\/www.seatechnology.eu\/it\/wp-json\/wp\/v2\/pages\/11642","targetHints":{"allow":["GET"]}}],"collection":[{"href":"https:\/\/www.seatechnology.eu\/it\/wp-json\/wp\/v2\/pages"}],"about":[{"href":"https:\/\/www.seatechnology.eu\/it\/wp-json\/wp\/v2\/types\/page"}],"author":[{"embeddable":true,"href":"https:\/\/www.seatechnology.eu\/it\/wp-json\/wp\/v2\/users\/6"}],"replies":[{"embeddable":true,"href":"https:\/\/www.seatechnology.eu\/it\/wp-json\/wp\/v2\/comments?post=11642"}],"version-history":[{"count":3,"href":"https:\/\/www.seatechnology.eu\/it\/wp-json\/wp\/v2\/pages\/11642\/revisions"}],"predecessor-version":[{"id":11650,"href":"https:\/\/www.seatechnology.eu\/it\/wp-json\/wp\/v2\/pages\/11642\/revisions\/11650"}],"up":[{"embeddable":true,"href":"https:\/\/www.seatechnology.eu\/it\/wp-json\/wp\/v2\/pages\/5342"}],"wp:featuredmedia":[{"embeddable":true,"href":"https:\/\/www.seatechnology.eu\/it\/wp-json\/wp\/v2\/media\/11648"}],"wp:attachment":[{"href":"https:\/\/www.seatechnology.eu\/it\/wp-json\/wp\/v2\/media?parent=11642"}],"curies":[{"name":"wp","href":"https:\/\/api.w.org\/{rel}","templated":true}]}}