{"id":197,"date":"2013-11-13T14:53:58","date_gmt":"2013-11-13T13:53:58","guid":{"rendered":"http:\/\/seatechnology.eu\/corona-due-150\/"},"modified":"2021-11-18T12:23:22","modified_gmt":"2021-11-18T11:23:22","slug":"corona-due-150","status":"publish","type":"page","link":"https:\/\/www.seatechnology.eu\/it\/corone-diamantate-per-carotaggio-a-secco\/corona-due-150\/","title":{"rendered":"Corona Due 150"},"content":{"rendered":"<div class=\"wpb-content-wrapper\"><p>[vc_row text_align=&#8221;center&#8221; bottom_padding=&#8221;50&#8243;][vc_column width=&#8221;1\/1&#8243;][vc_column_text]<\/p>\n<h1><span style=\"color: #009cde;\">CORONA DUE 150<\/span><\/h1>\n<p>[\/vc_column_text][\/vc_column][\/vc_row][vc_row top_padding=&#8221;10&#8243; bottom_padding=&#8221;10&#8243;][vc_column width=&#8221;1\/3&#8243;]<div class=\"single_image wpb_content_element align-left  animate image_box_shadow image_opacity \" data-animation=\"fade-in-from-top\" data-delay=\"300\"><a href=\"https:\/\/www.seatechnology.eu\/wp-content\/uploads\/2021\/09\/corona-due-150.jpg\" class=\"prettyPhoto\" rel=\"prettyPhoto[image]\"><img loading=\"lazy\" decoding=\"async\" width=\"1500\" height=\"1500\" src=\"https:\/\/www.seatechnology.eu\/wp-content\/uploads\/2021\/09\/corona-due-150.jpg\" class=\"attachment-full\" alt=\"\" title=\"corona due 150\" srcset=\"https:\/\/www.seatechnology.eu\/wp-content\/uploads\/2021\/09\/corona-due-150.jpg 1500w, https:\/\/www.seatechnology.eu\/wp-content\/uploads\/2021\/09\/corona-due-150-600x600.jpg 600w, https:\/\/www.seatechnology.eu\/wp-content\/uploads\/2021\/09\/corona-due-150-1200x1200.jpg 1200w, https:\/\/www.seatechnology.eu\/wp-content\/uploads\/2021\/09\/corona-due-150-300x300.jpg 300w, https:\/\/www.seatechnology.eu\/wp-content\/uploads\/2021\/09\/corona-due-150-768x768.jpg 768w, https:\/\/www.seatechnology.eu\/wp-content\/uploads\/2021\/09\/corona-due-150-80x80.jpg 80w, https:\/\/www.seatechnology.eu\/wp-content\/uploads\/2021\/09\/corona-due-150-500x500.jpg 500w, https:\/\/www.seatechnology.eu\/wp-content\/uploads\/2021\/09\/corona-due-150-1000x1000.jpg 1000w\" sizes=\"auto, (max-width: 1500px) 100vw, 1500px\" \/><\/a><\/div>[vc_row_inner][vc_column_inner][vc_column_text]<\/p>\n<p style=\"text-align: center;\"><strong>Accedi alla scheda tecnica<\/strong><\/p>\n<p>[\/vc_column_text][vc_btn title=&#8221;Corona Due 150&#8243; style=&#8221;3d&#8221; color=&#8221;primary&#8221; align=&#8221;center&#8221; i_icon_fontawesome=&#8221;far fa-file-pdf&#8221; add_icon=&#8221;true&#8221; link=&#8221;url:%2Fdl.php%3Ffile_url%3Dhttps%3A%2F%2Fwww.seatechnology.eu%2Fwp-content%2Fuploads%2F2021%2F11%2FCORONA-DUE-150-Sea-Technology.pdf&#8221; css=&#8221;.vc_custom_1637234599656{margin-top: 0px !important;margin-right: 0px !important;margin-bottom: 0px !important;margin-left: 0px !important;padding-top: 0px !important;padding-right: 0px !important;padding-bottom: 0px !important;padding-left: 0px !important;}&#8221;][\/vc_column_inner][\/vc_row_inner][\/vc_column][vc_column width=&#8221;2\/3&#8243;]<div class=\"headline font-inherit fontsize-inherit fontweight-700 lh-inherit align-center transform-uppercase head-descrizione\" style=\"\">DESCRIZIONE<\/div>[vc_column_text]Corona prodotta con standard tradizionali, <strong>anch\u2019essa per\u00f2 idonea al taglio del cemento armato a secco.<\/strong> Rispetto alla CORONA TRE 150 \u00e8 meno performante in termini di velocit\u00e0 di foratura, \u00e8 pi\u00f9 adatta ad un pubblico che non fa un uso intensivo della corona (ad esempio le imprese edili) che apprezzer\u00e0 al contrario l\u2019ottimo rapporto qualit\u00e0\/prezzo.[\/vc_column_text]<div class=\"headline font-inherit fontsize-inherit fontweight-700 lh-inherit align-center transform-uppercase head-descrizione\" style=\"\">SCHEDA TECNICA<\/div>[vc_column_text]<\/p>\n<table class=\"table-seatechnology\">\n<tbody>\n<tr style=\"height: 50px;\">\n<td>cemento stagionato, laterizi, tegole<\/td>\n<td style=\"width: 35%;\"><img loading=\"lazy\" decoding=\"async\" class=\" alignright size-full wp-image-40\" style=\"float: right;\" src=\"\/wp-content\/uploads\/2013\/11\/images_prodotti_squalo_sea.png\" alt=\"\" width=\"30\" height=\"32\" border=\"0\" \/><img loading=\"lazy\" decoding=\"async\" class=\" alignright size-full wp-image-40\" style=\"float: right;\" src=\"\/wp-content\/uploads\/2013\/11\/images_prodotti_squalo_sea.png\" alt=\"\" width=\"30\" height=\"32\" border=\"0\" \/><img loading=\"lazy\" decoding=\"async\" class=\" alignright size-full wp-image-40\" style=\"float: right;\" src=\"\/wp-content\/uploads\/2013\/11\/images_prodotti_squalo_sea.png\" alt=\"\" width=\"30\" height=\"32\" border=\"0\" \/><img loading=\"lazy\" decoding=\"async\" class=\" alignright size-full wp-image-40\" style=\"float: right;\" src=\"\/wp-content\/uploads\/2013\/11\/images_prodotti_squalo_sea.png\" alt=\"\" width=\"30\" height=\"32\" border=\"0\" \/><img loading=\"lazy\" decoding=\"async\" class=\" alignright size-full wp-image-40\" style=\"float: right;\" src=\"\/wp-content\/uploads\/2013\/11\/images_prodotti_squalo_sea.png\" alt=\"\" width=\"30\" height=\"32\" border=\"0\" \/><\/td>\n<td style=\"padding: 15px; width: 20%;\"><span style=\"font-size: medium;\">SUPER<\/span><\/td>\n<\/tr>\n<tr style=\"height: 50px;\">\n<td><\/td>\n<td style=\"width: 35%;\"><img loading=\"lazy\" decoding=\"async\" class=\" alignright size-full wp-image-40\" style=\"float: right;\" src=\"\/wp-content\/uploads\/2013\/11\/images_prodotti_squalo_sea.png\" alt=\"\" width=\"30\" height=\"32\" border=\"0\" \/><img loading=\"lazy\" decoding=\"async\" class=\" alignright size-full wp-image-40\" style=\"float: right;\" src=\"\/wp-content\/uploads\/2013\/11\/images_prodotti_squalo_sea.png\" alt=\"\" width=\"30\" height=\"32\" border=\"0\" \/><img loading=\"lazy\" decoding=\"async\" class=\" alignright size-full wp-image-40\" style=\"float: right;\" src=\"\/wp-content\/uploads\/2013\/11\/images_prodotti_squalo_sea.png\" alt=\"\" width=\"30\" height=\"32\" border=\"0\" \/><img loading=\"lazy\" decoding=\"async\" class=\" alignright size-full wp-image-40\" style=\"float: right;\" src=\"\/wp-content\/uploads\/2013\/11\/images_prodotti_squalo_sea.png\" alt=\"\" width=\"30\" height=\"32\" border=\"0\" \/><\/td>\n<td style=\"padding: 15px; width: 20%;\"><span style=\"font-size: medium;\">OTTIMO\u00a0<\/span><\/td>\n<\/tr>\n<tr style=\"height: 50px;\">\n<td>calcestruzzo armato<\/td>\n<td style=\"width: 35%;\"><img loading=\"lazy\" decoding=\"async\" class=\" alignright size-full wp-image-40\" style=\"float: right;\" src=\"\/wp-content\/uploads\/2013\/11\/images_prodotti_squalo_sea.png\" alt=\"\" width=\"30\" height=\"32\" border=\"0\" \/><img loading=\"lazy\" decoding=\"async\" class=\" alignright size-full wp-image-40\" style=\"float: right;\" src=\"\/wp-content\/uploads\/2013\/11\/images_prodotti_squalo_sea.png\" alt=\"\" width=\"30\" height=\"32\" border=\"0\" \/><img loading=\"lazy\" decoding=\"async\" class=\" alignright size-full wp-image-40\" style=\"float: right;\" src=\"\/wp-content\/uploads\/2013\/11\/images_prodotti_squalo_sea.png\" alt=\"\" width=\"30\" height=\"32\" border=\"0\" \/><\/td>\n<td style=\"padding: 15px; width: 20%;\"><span style=\"font-size: medium;\">BUONO\u00a0<\/span><\/td>\n<\/tr>\n<tr style=\"height: 50px;\">\n<td>refrattari, graniti, pietre naturali, porfidi, arenaria, piastre ghiaino<\/td>\n<td style=\"width: 35%;\">\u00a0<img loading=\"lazy\" decoding=\"async\" class=\" alignright size-full wp-image-40\" style=\"float: right;\" src=\"\/wp-content\/uploads\/2013\/11\/images_prodotti_squalo_sea.png\" alt=\"\" width=\"30\" height=\"32\" border=\"0\" \/><img loading=\"lazy\" decoding=\"async\" class=\" alignright size-full wp-image-40\" style=\"float: right;\" src=\"\/wp-content\/uploads\/2013\/11\/images_prodotti_squalo_sea.png\" alt=\"\" width=\"30\" height=\"32\" border=\"0\" \/><\/td>\n<td style=\"padding: 15px; width: 20%;\"><span style=\"font-size: medium;\">MEDIO\u00a0<\/span><\/td>\n<\/tr>\n<tr style=\"height: 50px;\">\n<td>monocottura, bicottura,cemento fresco, asfalto<\/td>\n<td style=\"width: 35%;\">\u00a0<img loading=\"lazy\" decoding=\"async\" class=\" alignright size-full wp-image-40\" style=\"float: right;\" src=\"\/wp-content\/uploads\/2013\/11\/images_prodotti_squalo_sea.png\" alt=\"\" width=\"30\" height=\"32\" border=\"0\" \/><\/td>\n<td style=\"padding: 15px; width: 20%;\"><span style=\"font-size: medium;\">SUFFICIENTE\u00a0<\/span><\/td>\n<\/tr>\n<tr style=\"height: 50px;\">\n<td>marmi, gres porcellanato, klinker<\/td>\n<td style=\"width: 35%;\"><\/td>\n<td style=\"padding: 15px; width: 20%;\"><span style=\"font-size: medium;\">INADATTO\u00a0<\/span><\/td>\n<\/tr>\n<\/tbody>\n<\/table>\n<p>[\/vc_column_text][vc_column_text]<\/p>\n<table class=\"table-seatechnology-bis\">\n<tbody>\n<tr>\n<td>COD.<\/td>\n<td>\u00d8<\/td>\n<td>LUNGHEZZA<\/td>\n<td>ATTACCO<\/td>\n<td>Z<\/td>\n<td>USO<\/td>\n<\/tr>\n<tr>\n<td>CL15032M16<\/td>\n<td>32<\/td>\n<td>150<\/td>\n<td>M16<\/td>\n<td>3<\/td>\n<td>A SECCO<\/td>\n<\/tr>\n<tr>\n<td>CL15037M16<\/td>\n<td>37<\/td>\n<td>150<\/td>\n<td>M16<\/td>\n<td>3<\/td>\n<td>A SECCO<\/td>\n<\/tr>\n<tr>\n<td>CL15042M16<\/td>\n<td>42<\/td>\n<td>150<\/td>\n<td>M16<\/td>\n<td>4<\/td>\n<td>A SECCO<\/td>\n<\/tr>\n<tr>\n<td>CL15052M16<\/td>\n<td>52<\/td>\n<td>150<\/td>\n<td>M16<\/td>\n<td>4<\/td>\n<td>A SECCO<\/td>\n<\/tr>\n<tr>\n<td>CL15057M16<\/td>\n<td>57<\/td>\n<td>150<\/td>\n<td>M16<\/td>\n<td>4<\/td>\n<td>A SECCO<\/td>\n<\/tr>\n<tr>\n<td>CL15062M16<\/td>\n<td>62<\/td>\n<td>150<\/td>\n<td>M16<\/td>\n<td>4<\/td>\n<td>A SECCO<\/td>\n<\/tr>\n<tr>\n<td>CL15068M16<\/td>\n<td>68<\/td>\n<td>150<\/td>\n<td>M16<\/td>\n<td>4<\/td>\n<td>A SECCO<\/td>\n<\/tr>\n<tr>\n<td>CL15072M16<\/td>\n<td>72<\/td>\n<td>150<\/td>\n<td>M16<\/td>\n<td>4<\/td>\n<td>A SECCO<\/td>\n<\/tr>\n<tr>\n<td>CL15082M16<\/td>\n<td>82<\/td>\n<td>150<\/td>\n<td>M16<\/td>\n<td>4<\/td>\n<td>A SECCO<\/td>\n<\/tr>\n<tr>\n<td>CL15092M16<\/td>\n<td>92<\/td>\n<td>150<\/td>\n<td>M16<\/td>\n<td>5<\/td>\n<td>A SECCO<\/td>\n<\/tr>\n<tr>\n<td>CL15102M16<\/td>\n<td>102<\/td>\n<td>150<\/td>\n<td>M16<\/td>\n<td>5<\/td>\n<td>A SECCO<\/td>\n<\/tr>\n<tr>\n<td>CL15107M16<\/td>\n<td>107<\/td>\n<td>150<\/td>\n<td>M16<\/td>\n<td>5<\/td>\n<td>A SECCO<\/td>\n<\/tr>\n<tr>\n<td>CL15112M16<\/td>\n<td>112<\/td>\n<td>150<\/td>\n<td>M16<\/td>\n<td>6<\/td>\n<td>A SECCO<\/td>\n<\/tr>\n<tr>\n<td>CL15122M16<\/td>\n<td>122<\/td>\n<td>150<\/td>\n<td>M16<\/td>\n<td>6<\/td>\n<td>A SECCO<\/td>\n<\/tr>\n<tr>\n<td>CL15127M16<\/td>\n<td>127<\/td>\n<td>150<\/td>\n<td>M16<\/td>\n<td>6<\/td>\n<td>A SECCO<\/td>\n<\/tr>\n<tr>\n<td>CL15132M16<\/td>\n<td>132<\/td>\n<td>150<\/td>\n<td>M16<\/td>\n<td>7<\/td>\n<td>A SECCO<\/td>\n<\/tr>\n<tr>\n<td>CL15142M16<\/td>\n<td>142<\/td>\n<td>150<\/td>\n<td>M16<\/td>\n<td>7<\/td>\n<td>A SECCO<\/td>\n<\/tr>\n<tr>\n<td>CL15152M16<\/td>\n<td>152<\/td>\n<td>150<\/td>\n<td>M16<\/td>\n<td>7<\/td>\n<td>A SECCO<\/td>\n<\/tr>\n<tr>\n<td>CL15162M16<\/td>\n<td>162<\/td>\n<td>150<\/td>\n<td>M16<\/td>\n<td>8<\/td>\n<td>A SECCO<\/td>\n<\/tr>\n<tr>\n<td>CL15182M16<\/td>\n<td>182<\/td>\n<td>150<\/td>\n<td>M16<\/td>\n<td>9<\/td>\n<td>A SECCO<\/td>\n<\/tr>\n<tr>\n<td>CL15205M16<\/td>\n<td>205<\/td>\n<td>150<\/td>\n<td>M16<\/td>\n<td>9<\/td>\n<td>A SECCO<\/td>\n<\/tr>\n<\/tbody>\n<\/table>\n<p>[\/vc_column_text][\/vc_column][\/vc_row]<\/p>\n<\/div>","protected":false},"excerpt":{"rendered":"<p>[vc_row text_align=&#8221;center&#8221; bottom_padding=&#8221;50&#8243;][vc_column width=&#8221;1\/1&#8243;][vc_column_text] CORONA DUE 150 [\/vc_column_text][\/vc_column][\/vc_row][vc_row top_padding=&#8221;10&#8243; bottom_padding=&#8221;10&#8243;][vc_column width=&#8221;1\/3&#8243;][vc_row_inner][vc_column_inner][vc_column_text] Accedi alla scheda tecnica [\/vc_column_text][vc_btn title=&#8221;Corona Due 150&#8243; style=&#8221;3d&#8221; color=&#8221;primary&#8221; align=&#8221;center&#8221; i_icon_fontawesome=&#8221;far fa-file-pdf&#8221; add_icon=&#8221;true&#8221; link=&#8221;url:%2Fdl.php%3Ffile_url%3Dhttps%3A%2F%2Fwww.seatechnology.eu%2Fwp-content%2Fuploads%2F2021%2F11%2FCORONA-DUE-150-Sea-Technology.pdf&#8221; css=&#8221;.vc_custom_1637234599656{margin-top: 0px !important;margin-right: 0px !important;margin-bottom: 0px !important;margin-left: 0px !important;padding-top: 0px !important;padding-right: 0px !important;padding-bottom: 0px !important;padding-left: 0px !important;}&#8221;][\/vc_column_inner][\/vc_row_inner][\/vc_column][vc_column width=&#8221;2\/3&#8243;][vc_column_text]Corona prodotta con standard tradizionali, anch\u2019essa per\u00f2 idonea al taglio del cemento armato a secco. Rispetto alla CORONA TRE 150 \u00e8 meno performante in termini di velocit\u00e0 di foratura, \u00e8 pi\u00f9 adatta ad un pubblico che non fa un uso intensivo della corona (ad esempio le imprese edili) che apprezzer\u00e0 al contrario l\u2019ottimo rapporto qualit\u00e0\/prezzo.[\/vc_column_text][vc_column_text] cemento stagionato, laterizi, tegole SUPER OTTIMO\u00a0 calcestruzzo armato BUONO\u00a0 refrattari, graniti, pietre naturali, porfidi, arenaria, piastre ghiaino \u00a0 MEDIO\u00a0 monocottura, bicottura,cemento fresco, asfalto \u00a0 SUFFICIENTE\u00a0 marmi, gres porcellanato, klinker INADATTO\u00a0 [\/vc_column_text][vc_column_text] COD. \u00d8 LUNGHEZZA ATTACCO Z USO CL15032M16 32 150 M16 3 A SECCO CL15037M16 37 150 M16 3 A SECCO CL15042M16 42 150 M16 4 A SECCO CL15052M16 52 150 M16 4 A SECCO CL15057M16 57 150 M16 4 A SECCO CL15062M16 62 150 M16 4 A SECCO CL15068M16 68 150 M16 4 A SECCO CL15072M16 72 150 M16 4 A SECCO CL15082M16 82 150 M16 4 A SECCO CL15092M16 92 [&hellip;]<\/p>\n","protected":false},"author":3,"featured_media":4217,"parent":4738,"menu_order":7,"comment_status":"closed","ping_status":"closed","template":"","meta":{"inline_featured_image":false,"footnotes":""},"class_list":["post-197","page","type-page","status-publish","has-post-thumbnail","hentry"],"yoast_head":"<!-- This site is optimized with the Yoast SEO plugin v26.8 - https:\/\/yoast.com\/product\/yoast-seo-wordpress\/ -->\n<title>Corona Due 150 - Sea Technology<\/title>\n<meta name=\"description\" content=\"Foretti corone diamantate per carotaggi con carotatrici a secco per cemento calcestruzzo armato gres graniti laterizi tegole marmi\" \/>\n<meta name=\"robots\" content=\"index, follow, max-snippet:-1, max-image-preview:large, max-video-preview:-1\" \/>\n<link rel=\"canonical\" href=\"https:\/\/www.seatechnology.eu\/it\/corone-diamantate-per-carotaggio-a-secco\/corona-due-150\/\" \/>\n<meta property=\"og:locale\" content=\"it_IT\" \/>\n<meta property=\"og:type\" content=\"article\" \/>\n<meta property=\"og:title\" content=\"Corona Due 150 - Sea Technology\" \/>\n<meta property=\"og:description\" content=\"Foretti corone diamantate per carotaggi con carotatrici a secco per cemento calcestruzzo armato gres graniti laterizi tegole marmi\" \/>\n<meta property=\"og:url\" content=\"https:\/\/www.seatechnology.eu\/it\/corone-diamantate-per-carotaggio-a-secco\/corona-due-150\/\" \/>\n<meta property=\"og:site_name\" content=\"Sea Technology\" \/>\n<meta property=\"article:publisher\" content=\"https:\/\/www.facebook.com\/seatechnologyeu\/\" \/>\n<meta property=\"article:modified_time\" content=\"2021-11-18T11:23:22+00:00\" \/>\n<meta property=\"og:image\" content=\"https:\/\/www.seatechnology.eu\/wp-content\/uploads\/2021\/09\/corona-due-150.jpg\" \/>\n\t<meta property=\"og:image:width\" content=\"1500\" \/>\n\t<meta property=\"og:image:height\" content=\"1500\" \/>\n\t<meta property=\"og:image:type\" content=\"image\/jpeg\" \/>\n<meta name=\"twitter:card\" content=\"summary_large_image\" \/>\n<meta name=\"twitter:site\" content=\"@SeaTechnology_\" \/>\n<meta name=\"twitter:label1\" content=\"Tempo di lettura stimato\" \/>\n\t<meta name=\"twitter:data1\" content=\"5 minuti\" \/>\n<script type=\"application\/ld+json\" class=\"yoast-schema-graph\">{\"@context\":\"https:\/\/schema.org\",\"@graph\":[{\"@type\":\"WebPage\",\"@id\":\"https:\/\/www.seatechnology.eu\/it\/corone-diamantate-per-carotaggio-a-secco\/corona-due-150\/\",\"url\":\"https:\/\/www.seatechnology.eu\/it\/corone-diamantate-per-carotaggio-a-secco\/corona-due-150\/\",\"name\":\"Corona Due 150 - Sea Technology\",\"isPartOf\":{\"@id\":\"https:\/\/www.seatechnology.eu\/it\/#website\"},\"primaryImageOfPage\":{\"@id\":\"https:\/\/www.seatechnology.eu\/it\/corone-diamantate-per-carotaggio-a-secco\/corona-due-150\/#primaryimage\"},\"image\":{\"@id\":\"https:\/\/www.seatechnology.eu\/it\/corone-diamantate-per-carotaggio-a-secco\/corona-due-150\/#primaryimage\"},\"thumbnailUrl\":\"https:\/\/www.seatechnology.eu\/wp-content\/uploads\/2021\/09\/corona-due-150.jpg\",\"datePublished\":\"2013-11-13T13:53:58+00:00\",\"dateModified\":\"2021-11-18T11:23:22+00:00\",\"description\":\"Foretti corone diamantate per carotaggi con carotatrici a secco per cemento calcestruzzo armato gres graniti laterizi tegole marmi\",\"breadcrumb\":{\"@id\":\"https:\/\/www.seatechnology.eu\/it\/corone-diamantate-per-carotaggio-a-secco\/corona-due-150\/#breadcrumb\"},\"inLanguage\":\"it-IT\",\"potentialAction\":[{\"@type\":\"ReadAction\",\"target\":[\"https:\/\/www.seatechnology.eu\/it\/corone-diamantate-per-carotaggio-a-secco\/corona-due-150\/\"]}]},{\"@type\":\"ImageObject\",\"inLanguage\":\"it-IT\",\"@id\":\"https:\/\/www.seatechnology.eu\/it\/corone-diamantate-per-carotaggio-a-secco\/corona-due-150\/#primaryimage\",\"url\":\"https:\/\/www.seatechnology.eu\/wp-content\/uploads\/2021\/09\/corona-due-150.jpg\",\"contentUrl\":\"https:\/\/www.seatechnology.eu\/wp-content\/uploads\/2021\/09\/corona-due-150.jpg\",\"width\":1500,\"height\":1500},{\"@type\":\"BreadcrumbList\",\"@id\":\"https:\/\/www.seatechnology.eu\/it\/corone-diamantate-per-carotaggio-a-secco\/corona-due-150\/#breadcrumb\",\"itemListElement\":[{\"@type\":\"ListItem\",\"position\":1,\"name\":\"Home\",\"item\":\"https:\/\/www.seatechnology.eu\/it\/\"},{\"@type\":\"ListItem\",\"position\":2,\"name\":\"Corone diamantate per carotaggio a secco\",\"item\":\"https:\/\/www.seatechnology.eu\/it\/corone-diamantate-per-carotaggio-a-secco\/\"},{\"@type\":\"ListItem\",\"position\":3,\"name\":\"Corona Due 150\"}]},{\"@type\":\"WebSite\",\"@id\":\"https:\/\/www.seatechnology.eu\/it\/#website\",\"url\":\"https:\/\/www.seatechnology.eu\/it\/\",\"name\":\"Sea Technology\",\"description\":\"Experts in diamond tools, Since 1973\",\"publisher\":{\"@id\":\"https:\/\/www.seatechnology.eu\/it\/#organization\"},\"potentialAction\":[{\"@type\":\"SearchAction\",\"target\":{\"@type\":\"EntryPoint\",\"urlTemplate\":\"https:\/\/www.seatechnology.eu\/it\/?s={search_term_string}\"},\"query-input\":{\"@type\":\"PropertyValueSpecification\",\"valueRequired\":true,\"valueName\":\"search_term_string\"}}],\"inLanguage\":\"it-IT\"},{\"@type\":\"Organization\",\"@id\":\"https:\/\/www.seatechnology.eu\/it\/#organization\",\"name\":\"Sea Technology Srl\",\"url\":\"https:\/\/www.seatechnology.eu\/it\/\",\"logo\":{\"@type\":\"ImageObject\",\"inLanguage\":\"it-IT\",\"@id\":\"https:\/\/www.seatechnology.eu\/it\/#\/schema\/logo\/image\/\",\"url\":\"https:\/\/www.seatechnology.eu\/wp-content\/uploads\/2019\/09\/SeaTechnology-vertical-300px.png\",\"contentUrl\":\"https:\/\/www.seatechnology.eu\/wp-content\/uploads\/2019\/09\/SeaTechnology-vertical-300px.png\",\"width\":244,\"height\":266,\"caption\":\"Sea Technology Srl\"},\"image\":{\"@id\":\"https:\/\/www.seatechnology.eu\/it\/#\/schema\/logo\/image\/\"},\"sameAs\":[\"https:\/\/www.facebook.com\/seatechnologyeu\/\",\"https:\/\/x.com\/SeaTechnology_\",\"https:\/\/www.linkedin.com\/company\/sea-technology-srl\",\"https:\/\/www.youtube.com\/@seatechnology5754\"]}]}<\/script>\n<!-- \/ Yoast SEO plugin. -->","yoast_head_json":{"title":"Corona Due 150 - Sea Technology","description":"Foretti corone diamantate per carotaggi con carotatrici a secco per cemento calcestruzzo armato gres graniti laterizi tegole marmi","robots":{"index":"index","follow":"follow","max-snippet":"max-snippet:-1","max-image-preview":"max-image-preview:large","max-video-preview":"max-video-preview:-1"},"canonical":"https:\/\/www.seatechnology.eu\/it\/corone-diamantate-per-carotaggio-a-secco\/corona-due-150\/","og_locale":"it_IT","og_type":"article","og_title":"Corona Due 150 - Sea Technology","og_description":"Foretti corone diamantate per carotaggi con carotatrici a secco per cemento calcestruzzo armato gres graniti laterizi tegole marmi","og_url":"https:\/\/www.seatechnology.eu\/it\/corone-diamantate-per-carotaggio-a-secco\/corona-due-150\/","og_site_name":"Sea Technology","article_publisher":"https:\/\/www.facebook.com\/seatechnologyeu\/","article_modified_time":"2021-11-18T11:23:22+00:00","og_image":[{"width":1500,"height":1500,"url":"https:\/\/www.seatechnology.eu\/wp-content\/uploads\/2021\/09\/corona-due-150.jpg","type":"image\/jpeg"}],"twitter_card":"summary_large_image","twitter_site":"@SeaTechnology_","twitter_misc":{"Tempo di lettura stimato":"5 minuti"},"schema":{"@context":"https:\/\/schema.org","@graph":[{"@type":"WebPage","@id":"https:\/\/www.seatechnology.eu\/it\/corone-diamantate-per-carotaggio-a-secco\/corona-due-150\/","url":"https:\/\/www.seatechnology.eu\/it\/corone-diamantate-per-carotaggio-a-secco\/corona-due-150\/","name":"Corona Due 150 - Sea Technology","isPartOf":{"@id":"https:\/\/www.seatechnology.eu\/it\/#website"},"primaryImageOfPage":{"@id":"https:\/\/www.seatechnology.eu\/it\/corone-diamantate-per-carotaggio-a-secco\/corona-due-150\/#primaryimage"},"image":{"@id":"https:\/\/www.seatechnology.eu\/it\/corone-diamantate-per-carotaggio-a-secco\/corona-due-150\/#primaryimage"},"thumbnailUrl":"https:\/\/www.seatechnology.eu\/wp-content\/uploads\/2021\/09\/corona-due-150.jpg","datePublished":"2013-11-13T13:53:58+00:00","dateModified":"2021-11-18T11:23:22+00:00","description":"Foretti corone diamantate per carotaggi con carotatrici a secco per cemento calcestruzzo armato gres graniti laterizi tegole marmi","breadcrumb":{"@id":"https:\/\/www.seatechnology.eu\/it\/corone-diamantate-per-carotaggio-a-secco\/corona-due-150\/#breadcrumb"},"inLanguage":"it-IT","potentialAction":[{"@type":"ReadAction","target":["https:\/\/www.seatechnology.eu\/it\/corone-diamantate-per-carotaggio-a-secco\/corona-due-150\/"]}]},{"@type":"ImageObject","inLanguage":"it-IT","@id":"https:\/\/www.seatechnology.eu\/it\/corone-diamantate-per-carotaggio-a-secco\/corona-due-150\/#primaryimage","url":"https:\/\/www.seatechnology.eu\/wp-content\/uploads\/2021\/09\/corona-due-150.jpg","contentUrl":"https:\/\/www.seatechnology.eu\/wp-content\/uploads\/2021\/09\/corona-due-150.jpg","width":1500,"height":1500},{"@type":"BreadcrumbList","@id":"https:\/\/www.seatechnology.eu\/it\/corone-diamantate-per-carotaggio-a-secco\/corona-due-150\/#breadcrumb","itemListElement":[{"@type":"ListItem","position":1,"name":"Home","item":"https:\/\/www.seatechnology.eu\/it\/"},{"@type":"ListItem","position":2,"name":"Corone diamantate per carotaggio a secco","item":"https:\/\/www.seatechnology.eu\/it\/corone-diamantate-per-carotaggio-a-secco\/"},{"@type":"ListItem","position":3,"name":"Corona Due 150"}]},{"@type":"WebSite","@id":"https:\/\/www.seatechnology.eu\/it\/#website","url":"https:\/\/www.seatechnology.eu\/it\/","name":"Sea Technology","description":"Experts in diamond tools, Since 1973","publisher":{"@id":"https:\/\/www.seatechnology.eu\/it\/#organization"},"potentialAction":[{"@type":"SearchAction","target":{"@type":"EntryPoint","urlTemplate":"https:\/\/www.seatechnology.eu\/it\/?s={search_term_string}"},"query-input":{"@type":"PropertyValueSpecification","valueRequired":true,"valueName":"search_term_string"}}],"inLanguage":"it-IT"},{"@type":"Organization","@id":"https:\/\/www.seatechnology.eu\/it\/#organization","name":"Sea Technology Srl","url":"https:\/\/www.seatechnology.eu\/it\/","logo":{"@type":"ImageObject","inLanguage":"it-IT","@id":"https:\/\/www.seatechnology.eu\/it\/#\/schema\/logo\/image\/","url":"https:\/\/www.seatechnology.eu\/wp-content\/uploads\/2019\/09\/SeaTechnology-vertical-300px.png","contentUrl":"https:\/\/www.seatechnology.eu\/wp-content\/uploads\/2019\/09\/SeaTechnology-vertical-300px.png","width":244,"height":266,"caption":"Sea Technology Srl"},"image":{"@id":"https:\/\/www.seatechnology.eu\/it\/#\/schema\/logo\/image\/"},"sameAs":["https:\/\/www.facebook.com\/seatechnologyeu\/","https:\/\/x.com\/SeaTechnology_","https:\/\/www.linkedin.com\/company\/sea-technology-srl","https:\/\/www.youtube.com\/@seatechnology5754"]}]}},"_links":{"self":[{"href":"https:\/\/www.seatechnology.eu\/it\/wp-json\/wp\/v2\/pages\/197","targetHints":{"allow":["GET"]}}],"collection":[{"href":"https:\/\/www.seatechnology.eu\/it\/wp-json\/wp\/v2\/pages"}],"about":[{"href":"https:\/\/www.seatechnology.eu\/it\/wp-json\/wp\/v2\/types\/page"}],"author":[{"embeddable":true,"href":"https:\/\/www.seatechnology.eu\/it\/wp-json\/wp\/v2\/users\/3"}],"replies":[{"embeddable":true,"href":"https:\/\/www.seatechnology.eu\/it\/wp-json\/wp\/v2\/comments?post=197"}],"version-history":[{"count":0,"href":"https:\/\/www.seatechnology.eu\/it\/wp-json\/wp\/v2\/pages\/197\/revisions"}],"up":[{"embeddable":true,"href":"https:\/\/www.seatechnology.eu\/it\/wp-json\/wp\/v2\/pages\/4738"}],"wp:featuredmedia":[{"embeddable":true,"href":"https:\/\/www.seatechnology.eu\/it\/wp-json\/wp\/v2\/media\/4217"}],"wp:attachment":[{"href":"https:\/\/www.seatechnology.eu\/it\/wp-json\/wp\/v2\/media?parent=197"}],"curies":[{"name":"wp","href":"https:\/\/api.w.org\/{rel}","templated":true}]}}