{"id":215,"date":"2013-11-13T14:53:58","date_gmt":"2013-11-13T13:53:58","guid":{"rendered":"http:\/\/seatechnology.eu\/seadrill-250\/"},"modified":"2022-10-26T12:00:04","modified_gmt":"2022-10-26T10:00:04","slug":"seadrill-250","status":"publish","type":"page","link":"https:\/\/www.seatechnology.eu\/it\/macchine-edili-carotaggio\/seadrill-250\/","title":{"rendered":"Seadrill 250"},"content":{"rendered":"<div class=\"wpb-content-wrapper\"><p>[vc_row text_align=&#8221;center&#8221; bottom_padding=&#8221;50&#8243;][vc_column width=&#8221;1\/1&#8243;][vc_column_text]<\/p>\n<h1><span style=\"color: #009cde;\">SEADRILL 250<\/span><\/h1>\n<p>[\/vc_column_text][\/vc_column][\/vc_row][vc_row top_padding=&#8221;10&#8243; bottom_padding=&#8221;10&#8243;][vc_column width=&#8221;1\/3&#8243;]<div class=\"single_image wpb_content_element align-left  animate image_box_shadow image_opacity \" data-animation=\"fade-in-from-top\" data-delay=\"300\"><a href=\"https:\/\/www.seatechnology.eu\/wp-content\/uploads\/2021\/09\/SEADRILL-250.jpg\" class=\"prettyPhoto\" rel=\"prettyPhoto[image]\"><img loading=\"lazy\" decoding=\"async\" width=\"1500\" height=\"1500\" src=\"https:\/\/www.seatechnology.eu\/wp-content\/uploads\/2021\/09\/SEADRILL-250.jpg\" class=\"attachment-full\" alt=\"\" title=\"SEADRILL 250\" srcset=\"https:\/\/www.seatechnology.eu\/wp-content\/uploads\/2021\/09\/SEADRILL-250.jpg 1500w, https:\/\/www.seatechnology.eu\/wp-content\/uploads\/2021\/09\/SEADRILL-250-600x600.jpg 600w, https:\/\/www.seatechnology.eu\/wp-content\/uploads\/2021\/09\/SEADRILL-250-1200x1200.jpg 1200w, https:\/\/www.seatechnology.eu\/wp-content\/uploads\/2021\/09\/SEADRILL-250-300x300.jpg 300w, https:\/\/www.seatechnology.eu\/wp-content\/uploads\/2021\/09\/SEADRILL-250-768x768.jpg 768w, https:\/\/www.seatechnology.eu\/wp-content\/uploads\/2021\/09\/SEADRILL-250-80x80.jpg 80w, https:\/\/www.seatechnology.eu\/wp-content\/uploads\/2021\/09\/SEADRILL-250-500x500.jpg 500w, https:\/\/www.seatechnology.eu\/wp-content\/uploads\/2021\/09\/SEADRILL-250-1000x1000.jpg 1000w\" sizes=\"auto, (max-width: 1500px) 100vw, 1500px\" \/><\/a><\/div>[vc_row_inner][vc_column_inner][vc_column_text]<\/p>\n<p style=\"text-align: center;\"><strong>Accedi alla scheda tecnica<\/strong><\/p>\n<p>[\/vc_column_text][vc_btn title=&#8221;Seadrill 250&#8243; style=&#8221;3d&#8221; color=&#8221;primary&#8221; align=&#8221;center&#8221; i_icon_fontawesome=&#8221;far fa-file-pdf&#8221; add_icon=&#8221;true&#8221; link=&#8221;url:%2Fdl.php%3Ffile_url%3Dhttps%3A%2F%2Fwww.seatechnology.eu%2Fwp-content%2Fuploads%2F2021%2F11%2FSEADRILL-250-Sea-Technology.pdf&#8221; css=&#8221;.vc_custom_1637318500495{margin-top: 0px !important;margin-right: 0px !important;margin-bottom: 0px !important;margin-left: 0px !important;padding-top: 0px !important;padding-right: 0px !important;padding-bottom: 0px !important;padding-left: 0px !important;}&#8221;][\/vc_column_inner][\/vc_row_inner][\/vc_column][vc_column width=&#8221;2\/3&#8243;]<div class=\"headline font-inherit fontsize-inherit fontweight-700 lh-inherit align-center transform-uppercase head-descrizione\" style=\"\">DESCRIZIONE<\/div>[vc_column_text]La SEADRILL 250, composta dal motore SEM26 e dalla COLONNA SEASTAND 250, \u00e8 in grado di effettuare carotaggi fino a 250 mm in tutta sicurezza. Si distingue per la semplicit\u00e0 d\u2019 utilizzo grazie allo sgancio rapido del motore e alla facilit\u00e0 di trasporto tramite le ruote in dotazione. Il fissaggio \u00e8 effettuabile con tassello o a depressione tramite pompa del vuoto. Con la SEADRILL 250 \u00e8 possibile inoltre effettuare carotaggi inclinati fino ad un massimo di 45\u00b0. Base in acciaio di dimensioni ridotte per essere posizionata pi\u00f9 agilmente.[\/vc_column_text]<div class=\"headline font-inherit fontsize-inherit fontweight-700 lh-inherit align-center transform-uppercase head-descrizione\" style=\"\">SCHEDA TECNICA<\/div>[vc_column_text]<\/p>\n<table class=\"table-seatechnology-bis\">\n<tbody>\n<tr>\n<td colspan=\"2\">DESCRIZIONE<\/td>\n<\/tr>\n<tr>\n<td>Ad acqua con motore da 2600 W &#8211; 230 V<\/td>\n<td>Corsa utile: 620 mm<br \/>\nAltezza colonna: 950 mm<\/td>\n<\/tr>\n<tr>\n<td>3 Velocit\u00e0 motore selezionabili meccanicamente.<br \/>\n1 &#8211; 550 giri\/min. 2 &#8211; 1070 giri\/min. 3 &#8211; 1630 giri\/min.<\/td>\n<td>Sgancio rapido del motore<br \/>\nBasamento in acciaio<\/td>\n<\/tr>\n<tr>\n<td>Attacco: 1\u201d1\/4 e 1\/2 Gas<\/td>\n<td>Inclinabile a 45\u00b0<\/td>\n<\/tr>\n<tr>\n<td>Adatto per forature max di 250 mm<\/td>\n<td>Peso colonna: 18 kg &#8211; Peso motore: 11,9 kg<\/td>\n<\/tr>\n<\/tbody>\n<\/table>\n<p>[\/vc_column_text][vc_column_text]<\/p>\n<table class=\"table-seatechnology-bis\">\n<tbody>\n<tr>\n<td>COD.<\/td>\n<td>DESCRIZIONE<\/td>\n<\/tr>\n<tr>\n<td>SEADRILL250<\/td>\n<td>CAROTATRICE PROFESSIONALE SEADRILL250 COMPLETA DI ACCESSORI E MOTORE<\/td>\n<\/tr>\n<\/tbody>\n<\/table>\n<p>[\/vc_column_text][\/vc_column][\/vc_row]<\/p>\n<\/div>","protected":false},"excerpt":{"rendered":"<p>[vc_row text_align=&#8221;center&#8221; bottom_padding=&#8221;50&#8243;][vc_column width=&#8221;1\/1&#8243;][vc_column_text] SEADRILL 250 [\/vc_column_text][\/vc_column][\/vc_row][vc_row top_padding=&#8221;10&#8243; bottom_padding=&#8221;10&#8243;][vc_column width=&#8221;1\/3&#8243;][vc_row_inner][vc_column_inner][vc_column_text] Accedi alla scheda tecnica [\/vc_column_text][vc_btn title=&#8221;Seadrill 250&#8243; style=&#8221;3d&#8221; color=&#8221;primary&#8221; align=&#8221;center&#8221; i_icon_fontawesome=&#8221;far fa-file-pdf&#8221; add_icon=&#8221;true&#8221; link=&#8221;url:%2Fdl.php%3Ffile_url%3Dhttps%3A%2F%2Fwww.seatechnology.eu%2Fwp-content%2Fuploads%2F2021%2F11%2FSEADRILL-250-Sea-Technology.pdf&#8221; css=&#8221;.vc_custom_1637318500495{margin-top: 0px !important;margin-right: 0px !important;margin-bottom: 0px !important;margin-left: 0px !important;padding-top: 0px !important;padding-right: 0px !important;padding-bottom: 0px !important;padding-left: 0px !important;}&#8221;][\/vc_column_inner][\/vc_row_inner][\/vc_column][vc_column width=&#8221;2\/3&#8243;][vc_column_text]La SEADRILL 250, composta dal motore SEM26 e dalla COLONNA SEASTAND 250, \u00e8 in grado di effettuare carotaggi fino a 250 mm in tutta sicurezza. Si distingue per la semplicit\u00e0 d\u2019 utilizzo grazie allo sgancio rapido del motore e alla facilit\u00e0 di trasporto tramite le ruote in dotazione. Il fissaggio \u00e8 effettuabile con tassello o a depressione tramite pompa del vuoto. Con la SEADRILL 250 \u00e8 possibile inoltre effettuare carotaggi inclinati fino ad un massimo di 45\u00b0. Base in acciaio di dimensioni ridotte per essere posizionata pi\u00f9 agilmente.[\/vc_column_text][vc_column_text] DESCRIZIONE Ad acqua con motore da 2600 W &#8211; 230 V Corsa utile: 620 mm Altezza colonna: 950 mm 3 Velocit\u00e0 motore selezionabili meccanicamente. 1 &#8211; 550 giri\/min. 2 &#8211; 1070 giri\/min. 3 &#8211; 1630 giri\/min. Sgancio rapido del motore Basamento in acciaio Attacco: 1\u201d1\/4 e 1\/2 Gas Inclinabile a 45\u00b0 Adatto per forature max di 250 mm Peso colonna: 18 kg &#8211; Peso motore: 11,9 kg [\/vc_column_text][vc_column_text] COD. DESCRIZIONE SEADRILL250 [&hellip;]<\/p>\n","protected":false},"author":3,"featured_media":4307,"parent":1157,"menu_order":7,"comment_status":"closed","ping_status":"closed","template":"","meta":{"inline_featured_image":false,"footnotes":""},"class_list":["post-215","page","type-page","status-publish","has-post-thumbnail","hentry"],"yoast_head":"<!-- This site is optimized with the Yoast SEO plugin v26.8 - https:\/\/yoast.com\/product\/yoast-seo-wordpress\/ -->\n<title>Seadrill 250 - Sea Technology<\/title>\n<meta name=\"description\" content=\"Seadrill 250 colonna per il carotaggio dotata di motore e base acciaio inclinabile\" \/>\n<meta name=\"robots\" content=\"index, follow, max-snippet:-1, max-image-preview:large, max-video-preview:-1\" \/>\n<link rel=\"canonical\" href=\"https:\/\/www.seatechnology.eu\/it\/macchine-edili-carotaggio\/seadrill-250\/\" \/>\n<meta property=\"og:locale\" content=\"it_IT\" \/>\n<meta property=\"og:type\" content=\"article\" \/>\n<meta property=\"og:title\" content=\"Seadrill 250 - Sea Technology\" \/>\n<meta property=\"og:description\" content=\"Seadrill 250 colonna per il carotaggio dotata di motore e base acciaio inclinabile\" \/>\n<meta property=\"og:url\" content=\"https:\/\/www.seatechnology.eu\/it\/macchine-edili-carotaggio\/seadrill-250\/\" \/>\n<meta property=\"og:site_name\" content=\"Sea Technology\" \/>\n<meta property=\"article:publisher\" content=\"https:\/\/www.facebook.com\/seatechnologyeu\/\" \/>\n<meta property=\"article:modified_time\" content=\"2022-10-26T10:00:04+00:00\" \/>\n<meta property=\"og:image\" content=\"https:\/\/www.seatechnology.eu\/wp-content\/uploads\/2021\/09\/SEADRILL-250.jpg\" \/>\n\t<meta property=\"og:image:width\" content=\"1500\" \/>\n\t<meta property=\"og:image:height\" content=\"1500\" \/>\n\t<meta property=\"og:image:type\" content=\"image\/jpeg\" \/>\n<meta name=\"twitter:card\" content=\"summary_large_image\" \/>\n<meta name=\"twitter:site\" content=\"@SeaTechnology_\" \/>\n<meta name=\"twitter:label1\" content=\"Tempo di lettura stimato\" \/>\n\t<meta name=\"twitter:data1\" content=\"1 minuto\" \/>\n<script type=\"application\/ld+json\" class=\"yoast-schema-graph\">{\"@context\":\"https:\/\/schema.org\",\"@graph\":[{\"@type\":\"WebPage\",\"@id\":\"https:\/\/www.seatechnology.eu\/it\/macchine-edili-carotaggio\/seadrill-250\/\",\"url\":\"https:\/\/www.seatechnology.eu\/it\/macchine-edili-carotaggio\/seadrill-250\/\",\"name\":\"Seadrill 250 - Sea Technology\",\"isPartOf\":{\"@id\":\"https:\/\/www.seatechnology.eu\/it\/#website\"},\"primaryImageOfPage\":{\"@id\":\"https:\/\/www.seatechnology.eu\/it\/macchine-edili-carotaggio\/seadrill-250\/#primaryimage\"},\"image\":{\"@id\":\"https:\/\/www.seatechnology.eu\/it\/macchine-edili-carotaggio\/seadrill-250\/#primaryimage\"},\"thumbnailUrl\":\"https:\/\/www.seatechnology.eu\/wp-content\/uploads\/2021\/09\/SEADRILL-250.jpg\",\"datePublished\":\"2013-11-13T13:53:58+00:00\",\"dateModified\":\"2022-10-26T10:00:04+00:00\",\"description\":\"Seadrill 250 colonna per il carotaggio dotata di motore e base acciaio inclinabile\",\"breadcrumb\":{\"@id\":\"https:\/\/www.seatechnology.eu\/it\/macchine-edili-carotaggio\/seadrill-250\/#breadcrumb\"},\"inLanguage\":\"it-IT\",\"potentialAction\":[{\"@type\":\"ReadAction\",\"target\":[\"https:\/\/www.seatechnology.eu\/it\/macchine-edili-carotaggio\/seadrill-250\/\"]}]},{\"@type\":\"ImageObject\",\"inLanguage\":\"it-IT\",\"@id\":\"https:\/\/www.seatechnology.eu\/it\/macchine-edili-carotaggio\/seadrill-250\/#primaryimage\",\"url\":\"https:\/\/www.seatechnology.eu\/wp-content\/uploads\/2021\/09\/SEADRILL-250.jpg\",\"contentUrl\":\"https:\/\/www.seatechnology.eu\/wp-content\/uploads\/2021\/09\/SEADRILL-250.jpg\",\"width\":1500,\"height\":1500},{\"@type\":\"BreadcrumbList\",\"@id\":\"https:\/\/www.seatechnology.eu\/it\/macchine-edili-carotaggio\/seadrill-250\/#breadcrumb\",\"itemListElement\":[{\"@type\":\"ListItem\",\"position\":1,\"name\":\"Home\",\"item\":\"https:\/\/www.seatechnology.eu\/it\/\"},{\"@type\":\"ListItem\",\"position\":2,\"name\":\"Macchine edili carotaggio\",\"item\":\"https:\/\/www.seatechnology.eu\/it\/macchine-edili-carotaggio\/\"},{\"@type\":\"ListItem\",\"position\":3,\"name\":\"Seadrill 250\"}]},{\"@type\":\"WebSite\",\"@id\":\"https:\/\/www.seatechnology.eu\/it\/#website\",\"url\":\"https:\/\/www.seatechnology.eu\/it\/\",\"name\":\"Sea Technology\",\"description\":\"Experts in diamond tools, Since 1973\",\"publisher\":{\"@id\":\"https:\/\/www.seatechnology.eu\/it\/#organization\"},\"potentialAction\":[{\"@type\":\"SearchAction\",\"target\":{\"@type\":\"EntryPoint\",\"urlTemplate\":\"https:\/\/www.seatechnology.eu\/it\/?s={search_term_string}\"},\"query-input\":{\"@type\":\"PropertyValueSpecification\",\"valueRequired\":true,\"valueName\":\"search_term_string\"}}],\"inLanguage\":\"it-IT\"},{\"@type\":\"Organization\",\"@id\":\"https:\/\/www.seatechnology.eu\/it\/#organization\",\"name\":\"Sea Technology Srl\",\"url\":\"https:\/\/www.seatechnology.eu\/it\/\",\"logo\":{\"@type\":\"ImageObject\",\"inLanguage\":\"it-IT\",\"@id\":\"https:\/\/www.seatechnology.eu\/it\/#\/schema\/logo\/image\/\",\"url\":\"https:\/\/www.seatechnology.eu\/wp-content\/uploads\/2019\/09\/SeaTechnology-vertical-300px.png\",\"contentUrl\":\"https:\/\/www.seatechnology.eu\/wp-content\/uploads\/2019\/09\/SeaTechnology-vertical-300px.png\",\"width\":244,\"height\":266,\"caption\":\"Sea Technology Srl\"},\"image\":{\"@id\":\"https:\/\/www.seatechnology.eu\/it\/#\/schema\/logo\/image\/\"},\"sameAs\":[\"https:\/\/www.facebook.com\/seatechnologyeu\/\",\"https:\/\/x.com\/SeaTechnology_\",\"https:\/\/www.linkedin.com\/company\/sea-technology-srl\",\"https:\/\/www.youtube.com\/@seatechnology5754\"]}]}<\/script>\n<!-- \/ Yoast SEO plugin. -->","yoast_head_json":{"title":"Seadrill 250 - Sea Technology","description":"Seadrill 250 colonna per il carotaggio dotata di motore e base acciaio inclinabile","robots":{"index":"index","follow":"follow","max-snippet":"max-snippet:-1","max-image-preview":"max-image-preview:large","max-video-preview":"max-video-preview:-1"},"canonical":"https:\/\/www.seatechnology.eu\/it\/macchine-edili-carotaggio\/seadrill-250\/","og_locale":"it_IT","og_type":"article","og_title":"Seadrill 250 - Sea Technology","og_description":"Seadrill 250 colonna per il carotaggio dotata di motore e base acciaio inclinabile","og_url":"https:\/\/www.seatechnology.eu\/it\/macchine-edili-carotaggio\/seadrill-250\/","og_site_name":"Sea Technology","article_publisher":"https:\/\/www.facebook.com\/seatechnologyeu\/","article_modified_time":"2022-10-26T10:00:04+00:00","og_image":[{"width":1500,"height":1500,"url":"https:\/\/www.seatechnology.eu\/wp-content\/uploads\/2021\/09\/SEADRILL-250.jpg","type":"image\/jpeg"}],"twitter_card":"summary_large_image","twitter_site":"@SeaTechnology_","twitter_misc":{"Tempo di lettura stimato":"1 minuto"},"schema":{"@context":"https:\/\/schema.org","@graph":[{"@type":"WebPage","@id":"https:\/\/www.seatechnology.eu\/it\/macchine-edili-carotaggio\/seadrill-250\/","url":"https:\/\/www.seatechnology.eu\/it\/macchine-edili-carotaggio\/seadrill-250\/","name":"Seadrill 250 - Sea Technology","isPartOf":{"@id":"https:\/\/www.seatechnology.eu\/it\/#website"},"primaryImageOfPage":{"@id":"https:\/\/www.seatechnology.eu\/it\/macchine-edili-carotaggio\/seadrill-250\/#primaryimage"},"image":{"@id":"https:\/\/www.seatechnology.eu\/it\/macchine-edili-carotaggio\/seadrill-250\/#primaryimage"},"thumbnailUrl":"https:\/\/www.seatechnology.eu\/wp-content\/uploads\/2021\/09\/SEADRILL-250.jpg","datePublished":"2013-11-13T13:53:58+00:00","dateModified":"2022-10-26T10:00:04+00:00","description":"Seadrill 250 colonna per il carotaggio dotata di motore e base acciaio inclinabile","breadcrumb":{"@id":"https:\/\/www.seatechnology.eu\/it\/macchine-edili-carotaggio\/seadrill-250\/#breadcrumb"},"inLanguage":"it-IT","potentialAction":[{"@type":"ReadAction","target":["https:\/\/www.seatechnology.eu\/it\/macchine-edili-carotaggio\/seadrill-250\/"]}]},{"@type":"ImageObject","inLanguage":"it-IT","@id":"https:\/\/www.seatechnology.eu\/it\/macchine-edili-carotaggio\/seadrill-250\/#primaryimage","url":"https:\/\/www.seatechnology.eu\/wp-content\/uploads\/2021\/09\/SEADRILL-250.jpg","contentUrl":"https:\/\/www.seatechnology.eu\/wp-content\/uploads\/2021\/09\/SEADRILL-250.jpg","width":1500,"height":1500},{"@type":"BreadcrumbList","@id":"https:\/\/www.seatechnology.eu\/it\/macchine-edili-carotaggio\/seadrill-250\/#breadcrumb","itemListElement":[{"@type":"ListItem","position":1,"name":"Home","item":"https:\/\/www.seatechnology.eu\/it\/"},{"@type":"ListItem","position":2,"name":"Macchine edili carotaggio","item":"https:\/\/www.seatechnology.eu\/it\/macchine-edili-carotaggio\/"},{"@type":"ListItem","position":3,"name":"Seadrill 250"}]},{"@type":"WebSite","@id":"https:\/\/www.seatechnology.eu\/it\/#website","url":"https:\/\/www.seatechnology.eu\/it\/","name":"Sea Technology","description":"Experts in diamond tools, Since 1973","publisher":{"@id":"https:\/\/www.seatechnology.eu\/it\/#organization"},"potentialAction":[{"@type":"SearchAction","target":{"@type":"EntryPoint","urlTemplate":"https:\/\/www.seatechnology.eu\/it\/?s={search_term_string}"},"query-input":{"@type":"PropertyValueSpecification","valueRequired":true,"valueName":"search_term_string"}}],"inLanguage":"it-IT"},{"@type":"Organization","@id":"https:\/\/www.seatechnology.eu\/it\/#organization","name":"Sea Technology Srl","url":"https:\/\/www.seatechnology.eu\/it\/","logo":{"@type":"ImageObject","inLanguage":"it-IT","@id":"https:\/\/www.seatechnology.eu\/it\/#\/schema\/logo\/image\/","url":"https:\/\/www.seatechnology.eu\/wp-content\/uploads\/2019\/09\/SeaTechnology-vertical-300px.png","contentUrl":"https:\/\/www.seatechnology.eu\/wp-content\/uploads\/2019\/09\/SeaTechnology-vertical-300px.png","width":244,"height":266,"caption":"Sea Technology Srl"},"image":{"@id":"https:\/\/www.seatechnology.eu\/it\/#\/schema\/logo\/image\/"},"sameAs":["https:\/\/www.facebook.com\/seatechnologyeu\/","https:\/\/x.com\/SeaTechnology_","https:\/\/www.linkedin.com\/company\/sea-technology-srl","https:\/\/www.youtube.com\/@seatechnology5754"]}]}},"_links":{"self":[{"href":"https:\/\/www.seatechnology.eu\/it\/wp-json\/wp\/v2\/pages\/215","targetHints":{"allow":["GET"]}}],"collection":[{"href":"https:\/\/www.seatechnology.eu\/it\/wp-json\/wp\/v2\/pages"}],"about":[{"href":"https:\/\/www.seatechnology.eu\/it\/wp-json\/wp\/v2\/types\/page"}],"author":[{"embeddable":true,"href":"https:\/\/www.seatechnology.eu\/it\/wp-json\/wp\/v2\/users\/3"}],"replies":[{"embeddable":true,"href":"https:\/\/www.seatechnology.eu\/it\/wp-json\/wp\/v2\/comments?post=215"}],"version-history":[{"count":0,"href":"https:\/\/www.seatechnology.eu\/it\/wp-json\/wp\/v2\/pages\/215\/revisions"}],"up":[{"embeddable":true,"href":"https:\/\/www.seatechnology.eu\/it\/wp-json\/wp\/v2\/pages\/1157"}],"wp:featuredmedia":[{"embeddable":true,"href":"https:\/\/www.seatechnology.eu\/it\/wp-json\/wp\/v2\/media\/4307"}],"wp:attachment":[{"href":"https:\/\/www.seatechnology.eu\/it\/wp-json\/wp\/v2\/media?parent=215"}],"curies":[{"name":"wp","href":"https:\/\/api.w.org\/{rel}","templated":true}]}}