{"id":312,"date":"2013-11-13T14:53:58","date_gmt":"2013-11-13T13:53:58","guid":{"rendered":"http:\/\/seatechnology.eu\/tagliomuro-quattro\/"},"modified":"2023-07-07T12:06:40","modified_gmt":"2023-07-07T10:06:40","slug":"taglio-muro-quattro","status":"publish","type":"page","link":"https:\/\/www.seatechnology.eu\/it\/demolizione-controllata\/taglio-muro-quattro\/","title":{"rendered":"Taglio Muro Quattro"},"content":{"rendered":"<div class=\"wpb-content-wrapper\"><p>[vc_row text_align=&#8221;center&#8221; bottom_padding=&#8221;50&#8243;][vc_column width=&#8221;1\/1&#8243;][vc_column_text]<\/p>\n<h1><span style=\"color: #009cde;\">TAGLIO MURO QUATTRO<\/span><\/h1>\n<p>[\/vc_column_text][\/vc_column][\/vc_row][vc_row top_padding=&#8221;10&#8243; bottom_padding=&#8221;10&#8243;][vc_column width=&#8221;1\/3&#8243;]<div class=\"single_image wpb_content_element align-left  animate image_box_shadow image_opacity \" data-animation=\"fade-in-from-top\" data-delay=\"300\"><a href=\"https:\/\/www.seatechnology.eu\/wp-content\/uploads\/2021\/09\/Taglia-muro-Quattro.jpg\" class=\"prettyPhoto\" rel=\"prettyPhoto[image]\"><img loading=\"lazy\" decoding=\"async\" width=\"1500\" height=\"1500\" src=\"https:\/\/www.seatechnology.eu\/wp-content\/uploads\/2021\/09\/Taglia-muro-Quattro.jpg\" class=\"attachment-full\" alt=\"\" title=\"TAGLIO MURO Quattro\" srcset=\"https:\/\/www.seatechnology.eu\/wp-content\/uploads\/2021\/09\/Taglia-muro-Quattro.jpg 1500w, https:\/\/www.seatechnology.eu\/wp-content\/uploads\/2021\/09\/Taglia-muro-Quattro-600x600.jpg 600w, https:\/\/www.seatechnology.eu\/wp-content\/uploads\/2021\/09\/Taglia-muro-Quattro-1200x1200.jpg 1200w, https:\/\/www.seatechnology.eu\/wp-content\/uploads\/2021\/09\/Taglia-muro-Quattro-300x300.jpg 300w, https:\/\/www.seatechnology.eu\/wp-content\/uploads\/2021\/09\/Taglia-muro-Quattro-768x768.jpg 768w, https:\/\/www.seatechnology.eu\/wp-content\/uploads\/2021\/09\/Taglia-muro-Quattro-80x80.jpg 80w, https:\/\/www.seatechnology.eu\/wp-content\/uploads\/2021\/09\/Taglia-muro-Quattro-500x500.jpg 500w, https:\/\/www.seatechnology.eu\/wp-content\/uploads\/2021\/09\/Taglia-muro-Quattro-1000x1000.jpg 1000w\" sizes=\"auto, (max-width: 1500px) 100vw, 1500px\" \/><\/a><\/div>[vc_row_inner][vc_column_inner][vc_column_text]<\/p>\n<p style=\"text-align: center;\"><strong>Accedi alla scheda tecnica<\/strong><\/p>\n<p>[\/vc_column_text][vc_btn title=&#8221;Taglio Muro Quattro&#8221; style=&#8221;3d&#8221; color=&#8221;primary&#8221; align=&#8221;center&#8221; i_icon_fontawesome=&#8221;far fa-file-pdf&#8221; add_icon=&#8221;true&#8221; link=&#8221;url:%2Fdl.php%3Ffile_url%3Dhttps%3A%2F%2Fwww.seatechnology.eu%2Fwp-content%2Fuploads%2F2021%2F11%2FTAGLIOMURO-QUATTRO-Sea-Technology.pdf&#8221; css=&#8221;.vc_custom_1637313885385{margin-top: 0px !important;margin-right: 0px !important;margin-bottom: 0px !important;margin-left: 0px !important;padding-top: 0px !important;padding-right: 0px !important;padding-bottom: 0px !important;padding-left: 0px !important;}&#8221;][\/vc_column_inner][\/vc_row_inner][\/vc_column][vc_column width=&#8221;2\/3&#8243;]<div class=\"headline font-inherit fontsize-inherit fontweight-700 lh-inherit align-center transform-uppercase head-descrizione\" style=\"\">DESCRIZIONE<\/div>[vc_column_text]Il TAGLIO MURO QUATTRO \u00e8 il disco per macchine tagliamuri prodotto con saldobrasatura pi\u00f9 veloce sul mercato. Creato per i clienti pi\u00f9 esigenti permette, grazie al design \u201dcon dente spezzato\u201d, di effettuare lavori di notevole superficie in poco tempo, garantendo comunque un ottima resa. Come il TAGLIO MURO TRE pu\u00f2 essere montato su qualsiasi tipo di macchina taglia muri.[\/vc_column_text]<div class=\"headline font-inherit fontsize-inherit fontweight-700 lh-inherit align-center transform-uppercase head-descrizione\" style=\"\">SCHEDA TECNICA<\/div>[vc_column_text]<\/p>\n<table class=\"table-seatechnology\">\n<tbody>\n<tr style=\"height: 50px;\">\n<td><\/td>\n<td style=\"width: 35%;\"><img loading=\"lazy\" decoding=\"async\" class=\" alignright size-full wp-image-40\" style=\"float: right;\" src=\"\/wp-content\/uploads\/2013\/11\/images_prodotti_squalo_sea.png\" alt=\"\" width=\"30\" height=\"32\" border=\"0\" \/><img loading=\"lazy\" decoding=\"async\" class=\" alignright size-full wp-image-40\" style=\"float: right;\" src=\"\/wp-content\/uploads\/2013\/11\/images_prodotti_squalo_sea.png\" alt=\"\" width=\"30\" height=\"32\" border=\"0\" \/><img loading=\"lazy\" decoding=\"async\" class=\" alignright size-full wp-image-40\" style=\"float: right;\" src=\"\/wp-content\/uploads\/2013\/11\/images_prodotti_squalo_sea.png\" alt=\"\" width=\"30\" height=\"32\" border=\"0\" \/><img loading=\"lazy\" decoding=\"async\" class=\" alignright size-full wp-image-40\" style=\"float: right;\" src=\"\/wp-content\/uploads\/2013\/11\/images_prodotti_squalo_sea.png\" alt=\"\" width=\"30\" height=\"32\" border=\"0\" \/><img loading=\"lazy\" decoding=\"async\" class=\" alignright size-full wp-image-40\" style=\"float: right;\" src=\"\/wp-content\/uploads\/2013\/11\/images_prodotti_squalo_sea.png\" alt=\"\" width=\"30\" height=\"32\" border=\"0\" \/><\/td>\n<td style=\"padding: 15px; width: 20%;\"><span style=\"font-size: medium;\">SUPER<\/span><\/td>\n<\/tr>\n<tr style=\"height: 50px;\">\n<td>\u00a0calcestruzzo armato<\/td>\n<td style=\"width: 35%;\"><img loading=\"lazy\" decoding=\"async\" class=\" alignright size-full wp-image-40\" style=\"float: right;\" src=\"\/wp-content\/uploads\/2013\/11\/images_prodotti_squalo_sea.png\" alt=\"\" width=\"30\" height=\"32\" border=\"0\" \/><img loading=\"lazy\" decoding=\"async\" class=\" alignright size-full wp-image-40\" style=\"float: right;\" src=\"\/wp-content\/uploads\/2013\/11\/images_prodotti_squalo_sea.png\" alt=\"\" width=\"30\" height=\"32\" border=\"0\" \/><img loading=\"lazy\" decoding=\"async\" class=\" alignright size-full wp-image-40\" style=\"float: right;\" src=\"\/wp-content\/uploads\/2013\/11\/images_prodotti_squalo_sea.png\" alt=\"\" width=\"30\" height=\"32\" border=\"0\" \/><img loading=\"lazy\" decoding=\"async\" class=\" alignright size-full wp-image-40\" style=\"float: right;\" src=\"\/wp-content\/uploads\/2013\/11\/images_prodotti_squalo_sea.png\" alt=\"\" width=\"30\" height=\"32\" border=\"0\" \/><\/td>\n<td style=\"padding: 15px; width: 20%;\"><span style=\"font-size: medium;\">OTTIMO\u00a0<\/span><\/td>\n<\/tr>\n<tr style=\"height: 50px;\">\n<td><\/td>\n<td style=\"width: 35%;\"><img loading=\"lazy\" decoding=\"async\" class=\" alignright size-full wp-image-40\" style=\"float: right;\" src=\"\/wp-content\/uploads\/2013\/11\/images_prodotti_squalo_sea.png\" alt=\"\" width=\"30\" height=\"32\" border=\"0\" \/><img loading=\"lazy\" decoding=\"async\" class=\" alignright size-full wp-image-40\" style=\"float: right;\" src=\"\/wp-content\/uploads\/2013\/11\/images_prodotti_squalo_sea.png\" alt=\"\" width=\"30\" height=\"32\" border=\"0\" \/><img loading=\"lazy\" decoding=\"async\" class=\" alignright size-full wp-image-40\" style=\"float: right;\" src=\"\/wp-content\/uploads\/2013\/11\/images_prodotti_squalo_sea.png\" alt=\"\" width=\"30\" height=\"32\" border=\"0\" \/><\/td>\n<td style=\"padding: 15px; width: 20%;\"><span style=\"font-size: medium;\">BUONO\u00a0<\/span><\/td>\n<\/tr>\n<tr style=\"height: 50px;\">\n<td><\/td>\n<td style=\"width: 35%;\">\u00a0<img loading=\"lazy\" decoding=\"async\" class=\" alignright size-full wp-image-40\" style=\"float: right;\" src=\"\/wp-content\/uploads\/2013\/11\/images_prodotti_squalo_sea.png\" alt=\"\" width=\"30\" height=\"32\" border=\"0\" \/><img loading=\"lazy\" decoding=\"async\" class=\" alignright size-full wp-image-40\" style=\"float: right;\" src=\"\/wp-content\/uploads\/2013\/11\/images_prodotti_squalo_sea.png\" alt=\"\" width=\"30\" height=\"32\" border=\"0\" \/><\/td>\n<td style=\"padding: 15px; width: 20%;\"><span style=\"font-size: medium;\">MEDIO\u00a0<\/span><\/td>\n<\/tr>\n<tr style=\"height: 50px;\">\n<td><\/td>\n<td style=\"width: 35%;\">\u00a0<img loading=\"lazy\" decoding=\"async\" class=\" alignright size-full wp-image-40\" style=\"float: right;\" src=\"\/wp-content\/uploads\/2013\/11\/images_prodotti_squalo_sea.png\" alt=\"\" width=\"30\" height=\"32\" border=\"0\" \/><\/td>\n<td style=\"padding: 15px; width: 20%;\"><span style=\"font-size: medium;\">SUFFICIENTE\u00a0<\/span><\/td>\n<\/tr>\n<tr style=\"height: 50px;\">\n<td><\/td>\n<td style=\"width: 35%;\"><\/td>\n<td style=\"padding: 15px; width: 20%;\"><span style=\"font-size: medium;\">INADATTO\u00a0<\/span><\/td>\n<\/tr>\n<\/tbody>\n<\/table>\n<p>[\/vc_column_text][vc_column_text]<\/p>\n<table class=\"table-seatechnology-bis\">\n<tbody>\n<tr>\n<td>CODICE<\/td>\n<td>DESCRIZIONE<\/td>\n<td>\u2205<\/td>\n<td>FORO<\/td>\n<td>SPESS. mm<\/td>\n<\/tr>\n<tr>\n<td>TM40600456<\/td>\n<td>DISCO DIAM. TAGLIOMURO QUATTRO<\/td>\n<td>600<\/td>\n<td>4,5<\/td>\n<td>60<\/td>\n<\/tr>\n<tr>\n<td>TM40600506<\/td>\n<td>DISCO DIAM. TAGLIOMURO QUATTRO<\/td>\n<td>600<\/td>\n<td>5,0<\/td>\n<td>60<\/td>\n<\/tr>\n<tr>\n<td>TM40650456<\/td>\n<td>DISCO DIAM. TAGLIOMURO QUATTRO<\/td>\n<td>650<\/td>\n<td>4,5<\/td>\n<td>60<\/td>\n<\/tr>\n<tr>\n<td>TM40650506<\/td>\n<td>DISCO DIAM. TAGLIOMURO QUATTRO<\/td>\n<td>650<\/td>\n<td>5,0<\/td>\n<td>60<\/td>\n<\/tr>\n<tr>\n<td>TM40700456<\/td>\n<td>DISCO DIAM. TAGLIOMURO QUATTRO<\/td>\n<td>700<\/td>\n<td>4,5<\/td>\n<td>60<\/td>\n<\/tr>\n<tr>\n<td>TM40700506<\/td>\n<td>DISCO DIAM. TAGLIOMURO QUATTRO<\/td>\n<td>700<\/td>\n<td>5,0<\/td>\n<td>60<\/td>\n<\/tr>\n<tr>\n<td>TM40750456<\/td>\n<td>DISCO DIAM. TAGLIOMURO QUATTRO<\/td>\n<td>750<\/td>\n<td>4,5<\/td>\n<td>60<\/td>\n<\/tr>\n<tr>\n<td>TM40750506<\/td>\n<td>DISCO DIAM. TAGLIOMURO QUATTRO<\/td>\n<td>750<\/td>\n<td>5,0<\/td>\n<td>60<\/td>\n<\/tr>\n<tr>\n<td>TM40800456<\/td>\n<td>DISCO DIAM. TAGLIOMURO QUATTRO<\/td>\n<td>800<\/td>\n<td>4,5<\/td>\n<td>60<\/td>\n<\/tr>\n<tr>\n<td>TM40800506<\/td>\n<td>DISCO DIAM. TAGLIOMURO QUATTRO<\/td>\n<td>800<\/td>\n<td>5,0<\/td>\n<td>60<\/td>\n<\/tr>\n<tr>\n<td>TM40900456<\/td>\n<td>DISCO DIAM. TAGLIOMURO QUATTRO<\/td>\n<td>900<\/td>\n<td>4,5<\/td>\n<td>60<\/td>\n<\/tr>\n<tr>\n<td>TM40900506<\/td>\n<td>DISCO DIAM. TAGLIOMURO QUATTRO<\/td>\n<td>900<\/td>\n<td>5,0<\/td>\n<td>60<\/td>\n<\/tr>\n<tr>\n<td>TM41000456<\/td>\n<td>DISCO DIAM. TAGLIOMURO QUATTRO<\/td>\n<td>1000<\/td>\n<td>4,5<\/td>\n<td>60<\/td>\n<\/tr>\n<tr>\n<td>TM41000506<\/td>\n<td>DISCO DIAM. TAGLIOMURO QUATTRO<\/td>\n<td>1000<\/td>\n<td>5,0<\/td>\n<td>60<\/td>\n<\/tr>\n<tr>\n<td>TM41100456<\/td>\n<td>DISCO DIAM. TAGLIOMURO QUATTRO<\/td>\n<td>1100<\/td>\n<td>4,5<\/td>\n<td>60<\/td>\n<\/tr>\n<tr>\n<td>TM41100506<\/td>\n<td>DISCO DIAM. TAGLIOMURO QUATTRO<\/td>\n<td>1100<\/td>\n<td>5,0<\/td>\n<td>60<\/td>\n<\/tr>\n<tr>\n<td>TM41200456<\/td>\n<td>DISCO DIAM. TAGLIOMURO QUATTRO<\/td>\n<td>1200<\/td>\n<td>4,5<\/td>\n<td>60<\/td>\n<\/tr>\n<tr>\n<td>TM41200506<\/td>\n<td>DISCO DIAM. TAGLIOMURO QUATTRO<\/td>\n<td>1200<\/td>\n<td>5,0<\/td>\n<td>60<\/td>\n<\/tr>\n<tr>\n<td>TM41300456<\/td>\n<td>DISCO DIAM. TAGLIOMURO QUATTRO<\/td>\n<td>1300<\/td>\n<td>4,5<\/td>\n<td>60<\/td>\n<\/tr>\n<tr>\n<td>TM41300506<\/td>\n<td>DISCO DIAM. TAGLIOMURO QUATTRO<\/td>\n<td>1300<\/td>\n<td>5,0<\/td>\n<td>60<\/td>\n<\/tr>\n<tr>\n<td>TM41400456<\/td>\n<td>DISCO DIAM. TAGLIOMURO QUATTRO<\/td>\n<td>1400<\/td>\n<td>4,5<\/td>\n<td>60<\/td>\n<\/tr>\n<tr>\n<td>TM41400506<\/td>\n<td>DISCO DIAM. TAGLIOMURO QUATTRO<\/td>\n<td>1400<\/td>\n<td>5,0<\/td>\n<td>60<\/td>\n<\/tr>\n<tr>\n<td>TM41600456<\/td>\n<td>DISCO DIAM. TAGLIOMURO QUATTRO<\/td>\n<td>1600<\/td>\n<td>4,5<\/td>\n<td>60<\/td>\n<\/tr>\n<tr>\n<td>TM41600506<\/td>\n<td>DISCO DIAM. TAGLIOMURO QUATTRO<\/td>\n<td>1600<\/td>\n<td>5,0<\/td>\n<td>60<\/td>\n<\/tr>\n<\/tbody>\n<\/table>\n<p>[\/vc_column_text][\/vc_column][\/vc_row]<\/p>\n<\/div>","protected":false},"excerpt":{"rendered":"<p>[vc_row text_align=&#8221;center&#8221; bottom_padding=&#8221;50&#8243;][vc_column width=&#8221;1\/1&#8243;][vc_column_text] TAGLIO MURO QUATTRO [\/vc_column_text][\/vc_column][\/vc_row][vc_row top_padding=&#8221;10&#8243; bottom_padding=&#8221;10&#8243;][vc_column width=&#8221;1\/3&#8243;][vc_row_inner][vc_column_inner][vc_column_text] Accedi alla scheda tecnica [\/vc_column_text][vc_btn title=&#8221;Taglio Muro Quattro&#8221; style=&#8221;3d&#8221; color=&#8221;primary&#8221; align=&#8221;center&#8221; i_icon_fontawesome=&#8221;far fa-file-pdf&#8221; add_icon=&#8221;true&#8221; link=&#8221;url:%2Fdl.php%3Ffile_url%3Dhttps%3A%2F%2Fwww.seatechnology.eu%2Fwp-content%2Fuploads%2F2021%2F11%2FTAGLIOMURO-QUATTRO-Sea-Technology.pdf&#8221; css=&#8221;.vc_custom_1637313885385{margin-top: 0px !important;margin-right: 0px !important;margin-bottom: 0px !important;margin-left: 0px !important;padding-top: 0px !important;padding-right: 0px !important;padding-bottom: 0px !important;padding-left: 0px !important;}&#8221;][\/vc_column_inner][\/vc_row_inner][\/vc_column][vc_column width=&#8221;2\/3&#8243;][vc_column_text]Il TAGLIO MURO QUATTRO \u00e8 il disco per macchine tagliamuri prodotto con saldobrasatura pi\u00f9 veloce sul mercato. Creato per i clienti pi\u00f9 esigenti permette, grazie al design \u201dcon dente spezzato\u201d, di effettuare lavori di notevole superficie in poco tempo, garantendo comunque un ottima resa. Come il TAGLIO MURO TRE pu\u00f2 essere montato su qualsiasi tipo di macchina taglia muri.[\/vc_column_text][vc_column_text] SUPER \u00a0calcestruzzo armato OTTIMO\u00a0 BUONO\u00a0 \u00a0 MEDIO\u00a0 \u00a0 SUFFICIENTE\u00a0 INADATTO\u00a0 [\/vc_column_text][vc_column_text] CODICE DESCRIZIONE \u2205 FORO SPESS. mm TM40600456 DISCO DIAM. TAGLIOMURO QUATTRO 600 4,5 60 TM40600506 DISCO DIAM. TAGLIOMURO QUATTRO 600 5,0 60 TM40650456 DISCO DIAM. TAGLIOMURO QUATTRO 650 4,5 60 TM40650506 DISCO DIAM. TAGLIOMURO QUATTRO 650 5,0 60 TM40700456 DISCO DIAM. TAGLIOMURO QUATTRO 700 4,5 60 TM40700506 DISCO DIAM. TAGLIOMURO QUATTRO 700 5,0 60 TM40750456 DISCO DIAM. TAGLIOMURO QUATTRO 750 4,5 60 TM40750506 DISCO DIAM. TAGLIOMURO QUATTRO 750 5,0 60 TM40800456 DISCO DIAM. TAGLIOMURO QUATTRO 800 4,5 60 TM40800506 DISCO DIAM. TAGLIOMURO QUATTRO 800 5,0 60 TM40900456 [&hellip;]<\/p>\n","protected":false},"author":3,"featured_media":4371,"parent":1161,"menu_order":4,"comment_status":"closed","ping_status":"closed","template":"","meta":{"inline_featured_image":false,"footnotes":""},"class_list":["post-312","page","type-page","status-publish","has-post-thumbnail","hentry"],"yoast_head":"<!-- This site is optimized with the Yoast SEO plugin v26.8 - https:\/\/yoast.com\/product\/yoast-seo-wordpress\/ -->\n<title>Taglio Muro Quattro - Sea Technology<\/title>\n<meta name=\"description\" content=\"Disco diamantato per macchine tagliamuri per demolizione controllata per taglio muri pavimenti\" \/>\n<meta name=\"robots\" content=\"index, follow, max-snippet:-1, max-image-preview:large, max-video-preview:-1\" \/>\n<link rel=\"canonical\" href=\"https:\/\/www.seatechnology.eu\/it\/demolizione-controllata\/taglio-muro-quattro\/\" \/>\n<meta property=\"og:locale\" content=\"it_IT\" \/>\n<meta property=\"og:type\" content=\"article\" \/>\n<meta property=\"og:title\" content=\"Taglio Muro Quattro - Sea Technology\" \/>\n<meta property=\"og:description\" content=\"Disco diamantato per macchine tagliamuri per demolizione controllata per taglio muri pavimenti\" \/>\n<meta property=\"og:url\" content=\"https:\/\/www.seatechnology.eu\/it\/demolizione-controllata\/taglio-muro-quattro\/\" \/>\n<meta property=\"og:site_name\" content=\"Sea Technology\" \/>\n<meta property=\"article:publisher\" content=\"https:\/\/www.facebook.com\/seatechnologyeu\/\" \/>\n<meta property=\"article:modified_time\" content=\"2023-07-07T10:06:40+00:00\" \/>\n<meta property=\"og:image\" content=\"https:\/\/www.seatechnology.eu\/wp-content\/uploads\/2021\/09\/Taglia-muro-Quattro.jpg\" \/>\n\t<meta property=\"og:image:width\" content=\"1500\" \/>\n\t<meta property=\"og:image:height\" content=\"1500\" \/>\n\t<meta property=\"og:image:type\" content=\"image\/jpeg\" \/>\n<meta name=\"twitter:card\" content=\"summary_large_image\" \/>\n<meta name=\"twitter:site\" content=\"@SeaTechnology_\" \/>\n<meta name=\"twitter:label1\" content=\"Tempo di lettura stimato\" \/>\n\t<meta name=\"twitter:data1\" content=\"5 minuti\" \/>\n<script type=\"application\/ld+json\" class=\"yoast-schema-graph\">{\"@context\":\"https:\/\/schema.org\",\"@graph\":[{\"@type\":\"WebPage\",\"@id\":\"https:\/\/www.seatechnology.eu\/it\/demolizione-controllata\/taglio-muro-quattro\/\",\"url\":\"https:\/\/www.seatechnology.eu\/it\/demolizione-controllata\/taglio-muro-quattro\/\",\"name\":\"Taglio Muro Quattro - Sea Technology\",\"isPartOf\":{\"@id\":\"https:\/\/www.seatechnology.eu\/it\/#website\"},\"primaryImageOfPage\":{\"@id\":\"https:\/\/www.seatechnology.eu\/it\/demolizione-controllata\/taglio-muro-quattro\/#primaryimage\"},\"image\":{\"@id\":\"https:\/\/www.seatechnology.eu\/it\/demolizione-controllata\/taglio-muro-quattro\/#primaryimage\"},\"thumbnailUrl\":\"https:\/\/www.seatechnology.eu\/wp-content\/uploads\/2021\/09\/Taglia-muro-Quattro.jpg\",\"datePublished\":\"2013-11-13T13:53:58+00:00\",\"dateModified\":\"2023-07-07T10:06:40+00:00\",\"description\":\"Disco diamantato per macchine tagliamuri per demolizione controllata per taglio muri pavimenti\",\"breadcrumb\":{\"@id\":\"https:\/\/www.seatechnology.eu\/it\/demolizione-controllata\/taglio-muro-quattro\/#breadcrumb\"},\"inLanguage\":\"it-IT\",\"potentialAction\":[{\"@type\":\"ReadAction\",\"target\":[\"https:\/\/www.seatechnology.eu\/it\/demolizione-controllata\/taglio-muro-quattro\/\"]}]},{\"@type\":\"ImageObject\",\"inLanguage\":\"it-IT\",\"@id\":\"https:\/\/www.seatechnology.eu\/it\/demolizione-controllata\/taglio-muro-quattro\/#primaryimage\",\"url\":\"https:\/\/www.seatechnology.eu\/wp-content\/uploads\/2021\/09\/Taglia-muro-Quattro.jpg\",\"contentUrl\":\"https:\/\/www.seatechnology.eu\/wp-content\/uploads\/2021\/09\/Taglia-muro-Quattro.jpg\",\"width\":1500,\"height\":1500},{\"@type\":\"BreadcrumbList\",\"@id\":\"https:\/\/www.seatechnology.eu\/it\/demolizione-controllata\/taglio-muro-quattro\/#breadcrumb\",\"itemListElement\":[{\"@type\":\"ListItem\",\"position\":1,\"name\":\"Home\",\"item\":\"https:\/\/www.seatechnology.eu\/it\/\"},{\"@type\":\"ListItem\",\"position\":2,\"name\":\"Demolizione controllata\",\"item\":\"https:\/\/www.seatechnology.eu\/it\/demolizione-controllata\/\"},{\"@type\":\"ListItem\",\"position\":3,\"name\":\"Taglio Muro Quattro\"}]},{\"@type\":\"WebSite\",\"@id\":\"https:\/\/www.seatechnology.eu\/it\/#website\",\"url\":\"https:\/\/www.seatechnology.eu\/it\/\",\"name\":\"Sea Technology\",\"description\":\"Experts in diamond tools, Since 1973\",\"publisher\":{\"@id\":\"https:\/\/www.seatechnology.eu\/it\/#organization\"},\"potentialAction\":[{\"@type\":\"SearchAction\",\"target\":{\"@type\":\"EntryPoint\",\"urlTemplate\":\"https:\/\/www.seatechnology.eu\/it\/?s={search_term_string}\"},\"query-input\":{\"@type\":\"PropertyValueSpecification\",\"valueRequired\":true,\"valueName\":\"search_term_string\"}}],\"inLanguage\":\"it-IT\"},{\"@type\":\"Organization\",\"@id\":\"https:\/\/www.seatechnology.eu\/it\/#organization\",\"name\":\"Sea Technology Srl\",\"url\":\"https:\/\/www.seatechnology.eu\/it\/\",\"logo\":{\"@type\":\"ImageObject\",\"inLanguage\":\"it-IT\",\"@id\":\"https:\/\/www.seatechnology.eu\/it\/#\/schema\/logo\/image\/\",\"url\":\"https:\/\/www.seatechnology.eu\/wp-content\/uploads\/2019\/09\/SeaTechnology-vertical-300px.png\",\"contentUrl\":\"https:\/\/www.seatechnology.eu\/wp-content\/uploads\/2019\/09\/SeaTechnology-vertical-300px.png\",\"width\":244,\"height\":266,\"caption\":\"Sea Technology Srl\"},\"image\":{\"@id\":\"https:\/\/www.seatechnology.eu\/it\/#\/schema\/logo\/image\/\"},\"sameAs\":[\"https:\/\/www.facebook.com\/seatechnologyeu\/\",\"https:\/\/x.com\/SeaTechnology_\",\"https:\/\/www.linkedin.com\/company\/sea-technology-srl\",\"https:\/\/www.youtube.com\/@seatechnology5754\"]}]}<\/script>\n<!-- \/ Yoast SEO plugin. -->","yoast_head_json":{"title":"Taglio Muro Quattro - Sea Technology","description":"Disco diamantato per macchine tagliamuri per demolizione controllata per taglio muri pavimenti","robots":{"index":"index","follow":"follow","max-snippet":"max-snippet:-1","max-image-preview":"max-image-preview:large","max-video-preview":"max-video-preview:-1"},"canonical":"https:\/\/www.seatechnology.eu\/it\/demolizione-controllata\/taglio-muro-quattro\/","og_locale":"it_IT","og_type":"article","og_title":"Taglio Muro Quattro - Sea Technology","og_description":"Disco diamantato per macchine tagliamuri per demolizione controllata per taglio muri pavimenti","og_url":"https:\/\/www.seatechnology.eu\/it\/demolizione-controllata\/taglio-muro-quattro\/","og_site_name":"Sea Technology","article_publisher":"https:\/\/www.facebook.com\/seatechnologyeu\/","article_modified_time":"2023-07-07T10:06:40+00:00","og_image":[{"width":1500,"height":1500,"url":"https:\/\/www.seatechnology.eu\/wp-content\/uploads\/2021\/09\/Taglia-muro-Quattro.jpg","type":"image\/jpeg"}],"twitter_card":"summary_large_image","twitter_site":"@SeaTechnology_","twitter_misc":{"Tempo di lettura stimato":"5 minuti"},"schema":{"@context":"https:\/\/schema.org","@graph":[{"@type":"WebPage","@id":"https:\/\/www.seatechnology.eu\/it\/demolizione-controllata\/taglio-muro-quattro\/","url":"https:\/\/www.seatechnology.eu\/it\/demolizione-controllata\/taglio-muro-quattro\/","name":"Taglio Muro Quattro - Sea Technology","isPartOf":{"@id":"https:\/\/www.seatechnology.eu\/it\/#website"},"primaryImageOfPage":{"@id":"https:\/\/www.seatechnology.eu\/it\/demolizione-controllata\/taglio-muro-quattro\/#primaryimage"},"image":{"@id":"https:\/\/www.seatechnology.eu\/it\/demolizione-controllata\/taglio-muro-quattro\/#primaryimage"},"thumbnailUrl":"https:\/\/www.seatechnology.eu\/wp-content\/uploads\/2021\/09\/Taglia-muro-Quattro.jpg","datePublished":"2013-11-13T13:53:58+00:00","dateModified":"2023-07-07T10:06:40+00:00","description":"Disco diamantato per macchine tagliamuri per demolizione controllata per taglio muri pavimenti","breadcrumb":{"@id":"https:\/\/www.seatechnology.eu\/it\/demolizione-controllata\/taglio-muro-quattro\/#breadcrumb"},"inLanguage":"it-IT","potentialAction":[{"@type":"ReadAction","target":["https:\/\/www.seatechnology.eu\/it\/demolizione-controllata\/taglio-muro-quattro\/"]}]},{"@type":"ImageObject","inLanguage":"it-IT","@id":"https:\/\/www.seatechnology.eu\/it\/demolizione-controllata\/taglio-muro-quattro\/#primaryimage","url":"https:\/\/www.seatechnology.eu\/wp-content\/uploads\/2021\/09\/Taglia-muro-Quattro.jpg","contentUrl":"https:\/\/www.seatechnology.eu\/wp-content\/uploads\/2021\/09\/Taglia-muro-Quattro.jpg","width":1500,"height":1500},{"@type":"BreadcrumbList","@id":"https:\/\/www.seatechnology.eu\/it\/demolizione-controllata\/taglio-muro-quattro\/#breadcrumb","itemListElement":[{"@type":"ListItem","position":1,"name":"Home","item":"https:\/\/www.seatechnology.eu\/it\/"},{"@type":"ListItem","position":2,"name":"Demolizione controllata","item":"https:\/\/www.seatechnology.eu\/it\/demolizione-controllata\/"},{"@type":"ListItem","position":3,"name":"Taglio Muro Quattro"}]},{"@type":"WebSite","@id":"https:\/\/www.seatechnology.eu\/it\/#website","url":"https:\/\/www.seatechnology.eu\/it\/","name":"Sea Technology","description":"Experts in diamond tools, Since 1973","publisher":{"@id":"https:\/\/www.seatechnology.eu\/it\/#organization"},"potentialAction":[{"@type":"SearchAction","target":{"@type":"EntryPoint","urlTemplate":"https:\/\/www.seatechnology.eu\/it\/?s={search_term_string}"},"query-input":{"@type":"PropertyValueSpecification","valueRequired":true,"valueName":"search_term_string"}}],"inLanguage":"it-IT"},{"@type":"Organization","@id":"https:\/\/www.seatechnology.eu\/it\/#organization","name":"Sea Technology Srl","url":"https:\/\/www.seatechnology.eu\/it\/","logo":{"@type":"ImageObject","inLanguage":"it-IT","@id":"https:\/\/www.seatechnology.eu\/it\/#\/schema\/logo\/image\/","url":"https:\/\/www.seatechnology.eu\/wp-content\/uploads\/2019\/09\/SeaTechnology-vertical-300px.png","contentUrl":"https:\/\/www.seatechnology.eu\/wp-content\/uploads\/2019\/09\/SeaTechnology-vertical-300px.png","width":244,"height":266,"caption":"Sea Technology Srl"},"image":{"@id":"https:\/\/www.seatechnology.eu\/it\/#\/schema\/logo\/image\/"},"sameAs":["https:\/\/www.facebook.com\/seatechnologyeu\/","https:\/\/x.com\/SeaTechnology_","https:\/\/www.linkedin.com\/company\/sea-technology-srl","https:\/\/www.youtube.com\/@seatechnology5754"]}]}},"_links":{"self":[{"href":"https:\/\/www.seatechnology.eu\/it\/wp-json\/wp\/v2\/pages\/312","targetHints":{"allow":["GET"]}}],"collection":[{"href":"https:\/\/www.seatechnology.eu\/it\/wp-json\/wp\/v2\/pages"}],"about":[{"href":"https:\/\/www.seatechnology.eu\/it\/wp-json\/wp\/v2\/types\/page"}],"author":[{"embeddable":true,"href":"https:\/\/www.seatechnology.eu\/it\/wp-json\/wp\/v2\/users\/3"}],"replies":[{"embeddable":true,"href":"https:\/\/www.seatechnology.eu\/it\/wp-json\/wp\/v2\/comments?post=312"}],"version-history":[{"count":0,"href":"https:\/\/www.seatechnology.eu\/it\/wp-json\/wp\/v2\/pages\/312\/revisions"}],"up":[{"embeddable":true,"href":"https:\/\/www.seatechnology.eu\/it\/wp-json\/wp\/v2\/pages\/1161"}],"wp:featuredmedia":[{"embeddable":true,"href":"https:\/\/www.seatechnology.eu\/it\/wp-json\/wp\/v2\/media\/4371"}],"wp:attachment":[{"href":"https:\/\/www.seatechnology.eu\/it\/wp-json\/wp\/v2\/media?parent=312"}],"curies":[{"name":"wp","href":"https:\/\/api.w.org\/{rel}","templated":true}]}}