{"id":444,"date":"2013-11-13T14:53:58","date_gmt":"2013-11-13T13:53:58","guid":{"rendered":"http:\/\/seatechnology.eu\/cer-sette-turbo\/"},"modified":"2021-11-19T10:36:14","modified_gmt":"2021-11-19T09:36:14","slug":"cer-sette-turbo","status":"publish","type":"page","link":"https:\/\/www.seatechnology.eu\/it\/dischi-per-ceramica\/cer-sette-turbo\/","title":{"rendered":"Cer Sette Turbo"},"content":{"rendered":"<div class=\"wpb-content-wrapper\"><p>[vc_row text_align=&#8221;center&#8221; bottom_padding=&#8221;50&#8243;][vc_column width=&#8221;1\/1&#8243;][vc_column_text]<\/p>\n<h1><span style=\"color: #009cde;\">CER SETTE TURBO<\/span><\/h1>\n<p>[\/vc_column_text][\/vc_column][\/vc_row][vc_row top_padding=&#8221;10&#8243; bottom_padding=&#8221;10&#8243;][vc_column width=&#8221;1\/3&#8243;]<div class=\"single_image wpb_content_element align-left  animate image_box_shadow image_opacity \" data-animation=\"fade-in-from-top\" data-delay=\"300\"><a href=\"https:\/\/www.seatechnology.eu\/wp-content\/uploads\/2021\/09\/cer-sette-turbo.jpg\" class=\"prettyPhoto\" rel=\"prettyPhoto[image]\"><img loading=\"lazy\" decoding=\"async\" width=\"1504\" height=\"1500\" src=\"https:\/\/www.seatechnology.eu\/wp-content\/uploads\/2021\/09\/cer-sette-turbo.jpg\" class=\"attachment-full\" alt=\"\" title=\"cer sette turbo\" srcset=\"https:\/\/www.seatechnology.eu\/wp-content\/uploads\/2021\/09\/cer-sette-turbo.jpg 1504w, https:\/\/www.seatechnology.eu\/wp-content\/uploads\/2021\/09\/cer-sette-turbo-600x598.jpg 600w, https:\/\/www.seatechnology.eu\/wp-content\/uploads\/2021\/09\/cer-sette-turbo-1200x1197.jpg 1200w, https:\/\/www.seatechnology.eu\/wp-content\/uploads\/2021\/09\/cer-sette-turbo-300x300.jpg 300w, https:\/\/www.seatechnology.eu\/wp-content\/uploads\/2021\/09\/cer-sette-turbo-768x766.jpg 768w, https:\/\/www.seatechnology.eu\/wp-content\/uploads\/2021\/09\/cer-sette-turbo-80x80.jpg 80w, https:\/\/www.seatechnology.eu\/wp-content\/uploads\/2021\/09\/cer-sette-turbo-500x500.jpg 500w\" sizes=\"auto, (max-width: 1504px) 100vw, 1504px\" \/><\/a><\/div>[vc_column_text el_class=&#8221;evidence-seatechnology&#8221;]SPESSORE<br \/>\n1,2 mm[\/vc_column_text][vc_row_inner][vc_column_inner][vc_empty_space][vc_column_text]<\/p>\n<p style=\"text-align: center;\"><strong>Accedi alla scheda tecnica<\/strong><\/p>\n<p>[\/vc_column_text][vc_btn title=&#8221;Cer Sette Turbo&#8221; style=&#8221;3d&#8221; color=&#8221;primary&#8221; align=&#8221;center&#8221; i_icon_fontawesome=&#8221;far fa-file-pdf&#8221; add_icon=&#8221;true&#8221; link=&#8221;url:%2Fdl.php%3Ffile_url%3Dhttps%3A%2F%2Fwww.seatechnology.eu%2Fwp-content%2Fuploads%2F2021%2F11%2FCER-SETTE-TURBO-Sea-Technology.pdf&#8221; css=&#8221;.vc_custom_1637314570943{margin-top: 0px !important;margin-right: 0px !important;margin-bottom: 0px !important;margin-left: 0px !important;padding-top: 0px !important;padding-right: 0px !important;padding-bottom: 0px !important;padding-left: 0px !important;}&#8221;][\/vc_column_inner][\/vc_row_inner][\/vc_column][vc_column width=&#8221;2\/3&#8243;]<div class=\"headline font-inherit fontsize-inherit fontweight-700 lh-inherit align-center transform-uppercase head-descrizione\" style=\"\">DESCRIZIONE<\/div>[vc_column_text]Il disco CER SETTE TURBO, ultimo nato della gamma dei prodotti per il taglio del gres porcellanato, si distingue dagli altri dischi presenti sul mercato per le notevoli prestazioni. Sviluppato per il taglio dei gres di ultima generazione cotti ad altissime temperature, \u00e8 in grado di garantire una velocit\u00e0 di esecuzione superiore del 30% rispetto al CER CINQUE TURBO, disco tra i pi\u00f9 performanti in commercio, e di assicurare una resa superiore del 50% grazie all\u2019altezza 12 mm del diamante.[\/vc_column_text]<div class=\"headline font-inherit fontsize-inherit fontweight-700 lh-inherit align-center transform-uppercase head-descrizione\" style=\"\">SCHEDA TECNICA<\/div>[vc_column_text]<\/p>\n<table class=\"table-seatechnology\">\n<tbody>\n<tr style=\"height: 50px;\">\n<td>marmi, bicottura, monocottura, gres porcellanato, klinker<\/td>\n<td style=\"width: 35%;\"><img loading=\"lazy\" decoding=\"async\" class=\" alignright size-full wp-image-40\" style=\"float: right;\" src=\"\/wp-content\/uploads\/2016\/12\/images_prodotti_squalo_sea_red.png\" alt=\"\" width=\"30\" height=\"32\" border=\"0\" \/><img loading=\"lazy\" decoding=\"async\" class=\" alignright size-full wp-image-40\" style=\"float: right;\" src=\"\/wp-content\/uploads\/2016\/12\/images_prodotti_squalo_sea_red.png\" alt=\"\" width=\"30\" height=\"32\" border=\"0\" \/><img loading=\"lazy\" decoding=\"async\" class=\" alignright size-full wp-image-40\" style=\"float: right;\" src=\"\/wp-content\/uploads\/2016\/12\/images_prodotti_squalo_sea_red.png\" alt=\"\" width=\"30\" height=\"32\" border=\"0\" \/><img loading=\"lazy\" decoding=\"async\" class=\" alignright size-full wp-image-40\" style=\"float: right;\" src=\"\/wp-content\/uploads\/2016\/12\/images_prodotti_squalo_sea_red.png\" alt=\"\" width=\"30\" height=\"32\" border=\"0\" \/><img loading=\"lazy\" decoding=\"async\" class=\" alignright size-full wp-image-40\" style=\"float: right;\" src=\"\/wp-content\/uploads\/2016\/12\/images_prodotti_squalo_sea_red.png\" alt=\"\" width=\"30\" height=\"32\" border=\"0\" \/><\/td>\n<td style=\"padding: 15px; width: 20%;\"><span style=\"font-size: medium;\">SUPER<\/span><\/td>\n<\/tr>\n<tr style=\"height: 50px;\">\n<td>graniti, pietre naturali, porfidi<\/td>\n<td style=\"width: 35%;\"><img loading=\"lazy\" decoding=\"async\" class=\" alignright size-full wp-image-40\" style=\"float: right;\" src=\"\/wp-content\/uploads\/2013\/11\/images_prodotti_squalo_sea.png\" alt=\"\" width=\"30\" height=\"32\" border=\"0\" \/><img loading=\"lazy\" decoding=\"async\" class=\" alignright size-full wp-image-40\" style=\"float: right;\" src=\"\/wp-content\/uploads\/2013\/11\/images_prodotti_squalo_sea.png\" alt=\"\" width=\"30\" height=\"32\" border=\"0\" \/><img loading=\"lazy\" decoding=\"async\" class=\" alignright size-full wp-image-40\" style=\"float: right;\" src=\"\/wp-content\/uploads\/2013\/11\/images_prodotti_squalo_sea.png\" alt=\"\" width=\"30\" height=\"32\" border=\"0\" \/><img loading=\"lazy\" decoding=\"async\" class=\" alignright size-full wp-image-40\" style=\"float: right;\" src=\"\/wp-content\/uploads\/2013\/11\/images_prodotti_squalo_sea.png\" alt=\"\" width=\"30\" height=\"32\" border=\"0\" \/><\/td>\n<td style=\"padding: 15px; width: 20%;\"><span style=\"font-size: medium;\">OTTIMO\u00a0<\/span><\/td>\n<\/tr>\n<tr style=\"height: 50px;\">\n<td><\/td>\n<td style=\"width: 35%;\"><img loading=\"lazy\" decoding=\"async\" class=\" alignright size-full wp-image-40\" style=\"float: right;\" src=\"\/wp-content\/uploads\/2013\/11\/images_prodotti_squalo_sea.png\" alt=\"\" width=\"30\" height=\"32\" border=\"0\" \/><img loading=\"lazy\" decoding=\"async\" class=\" alignright size-full wp-image-40\" style=\"float: right;\" src=\"\/wp-content\/uploads\/2013\/11\/images_prodotti_squalo_sea.png\" alt=\"\" width=\"30\" height=\"32\" border=\"0\" \/><img loading=\"lazy\" decoding=\"async\" class=\" alignright size-full wp-image-40\" style=\"float: right;\" src=\"\/wp-content\/uploads\/2013\/11\/images_prodotti_squalo_sea.png\" alt=\"\" width=\"30\" height=\"32\" border=\"0\" \/><\/td>\n<td style=\"padding: 15px; width: 20%;\"><span style=\"font-size: medium;\">BUONO\u00a0<\/span><\/td>\n<\/tr>\n<tr style=\"height: 50px;\">\n<td><\/td>\n<td style=\"width: 35%;\">\u00a0<img loading=\"lazy\" decoding=\"async\" class=\" alignright size-full wp-image-40\" style=\"float: right;\" src=\"\/wp-content\/uploads\/2013\/11\/images_prodotti_squalo_sea.png\" alt=\"\" width=\"30\" height=\"32\" border=\"0\" \/><img loading=\"lazy\" decoding=\"async\" class=\" alignright size-full wp-image-40\" style=\"float: right;\" src=\"\/wp-content\/uploads\/2013\/11\/images_prodotti_squalo_sea.png\" alt=\"\" width=\"30\" height=\"32\" border=\"0\" \/><\/td>\n<td style=\"padding: 15px; width: 20%;\"><span style=\"font-size: medium;\">MEDIO\u00a0<\/span><\/td>\n<\/tr>\n<tr style=\"height: 50px;\">\n<td><\/td>\n<td style=\"width: 35%;\">\u00a0<img loading=\"lazy\" decoding=\"async\" class=\" alignright size-full wp-image-40\" style=\"float: right;\" src=\"\/wp-content\/uploads\/2013\/11\/images_prodotti_squalo_sea.png\" alt=\"\" width=\"30\" height=\"32\" border=\"0\" \/><\/td>\n<td style=\"padding: 15px; width: 20%;\"><span style=\"font-size: medium;\">SUFFICIENTE\u00a0<\/span><\/td>\n<\/tr>\n<tr style=\"height: 50px;\">\n<td>cemento stagionato, laterizi, tegole, calcestruzzo, refrattari, arenaria, piastre ghiaino, cemento fresco, asfalto<\/td>\n<td style=\"width: 35%;\"><\/td>\n<td style=\"padding: 15px; width: 20%;\"><span style=\"font-size: medium;\">INADATTO\u00a0<\/span><\/td>\n<\/tr>\n<\/tbody>\n<\/table>\n<p>[\/vc_column_text][vc_column_text]<\/p>\n<table class=\"table-seatechnology-bis\">\n<tbody>\n<tr>\n<td>CODICE<\/td>\n<td>\u2205<\/td>\n<td>FORO<\/td>\n<td>SPESS. mm<\/td>\n<td>ALT. mm<\/td>\n<td>USO<\/td>\n<\/tr>\n<tr>\n<td>C7115SF<\/td>\n<td>115<\/td>\n<td>22,2<\/td>\n<td>1,2<\/td>\n<td>12<\/td>\n<td>A SECCO<\/td>\n<\/tr>\n<tr>\n<td>C7115CR<\/td>\n<td>115<\/td>\n<td>22,2<\/td>\n<td>1,2<\/td>\n<td>12<\/td>\n<td>A SECCO<\/td>\n<\/tr>\n<tr>\n<td>C7125SF<\/td>\n<td>125<\/td>\n<td>22,2<\/td>\n<td>1,2<\/td>\n<td>12<\/td>\n<td>A SECCO<\/td>\n<\/tr>\n<tr>\n<td>C7125CR<\/td>\n<td>125<\/td>\n<td>22,2<\/td>\n<td>1,2<\/td>\n<td>12<\/td>\n<td>A SECCO<\/td>\n<\/tr>\n<\/tbody>\n<\/table>\n<p>[\/vc_column_text][\/vc_column][\/vc_row]<\/p>\n<\/div>","protected":false},"excerpt":{"rendered":"<p>[vc_row text_align=&#8221;center&#8221; bottom_padding=&#8221;50&#8243;][vc_column width=&#8221;1\/1&#8243;][vc_column_text] CER SETTE TURBO [\/vc_column_text][\/vc_column][\/vc_row][vc_row top_padding=&#8221;10&#8243; bottom_padding=&#8221;10&#8243;][vc_column width=&#8221;1\/3&#8243;][vc_column_text el_class=&#8221;evidence-seatechnology&#8221;]SPESSORE 1,2 mm[\/vc_column_text][vc_row_inner][vc_column_inner][vc_empty_space][vc_column_text] Accedi alla scheda tecnica [\/vc_column_text][vc_btn title=&#8221;Cer Sette Turbo&#8221; style=&#8221;3d&#8221; color=&#8221;primary&#8221; align=&#8221;center&#8221; i_icon_fontawesome=&#8221;far fa-file-pdf&#8221; add_icon=&#8221;true&#8221; link=&#8221;url:%2Fdl.php%3Ffile_url%3Dhttps%3A%2F%2Fwww.seatechnology.eu%2Fwp-content%2Fuploads%2F2021%2F11%2FCER-SETTE-TURBO-Sea-Technology.pdf&#8221; css=&#8221;.vc_custom_1637314570943{margin-top: 0px !important;margin-right: 0px !important;margin-bottom: 0px !important;margin-left: 0px !important;padding-top: 0px !important;padding-right: 0px !important;padding-bottom: 0px !important;padding-left: 0px !important;}&#8221;][\/vc_column_inner][\/vc_row_inner][\/vc_column][vc_column width=&#8221;2\/3&#8243;][vc_column_text]Il disco CER SETTE TURBO, ultimo nato della gamma dei prodotti per il taglio del gres porcellanato, si distingue dagli altri dischi presenti sul mercato per le notevoli prestazioni. Sviluppato per il taglio dei gres di ultima generazione cotti ad altissime temperature, \u00e8 in grado di garantire una velocit\u00e0 di esecuzione superiore del 30% rispetto al CER CINQUE TURBO, disco tra i pi\u00f9 performanti in commercio, e di assicurare una resa superiore del 50% grazie all\u2019altezza 12 mm del diamante.[\/vc_column_text][vc_column_text] marmi, bicottura, monocottura, gres porcellanato, klinker SUPER graniti, pietre naturali, porfidi OTTIMO\u00a0 BUONO\u00a0 \u00a0 MEDIO\u00a0 \u00a0 SUFFICIENTE\u00a0 cemento stagionato, laterizi, tegole, calcestruzzo, refrattari, arenaria, piastre ghiaino, cemento fresco, asfalto INADATTO\u00a0 [\/vc_column_text][vc_column_text] CODICE \u2205 FORO SPESS. mm ALT. mm USO C7115SF 115 22,2 1,2 12 A SECCO C7115CR 115 22,2 1,2 12 A SECCO C7125SF 125 22,2 1,2 12 A SECCO C7125CR 125 22,2 1,2 12 A SECCO [\/vc_column_text][\/vc_column][\/vc_row]<\/p>\n","protected":false},"author":3,"featured_media":4214,"parent":4485,"menu_order":1,"comment_status":"closed","ping_status":"closed","template":"","meta":{"inline_featured_image":false,"footnotes":""},"class_list":["post-444","page","type-page","status-publish","has-post-thumbnail","hentry"],"yoast_head":"<!-- This site is optimized with the Yoast SEO plugin v26.8 - https:\/\/yoast.com\/product\/yoast-seo-wordpress\/ -->\n<title>Cer Sette Turbo - Sea Technology<\/title>\n<meta name=\"description\" content=\"Disco diamantato turbo ideale per il taglio di marmi bicottura monocottura gres porcellanato klinker graniti pietre naturali porfidi\" \/>\n<meta name=\"robots\" content=\"index, follow, max-snippet:-1, max-image-preview:large, max-video-preview:-1\" \/>\n<link rel=\"canonical\" href=\"https:\/\/www.seatechnology.eu\/it\/dischi-per-ceramica\/cer-sette-turbo\/\" \/>\n<meta property=\"og:locale\" content=\"it_IT\" \/>\n<meta property=\"og:type\" content=\"article\" \/>\n<meta property=\"og:title\" content=\"Cer Sette Turbo - Sea Technology\" \/>\n<meta property=\"og:description\" content=\"Disco diamantato turbo ideale per il taglio di marmi bicottura monocottura gres porcellanato klinker graniti pietre naturali porfidi\" \/>\n<meta property=\"og:url\" content=\"https:\/\/www.seatechnology.eu\/it\/dischi-per-ceramica\/cer-sette-turbo\/\" \/>\n<meta property=\"og:site_name\" content=\"Sea Technology\" \/>\n<meta property=\"article:publisher\" content=\"https:\/\/www.facebook.com\/seatechnologyeu\/\" \/>\n<meta property=\"article:modified_time\" content=\"2021-11-19T09:36:14+00:00\" \/>\n<meta property=\"og:image\" content=\"https:\/\/www.seatechnology.eu\/wp-content\/uploads\/2021\/09\/cer-sette-turbo.jpg\" \/>\n\t<meta property=\"og:image:width\" content=\"1504\" \/>\n\t<meta property=\"og:image:height\" content=\"1500\" \/>\n\t<meta property=\"og:image:type\" content=\"image\/jpeg\" \/>\n<meta name=\"twitter:card\" content=\"summary_large_image\" \/>\n<meta name=\"twitter:site\" content=\"@SeaTechnology_\" \/>\n<meta name=\"twitter:label1\" content=\"Tempo di lettura stimato\" \/>\n\t<meta name=\"twitter:data1\" content=\"4 minuti\" \/>\n<script type=\"application\/ld+json\" class=\"yoast-schema-graph\">{\"@context\":\"https:\/\/schema.org\",\"@graph\":[{\"@type\":\"WebPage\",\"@id\":\"https:\/\/www.seatechnology.eu\/it\/dischi-per-ceramica\/cer-sette-turbo\/\",\"url\":\"https:\/\/www.seatechnology.eu\/it\/dischi-per-ceramica\/cer-sette-turbo\/\",\"name\":\"Cer Sette Turbo - Sea Technology\",\"isPartOf\":{\"@id\":\"https:\/\/www.seatechnology.eu\/it\/#website\"},\"primaryImageOfPage\":{\"@id\":\"https:\/\/www.seatechnology.eu\/it\/dischi-per-ceramica\/cer-sette-turbo\/#primaryimage\"},\"image\":{\"@id\":\"https:\/\/www.seatechnology.eu\/it\/dischi-per-ceramica\/cer-sette-turbo\/#primaryimage\"},\"thumbnailUrl\":\"https:\/\/www.seatechnology.eu\/wp-content\/uploads\/2021\/09\/cer-sette-turbo.jpg\",\"datePublished\":\"2013-11-13T13:53:58+00:00\",\"dateModified\":\"2021-11-19T09:36:14+00:00\",\"description\":\"Disco diamantato turbo ideale per il taglio di marmi bicottura monocottura gres porcellanato klinker graniti pietre naturali porfidi\",\"breadcrumb\":{\"@id\":\"https:\/\/www.seatechnology.eu\/it\/dischi-per-ceramica\/cer-sette-turbo\/#breadcrumb\"},\"inLanguage\":\"it-IT\",\"potentialAction\":[{\"@type\":\"ReadAction\",\"target\":[\"https:\/\/www.seatechnology.eu\/it\/dischi-per-ceramica\/cer-sette-turbo\/\"]}]},{\"@type\":\"ImageObject\",\"inLanguage\":\"it-IT\",\"@id\":\"https:\/\/www.seatechnology.eu\/it\/dischi-per-ceramica\/cer-sette-turbo\/#primaryimage\",\"url\":\"https:\/\/www.seatechnology.eu\/wp-content\/uploads\/2021\/09\/cer-sette-turbo.jpg\",\"contentUrl\":\"https:\/\/www.seatechnology.eu\/wp-content\/uploads\/2021\/09\/cer-sette-turbo.jpg\",\"width\":1504,\"height\":1500},{\"@type\":\"BreadcrumbList\",\"@id\":\"https:\/\/www.seatechnology.eu\/it\/dischi-per-ceramica\/cer-sette-turbo\/#breadcrumb\",\"itemListElement\":[{\"@type\":\"ListItem\",\"position\":1,\"name\":\"Home\",\"item\":\"https:\/\/www.seatechnology.eu\/it\/\"},{\"@type\":\"ListItem\",\"position\":2,\"name\":\"Dischi per Ceramica\",\"item\":\"https:\/\/www.seatechnology.eu\/it\/dischi-per-ceramica\/\"},{\"@type\":\"ListItem\",\"position\":3,\"name\":\"Cer Sette Turbo\"}]},{\"@type\":\"WebSite\",\"@id\":\"https:\/\/www.seatechnology.eu\/it\/#website\",\"url\":\"https:\/\/www.seatechnology.eu\/it\/\",\"name\":\"Sea Technology\",\"description\":\"Experts in diamond tools, Since 1973\",\"publisher\":{\"@id\":\"https:\/\/www.seatechnology.eu\/it\/#organization\"},\"potentialAction\":[{\"@type\":\"SearchAction\",\"target\":{\"@type\":\"EntryPoint\",\"urlTemplate\":\"https:\/\/www.seatechnology.eu\/it\/?s={search_term_string}\"},\"query-input\":{\"@type\":\"PropertyValueSpecification\",\"valueRequired\":true,\"valueName\":\"search_term_string\"}}],\"inLanguage\":\"it-IT\"},{\"@type\":\"Organization\",\"@id\":\"https:\/\/www.seatechnology.eu\/it\/#organization\",\"name\":\"Sea Technology Srl\",\"url\":\"https:\/\/www.seatechnology.eu\/it\/\",\"logo\":{\"@type\":\"ImageObject\",\"inLanguage\":\"it-IT\",\"@id\":\"https:\/\/www.seatechnology.eu\/it\/#\/schema\/logo\/image\/\",\"url\":\"https:\/\/www.seatechnology.eu\/wp-content\/uploads\/2019\/09\/SeaTechnology-vertical-300px.png\",\"contentUrl\":\"https:\/\/www.seatechnology.eu\/wp-content\/uploads\/2019\/09\/SeaTechnology-vertical-300px.png\",\"width\":244,\"height\":266,\"caption\":\"Sea Technology Srl\"},\"image\":{\"@id\":\"https:\/\/www.seatechnology.eu\/it\/#\/schema\/logo\/image\/\"},\"sameAs\":[\"https:\/\/www.facebook.com\/seatechnologyeu\/\",\"https:\/\/x.com\/SeaTechnology_\",\"https:\/\/www.linkedin.com\/company\/sea-technology-srl\",\"https:\/\/www.youtube.com\/@seatechnology5754\"]}]}<\/script>\n<!-- \/ Yoast SEO plugin. -->","yoast_head_json":{"title":"Cer Sette Turbo - Sea Technology","description":"Disco diamantato turbo ideale per il taglio di marmi bicottura monocottura gres porcellanato klinker graniti pietre naturali porfidi","robots":{"index":"index","follow":"follow","max-snippet":"max-snippet:-1","max-image-preview":"max-image-preview:large","max-video-preview":"max-video-preview:-1"},"canonical":"https:\/\/www.seatechnology.eu\/it\/dischi-per-ceramica\/cer-sette-turbo\/","og_locale":"it_IT","og_type":"article","og_title":"Cer Sette Turbo - Sea Technology","og_description":"Disco diamantato turbo ideale per il taglio di marmi bicottura monocottura gres porcellanato klinker graniti pietre naturali porfidi","og_url":"https:\/\/www.seatechnology.eu\/it\/dischi-per-ceramica\/cer-sette-turbo\/","og_site_name":"Sea Technology","article_publisher":"https:\/\/www.facebook.com\/seatechnologyeu\/","article_modified_time":"2021-11-19T09:36:14+00:00","og_image":[{"width":1504,"height":1500,"url":"https:\/\/www.seatechnology.eu\/wp-content\/uploads\/2021\/09\/cer-sette-turbo.jpg","type":"image\/jpeg"}],"twitter_card":"summary_large_image","twitter_site":"@SeaTechnology_","twitter_misc":{"Tempo di lettura stimato":"4 minuti"},"schema":{"@context":"https:\/\/schema.org","@graph":[{"@type":"WebPage","@id":"https:\/\/www.seatechnology.eu\/it\/dischi-per-ceramica\/cer-sette-turbo\/","url":"https:\/\/www.seatechnology.eu\/it\/dischi-per-ceramica\/cer-sette-turbo\/","name":"Cer Sette Turbo - Sea Technology","isPartOf":{"@id":"https:\/\/www.seatechnology.eu\/it\/#website"},"primaryImageOfPage":{"@id":"https:\/\/www.seatechnology.eu\/it\/dischi-per-ceramica\/cer-sette-turbo\/#primaryimage"},"image":{"@id":"https:\/\/www.seatechnology.eu\/it\/dischi-per-ceramica\/cer-sette-turbo\/#primaryimage"},"thumbnailUrl":"https:\/\/www.seatechnology.eu\/wp-content\/uploads\/2021\/09\/cer-sette-turbo.jpg","datePublished":"2013-11-13T13:53:58+00:00","dateModified":"2021-11-19T09:36:14+00:00","description":"Disco diamantato turbo ideale per il taglio di marmi bicottura monocottura gres porcellanato klinker graniti pietre naturali porfidi","breadcrumb":{"@id":"https:\/\/www.seatechnology.eu\/it\/dischi-per-ceramica\/cer-sette-turbo\/#breadcrumb"},"inLanguage":"it-IT","potentialAction":[{"@type":"ReadAction","target":["https:\/\/www.seatechnology.eu\/it\/dischi-per-ceramica\/cer-sette-turbo\/"]}]},{"@type":"ImageObject","inLanguage":"it-IT","@id":"https:\/\/www.seatechnology.eu\/it\/dischi-per-ceramica\/cer-sette-turbo\/#primaryimage","url":"https:\/\/www.seatechnology.eu\/wp-content\/uploads\/2021\/09\/cer-sette-turbo.jpg","contentUrl":"https:\/\/www.seatechnology.eu\/wp-content\/uploads\/2021\/09\/cer-sette-turbo.jpg","width":1504,"height":1500},{"@type":"BreadcrumbList","@id":"https:\/\/www.seatechnology.eu\/it\/dischi-per-ceramica\/cer-sette-turbo\/#breadcrumb","itemListElement":[{"@type":"ListItem","position":1,"name":"Home","item":"https:\/\/www.seatechnology.eu\/it\/"},{"@type":"ListItem","position":2,"name":"Dischi per Ceramica","item":"https:\/\/www.seatechnology.eu\/it\/dischi-per-ceramica\/"},{"@type":"ListItem","position":3,"name":"Cer Sette Turbo"}]},{"@type":"WebSite","@id":"https:\/\/www.seatechnology.eu\/it\/#website","url":"https:\/\/www.seatechnology.eu\/it\/","name":"Sea Technology","description":"Experts in diamond tools, Since 1973","publisher":{"@id":"https:\/\/www.seatechnology.eu\/it\/#organization"},"potentialAction":[{"@type":"SearchAction","target":{"@type":"EntryPoint","urlTemplate":"https:\/\/www.seatechnology.eu\/it\/?s={search_term_string}"},"query-input":{"@type":"PropertyValueSpecification","valueRequired":true,"valueName":"search_term_string"}}],"inLanguage":"it-IT"},{"@type":"Organization","@id":"https:\/\/www.seatechnology.eu\/it\/#organization","name":"Sea Technology Srl","url":"https:\/\/www.seatechnology.eu\/it\/","logo":{"@type":"ImageObject","inLanguage":"it-IT","@id":"https:\/\/www.seatechnology.eu\/it\/#\/schema\/logo\/image\/","url":"https:\/\/www.seatechnology.eu\/wp-content\/uploads\/2019\/09\/SeaTechnology-vertical-300px.png","contentUrl":"https:\/\/www.seatechnology.eu\/wp-content\/uploads\/2019\/09\/SeaTechnology-vertical-300px.png","width":244,"height":266,"caption":"Sea Technology Srl"},"image":{"@id":"https:\/\/www.seatechnology.eu\/it\/#\/schema\/logo\/image\/"},"sameAs":["https:\/\/www.facebook.com\/seatechnologyeu\/","https:\/\/x.com\/SeaTechnology_","https:\/\/www.linkedin.com\/company\/sea-technology-srl","https:\/\/www.youtube.com\/@seatechnology5754"]}]}},"_links":{"self":[{"href":"https:\/\/www.seatechnology.eu\/it\/wp-json\/wp\/v2\/pages\/444","targetHints":{"allow":["GET"]}}],"collection":[{"href":"https:\/\/www.seatechnology.eu\/it\/wp-json\/wp\/v2\/pages"}],"about":[{"href":"https:\/\/www.seatechnology.eu\/it\/wp-json\/wp\/v2\/types\/page"}],"author":[{"embeddable":true,"href":"https:\/\/www.seatechnology.eu\/it\/wp-json\/wp\/v2\/users\/3"}],"replies":[{"embeddable":true,"href":"https:\/\/www.seatechnology.eu\/it\/wp-json\/wp\/v2\/comments?post=444"}],"version-history":[{"count":0,"href":"https:\/\/www.seatechnology.eu\/it\/wp-json\/wp\/v2\/pages\/444\/revisions"}],"up":[{"embeddable":true,"href":"https:\/\/www.seatechnology.eu\/it\/wp-json\/wp\/v2\/pages\/4485"}],"wp:featuredmedia":[{"embeddable":true,"href":"https:\/\/www.seatechnology.eu\/it\/wp-json\/wp\/v2\/media\/4214"}],"wp:attachment":[{"href":"https:\/\/www.seatechnology.eu\/it\/wp-json\/wp\/v2\/media?parent=444"}],"curies":[{"name":"wp","href":"https:\/\/api.w.org\/{rel}","templated":true}]}}