{"id":4694,"date":"2021-09-27T12:04:09","date_gmt":"2021-09-27T10:04:09","guid":{"rendered":"https:\/\/www.seatechnology.eu\/?page_id=4694"},"modified":"2024-04-10T09:57:41","modified_gmt":"2024-04-10T07:57:41","slug":"seafloor-500-d","status":"publish","type":"page","link":"https:\/\/www.seatechnology.eu\/it\/mototagliatrici-e-tagliasuolo\/seafloor-500-d\/","title":{"rendered":"Seafloor 500 D"},"content":{"rendered":"<div class=\"wpb-content-wrapper\"><p>[vc_row text_align=&#8221;center&#8221; bottom_padding=&#8221;50&#8243;][vc_column width=&#8221;1\/1&#8243;][vc_column_text]<\/p>\n<h1><span style=\"color: #009cde;\">SEAFLOOR 500 D<\/span><\/h1>\n<p>[\/vc_column_text][\/vc_column][\/vc_row][vc_row top_padding=&#8221;10&#8243; bottom_padding=&#8221;10&#8243;][vc_column width=&#8221;1\/3&#8243;]<div class=\"single_image wpb_content_element align-left  animate image_box_shadow image_opacity \" data-animation=\"fade-in-from-top\" data-delay=\"300\"><a href=\"https:\/\/www.seatechnology.eu\/wp-content\/uploads\/2022\/05\/seafloor-500-D-2022.jpg\" class=\"prettyPhoto\" rel=\"prettyPhoto[image]\"><img loading=\"lazy\" decoding=\"async\" width=\"1500\" height=\"1500\" src=\"https:\/\/www.seatechnology.eu\/wp-content\/uploads\/2022\/05\/seafloor-500-D-2022.jpg\" class=\"attachment-full\" alt=\"\" title=\"seafloor-500-D-2022\" srcset=\"https:\/\/www.seatechnology.eu\/wp-content\/uploads\/2022\/05\/seafloor-500-D-2022.jpg 1500w, https:\/\/www.seatechnology.eu\/wp-content\/uploads\/2022\/05\/seafloor-500-D-2022-600x600.jpg 600w, https:\/\/www.seatechnology.eu\/wp-content\/uploads\/2022\/05\/seafloor-500-D-2022-1200x1200.jpg 1200w, https:\/\/www.seatechnology.eu\/wp-content\/uploads\/2022\/05\/seafloor-500-D-2022-150x150.jpg 150w, https:\/\/www.seatechnology.eu\/wp-content\/uploads\/2022\/05\/seafloor-500-D-2022-768x768.jpg 768w, https:\/\/www.seatechnology.eu\/wp-content\/uploads\/2022\/05\/seafloor-500-D-2022-80x80.jpg 80w, https:\/\/www.seatechnology.eu\/wp-content\/uploads\/2022\/05\/seafloor-500-D-2022-500x500.jpg 500w, https:\/\/www.seatechnology.eu\/wp-content\/uploads\/2022\/05\/seafloor-500-D-2022-1000x1000.jpg 1000w\" sizes=\"auto, (max-width: 1500px) 100vw, 1500px\" \/><\/a><\/div>[vc_row_inner][vc_column_inner][vc_column_text]<\/p>\n<p style=\"text-align: center;\"><strong>Accedi alla scheda tecnica<\/strong><\/p>\n<p>[\/vc_column_text][vc_btn title=&#8221;Seafloor 500 D&#8221; style=&#8221;3d&#8221; color=&#8221;primary&#8221; align=&#8221;center&#8221; i_icon_fontawesome=&#8221;far fa-file-pdf&#8221; add_icon=&#8221;true&#8221; link=&#8221;url:%2Fdl.php%3Ffile_url%3Dhttps%3A%2F%2Fwww.seatechnology.eu%2Fwp-content%2Fuploads%2F2021%2F11%2FSEAFLOOR-500D-Sea-Technology.pdf&#8221; css=&#8221;.vc_custom_1637321040853{margin-top: 0px !important;margin-right: 0px !important;margin-bottom: 0px !important;margin-left: 0px !important;padding-top: 0px !important;padding-right: 0px !important;padding-bottom: 0px !important;padding-left: 0px !important;}&#8221;][\/vc_column_inner][\/vc_row_inner][\/vc_column][vc_column width=&#8221;2\/3&#8243;]<div class=\"headline font-inherit fontsize-inherit fontweight-700 lh-inherit align-center transform-uppercase head-descrizione\" style=\"\">DESCRIZIONE<\/div>[vc_column_text]La SEAFLOOR 500D, top di gamma, \u00e8 quella maggiormente adatta ai lavori pi\u00f9 difficili. Grazie al disco da 500 mm e al motore HATZ mob 1B30 \u00e8 in grado di tagliare fino a 19 cm. Ottima precisione di taglio e stabilit\u00e0 grazie al passo corto e al serbatoio posto sopra al disco.[\/vc_column_text]<div class=\"headline font-inherit fontsize-inherit fontweight-700 lh-inherit align-center transform-uppercase head-descrizione\" style=\"\">SCHEDA TECNICA<\/div>[vc_column_text]<\/p>\n<table class=\"table-seatechnology-bis\">\n<tbody>\n<tr>\n<td colspan=\"2\">DESCRIZIONE<\/td>\n<\/tr>\n<tr>\n<td>Disco diamantato diametro 500 mm, foro 25,4 mm<\/td>\n<td>Dotata di contaore<\/td>\n<\/tr>\n<tr>\n<td>Profondit\u00e0 di taglio 19 cm<\/td>\n<td>Serbatoio acqua da 33 Lt<\/td>\n<\/tr>\n<tr>\n<td>Motore HATZ mob 1B30 5Kw &#8211; 6,8 CV<\/td>\n<td>Dimensioni (LxWxH)112 x55x106<\/td>\n<\/tr>\n<tr>\n<td>Giri motore 3600 MIN -1<\/td>\n<td>Peso 128 Kg<\/td>\n<\/tr>\n<tr>\n<td>A Norma CE<\/td>\n<td><\/td>\n<\/tr>\n<\/tbody>\n<\/table>\n<p>[\/vc_column_text][vc_column_text]<\/p>\n<table class=\"table-seatechnology-bis\">\n<tbody>\n<tr>\n<td>COD.<\/td>\n<td>DESCRIZIONE<\/td>\n<\/tr>\n<tr>\n<td>SEAFLOOR500D<\/td>\n<td>TAGLIAPAVIMENTO PROFESS. MOD. SEAFLOOR500D MOTORE DIESEL &#8211; COMPLETA DI DISCO CEMAS<\/td>\n<\/tr>\n<\/tbody>\n<\/table>\n<div id=\"gtx-trans\" style=\"position: absolute; left: 452px; top: 66px;\">\n<div class=\"gtx-trans-icon\"><\/div>\n<\/div>\n<p>[\/vc_column_text][\/vc_column][\/vc_row]<\/p>\n<\/div>","protected":false},"excerpt":{"rendered":"<p>[vc_row text_align=&#8221;center&#8221; bottom_padding=&#8221;50&#8243;][vc_column width=&#8221;1\/1&#8243;][vc_column_text] SEAFLOOR 500 D [\/vc_column_text][\/vc_column][\/vc_row][vc_row top_padding=&#8221;10&#8243; bottom_padding=&#8221;10&#8243;][vc_column width=&#8221;1\/3&#8243;][vc_row_inner][vc_column_inner][vc_column_text] Accedi alla scheda tecnica [\/vc_column_text][vc_btn title=&#8221;Seafloor 500 D&#8221; style=&#8221;3d&#8221; color=&#8221;primary&#8221; align=&#8221;center&#8221; i_icon_fontawesome=&#8221;far fa-file-pdf&#8221; add_icon=&#8221;true&#8221; link=&#8221;url:%2Fdl.php%3Ffile_url%3Dhttps%3A%2F%2Fwww.seatechnology.eu%2Fwp-content%2Fuploads%2F2021%2F11%2FSEAFLOOR-500D-Sea-Technology.pdf&#8221; css=&#8221;.vc_custom_1637321040853{margin-top: 0px !important;margin-right: 0px !important;margin-bottom: 0px !important;margin-left: 0px !important;padding-top: 0px !important;padding-right: 0px !important;padding-bottom: 0px !important;padding-left: 0px !important;}&#8221;][\/vc_column_inner][\/vc_row_inner][\/vc_column][vc_column width=&#8221;2\/3&#8243;][vc_column_text]La SEAFLOOR 500D, top di gamma, \u00e8 quella maggiormente adatta ai lavori pi\u00f9 difficili. Grazie al disco da 500 mm e al motore HATZ mob 1B30 \u00e8 in grado di tagliare fino a 19 cm. Ottima precisione di taglio e stabilit\u00e0 grazie al passo corto e al serbatoio posto sopra al disco.[\/vc_column_text][vc_column_text] DESCRIZIONE Disco diamantato diametro 500 mm, foro 25,4 mm Dotata di contaore Profondit\u00e0 di taglio 19 cm Serbatoio acqua da 33 Lt Motore HATZ mob 1B30 5Kw &#8211; 6,8 CV Dimensioni (LxWxH)112 x55x106 Giri motore 3600 MIN -1 Peso 128 Kg A Norma CE [\/vc_column_text][vc_column_text] COD. DESCRIZIONE SEAFLOOR500D TAGLIAPAVIMENTO PROFESS. MOD. SEAFLOOR500D MOTORE DIESEL &#8211; COMPLETA DI DISCO CEMAS [\/vc_column_text][\/vc_column][\/vc_row]<\/p>\n","protected":false},"author":3,"featured_media":4318,"parent":4644,"menu_order":8,"comment_status":"closed","ping_status":"closed","template":"","meta":{"inline_featured_image":false,"footnotes":""},"class_list":["post-4694","page","type-page","status-publish","has-post-thumbnail","hentry"],"yoast_head":"<!-- This site is optimized with the Yoast SEO plugin v26.8 - https:\/\/yoast.com\/product\/yoast-seo-wordpress\/ -->\n<title>Seafloor 500 D - Sea Technology<\/title>\n<meta name=\"description\" content=\"SEAFLOOR 500 D Top Gamma tagliasuolo ottime prestazioni leggera maneggevole motore HATZ taglia a 19 cm\" \/>\n<meta name=\"robots\" content=\"index, follow, max-snippet:-1, max-image-preview:large, max-video-preview:-1\" \/>\n<link rel=\"canonical\" href=\"https:\/\/www.seatechnology.eu\/it\/mototagliatrici-e-tagliasuolo\/seafloor-500-d\/\" \/>\n<meta property=\"og:locale\" content=\"it_IT\" \/>\n<meta property=\"og:type\" content=\"article\" \/>\n<meta property=\"og:title\" content=\"Seafloor 500 D - Sea Technology\" \/>\n<meta property=\"og:description\" content=\"SEAFLOOR 500 D Top Gamma tagliasuolo ottime prestazioni leggera maneggevole motore HATZ taglia a 19 cm\" \/>\n<meta property=\"og:url\" content=\"https:\/\/www.seatechnology.eu\/it\/mototagliatrici-e-tagliasuolo\/seafloor-500-d\/\" \/>\n<meta property=\"og:site_name\" content=\"Sea Technology\" \/>\n<meta property=\"article:publisher\" content=\"https:\/\/www.facebook.com\/seatechnologyeu\/\" \/>\n<meta property=\"article:modified_time\" content=\"2024-04-10T07:57:41+00:00\" \/>\n<meta property=\"og:image\" content=\"https:\/\/www.seatechnology.eu\/wp-content\/uploads\/2022\/05\/seafloor-500-D-2022.jpg\" \/>\n\t<meta property=\"og:image:width\" content=\"1500\" \/>\n\t<meta property=\"og:image:height\" content=\"1500\" \/>\n\t<meta property=\"og:image:type\" content=\"image\/jpeg\" \/>\n<meta name=\"twitter:card\" content=\"summary_large_image\" \/>\n<meta name=\"twitter:site\" content=\"@SeaTechnology_\" \/>\n<meta name=\"twitter:label1\" content=\"Tempo di lettura stimato\" \/>\n\t<meta name=\"twitter:data1\" content=\"1 minuto\" \/>\n<script type=\"application\/ld+json\" class=\"yoast-schema-graph\">{\"@context\":\"https:\/\/schema.org\",\"@graph\":[{\"@type\":\"WebPage\",\"@id\":\"https:\/\/www.seatechnology.eu\/it\/mototagliatrici-e-tagliasuolo\/seafloor-500-d\/\",\"url\":\"https:\/\/www.seatechnology.eu\/it\/mototagliatrici-e-tagliasuolo\/seafloor-500-d\/\",\"name\":\"Seafloor 500 D - Sea Technology\",\"isPartOf\":{\"@id\":\"https:\/\/www.seatechnology.eu\/it\/#website\"},\"primaryImageOfPage\":{\"@id\":\"https:\/\/www.seatechnology.eu\/it\/mototagliatrici-e-tagliasuolo\/seafloor-500-d\/#primaryimage\"},\"image\":{\"@id\":\"https:\/\/www.seatechnology.eu\/it\/mototagliatrici-e-tagliasuolo\/seafloor-500-d\/#primaryimage\"},\"thumbnailUrl\":\"https:\/\/www.seatechnology.eu\/wp-content\/uploads\/2022\/05\/seafloor-500-D-2022.jpg\",\"datePublished\":\"2021-09-27T10:04:09+00:00\",\"dateModified\":\"2024-04-10T07:57:41+00:00\",\"description\":\"SEAFLOOR 500 D Top Gamma tagliasuolo ottime prestazioni leggera maneggevole motore HATZ taglia a 19 cm\",\"breadcrumb\":{\"@id\":\"https:\/\/www.seatechnology.eu\/it\/mototagliatrici-e-tagliasuolo\/seafloor-500-d\/#breadcrumb\"},\"inLanguage\":\"it-IT\",\"potentialAction\":[{\"@type\":\"ReadAction\",\"target\":[\"https:\/\/www.seatechnology.eu\/it\/mototagliatrici-e-tagliasuolo\/seafloor-500-d\/\"]}]},{\"@type\":\"ImageObject\",\"inLanguage\":\"it-IT\",\"@id\":\"https:\/\/www.seatechnology.eu\/it\/mototagliatrici-e-tagliasuolo\/seafloor-500-d\/#primaryimage\",\"url\":\"https:\/\/www.seatechnology.eu\/wp-content\/uploads\/2022\/05\/seafloor-500-D-2022.jpg\",\"contentUrl\":\"https:\/\/www.seatechnology.eu\/wp-content\/uploads\/2022\/05\/seafloor-500-D-2022.jpg\",\"width\":1500,\"height\":1500},{\"@type\":\"BreadcrumbList\",\"@id\":\"https:\/\/www.seatechnology.eu\/it\/mototagliatrici-e-tagliasuolo\/seafloor-500-d\/#breadcrumb\",\"itemListElement\":[{\"@type\":\"ListItem\",\"position\":1,\"name\":\"Home\",\"item\":\"https:\/\/www.seatechnology.eu\/it\/\"},{\"@type\":\"ListItem\",\"position\":2,\"name\":\"Mototagliatrici e Tagliasuolo\",\"item\":\"https:\/\/www.seatechnology.eu\/it\/mototagliatrici-e-tagliasuolo\/\"},{\"@type\":\"ListItem\",\"position\":3,\"name\":\"Seafloor 500 D\"}]},{\"@type\":\"WebSite\",\"@id\":\"https:\/\/www.seatechnology.eu\/it\/#website\",\"url\":\"https:\/\/www.seatechnology.eu\/it\/\",\"name\":\"Sea Technology\",\"description\":\"Experts in diamond tools, Since 1973\",\"publisher\":{\"@id\":\"https:\/\/www.seatechnology.eu\/it\/#organization\"},\"potentialAction\":[{\"@type\":\"SearchAction\",\"target\":{\"@type\":\"EntryPoint\",\"urlTemplate\":\"https:\/\/www.seatechnology.eu\/it\/?s={search_term_string}\"},\"query-input\":{\"@type\":\"PropertyValueSpecification\",\"valueRequired\":true,\"valueName\":\"search_term_string\"}}],\"inLanguage\":\"it-IT\"},{\"@type\":\"Organization\",\"@id\":\"https:\/\/www.seatechnology.eu\/it\/#organization\",\"name\":\"Sea Technology Srl\",\"url\":\"https:\/\/www.seatechnology.eu\/it\/\",\"logo\":{\"@type\":\"ImageObject\",\"inLanguage\":\"it-IT\",\"@id\":\"https:\/\/www.seatechnology.eu\/it\/#\/schema\/logo\/image\/\",\"url\":\"https:\/\/www.seatechnology.eu\/wp-content\/uploads\/2019\/09\/SeaTechnology-vertical-300px.png\",\"contentUrl\":\"https:\/\/www.seatechnology.eu\/wp-content\/uploads\/2019\/09\/SeaTechnology-vertical-300px.png\",\"width\":244,\"height\":266,\"caption\":\"Sea Technology Srl\"},\"image\":{\"@id\":\"https:\/\/www.seatechnology.eu\/it\/#\/schema\/logo\/image\/\"},\"sameAs\":[\"https:\/\/www.facebook.com\/seatechnologyeu\/\",\"https:\/\/x.com\/SeaTechnology_\",\"https:\/\/www.linkedin.com\/company\/sea-technology-srl\",\"https:\/\/www.youtube.com\/@seatechnology5754\"]}]}<\/script>\n<!-- \/ Yoast SEO plugin. -->","yoast_head_json":{"title":"Seafloor 500 D - Sea Technology","description":"SEAFLOOR 500 D Top Gamma tagliasuolo ottime prestazioni leggera maneggevole motore HATZ taglia a 19 cm","robots":{"index":"index","follow":"follow","max-snippet":"max-snippet:-1","max-image-preview":"max-image-preview:large","max-video-preview":"max-video-preview:-1"},"canonical":"https:\/\/www.seatechnology.eu\/it\/mototagliatrici-e-tagliasuolo\/seafloor-500-d\/","og_locale":"it_IT","og_type":"article","og_title":"Seafloor 500 D - Sea Technology","og_description":"SEAFLOOR 500 D Top Gamma tagliasuolo ottime prestazioni leggera maneggevole motore HATZ taglia a 19 cm","og_url":"https:\/\/www.seatechnology.eu\/it\/mototagliatrici-e-tagliasuolo\/seafloor-500-d\/","og_site_name":"Sea Technology","article_publisher":"https:\/\/www.facebook.com\/seatechnologyeu\/","article_modified_time":"2024-04-10T07:57:41+00:00","og_image":[{"width":1500,"height":1500,"url":"https:\/\/www.seatechnology.eu\/wp-content\/uploads\/2022\/05\/seafloor-500-D-2022.jpg","type":"image\/jpeg"}],"twitter_card":"summary_large_image","twitter_site":"@SeaTechnology_","twitter_misc":{"Tempo di lettura stimato":"1 minuto"},"schema":{"@context":"https:\/\/schema.org","@graph":[{"@type":"WebPage","@id":"https:\/\/www.seatechnology.eu\/it\/mototagliatrici-e-tagliasuolo\/seafloor-500-d\/","url":"https:\/\/www.seatechnology.eu\/it\/mototagliatrici-e-tagliasuolo\/seafloor-500-d\/","name":"Seafloor 500 D - Sea Technology","isPartOf":{"@id":"https:\/\/www.seatechnology.eu\/it\/#website"},"primaryImageOfPage":{"@id":"https:\/\/www.seatechnology.eu\/it\/mototagliatrici-e-tagliasuolo\/seafloor-500-d\/#primaryimage"},"image":{"@id":"https:\/\/www.seatechnology.eu\/it\/mototagliatrici-e-tagliasuolo\/seafloor-500-d\/#primaryimage"},"thumbnailUrl":"https:\/\/www.seatechnology.eu\/wp-content\/uploads\/2022\/05\/seafloor-500-D-2022.jpg","datePublished":"2021-09-27T10:04:09+00:00","dateModified":"2024-04-10T07:57:41+00:00","description":"SEAFLOOR 500 D Top Gamma tagliasuolo ottime prestazioni leggera maneggevole motore HATZ taglia a 19 cm","breadcrumb":{"@id":"https:\/\/www.seatechnology.eu\/it\/mototagliatrici-e-tagliasuolo\/seafloor-500-d\/#breadcrumb"},"inLanguage":"it-IT","potentialAction":[{"@type":"ReadAction","target":["https:\/\/www.seatechnology.eu\/it\/mototagliatrici-e-tagliasuolo\/seafloor-500-d\/"]}]},{"@type":"ImageObject","inLanguage":"it-IT","@id":"https:\/\/www.seatechnology.eu\/it\/mototagliatrici-e-tagliasuolo\/seafloor-500-d\/#primaryimage","url":"https:\/\/www.seatechnology.eu\/wp-content\/uploads\/2022\/05\/seafloor-500-D-2022.jpg","contentUrl":"https:\/\/www.seatechnology.eu\/wp-content\/uploads\/2022\/05\/seafloor-500-D-2022.jpg","width":1500,"height":1500},{"@type":"BreadcrumbList","@id":"https:\/\/www.seatechnology.eu\/it\/mototagliatrici-e-tagliasuolo\/seafloor-500-d\/#breadcrumb","itemListElement":[{"@type":"ListItem","position":1,"name":"Home","item":"https:\/\/www.seatechnology.eu\/it\/"},{"@type":"ListItem","position":2,"name":"Mototagliatrici e Tagliasuolo","item":"https:\/\/www.seatechnology.eu\/it\/mototagliatrici-e-tagliasuolo\/"},{"@type":"ListItem","position":3,"name":"Seafloor 500 D"}]},{"@type":"WebSite","@id":"https:\/\/www.seatechnology.eu\/it\/#website","url":"https:\/\/www.seatechnology.eu\/it\/","name":"Sea Technology","description":"Experts in diamond tools, Since 1973","publisher":{"@id":"https:\/\/www.seatechnology.eu\/it\/#organization"},"potentialAction":[{"@type":"SearchAction","target":{"@type":"EntryPoint","urlTemplate":"https:\/\/www.seatechnology.eu\/it\/?s={search_term_string}"},"query-input":{"@type":"PropertyValueSpecification","valueRequired":true,"valueName":"search_term_string"}}],"inLanguage":"it-IT"},{"@type":"Organization","@id":"https:\/\/www.seatechnology.eu\/it\/#organization","name":"Sea Technology Srl","url":"https:\/\/www.seatechnology.eu\/it\/","logo":{"@type":"ImageObject","inLanguage":"it-IT","@id":"https:\/\/www.seatechnology.eu\/it\/#\/schema\/logo\/image\/","url":"https:\/\/www.seatechnology.eu\/wp-content\/uploads\/2019\/09\/SeaTechnology-vertical-300px.png","contentUrl":"https:\/\/www.seatechnology.eu\/wp-content\/uploads\/2019\/09\/SeaTechnology-vertical-300px.png","width":244,"height":266,"caption":"Sea Technology Srl"},"image":{"@id":"https:\/\/www.seatechnology.eu\/it\/#\/schema\/logo\/image\/"},"sameAs":["https:\/\/www.facebook.com\/seatechnologyeu\/","https:\/\/x.com\/SeaTechnology_","https:\/\/www.linkedin.com\/company\/sea-technology-srl","https:\/\/www.youtube.com\/@seatechnology5754"]}]}},"_links":{"self":[{"href":"https:\/\/www.seatechnology.eu\/it\/wp-json\/wp\/v2\/pages\/4694","targetHints":{"allow":["GET"]}}],"collection":[{"href":"https:\/\/www.seatechnology.eu\/it\/wp-json\/wp\/v2\/pages"}],"about":[{"href":"https:\/\/www.seatechnology.eu\/it\/wp-json\/wp\/v2\/types\/page"}],"author":[{"embeddable":true,"href":"https:\/\/www.seatechnology.eu\/it\/wp-json\/wp\/v2\/users\/3"}],"replies":[{"embeddable":true,"href":"https:\/\/www.seatechnology.eu\/it\/wp-json\/wp\/v2\/comments?post=4694"}],"version-history":[{"count":0,"href":"https:\/\/www.seatechnology.eu\/it\/wp-json\/wp\/v2\/pages\/4694\/revisions"}],"up":[{"embeddable":true,"href":"https:\/\/www.seatechnology.eu\/it\/wp-json\/wp\/v2\/pages\/4644"}],"wp:featuredmedia":[{"embeddable":true,"href":"https:\/\/www.seatechnology.eu\/it\/wp-json\/wp\/v2\/media\/4318"}],"wp:attachment":[{"href":"https:\/\/www.seatechnology.eu\/it\/wp-json\/wp\/v2\/media?parent=4694"}],"curies":[{"name":"wp","href":"https:\/\/api.w.org\/{rel}","templated":true}]}}