{"id":4698,"date":"2021-09-27T12:07:34","date_gmt":"2021-09-27T10:07:34","guid":{"rendered":"https:\/\/www.seatechnology.eu\/?page_id=4698"},"modified":"2025-04-14T11:35:32","modified_gmt":"2025-04-14T09:35:32","slug":"seafloor-501","status":"publish","type":"page","link":"https:\/\/www.seatechnology.eu\/it\/mototagliatrici-e-tagliasuolo\/seafloor-501\/","title":{"rendered":"Seafloor 501"},"content":{"rendered":"<div class=\"wpb-content-wrapper\"><p>[vc_row text_align=&#8221;center&#8221; bottom_padding=&#8221;50&#8243;][vc_column width=&#8221;1\/1&#8243;][vc_column_text]<\/p>\n<h1><span style=\"color: #009cde;\">SEAFLOOR 501<\/span><\/h1>\n<div id=\"gtx-trans\" style=\"position: absolute; left: 256px; top: 64.4375px;\">\n<div class=\"gtx-trans-icon\"><\/div>\n<\/div>\n<p>[\/vc_column_text][\/vc_column][\/vc_row][vc_row top_padding=&#8221;10&#8243; bottom_padding=&#8221;10&#8243;][vc_column width=&#8221;1\/3&#8243;]<div class=\"single_image wpb_content_element align-left  animate image_box_shadow image_opacity \" data-animation=\"fade-in-from-top\" data-delay=\"300\"><a href=\"https:\/\/www.seatechnology.eu\/wp-content\/uploads\/2021\/09\/seafloor-501.jpg\" class=\"prettyPhoto\" rel=\"prettyPhoto[image]\"><img loading=\"lazy\" decoding=\"async\" width=\"1500\" height=\"1500\" src=\"https:\/\/www.seatechnology.eu\/wp-content\/uploads\/2021\/09\/seafloor-501.jpg\" class=\"attachment-full\" alt=\"\" title=\"seafloor 501\" srcset=\"https:\/\/www.seatechnology.eu\/wp-content\/uploads\/2021\/09\/seafloor-501.jpg 1500w, https:\/\/www.seatechnology.eu\/wp-content\/uploads\/2021\/09\/seafloor-501-600x600.jpg 600w, https:\/\/www.seatechnology.eu\/wp-content\/uploads\/2021\/09\/seafloor-501-1200x1200.jpg 1200w, https:\/\/www.seatechnology.eu\/wp-content\/uploads\/2021\/09\/seafloor-501-300x300.jpg 300w, https:\/\/www.seatechnology.eu\/wp-content\/uploads\/2021\/09\/seafloor-501-768x768.jpg 768w, https:\/\/www.seatechnology.eu\/wp-content\/uploads\/2021\/09\/seafloor-501-80x80.jpg 80w, https:\/\/www.seatechnology.eu\/wp-content\/uploads\/2021\/09\/seafloor-501-500x500.jpg 500w, https:\/\/www.seatechnology.eu\/wp-content\/uploads\/2021\/09\/seafloor-501-1000x1000.jpg 1000w\" sizes=\"auto, (max-width: 1500px) 100vw, 1500px\" \/><\/a><\/div>[vc_row_inner][vc_column_inner][vc_column_text]<\/p>\n<p style=\"text-align: center;\"><strong>Accedi alla scheda tecnica<\/strong><\/p>\n<p>[\/vc_column_text][vc_btn title=&#8221;Seafloor 501&#8243; style=&#8221;3d&#8221; color=&#8221;primary&#8221; align=&#8221;center&#8221; i_icon_fontawesome=&#8221;far fa-file-pdf&#8221; css=&#8221;.vc_custom_1744623235997{margin-top: 0px !important;margin-right: 0px !important;margin-bottom: 0px !important;margin-left: 0px !important;padding-top: 0px !important;padding-right: 0px !important;padding-bottom: 0px !important;padding-left: 0px !important;}&#8221; add_icon=&#8221;true&#8221; link=&#8221;url:%2Fdl.php%3Ffile_url%3Dhttps%3A%2F%2Fwww.seatechnology.eu%2Fwp-content%2Fuploads%2F2025%2F04%2FSEAFLOOR-501-Sea-Technology.pdf&#8221;][\/vc_column_inner][\/vc_row_inner][\/vc_column][vc_column width=&#8221;2\/3&#8243;]<div class=\"headline font-inherit fontsize-inherit fontweight-700 lh-inherit align-center transform-uppercase head-descrizione\" style=\"\">DESCRIZIONE<\/div>[vc_column_text]SEAFLOOR 501 \u00e8 una tagliasuolo professionale a scoppio per un taglio rapido ed efficiente nell\u2019asfalto e nel calcestruzzo. \u00c8 dotata di motore Honda da 13 HP, che garantisce in una sola passata tagli di spessore fino a 15 mm e con profondit\u00e0 massima di 180 mm, a seconda dell\u2019utensile montato: un disco diamantato (\u00d8 500 mm, foro 25,4 mm) per il taglio classico di asfalto e cemento o una mola a battentare per la realizzazione delle trincee per la posa della fibra ottica. Il disco \u00e8 posizionato sul lato opposto al motore e la lama si abbassa o alza in modo continuo tramite un\u2019asta filettata senza fine con indicatore di profondit\u00e0, cos\u00ec da poterne evitare il danneggiamento; l\u2019asta si trova al di fuori dell\u2019area sporca di lavoro ed \u00e8 protetta da un tubo in acciaio zincato. Provvista di serie di flangia per il montaggio di dischi spessorati fino ad un massimo di 15 mm ed un grande serbatoio dell\u2019acqua da 30 litri dotato di ampio bocchettone di riempimento; il sistema di spruzzo dalla flangia di serie consente di economizzare il consumo di acqua e di raffreddare la lama in modo ottimale, assicurando cos\u00ec una maggiore durata utile delle lame. Nella fase di taglio, il serbatoio ribaltabile fa s\u00ec che sia possibile spostare pi\u00f9 peso sulla lama. L\u2019impugnatura antivibrazioni e la sua possibilit\u00e0 di regolazione facilitano il lavoro dell\u2019operatore. SEAFLOOR 501 inoltre risulta facile da trasportare grazie al golfare e alle maniglie.<\/p>\n<ul>\n<li>Carter a sgancio rapido senza utilizzo di utensili<\/li>\n<li>Sistema innovativo di irrigazione del disco<\/li>\n<li>Manubrio regolabile e dotato di sistema anti vibrazione<\/li>\n<li>Dotata di 4 ruote di grande diametro<\/li>\n<li>Posizione del disco lato opposto al motore<\/li>\n<\/ul>\n<p>[\/vc_column_text]<div class=\"headline font-inherit fontsize-inherit fontweight-700 lh-inherit align-center transform-uppercase head-descrizione\" style=\"\">SCHEDA TECNICA<\/div>[vc_column_text]<\/p>\n<table class=\"table-seatechnology-bis\">\n<tbody>\n<tr>\n<td colspan=\"2\">DESCRIZIONE<\/td>\n<\/tr>\n<tr>\n<td>Disco diamantato diametro 500 mm, foro 25,4 mm<\/td>\n<td>A Norma C<\/td>\n<\/tr>\n<tr>\n<td>Profondit\u00e0 di taglio 180 mm<\/td>\n<td>Serbatoio acqua da 30 Lt<\/td>\n<\/tr>\n<tr>\n<td>Motore Honda GX390 8,7Kw &#8211; 11 CV<\/td>\n<td>Dimensioni (LxWxH) 1040 x 585 x 910 mm<\/td>\n<\/tr>\n<tr>\n<td>Giri motore 2300 MIN -1<\/td>\n<td>Peso 105 Kg<\/td>\n<\/tr>\n<\/tbody>\n<\/table>\n<p>[\/vc_column_text][vc_column_text]<\/p>\n<table class=\"table-seatechnology-bis\">\n<tbody>\n<tr>\n<td>COD.<\/td>\n<td>DESCRIZIONE<\/td>\n<\/tr>\n<tr>\n<td>SEAFLOOR501<\/td>\n<td>TAGLIAPAVIMENTO PROFESSIONALE MOD. SEAFLOOR501<\/td>\n<\/tr>\n<\/tbody>\n<\/table>\n<p>[\/vc_column_text][\/vc_column][\/vc_row]<\/p>\n<\/div>","protected":false},"excerpt":{"rendered":"<p>[vc_row text_align=&#8221;center&#8221; bottom_padding=&#8221;50&#8243;][vc_column width=&#8221;1\/1&#8243;][vc_column_text] SEAFLOOR 501 [\/vc_column_text][\/vc_column][\/vc_row][vc_row top_padding=&#8221;10&#8243; bottom_padding=&#8221;10&#8243;][vc_column width=&#8221;1\/3&#8243;][vc_row_inner][vc_column_inner][vc_column_text] Accedi alla scheda tecnica [\/vc_column_text][vc_btn title=&#8221;Seafloor 501&#8243; style=&#8221;3d&#8221; color=&#8221;primary&#8221; align=&#8221;center&#8221; i_icon_fontawesome=&#8221;far fa-file-pdf&#8221; css=&#8221;.vc_custom_1744623235997{margin-top: 0px !important;margin-right: 0px !important;margin-bottom: 0px !important;margin-left: 0px !important;padding-top: 0px !important;padding-right: 0px !important;padding-bottom: 0px !important;padding-left: 0px !important;}&#8221; add_icon=&#8221;true&#8221; link=&#8221;url:%2Fdl.php%3Ffile_url%3Dhttps%3A%2F%2Fwww.seatechnology.eu%2Fwp-content%2Fuploads%2F2025%2F04%2FSEAFLOOR-501-Sea-Technology.pdf&#8221;][\/vc_column_inner][\/vc_row_inner][\/vc_column][vc_column width=&#8221;2\/3&#8243;][vc_column_text]SEAFLOOR 501 \u00e8 una tagliasuolo professionale a scoppio per un taglio rapido ed efficiente nell\u2019asfalto e nel calcestruzzo. \u00c8 dotata di motore Honda da 13 HP, che garantisce in una sola passata tagli di spessore fino a 15 mm e con profondit\u00e0 massima di 180 mm, a seconda dell\u2019utensile montato: un disco diamantato (\u00d8 500 mm, foro 25,4 mm) per il taglio classico di asfalto e cemento o una mola a battentare per la realizzazione delle trincee per la posa della fibra ottica. Il disco \u00e8 posizionato sul lato opposto al motore e la lama si abbassa o alza in modo continuo tramite un\u2019asta filettata senza fine con indicatore di profondit\u00e0, cos\u00ec da poterne evitare il danneggiamento; l\u2019asta si trova al di fuori dell\u2019area sporca di lavoro ed \u00e8 protetta da un tubo in acciaio zincato. Provvista di serie di flangia per il montaggio di dischi spessorati fino ad un massimo di 15 mm ed un grande serbatoio dell\u2019acqua [&hellip;]<\/p>\n","protected":false},"author":3,"featured_media":4321,"parent":4644,"menu_order":9,"comment_status":"closed","ping_status":"closed","template":"","meta":{"inline_featured_image":false,"footnotes":""},"class_list":["post-4698","page","type-page","status-publish","has-post-thumbnail","hentry"],"yoast_head":"<!-- This site is optimized with the Yoast SEO plugin v26.8 - https:\/\/yoast.com\/product\/yoast-seo-wordpress\/ -->\n<title>Seafloor 501 - Sea Technology<\/title>\n<meta name=\"description\" content=\"SEAFLOOR 501 tagliasuolo ottime prestazioni leggera maneggevole motore Honda taglia a 18 cm\" \/>\n<meta name=\"robots\" content=\"index, follow, max-snippet:-1, max-image-preview:large, max-video-preview:-1\" \/>\n<link rel=\"canonical\" href=\"https:\/\/www.seatechnology.eu\/it\/mototagliatrici-e-tagliasuolo\/seafloor-501\/\" \/>\n<meta property=\"og:locale\" content=\"it_IT\" \/>\n<meta property=\"og:type\" content=\"article\" \/>\n<meta property=\"og:title\" content=\"Seafloor 501 - Sea Technology\" \/>\n<meta property=\"og:description\" content=\"SEAFLOOR 501 tagliasuolo ottime prestazioni leggera maneggevole motore Honda taglia a 18 cm\" \/>\n<meta property=\"og:url\" content=\"https:\/\/www.seatechnology.eu\/it\/mototagliatrici-e-tagliasuolo\/seafloor-501\/\" \/>\n<meta property=\"og:site_name\" content=\"Sea Technology\" \/>\n<meta property=\"article:publisher\" content=\"https:\/\/www.facebook.com\/seatechnologyeu\/\" \/>\n<meta property=\"article:modified_time\" content=\"2025-04-14T09:35:32+00:00\" \/>\n<meta property=\"og:image\" content=\"https:\/\/www.seatechnology.eu\/wp-content\/uploads\/2021\/09\/seafloor-501.jpg\" \/>\n\t<meta property=\"og:image:width\" content=\"1500\" \/>\n\t<meta property=\"og:image:height\" content=\"1500\" \/>\n\t<meta property=\"og:image:type\" content=\"image\/jpeg\" \/>\n<meta name=\"twitter:card\" content=\"summary_large_image\" \/>\n<meta name=\"twitter:site\" content=\"@SeaTechnology_\" \/>\n<meta name=\"twitter:label1\" content=\"Tempo di lettura stimato\" \/>\n\t<meta name=\"twitter:data1\" content=\"2 minuti\" \/>\n<script type=\"application\/ld+json\" class=\"yoast-schema-graph\">{\"@context\":\"https:\/\/schema.org\",\"@graph\":[{\"@type\":\"WebPage\",\"@id\":\"https:\/\/www.seatechnology.eu\/it\/mototagliatrici-e-tagliasuolo\/seafloor-501\/\",\"url\":\"https:\/\/www.seatechnology.eu\/it\/mototagliatrici-e-tagliasuolo\/seafloor-501\/\",\"name\":\"Seafloor 501 - Sea Technology\",\"isPartOf\":{\"@id\":\"https:\/\/www.seatechnology.eu\/it\/#website\"},\"primaryImageOfPage\":{\"@id\":\"https:\/\/www.seatechnology.eu\/it\/mototagliatrici-e-tagliasuolo\/seafloor-501\/#primaryimage\"},\"image\":{\"@id\":\"https:\/\/www.seatechnology.eu\/it\/mototagliatrici-e-tagliasuolo\/seafloor-501\/#primaryimage\"},\"thumbnailUrl\":\"https:\/\/www.seatechnology.eu\/wp-content\/uploads\/2021\/09\/seafloor-501.jpg\",\"datePublished\":\"2021-09-27T10:07:34+00:00\",\"dateModified\":\"2025-04-14T09:35:32+00:00\",\"description\":\"SEAFLOOR 501 tagliasuolo ottime prestazioni leggera maneggevole motore Honda taglia a 18 cm\",\"breadcrumb\":{\"@id\":\"https:\/\/www.seatechnology.eu\/it\/mototagliatrici-e-tagliasuolo\/seafloor-501\/#breadcrumb\"},\"inLanguage\":\"it-IT\",\"potentialAction\":[{\"@type\":\"ReadAction\",\"target\":[\"https:\/\/www.seatechnology.eu\/it\/mototagliatrici-e-tagliasuolo\/seafloor-501\/\"]}]},{\"@type\":\"ImageObject\",\"inLanguage\":\"it-IT\",\"@id\":\"https:\/\/www.seatechnology.eu\/it\/mototagliatrici-e-tagliasuolo\/seafloor-501\/#primaryimage\",\"url\":\"https:\/\/www.seatechnology.eu\/wp-content\/uploads\/2021\/09\/seafloor-501.jpg\",\"contentUrl\":\"https:\/\/www.seatechnology.eu\/wp-content\/uploads\/2021\/09\/seafloor-501.jpg\",\"width\":1500,\"height\":1500},{\"@type\":\"BreadcrumbList\",\"@id\":\"https:\/\/www.seatechnology.eu\/it\/mototagliatrici-e-tagliasuolo\/seafloor-501\/#breadcrumb\",\"itemListElement\":[{\"@type\":\"ListItem\",\"position\":1,\"name\":\"Home\",\"item\":\"https:\/\/www.seatechnology.eu\/it\/\"},{\"@type\":\"ListItem\",\"position\":2,\"name\":\"Mototagliatrici e Tagliasuolo\",\"item\":\"https:\/\/www.seatechnology.eu\/it\/mototagliatrici-e-tagliasuolo\/\"},{\"@type\":\"ListItem\",\"position\":3,\"name\":\"Seafloor 501\"}]},{\"@type\":\"WebSite\",\"@id\":\"https:\/\/www.seatechnology.eu\/it\/#website\",\"url\":\"https:\/\/www.seatechnology.eu\/it\/\",\"name\":\"Sea Technology\",\"description\":\"Experts in diamond tools, Since 1973\",\"publisher\":{\"@id\":\"https:\/\/www.seatechnology.eu\/it\/#organization\"},\"potentialAction\":[{\"@type\":\"SearchAction\",\"target\":{\"@type\":\"EntryPoint\",\"urlTemplate\":\"https:\/\/www.seatechnology.eu\/it\/?s={search_term_string}\"},\"query-input\":{\"@type\":\"PropertyValueSpecification\",\"valueRequired\":true,\"valueName\":\"search_term_string\"}}],\"inLanguage\":\"it-IT\"},{\"@type\":\"Organization\",\"@id\":\"https:\/\/www.seatechnology.eu\/it\/#organization\",\"name\":\"Sea Technology Srl\",\"url\":\"https:\/\/www.seatechnology.eu\/it\/\",\"logo\":{\"@type\":\"ImageObject\",\"inLanguage\":\"it-IT\",\"@id\":\"https:\/\/www.seatechnology.eu\/it\/#\/schema\/logo\/image\/\",\"url\":\"https:\/\/www.seatechnology.eu\/wp-content\/uploads\/2019\/09\/SeaTechnology-vertical-300px.png\",\"contentUrl\":\"https:\/\/www.seatechnology.eu\/wp-content\/uploads\/2019\/09\/SeaTechnology-vertical-300px.png\",\"width\":244,\"height\":266,\"caption\":\"Sea Technology Srl\"},\"image\":{\"@id\":\"https:\/\/www.seatechnology.eu\/it\/#\/schema\/logo\/image\/\"},\"sameAs\":[\"https:\/\/www.facebook.com\/seatechnologyeu\/\",\"https:\/\/x.com\/SeaTechnology_\",\"https:\/\/www.linkedin.com\/company\/sea-technology-srl\",\"https:\/\/www.youtube.com\/@seatechnology5754\"]}]}<\/script>\n<!-- \/ Yoast SEO plugin. -->","yoast_head_json":{"title":"Seafloor 501 - Sea Technology","description":"SEAFLOOR 501 tagliasuolo ottime prestazioni leggera maneggevole motore Honda taglia a 18 cm","robots":{"index":"index","follow":"follow","max-snippet":"max-snippet:-1","max-image-preview":"max-image-preview:large","max-video-preview":"max-video-preview:-1"},"canonical":"https:\/\/www.seatechnology.eu\/it\/mototagliatrici-e-tagliasuolo\/seafloor-501\/","og_locale":"it_IT","og_type":"article","og_title":"Seafloor 501 - Sea Technology","og_description":"SEAFLOOR 501 tagliasuolo ottime prestazioni leggera maneggevole motore Honda taglia a 18 cm","og_url":"https:\/\/www.seatechnology.eu\/it\/mototagliatrici-e-tagliasuolo\/seafloor-501\/","og_site_name":"Sea Technology","article_publisher":"https:\/\/www.facebook.com\/seatechnologyeu\/","article_modified_time":"2025-04-14T09:35:32+00:00","og_image":[{"width":1500,"height":1500,"url":"https:\/\/www.seatechnology.eu\/wp-content\/uploads\/2021\/09\/seafloor-501.jpg","type":"image\/jpeg"}],"twitter_card":"summary_large_image","twitter_site":"@SeaTechnology_","twitter_misc":{"Tempo di lettura stimato":"2 minuti"},"schema":{"@context":"https:\/\/schema.org","@graph":[{"@type":"WebPage","@id":"https:\/\/www.seatechnology.eu\/it\/mototagliatrici-e-tagliasuolo\/seafloor-501\/","url":"https:\/\/www.seatechnology.eu\/it\/mototagliatrici-e-tagliasuolo\/seafloor-501\/","name":"Seafloor 501 - Sea Technology","isPartOf":{"@id":"https:\/\/www.seatechnology.eu\/it\/#website"},"primaryImageOfPage":{"@id":"https:\/\/www.seatechnology.eu\/it\/mototagliatrici-e-tagliasuolo\/seafloor-501\/#primaryimage"},"image":{"@id":"https:\/\/www.seatechnology.eu\/it\/mototagliatrici-e-tagliasuolo\/seafloor-501\/#primaryimage"},"thumbnailUrl":"https:\/\/www.seatechnology.eu\/wp-content\/uploads\/2021\/09\/seafloor-501.jpg","datePublished":"2021-09-27T10:07:34+00:00","dateModified":"2025-04-14T09:35:32+00:00","description":"SEAFLOOR 501 tagliasuolo ottime prestazioni leggera maneggevole motore Honda taglia a 18 cm","breadcrumb":{"@id":"https:\/\/www.seatechnology.eu\/it\/mototagliatrici-e-tagliasuolo\/seafloor-501\/#breadcrumb"},"inLanguage":"it-IT","potentialAction":[{"@type":"ReadAction","target":["https:\/\/www.seatechnology.eu\/it\/mototagliatrici-e-tagliasuolo\/seafloor-501\/"]}]},{"@type":"ImageObject","inLanguage":"it-IT","@id":"https:\/\/www.seatechnology.eu\/it\/mototagliatrici-e-tagliasuolo\/seafloor-501\/#primaryimage","url":"https:\/\/www.seatechnology.eu\/wp-content\/uploads\/2021\/09\/seafloor-501.jpg","contentUrl":"https:\/\/www.seatechnology.eu\/wp-content\/uploads\/2021\/09\/seafloor-501.jpg","width":1500,"height":1500},{"@type":"BreadcrumbList","@id":"https:\/\/www.seatechnology.eu\/it\/mototagliatrici-e-tagliasuolo\/seafloor-501\/#breadcrumb","itemListElement":[{"@type":"ListItem","position":1,"name":"Home","item":"https:\/\/www.seatechnology.eu\/it\/"},{"@type":"ListItem","position":2,"name":"Mototagliatrici e Tagliasuolo","item":"https:\/\/www.seatechnology.eu\/it\/mototagliatrici-e-tagliasuolo\/"},{"@type":"ListItem","position":3,"name":"Seafloor 501"}]},{"@type":"WebSite","@id":"https:\/\/www.seatechnology.eu\/it\/#website","url":"https:\/\/www.seatechnology.eu\/it\/","name":"Sea Technology","description":"Experts in diamond tools, Since 1973","publisher":{"@id":"https:\/\/www.seatechnology.eu\/it\/#organization"},"potentialAction":[{"@type":"SearchAction","target":{"@type":"EntryPoint","urlTemplate":"https:\/\/www.seatechnology.eu\/it\/?s={search_term_string}"},"query-input":{"@type":"PropertyValueSpecification","valueRequired":true,"valueName":"search_term_string"}}],"inLanguage":"it-IT"},{"@type":"Organization","@id":"https:\/\/www.seatechnology.eu\/it\/#organization","name":"Sea Technology Srl","url":"https:\/\/www.seatechnology.eu\/it\/","logo":{"@type":"ImageObject","inLanguage":"it-IT","@id":"https:\/\/www.seatechnology.eu\/it\/#\/schema\/logo\/image\/","url":"https:\/\/www.seatechnology.eu\/wp-content\/uploads\/2019\/09\/SeaTechnology-vertical-300px.png","contentUrl":"https:\/\/www.seatechnology.eu\/wp-content\/uploads\/2019\/09\/SeaTechnology-vertical-300px.png","width":244,"height":266,"caption":"Sea Technology Srl"},"image":{"@id":"https:\/\/www.seatechnology.eu\/it\/#\/schema\/logo\/image\/"},"sameAs":["https:\/\/www.facebook.com\/seatechnologyeu\/","https:\/\/x.com\/SeaTechnology_","https:\/\/www.linkedin.com\/company\/sea-technology-srl","https:\/\/www.youtube.com\/@seatechnology5754"]}]}},"_links":{"self":[{"href":"https:\/\/www.seatechnology.eu\/it\/wp-json\/wp\/v2\/pages\/4698","targetHints":{"allow":["GET"]}}],"collection":[{"href":"https:\/\/www.seatechnology.eu\/it\/wp-json\/wp\/v2\/pages"}],"about":[{"href":"https:\/\/www.seatechnology.eu\/it\/wp-json\/wp\/v2\/types\/page"}],"author":[{"embeddable":true,"href":"https:\/\/www.seatechnology.eu\/it\/wp-json\/wp\/v2\/users\/3"}],"replies":[{"embeddable":true,"href":"https:\/\/www.seatechnology.eu\/it\/wp-json\/wp\/v2\/comments?post=4698"}],"version-history":[{"count":2,"href":"https:\/\/www.seatechnology.eu\/it\/wp-json\/wp\/v2\/pages\/4698\/revisions"}],"predecessor-version":[{"id":11208,"href":"https:\/\/www.seatechnology.eu\/it\/wp-json\/wp\/v2\/pages\/4698\/revisions\/11208"}],"up":[{"embeddable":true,"href":"https:\/\/www.seatechnology.eu\/it\/wp-json\/wp\/v2\/pages\/4644"}],"wp:featuredmedia":[{"embeddable":true,"href":"https:\/\/www.seatechnology.eu\/it\/wp-json\/wp\/v2\/media\/4321"}],"wp:attachment":[{"href":"https:\/\/www.seatechnology.eu\/it\/wp-json\/wp\/v2\/media?parent=4698"}],"curies":[{"name":"wp","href":"https:\/\/api.w.org\/{rel}","templated":true}]}}