{"id":4972,"date":"2021-10-01T10:04:24","date_gmt":"2021-10-01T08:04:24","guid":{"rendered":"https:\/\/www.seatechnology.eu\/?page_id=4972"},"modified":"2023-07-07T10:57:01","modified_gmt":"2023-07-07T08:57:01","slug":"ssr-75","status":"publish","type":"page","link":"https:\/\/www.seatechnology.eu\/it\/motori-sem-e-ssr\/ssr-75\/","title":{"rendered":"Ssr 75"},"content":{"rendered":"<div class=\"wpb-content-wrapper\"><p>[vc_row text_align=&#8221;center&#8221; bottom_padding=&#8221;50&#8243;][vc_column width=&#8221;1\/1&#8243;][vc_column_text]<\/p>\n<h1><span style=\"color: #009cde;\">SSR 75<\/span><\/h1>\n<p>[\/vc_column_text][\/vc_column][\/vc_row][vc_row top_padding=&#8221;10&#8243; bottom_padding=&#8221;10&#8243;][vc_column width=&#8221;1\/3&#8243;]<div class=\"single_image wpb_content_element align-left  animate image_box_shadow image_opacity \" data-animation=\"fade-in-from-top\" data-delay=\"300\"><a href=\"https:\/\/www.seatechnology.eu\/wp-content\/uploads\/2021\/09\/SSR-75.jpg\" class=\"prettyPhoto\" rel=\"prettyPhoto[image]\"><img loading=\"lazy\" decoding=\"async\" width=\"1500\" height=\"1500\" src=\"https:\/\/www.seatechnology.eu\/wp-content\/uploads\/2021\/09\/SSR-75.jpg\" class=\"attachment-full\" alt=\"\" title=\"SSR 75\" srcset=\"https:\/\/www.seatechnology.eu\/wp-content\/uploads\/2021\/09\/SSR-75.jpg 1500w, https:\/\/www.seatechnology.eu\/wp-content\/uploads\/2021\/09\/SSR-75-600x600.jpg 600w, https:\/\/www.seatechnology.eu\/wp-content\/uploads\/2021\/09\/SSR-75-1200x1200.jpg 1200w, https:\/\/www.seatechnology.eu\/wp-content\/uploads\/2021\/09\/SSR-75-300x300.jpg 300w, https:\/\/www.seatechnology.eu\/wp-content\/uploads\/2021\/09\/SSR-75-768x768.jpg 768w, https:\/\/www.seatechnology.eu\/wp-content\/uploads\/2021\/09\/SSR-75-80x80.jpg 80w, https:\/\/www.seatechnology.eu\/wp-content\/uploads\/2021\/09\/SSR-75-500x500.jpg 500w, https:\/\/www.seatechnology.eu\/wp-content\/uploads\/2021\/09\/SSR-75-1000x1000.jpg 1000w\" sizes=\"auto, (max-width: 1500px) 100vw, 1500px\" \/><\/a><span class=\"single_image_caption\">SSR75: per carotaggi fino a 400 mm di diametro, con 18 velocit\u00e0 importabili anche a utensile in uso <\/span><\/div>[vc_row_inner][vc_column_inner][vc_column_text]<\/p>\n<p style=\"text-align: center;\"><strong>Accedi alla scheda tecnica<\/strong><\/p>\n<p>[\/vc_column_text][vc_btn title=&#8221;Ssr 75&#8243; style=&#8221;3d&#8221; color=&#8221;primary&#8221; align=&#8221;center&#8221; i_icon_fontawesome=&#8221;far fa-file-pdf&#8221; add_icon=&#8221;true&#8221; link=&#8221;url:%2Fdl.php%3Ffile_url%3Dhttps%3A%2F%2Fwww.seatechnology.eu%2Fwp-content%2Fuploads%2F2021%2F11%2FSSR-75-Sea-Technology.pdf&#8221; css=&#8221;.vc_custom_1637320735902{margin-top: 0px !important;margin-right: 0px !important;margin-bottom: 0px !important;margin-left: 0px !important;padding-top: 0px !important;padding-right: 0px !important;padding-bottom: 0px !important;padding-left: 0px !important;}&#8221;][\/vc_column_inner][\/vc_row_inner][\/vc_column][vc_column width=&#8221;2\/3&#8243;]<div class=\"headline font-inherit fontsize-inherit fontweight-700 lh-inherit align-center transform-uppercase head-descrizione\" style=\"\">DESCRIZIONE<\/div>[vc_column_text]Il MOTORE SSR75 \u00e8 un motore per carotatrici diamantate adatto per un utilizzo su colonna e per eseguire fori su materiali quali roccia, calcestruzzo, asfalto e muratura. Il motore \u00e8 dotato di un rubinetto sferico che permette attraverso l\u2019emissione di acqua, sia il raffreddamento del motore stesso sia la rimozione dei fanghi di risulta. Il motore \u00e8 dotato di 3 velocit\u00e0 meccaniche. Per ogni velocit\u00e0 meccanica, sono disponibili 6 velocit\u00e0 elettroniche selezionabili attraverso i pulsanti sul quadro di comando. Ci\u00f2 consente all\u2019utilizzatore di effettuare il carotaggio con il numero di giri adeguato al diametro del foro.[\/vc_column_text]<div class=\"headline font-inherit fontsize-inherit fontweight-700 lh-inherit align-center transform-uppercase head-descrizione\" style=\"\">SCHEDA TECNICA<\/div>[vc_column_text]<\/p>\n<table class=\"table-seatechnology-bis\">\n<tbody>\n<tr>\n<td>CARATTERISTICHE<\/td>\n<\/tr>\n<tr>\n<td>Tensione nominale: 400\/3 V<\/td>\n<\/tr>\n<tr>\n<td>Corrente nominale: 9,5 A<\/td>\n<\/tr>\n<tr>\n<td>Potenza nominale: 7500 W<\/td>\n<\/tr>\n<tr>\n<td>Potenza utile: 5700 W<\/td>\n<\/tr>\n<tr>\n<td>Frequenza nominale: 50-60 Hz<\/td>\n<\/tr>\n<tr>\n<td>Numero di giri a pieno (1\/min):<br \/>\nLivello motore 1: 60 &#8211; 70 &#8211; 85 &#8211; 100 &#8211; 115<br \/>\nLivello motore 2: 115 &#8211; 140 &#8211; 165 &#8211; 200 &#8211; 230<br \/>\nLivello motore 3: 180 &#8211; 215 &#8211; 260 &#8211; 310 &#8211; 360<\/td>\n<\/tr>\n<tr>\n<td>Attacco: 1\u201d1\/4 UNC<\/td>\n<\/tr>\n<tr>\n<td>\u00d8 perforazione su calcestruzzo (mm): 150-950<\/td>\n<\/tr>\n<tr>\n<td>Velocit\u00e0: 5 elettroniche e 3 manuali. Vel. Tot: 15<\/td>\n<\/tr>\n<tr>\n<td>Peso: 19,5 Kg<\/td>\n<\/tr>\n<\/tbody>\n<\/table>\n<p>[\/vc_column_text][vc_column_text]<\/p>\n<table class=\"table-seatechnology-bis\">\n<tbody>\n<tr>\n<td>CODICE<\/td>\n<td>DESCRIZIONE<\/td>\n<\/tr>\n<tr>\n<td>SSR75<\/td>\n<td>MOTORE PER CAROTATRICE DIAMANTATA SSR75<\/td>\n<\/tr>\n<\/tbody>\n<\/table>\n<p>[\/vc_column_text][\/vc_column][\/vc_row]<\/p>\n<\/div>","protected":false},"excerpt":{"rendered":"<p>[vc_row text_align=&#8221;center&#8221; bottom_padding=&#8221;50&#8243;][vc_column width=&#8221;1\/1&#8243;][vc_column_text] SSR 75 [\/vc_column_text][\/vc_column][\/vc_row][vc_row top_padding=&#8221;10&#8243; bottom_padding=&#8221;10&#8243;][vc_column width=&#8221;1\/3&#8243;][vc_row_inner][vc_column_inner][vc_column_text] Accedi alla scheda tecnica [\/vc_column_text][vc_btn title=&#8221;Ssr 75&#8243; style=&#8221;3d&#8221; color=&#8221;primary&#8221; align=&#8221;center&#8221; i_icon_fontawesome=&#8221;far fa-file-pdf&#8221; add_icon=&#8221;true&#8221; link=&#8221;url:%2Fdl.php%3Ffile_url%3Dhttps%3A%2F%2Fwww.seatechnology.eu%2Fwp-content%2Fuploads%2F2021%2F11%2FSSR-75-Sea-Technology.pdf&#8221; css=&#8221;.vc_custom_1637320735902{margin-top: 0px !important;margin-right: 0px !important;margin-bottom: 0px !important;margin-left: 0px !important;padding-top: 0px !important;padding-right: 0px !important;padding-bottom: 0px !important;padding-left: 0px !important;}&#8221;][\/vc_column_inner][\/vc_row_inner][\/vc_column][vc_column width=&#8221;2\/3&#8243;][vc_column_text]Il MOTORE SSR75 \u00e8 un motore per carotatrici diamantate adatto per un utilizzo su colonna e per eseguire fori su materiali quali roccia, calcestruzzo, asfalto e muratura. Il motore \u00e8 dotato di un rubinetto sferico che permette attraverso l\u2019emissione di acqua, sia il raffreddamento del motore stesso sia la rimozione dei fanghi di risulta. Il motore \u00e8 dotato di 3 velocit\u00e0 meccaniche. Per ogni velocit\u00e0 meccanica, sono disponibili 6 velocit\u00e0 elettroniche selezionabili attraverso i pulsanti sul quadro di comando. Ci\u00f2 consente all\u2019utilizzatore di effettuare il carotaggio con il numero di giri adeguato al diametro del foro.[\/vc_column_text][vc_column_text] CARATTERISTICHE Tensione nominale: 400\/3 V Corrente nominale: 9,5 A Potenza nominale: 7500 W Potenza utile: 5700 W Frequenza nominale: 50-60 Hz Numero di giri a pieno (1\/min): Livello motore 1: 60 &#8211; 70 &#8211; 85 &#8211; 100 &#8211; 115 Livello motore 2: 115 &#8211; 140 &#8211; 165 &#8211; 200 &#8211; 230 Livello motore 3: 180 &#8211; 215 &#8211; 260 &#8211; 310 &#8211; 360 [&hellip;]<\/p>\n","protected":false},"author":3,"featured_media":4368,"parent":4935,"menu_order":10,"comment_status":"closed","ping_status":"closed","template":"","meta":{"inline_featured_image":false,"footnotes":""},"class_list":["post-4972","page","type-page","status-publish","has-post-thumbnail","hentry"],"yoast_head":"<!-- This site is optimized with the Yoast SEO plugin v26.8 - https:\/\/yoast.com\/product\/yoast-seo-wordpress\/ -->\n<title>Ssr 75 - Sea Technology<\/title>\n<meta name=\"description\" content=\"Motore SSR 75 per le colonne SEACORE per il carotaggio diamantato\" \/>\n<meta name=\"robots\" content=\"index, follow, max-snippet:-1, max-image-preview:large, max-video-preview:-1\" \/>\n<link rel=\"canonical\" href=\"https:\/\/www.seatechnology.eu\/it\/motori-sem-e-ssr\/ssr-75\/\" \/>\n<meta property=\"og:locale\" content=\"it_IT\" \/>\n<meta property=\"og:type\" content=\"article\" \/>\n<meta property=\"og:title\" content=\"Ssr 75 - Sea Technology\" \/>\n<meta property=\"og:description\" content=\"Motore SSR 75 per le colonne SEACORE per il carotaggio diamantato\" \/>\n<meta property=\"og:url\" content=\"https:\/\/www.seatechnology.eu\/it\/motori-sem-e-ssr\/ssr-75\/\" \/>\n<meta property=\"og:site_name\" content=\"Sea Technology\" \/>\n<meta property=\"article:publisher\" content=\"https:\/\/www.facebook.com\/seatechnologyeu\/\" \/>\n<meta property=\"article:modified_time\" content=\"2023-07-07T08:57:01+00:00\" \/>\n<meta property=\"og:image\" content=\"https:\/\/www.seatechnology.eu\/wp-content\/uploads\/2021\/09\/SSR-75.jpg\" \/>\n\t<meta property=\"og:image:width\" content=\"1500\" \/>\n\t<meta property=\"og:image:height\" content=\"1500\" \/>\n\t<meta property=\"og:image:type\" content=\"image\/jpeg\" \/>\n<meta name=\"twitter:card\" content=\"summary_large_image\" \/>\n<meta name=\"twitter:site\" content=\"@SeaTechnology_\" \/>\n<meta name=\"twitter:label1\" content=\"Tempo di lettura stimato\" \/>\n\t<meta name=\"twitter:data1\" content=\"2 minuti\" \/>\n<script type=\"application\/ld+json\" class=\"yoast-schema-graph\">{\"@context\":\"https:\/\/schema.org\",\"@graph\":[{\"@type\":\"WebPage\",\"@id\":\"https:\/\/www.seatechnology.eu\/it\/motori-sem-e-ssr\/ssr-75\/\",\"url\":\"https:\/\/www.seatechnology.eu\/it\/motori-sem-e-ssr\/ssr-75\/\",\"name\":\"Ssr 75 - Sea Technology\",\"isPartOf\":{\"@id\":\"https:\/\/www.seatechnology.eu\/it\/#website\"},\"primaryImageOfPage\":{\"@id\":\"https:\/\/www.seatechnology.eu\/it\/motori-sem-e-ssr\/ssr-75\/#primaryimage\"},\"image\":{\"@id\":\"https:\/\/www.seatechnology.eu\/it\/motori-sem-e-ssr\/ssr-75\/#primaryimage\"},\"thumbnailUrl\":\"https:\/\/www.seatechnology.eu\/wp-content\/uploads\/2021\/09\/SSR-75.jpg\",\"datePublished\":\"2021-10-01T08:04:24+00:00\",\"dateModified\":\"2023-07-07T08:57:01+00:00\",\"description\":\"Motore SSR 75 per le colonne SEACORE per il carotaggio diamantato\",\"breadcrumb\":{\"@id\":\"https:\/\/www.seatechnology.eu\/it\/motori-sem-e-ssr\/ssr-75\/#breadcrumb\"},\"inLanguage\":\"it-IT\",\"potentialAction\":[{\"@type\":\"ReadAction\",\"target\":[\"https:\/\/www.seatechnology.eu\/it\/motori-sem-e-ssr\/ssr-75\/\"]}]},{\"@type\":\"ImageObject\",\"inLanguage\":\"it-IT\",\"@id\":\"https:\/\/www.seatechnology.eu\/it\/motori-sem-e-ssr\/ssr-75\/#primaryimage\",\"url\":\"https:\/\/www.seatechnology.eu\/wp-content\/uploads\/2021\/09\/SSR-75.jpg\",\"contentUrl\":\"https:\/\/www.seatechnology.eu\/wp-content\/uploads\/2021\/09\/SSR-75.jpg\",\"width\":1500,\"height\":1500,\"caption\":\"SSR75: per carotaggi fino a 400 mm di diametro, con 18 velocit\u00e0 importabili anche a utensile in uso\"},{\"@type\":\"BreadcrumbList\",\"@id\":\"https:\/\/www.seatechnology.eu\/it\/motori-sem-e-ssr\/ssr-75\/#breadcrumb\",\"itemListElement\":[{\"@type\":\"ListItem\",\"position\":1,\"name\":\"Home\",\"item\":\"https:\/\/www.seatechnology.eu\/it\/\"},{\"@type\":\"ListItem\",\"position\":2,\"name\":\"Motori SEM e SSR\",\"item\":\"https:\/\/www.seatechnology.eu\/it\/motori-sem-e-ssr\/\"},{\"@type\":\"ListItem\",\"position\":3,\"name\":\"Ssr 75\"}]},{\"@type\":\"WebSite\",\"@id\":\"https:\/\/www.seatechnology.eu\/it\/#website\",\"url\":\"https:\/\/www.seatechnology.eu\/it\/\",\"name\":\"Sea Technology\",\"description\":\"Experts in diamond tools, Since 1973\",\"publisher\":{\"@id\":\"https:\/\/www.seatechnology.eu\/it\/#organization\"},\"potentialAction\":[{\"@type\":\"SearchAction\",\"target\":{\"@type\":\"EntryPoint\",\"urlTemplate\":\"https:\/\/www.seatechnology.eu\/it\/?s={search_term_string}\"},\"query-input\":{\"@type\":\"PropertyValueSpecification\",\"valueRequired\":true,\"valueName\":\"search_term_string\"}}],\"inLanguage\":\"it-IT\"},{\"@type\":\"Organization\",\"@id\":\"https:\/\/www.seatechnology.eu\/it\/#organization\",\"name\":\"Sea Technology Srl\",\"url\":\"https:\/\/www.seatechnology.eu\/it\/\",\"logo\":{\"@type\":\"ImageObject\",\"inLanguage\":\"it-IT\",\"@id\":\"https:\/\/www.seatechnology.eu\/it\/#\/schema\/logo\/image\/\",\"url\":\"https:\/\/www.seatechnology.eu\/wp-content\/uploads\/2019\/09\/SeaTechnology-vertical-300px.png\",\"contentUrl\":\"https:\/\/www.seatechnology.eu\/wp-content\/uploads\/2019\/09\/SeaTechnology-vertical-300px.png\",\"width\":244,\"height\":266,\"caption\":\"Sea Technology Srl\"},\"image\":{\"@id\":\"https:\/\/www.seatechnology.eu\/it\/#\/schema\/logo\/image\/\"},\"sameAs\":[\"https:\/\/www.facebook.com\/seatechnologyeu\/\",\"https:\/\/x.com\/SeaTechnology_\",\"https:\/\/www.linkedin.com\/company\/sea-technology-srl\",\"https:\/\/www.youtube.com\/@seatechnology5754\"]}]}<\/script>\n<!-- \/ Yoast SEO plugin. -->","yoast_head_json":{"title":"Ssr 75 - Sea Technology","description":"Motore SSR 75 per le colonne SEACORE per il carotaggio diamantato","robots":{"index":"index","follow":"follow","max-snippet":"max-snippet:-1","max-image-preview":"max-image-preview:large","max-video-preview":"max-video-preview:-1"},"canonical":"https:\/\/www.seatechnology.eu\/it\/motori-sem-e-ssr\/ssr-75\/","og_locale":"it_IT","og_type":"article","og_title":"Ssr 75 - Sea Technology","og_description":"Motore SSR 75 per le colonne SEACORE per il carotaggio diamantato","og_url":"https:\/\/www.seatechnology.eu\/it\/motori-sem-e-ssr\/ssr-75\/","og_site_name":"Sea Technology","article_publisher":"https:\/\/www.facebook.com\/seatechnologyeu\/","article_modified_time":"2023-07-07T08:57:01+00:00","og_image":[{"width":1500,"height":1500,"url":"https:\/\/www.seatechnology.eu\/wp-content\/uploads\/2021\/09\/SSR-75.jpg","type":"image\/jpeg"}],"twitter_card":"summary_large_image","twitter_site":"@SeaTechnology_","twitter_misc":{"Tempo di lettura stimato":"2 minuti"},"schema":{"@context":"https:\/\/schema.org","@graph":[{"@type":"WebPage","@id":"https:\/\/www.seatechnology.eu\/it\/motori-sem-e-ssr\/ssr-75\/","url":"https:\/\/www.seatechnology.eu\/it\/motori-sem-e-ssr\/ssr-75\/","name":"Ssr 75 - Sea Technology","isPartOf":{"@id":"https:\/\/www.seatechnology.eu\/it\/#website"},"primaryImageOfPage":{"@id":"https:\/\/www.seatechnology.eu\/it\/motori-sem-e-ssr\/ssr-75\/#primaryimage"},"image":{"@id":"https:\/\/www.seatechnology.eu\/it\/motori-sem-e-ssr\/ssr-75\/#primaryimage"},"thumbnailUrl":"https:\/\/www.seatechnology.eu\/wp-content\/uploads\/2021\/09\/SSR-75.jpg","datePublished":"2021-10-01T08:04:24+00:00","dateModified":"2023-07-07T08:57:01+00:00","description":"Motore SSR 75 per le colonne SEACORE per il carotaggio diamantato","breadcrumb":{"@id":"https:\/\/www.seatechnology.eu\/it\/motori-sem-e-ssr\/ssr-75\/#breadcrumb"},"inLanguage":"it-IT","potentialAction":[{"@type":"ReadAction","target":["https:\/\/www.seatechnology.eu\/it\/motori-sem-e-ssr\/ssr-75\/"]}]},{"@type":"ImageObject","inLanguage":"it-IT","@id":"https:\/\/www.seatechnology.eu\/it\/motori-sem-e-ssr\/ssr-75\/#primaryimage","url":"https:\/\/www.seatechnology.eu\/wp-content\/uploads\/2021\/09\/SSR-75.jpg","contentUrl":"https:\/\/www.seatechnology.eu\/wp-content\/uploads\/2021\/09\/SSR-75.jpg","width":1500,"height":1500,"caption":"SSR75: per carotaggi fino a 400 mm di diametro, con 18 velocit\u00e0 importabili anche a utensile in uso"},{"@type":"BreadcrumbList","@id":"https:\/\/www.seatechnology.eu\/it\/motori-sem-e-ssr\/ssr-75\/#breadcrumb","itemListElement":[{"@type":"ListItem","position":1,"name":"Home","item":"https:\/\/www.seatechnology.eu\/it\/"},{"@type":"ListItem","position":2,"name":"Motori SEM e SSR","item":"https:\/\/www.seatechnology.eu\/it\/motori-sem-e-ssr\/"},{"@type":"ListItem","position":3,"name":"Ssr 75"}]},{"@type":"WebSite","@id":"https:\/\/www.seatechnology.eu\/it\/#website","url":"https:\/\/www.seatechnology.eu\/it\/","name":"Sea Technology","description":"Experts in diamond tools, Since 1973","publisher":{"@id":"https:\/\/www.seatechnology.eu\/it\/#organization"},"potentialAction":[{"@type":"SearchAction","target":{"@type":"EntryPoint","urlTemplate":"https:\/\/www.seatechnology.eu\/it\/?s={search_term_string}"},"query-input":{"@type":"PropertyValueSpecification","valueRequired":true,"valueName":"search_term_string"}}],"inLanguage":"it-IT"},{"@type":"Organization","@id":"https:\/\/www.seatechnology.eu\/it\/#organization","name":"Sea Technology Srl","url":"https:\/\/www.seatechnology.eu\/it\/","logo":{"@type":"ImageObject","inLanguage":"it-IT","@id":"https:\/\/www.seatechnology.eu\/it\/#\/schema\/logo\/image\/","url":"https:\/\/www.seatechnology.eu\/wp-content\/uploads\/2019\/09\/SeaTechnology-vertical-300px.png","contentUrl":"https:\/\/www.seatechnology.eu\/wp-content\/uploads\/2019\/09\/SeaTechnology-vertical-300px.png","width":244,"height":266,"caption":"Sea Technology Srl"},"image":{"@id":"https:\/\/www.seatechnology.eu\/it\/#\/schema\/logo\/image\/"},"sameAs":["https:\/\/www.facebook.com\/seatechnologyeu\/","https:\/\/x.com\/SeaTechnology_","https:\/\/www.linkedin.com\/company\/sea-technology-srl","https:\/\/www.youtube.com\/@seatechnology5754"]}]}},"_links":{"self":[{"href":"https:\/\/www.seatechnology.eu\/it\/wp-json\/wp\/v2\/pages\/4972","targetHints":{"allow":["GET"]}}],"collection":[{"href":"https:\/\/www.seatechnology.eu\/it\/wp-json\/wp\/v2\/pages"}],"about":[{"href":"https:\/\/www.seatechnology.eu\/it\/wp-json\/wp\/v2\/types\/page"}],"author":[{"embeddable":true,"href":"https:\/\/www.seatechnology.eu\/it\/wp-json\/wp\/v2\/users\/3"}],"replies":[{"embeddable":true,"href":"https:\/\/www.seatechnology.eu\/it\/wp-json\/wp\/v2\/comments?post=4972"}],"version-history":[{"count":1,"href":"https:\/\/www.seatechnology.eu\/it\/wp-json\/wp\/v2\/pages\/4972\/revisions"}],"predecessor-version":[{"id":11716,"href":"https:\/\/www.seatechnology.eu\/it\/wp-json\/wp\/v2\/pages\/4972\/revisions\/11716"}],"up":[{"embeddable":true,"href":"https:\/\/www.seatechnology.eu\/it\/wp-json\/wp\/v2\/pages\/4935"}],"wp:featuredmedia":[{"embeddable":true,"href":"https:\/\/www.seatechnology.eu\/it\/wp-json\/wp\/v2\/media\/4368"}],"wp:attachment":[{"href":"https:\/\/www.seatechnology.eu\/it\/wp-json\/wp\/v2\/media?parent=4972"}],"curies":[{"name":"wp","href":"https:\/\/api.w.org\/{rel}","templated":true}]}}