{"id":5271,"date":"2021-10-04T12:05:55","date_gmt":"2021-10-04T10:05:55","guid":{"rendered":"https:\/\/www.seatechnology.eu\/?page_id=5271"},"modified":"2021-10-08T10:47:14","modified_gmt":"2021-10-08T08:47:14","slug":"piatto-bocciardatore-seabush","status":"publish","type":"page","link":"https:\/\/www.seatechnology.eu\/it\/moduli-levigatura-e-chimici-per-lucidatura\/piatto-bocciardatore-seabush\/","title":{"rendered":"Piatto bocciardatore Seabush"},"content":{"rendered":"<div class=\"wpb-content-wrapper\"><p>[vc_row text_align=&#8221;center&#8221; bottom_padding=&#8221;50&#8243;][vc_column width=&#8221;1\/1&#8243;][vc_column_text]<\/p>\n<h1><span style=\"color: #009cde;\">PIATTO BOCCIARDATORE SEABUSH<\/span><\/h1>\n<p>[\/vc_column_text][\/vc_column][\/vc_row][vc_row top_padding=&#8221;10&#8243; bottom_padding=&#8221;10&#8243;][vc_column width=&#8221;1\/3&#8243;]<div class=\"single_image wpb_content_element align-left  animate image_box_shadow image_opacity \" data-animation=\"fade-in-from-top\" data-delay=\"300\"><a href=\"https:\/\/www.seatechnology.eu\/wp-content\/uploads\/2021\/09\/seabush.jpg\" class=\"prettyPhoto\" rel=\"prettyPhoto[image]\"><img loading=\"lazy\" decoding=\"async\" width=\"1500\" height=\"1500\" src=\"https:\/\/www.seatechnology.eu\/wp-content\/uploads\/2021\/09\/seabush.jpg\" class=\"attachment-full\" alt=\"\" title=\"seabush\" srcset=\"https:\/\/www.seatechnology.eu\/wp-content\/uploads\/2021\/09\/seabush.jpg 1500w, https:\/\/www.seatechnology.eu\/wp-content\/uploads\/2021\/09\/seabush-600x600.jpg 600w, https:\/\/www.seatechnology.eu\/wp-content\/uploads\/2021\/09\/seabush-1200x1200.jpg 1200w, https:\/\/www.seatechnology.eu\/wp-content\/uploads\/2021\/09\/seabush-300x300.jpg 300w, https:\/\/www.seatechnology.eu\/wp-content\/uploads\/2021\/09\/seabush-768x768.jpg 768w, https:\/\/www.seatechnology.eu\/wp-content\/uploads\/2021\/09\/seabush-80x80.jpg 80w, https:\/\/www.seatechnology.eu\/wp-content\/uploads\/2021\/09\/seabush-500x500.jpg 500w, https:\/\/www.seatechnology.eu\/wp-content\/uploads\/2021\/09\/seabush-1000x1000.jpg 1000w\" sizes=\"auto, (max-width: 1500px) 100vw, 1500px\" \/><\/a><\/div>[\/vc_column][vc_column width=&#8221;2\/3&#8243;]<div class=\"headline font-inherit fontsize-inherit fontweight-700 lh-inherit align-center transform-uppercase head-descrizione\" style=\"\">DESCRIZIONE<\/div>[vc_column_text]\u00c8 utile per molte applicazioni: rende antiscivolo superfici in marmo, granito, pietra naturale e cemento. Rimuove colle, vernici e resina, frantuma resine a spessore difficilmente rimovibili. Crea \u201cl\u2019effetto faccia vista\u201d su pannelli di prefabbricato e prepara il pavimento prima della resine. Utilizzando SEABUSH in combinazione con i moduli diamantati, la superficie viene lasciata perfettamente levigata e alle condizioni desiderate di rugosit\u00e0 in base al successivo trattamento richiesto. Disponibile nel \u00d8 230 e nel \u00d8 200 con 3 o 4 rulli bocciardatori.[\/vc_column_text]<div class=\"headline font-inherit fontsize-inherit fontweight-700 lh-inherit align-center transform-uppercase head-descrizione\" style=\"\">SCHEDA TECNICA<\/div>[vc_column_text]<\/p>\n<table class=\"table-seatechnology\">\n<tbody>\n<tr style=\"height: 50px;\">\n<td>cemento<\/td>\n<td style=\"width: 35%;\"><img loading=\"lazy\" decoding=\"async\" class=\" alignright size-full wp-image-40\" style=\"float: right;\" src=\"\/wp-content\/uploads\/2013\/11\/images_prodotti_squalo_sea.png\" alt=\"\" width=\"30\" height=\"32\" border=\"0\" \/><img loading=\"lazy\" decoding=\"async\" class=\" alignright size-full wp-image-40\" style=\"float: right;\" src=\"\/wp-content\/uploads\/2013\/11\/images_prodotti_squalo_sea.png\" alt=\"\" width=\"30\" height=\"32\" border=\"0\" \/><img loading=\"lazy\" decoding=\"async\" class=\" alignright size-full wp-image-40\" style=\"float: right;\" src=\"\/wp-content\/uploads\/2013\/11\/images_prodotti_squalo_sea.png\" alt=\"\" width=\"30\" height=\"32\" border=\"0\" \/><img loading=\"lazy\" decoding=\"async\" class=\" alignright size-full wp-image-40\" style=\"float: right;\" src=\"\/wp-content\/uploads\/2013\/11\/images_prodotti_squalo_sea.png\" alt=\"\" width=\"30\" height=\"32\" border=\"0\" \/><img loading=\"lazy\" decoding=\"async\" class=\" alignright size-full wp-image-40\" style=\"float: right;\" src=\"\/wp-content\/uploads\/2013\/11\/images_prodotti_squalo_sea.png\" alt=\"\" width=\"30\" height=\"32\" border=\"0\" \/><\/td>\n<td style=\"padding: 15px; width: 20%;\"><span style=\"font-size: medium;\">SUPER<\/span><\/td>\n<\/tr>\n<tr style=\"height: 50px;\">\n<td><\/td>\n<td style=\"width: 35%;\"><img loading=\"lazy\" decoding=\"async\" class=\" alignright size-full wp-image-40\" style=\"float: right;\" src=\"\/wp-content\/uploads\/2013\/11\/images_prodotti_squalo_sea.png\" alt=\"\" width=\"30\" height=\"32\" border=\"0\" \/><img loading=\"lazy\" decoding=\"async\" class=\" alignright size-full wp-image-40\" style=\"float: right;\" src=\"\/wp-content\/uploads\/2013\/11\/images_prodotti_squalo_sea.png\" alt=\"\" width=\"30\" height=\"32\" border=\"0\" \/><img loading=\"lazy\" decoding=\"async\" class=\" alignright size-full wp-image-40\" style=\"float: right;\" src=\"\/wp-content\/uploads\/2013\/11\/images_prodotti_squalo_sea.png\" alt=\"\" width=\"30\" height=\"32\" border=\"0\" \/><img loading=\"lazy\" decoding=\"async\" class=\" alignright size-full wp-image-40\" style=\"float: right;\" src=\"\/wp-content\/uploads\/2013\/11\/images_prodotti_squalo_sea.png\" alt=\"\" width=\"30\" height=\"32\" border=\"0\" \/><\/td>\n<td style=\"padding: 15px; width: 20%;\"><span style=\"font-size: medium;\">OTTIMO\u00a0<\/span><\/td>\n<\/tr>\n<tr style=\"height: 50px;\">\n<td>granito, marmo, pietra naturale<\/td>\n<td style=\"width: 35%;\"><img loading=\"lazy\" decoding=\"async\" class=\" alignright size-full wp-image-40\" style=\"float: right;\" src=\"\/wp-content\/uploads\/2013\/11\/images_prodotti_squalo_sea.png\" alt=\"\" width=\"30\" height=\"32\" border=\"0\" \/><img loading=\"lazy\" decoding=\"async\" class=\" alignright size-full wp-image-40\" style=\"float: right;\" src=\"\/wp-content\/uploads\/2013\/11\/images_prodotti_squalo_sea.png\" alt=\"\" width=\"30\" height=\"32\" border=\"0\" \/><img loading=\"lazy\" decoding=\"async\" class=\" alignright size-full wp-image-40\" style=\"float: right;\" src=\"\/wp-content\/uploads\/2013\/11\/images_prodotti_squalo_sea.png\" alt=\"\" width=\"30\" height=\"32\" border=\"0\" \/><\/td>\n<td style=\"padding: 15px; width: 20%;\"><span style=\"font-size: medium;\">BUONO\u00a0<\/span><\/td>\n<\/tr>\n<tr style=\"height: 50px;\">\n<td><\/td>\n<td style=\"width: 35%;\">\u00a0<img loading=\"lazy\" decoding=\"async\" class=\" alignright size-full wp-image-40\" style=\"float: right;\" src=\"\/wp-content\/uploads\/2013\/11\/images_prodotti_squalo_sea.png\" alt=\"\" width=\"30\" height=\"32\" border=\"0\" \/><img loading=\"lazy\" decoding=\"async\" class=\" alignright size-full wp-image-40\" style=\"float: right;\" src=\"\/wp-content\/uploads\/2013\/11\/images_prodotti_squalo_sea.png\" alt=\"\" width=\"30\" height=\"32\" border=\"0\" \/><\/td>\n<td style=\"padding: 15px; width: 20%;\"><span style=\"font-size: medium;\">MEDIO\u00a0<\/span><\/td>\n<\/tr>\n<tr style=\"height: 50px;\">\n<td><\/td>\n<td style=\"width: 35%;\">\u00a0<img loading=\"lazy\" decoding=\"async\" class=\" alignright size-full wp-image-40\" style=\"float: right;\" src=\"\/wp-content\/uploads\/2013\/11\/images_prodotti_squalo_sea.png\" alt=\"\" width=\"30\" height=\"32\" border=\"0\" \/><\/td>\n<td style=\"padding: 15px; width: 20%;\"><span style=\"font-size: medium;\">SUFFICIENTE\u00a0<\/span><\/td>\n<\/tr>\n<tr style=\"height: 50px;\">\n<td><\/td>\n<td style=\"width: 35%;\"><\/td>\n<td style=\"padding: 15px; width: 20%;\"><span style=\"font-size: medium;\">INADATTO\u00a0<\/span><\/td>\n<\/tr>\n<\/tbody>\n<\/table>\n<p>[\/vc_column_text][vc_column_text]<\/p>\n<table class=\"table-seatechnology-bis\">\n<tbody>\n<tr>\n<td>CODICE<\/td>\n<td>DESCRIZIONE<\/td>\n<\/tr>\n<tr>\n<td>SGRIND550BOC4RUL<\/td>\n<td>DISCO BOCCIARDATORE A 4 RULLI D=200QA<\/td>\n<\/tr>\n<tr>\n<td>SGRIND280BOC5RUL<\/td>\n<td>DISCO BOCCIARDATORE A 5 RULLI D=280 COMPLETO DI PIATTO<\/td>\n<\/tr>\n<\/tbody>\n<\/table>\n<p>[\/vc_column_text][\/vc_column][\/vc_row]<\/p>\n<\/div>","protected":false},"excerpt":{"rendered":"<p>[vc_row text_align=&#8221;center&#8221; bottom_padding=&#8221;50&#8243;][vc_column width=&#8221;1\/1&#8243;][vc_column_text] PIATTO BOCCIARDATORE SEABUSH [\/vc_column_text][\/vc_column][\/vc_row][vc_row top_padding=&#8221;10&#8243; bottom_padding=&#8221;10&#8243;][vc_column width=&#8221;1\/3&#8243;][\/vc_column][vc_column width=&#8221;2\/3&#8243;][vc_column_text]\u00c8 utile per molte applicazioni: rende antiscivolo superfici in marmo, granito, pietra naturale e cemento. Rimuove colle, vernici e resina, frantuma resine a spessore difficilmente rimovibili. Crea \u201cl\u2019effetto faccia vista\u201d su pannelli di prefabbricato e prepara il pavimento prima della resine. Utilizzando SEABUSH in combinazione con i moduli diamantati, la superficie viene lasciata perfettamente levigata e alle condizioni desiderate di rugosit\u00e0 in base al successivo trattamento richiesto. Disponibile nel \u00d8 230 e nel \u00d8 200 con 3 o 4 rulli bocciardatori.[\/vc_column_text][vc_column_text] cemento SUPER OTTIMO\u00a0 granito, marmo, pietra naturale BUONO\u00a0 \u00a0 MEDIO\u00a0 \u00a0 SUFFICIENTE\u00a0 INADATTO\u00a0 [\/vc_column_text][vc_column_text] CODICE DESCRIZIONE SGRIND550BOC4RUL DISCO BOCCIARDATORE A 4 RULLI D=200QA SGRIND280BOC5RUL DISCO BOCCIARDATORE A 5 RULLI D=280 COMPLETO DI PIATTO [\/vc_column_text][\/vc_column][\/vc_row]<\/p>\n","protected":false},"author":3,"featured_media":4291,"parent":5159,"menu_order":12,"comment_status":"closed","ping_status":"closed","template":"","meta":{"inline_featured_image":false,"footnotes":""},"class_list":["post-5271","page","type-page","status-publish","has-post-thumbnail","hentry"],"yoast_head":"<!-- This site is optimized with the Yoast SEO plugin v26.8 - https:\/\/yoast.com\/product\/yoast-seo-wordpress\/ -->\n<title>Piatto bocciardatore Seabush - Sea Technology<\/title>\n<meta name=\"description\" content=\"Modulo bocciardatore rende antiscivolo superfici marmo granito pietra naturale cemento rimuove colle vernici resina crea effetto faccia vista\" \/>\n<meta name=\"robots\" content=\"index, follow, max-snippet:-1, max-image-preview:large, max-video-preview:-1\" \/>\n<link rel=\"canonical\" href=\"https:\/\/www.seatechnology.eu\/it\/moduli-levigatura-e-chimici-per-lucidatura\/piatto-bocciardatore-seabush\/\" \/>\n<meta property=\"og:locale\" content=\"it_IT\" \/>\n<meta property=\"og:type\" content=\"article\" \/>\n<meta property=\"og:title\" content=\"Piatto bocciardatore Seabush - Sea Technology\" \/>\n<meta property=\"og:description\" content=\"Modulo bocciardatore rende antiscivolo superfici marmo granito pietra naturale cemento rimuove colle vernici resina crea effetto faccia vista\" \/>\n<meta property=\"og:url\" content=\"https:\/\/www.seatechnology.eu\/it\/moduli-levigatura-e-chimici-per-lucidatura\/piatto-bocciardatore-seabush\/\" \/>\n<meta property=\"og:site_name\" content=\"Sea Technology\" \/>\n<meta property=\"article:publisher\" content=\"https:\/\/www.facebook.com\/seatechnologyeu\/\" \/>\n<meta property=\"article:modified_time\" content=\"2021-10-08T08:47:14+00:00\" \/>\n<meta property=\"og:image\" content=\"https:\/\/www.seatechnology.eu\/wp-content\/uploads\/2021\/09\/seabush.jpg\" \/>\n\t<meta property=\"og:image:width\" content=\"1500\" \/>\n\t<meta property=\"og:image:height\" content=\"1500\" \/>\n\t<meta property=\"og:image:type\" content=\"image\/jpeg\" \/>\n<meta name=\"twitter:card\" content=\"summary_large_image\" \/>\n<meta name=\"twitter:site\" content=\"@SeaTechnology_\" \/>\n<meta name=\"twitter:label1\" content=\"Tempo di lettura stimato\" \/>\n\t<meta name=\"twitter:data1\" content=\"4 minuti\" \/>\n<script type=\"application\/ld+json\" class=\"yoast-schema-graph\">{\"@context\":\"https:\/\/schema.org\",\"@graph\":[{\"@type\":\"WebPage\",\"@id\":\"https:\/\/www.seatechnology.eu\/it\/moduli-levigatura-e-chimici-per-lucidatura\/piatto-bocciardatore-seabush\/\",\"url\":\"https:\/\/www.seatechnology.eu\/it\/moduli-levigatura-e-chimici-per-lucidatura\/piatto-bocciardatore-seabush\/\",\"name\":\"Piatto bocciardatore Seabush - Sea Technology\",\"isPartOf\":{\"@id\":\"https:\/\/www.seatechnology.eu\/it\/#website\"},\"primaryImageOfPage\":{\"@id\":\"https:\/\/www.seatechnology.eu\/it\/moduli-levigatura-e-chimici-per-lucidatura\/piatto-bocciardatore-seabush\/#primaryimage\"},\"image\":{\"@id\":\"https:\/\/www.seatechnology.eu\/it\/moduli-levigatura-e-chimici-per-lucidatura\/piatto-bocciardatore-seabush\/#primaryimage\"},\"thumbnailUrl\":\"https:\/\/www.seatechnology.eu\/wp-content\/uploads\/2021\/09\/seabush.jpg\",\"datePublished\":\"2021-10-04T10:05:55+00:00\",\"dateModified\":\"2021-10-08T08:47:14+00:00\",\"description\":\"Modulo bocciardatore rende antiscivolo superfici marmo granito pietra naturale cemento rimuove colle vernici resina crea effetto faccia vista\",\"breadcrumb\":{\"@id\":\"https:\/\/www.seatechnology.eu\/it\/moduli-levigatura-e-chimici-per-lucidatura\/piatto-bocciardatore-seabush\/#breadcrumb\"},\"inLanguage\":\"it-IT\",\"potentialAction\":[{\"@type\":\"ReadAction\",\"target\":[\"https:\/\/www.seatechnology.eu\/it\/moduli-levigatura-e-chimici-per-lucidatura\/piatto-bocciardatore-seabush\/\"]}]},{\"@type\":\"ImageObject\",\"inLanguage\":\"it-IT\",\"@id\":\"https:\/\/www.seatechnology.eu\/it\/moduli-levigatura-e-chimici-per-lucidatura\/piatto-bocciardatore-seabush\/#primaryimage\",\"url\":\"https:\/\/www.seatechnology.eu\/wp-content\/uploads\/2021\/09\/seabush.jpg\",\"contentUrl\":\"https:\/\/www.seatechnology.eu\/wp-content\/uploads\/2021\/09\/seabush.jpg\",\"width\":1500,\"height\":1500},{\"@type\":\"BreadcrumbList\",\"@id\":\"https:\/\/www.seatechnology.eu\/it\/moduli-levigatura-e-chimici-per-lucidatura\/piatto-bocciardatore-seabush\/#breadcrumb\",\"itemListElement\":[{\"@type\":\"ListItem\",\"position\":1,\"name\":\"Home\",\"item\":\"https:\/\/www.seatechnology.eu\/it\/\"},{\"@type\":\"ListItem\",\"position\":2,\"name\":\"Moduli levigatura e chimici per lucidatura\",\"item\":\"https:\/\/www.seatechnology.eu\/it\/moduli-levigatura-e-chimici-per-lucidatura\/\"},{\"@type\":\"ListItem\",\"position\":3,\"name\":\"Piatto bocciardatore Seabush\"}]},{\"@type\":\"WebSite\",\"@id\":\"https:\/\/www.seatechnology.eu\/it\/#website\",\"url\":\"https:\/\/www.seatechnology.eu\/it\/\",\"name\":\"Sea Technology\",\"description\":\"Experts in diamond tools, Since 1973\",\"publisher\":{\"@id\":\"https:\/\/www.seatechnology.eu\/it\/#organization\"},\"potentialAction\":[{\"@type\":\"SearchAction\",\"target\":{\"@type\":\"EntryPoint\",\"urlTemplate\":\"https:\/\/www.seatechnology.eu\/it\/?s={search_term_string}\"},\"query-input\":{\"@type\":\"PropertyValueSpecification\",\"valueRequired\":true,\"valueName\":\"search_term_string\"}}],\"inLanguage\":\"it-IT\"},{\"@type\":\"Organization\",\"@id\":\"https:\/\/www.seatechnology.eu\/it\/#organization\",\"name\":\"Sea Technology Srl\",\"url\":\"https:\/\/www.seatechnology.eu\/it\/\",\"logo\":{\"@type\":\"ImageObject\",\"inLanguage\":\"it-IT\",\"@id\":\"https:\/\/www.seatechnology.eu\/it\/#\/schema\/logo\/image\/\",\"url\":\"https:\/\/www.seatechnology.eu\/wp-content\/uploads\/2019\/09\/SeaTechnology-vertical-300px.png\",\"contentUrl\":\"https:\/\/www.seatechnology.eu\/wp-content\/uploads\/2019\/09\/SeaTechnology-vertical-300px.png\",\"width\":244,\"height\":266,\"caption\":\"Sea Technology Srl\"},\"image\":{\"@id\":\"https:\/\/www.seatechnology.eu\/it\/#\/schema\/logo\/image\/\"},\"sameAs\":[\"https:\/\/www.facebook.com\/seatechnologyeu\/\",\"https:\/\/x.com\/SeaTechnology_\",\"https:\/\/www.linkedin.com\/company\/sea-technology-srl\",\"https:\/\/www.youtube.com\/@seatechnology5754\"]}]}<\/script>\n<!-- \/ Yoast SEO plugin. -->","yoast_head_json":{"title":"Piatto bocciardatore Seabush - Sea Technology","description":"Modulo bocciardatore rende antiscivolo superfici marmo granito pietra naturale cemento rimuove colle vernici resina crea effetto faccia vista","robots":{"index":"index","follow":"follow","max-snippet":"max-snippet:-1","max-image-preview":"max-image-preview:large","max-video-preview":"max-video-preview:-1"},"canonical":"https:\/\/www.seatechnology.eu\/it\/moduli-levigatura-e-chimici-per-lucidatura\/piatto-bocciardatore-seabush\/","og_locale":"it_IT","og_type":"article","og_title":"Piatto bocciardatore Seabush - Sea Technology","og_description":"Modulo bocciardatore rende antiscivolo superfici marmo granito pietra naturale cemento rimuove colle vernici resina crea effetto faccia vista","og_url":"https:\/\/www.seatechnology.eu\/it\/moduli-levigatura-e-chimici-per-lucidatura\/piatto-bocciardatore-seabush\/","og_site_name":"Sea Technology","article_publisher":"https:\/\/www.facebook.com\/seatechnologyeu\/","article_modified_time":"2021-10-08T08:47:14+00:00","og_image":[{"width":1500,"height":1500,"url":"https:\/\/www.seatechnology.eu\/wp-content\/uploads\/2021\/09\/seabush.jpg","type":"image\/jpeg"}],"twitter_card":"summary_large_image","twitter_site":"@SeaTechnology_","twitter_misc":{"Tempo di lettura stimato":"4 minuti"},"schema":{"@context":"https:\/\/schema.org","@graph":[{"@type":"WebPage","@id":"https:\/\/www.seatechnology.eu\/it\/moduli-levigatura-e-chimici-per-lucidatura\/piatto-bocciardatore-seabush\/","url":"https:\/\/www.seatechnology.eu\/it\/moduli-levigatura-e-chimici-per-lucidatura\/piatto-bocciardatore-seabush\/","name":"Piatto bocciardatore Seabush - Sea Technology","isPartOf":{"@id":"https:\/\/www.seatechnology.eu\/it\/#website"},"primaryImageOfPage":{"@id":"https:\/\/www.seatechnology.eu\/it\/moduli-levigatura-e-chimici-per-lucidatura\/piatto-bocciardatore-seabush\/#primaryimage"},"image":{"@id":"https:\/\/www.seatechnology.eu\/it\/moduli-levigatura-e-chimici-per-lucidatura\/piatto-bocciardatore-seabush\/#primaryimage"},"thumbnailUrl":"https:\/\/www.seatechnology.eu\/wp-content\/uploads\/2021\/09\/seabush.jpg","datePublished":"2021-10-04T10:05:55+00:00","dateModified":"2021-10-08T08:47:14+00:00","description":"Modulo bocciardatore rende antiscivolo superfici marmo granito pietra naturale cemento rimuove colle vernici resina crea effetto faccia vista","breadcrumb":{"@id":"https:\/\/www.seatechnology.eu\/it\/moduli-levigatura-e-chimici-per-lucidatura\/piatto-bocciardatore-seabush\/#breadcrumb"},"inLanguage":"it-IT","potentialAction":[{"@type":"ReadAction","target":["https:\/\/www.seatechnology.eu\/it\/moduli-levigatura-e-chimici-per-lucidatura\/piatto-bocciardatore-seabush\/"]}]},{"@type":"ImageObject","inLanguage":"it-IT","@id":"https:\/\/www.seatechnology.eu\/it\/moduli-levigatura-e-chimici-per-lucidatura\/piatto-bocciardatore-seabush\/#primaryimage","url":"https:\/\/www.seatechnology.eu\/wp-content\/uploads\/2021\/09\/seabush.jpg","contentUrl":"https:\/\/www.seatechnology.eu\/wp-content\/uploads\/2021\/09\/seabush.jpg","width":1500,"height":1500},{"@type":"BreadcrumbList","@id":"https:\/\/www.seatechnology.eu\/it\/moduli-levigatura-e-chimici-per-lucidatura\/piatto-bocciardatore-seabush\/#breadcrumb","itemListElement":[{"@type":"ListItem","position":1,"name":"Home","item":"https:\/\/www.seatechnology.eu\/it\/"},{"@type":"ListItem","position":2,"name":"Moduli levigatura e chimici per lucidatura","item":"https:\/\/www.seatechnology.eu\/it\/moduli-levigatura-e-chimici-per-lucidatura\/"},{"@type":"ListItem","position":3,"name":"Piatto bocciardatore Seabush"}]},{"@type":"WebSite","@id":"https:\/\/www.seatechnology.eu\/it\/#website","url":"https:\/\/www.seatechnology.eu\/it\/","name":"Sea Technology","description":"Experts in diamond tools, Since 1973","publisher":{"@id":"https:\/\/www.seatechnology.eu\/it\/#organization"},"potentialAction":[{"@type":"SearchAction","target":{"@type":"EntryPoint","urlTemplate":"https:\/\/www.seatechnology.eu\/it\/?s={search_term_string}"},"query-input":{"@type":"PropertyValueSpecification","valueRequired":true,"valueName":"search_term_string"}}],"inLanguage":"it-IT"},{"@type":"Organization","@id":"https:\/\/www.seatechnology.eu\/it\/#organization","name":"Sea Technology Srl","url":"https:\/\/www.seatechnology.eu\/it\/","logo":{"@type":"ImageObject","inLanguage":"it-IT","@id":"https:\/\/www.seatechnology.eu\/it\/#\/schema\/logo\/image\/","url":"https:\/\/www.seatechnology.eu\/wp-content\/uploads\/2019\/09\/SeaTechnology-vertical-300px.png","contentUrl":"https:\/\/www.seatechnology.eu\/wp-content\/uploads\/2019\/09\/SeaTechnology-vertical-300px.png","width":244,"height":266,"caption":"Sea Technology Srl"},"image":{"@id":"https:\/\/www.seatechnology.eu\/it\/#\/schema\/logo\/image\/"},"sameAs":["https:\/\/www.facebook.com\/seatechnologyeu\/","https:\/\/x.com\/SeaTechnology_","https:\/\/www.linkedin.com\/company\/sea-technology-srl","https:\/\/www.youtube.com\/@seatechnology5754"]}]}},"_links":{"self":[{"href":"https:\/\/www.seatechnology.eu\/it\/wp-json\/wp\/v2\/pages\/5271","targetHints":{"allow":["GET"]}}],"collection":[{"href":"https:\/\/www.seatechnology.eu\/it\/wp-json\/wp\/v2\/pages"}],"about":[{"href":"https:\/\/www.seatechnology.eu\/it\/wp-json\/wp\/v2\/types\/page"}],"author":[{"embeddable":true,"href":"https:\/\/www.seatechnology.eu\/it\/wp-json\/wp\/v2\/users\/3"}],"replies":[{"embeddable":true,"href":"https:\/\/www.seatechnology.eu\/it\/wp-json\/wp\/v2\/comments?post=5271"}],"version-history":[{"count":0,"href":"https:\/\/www.seatechnology.eu\/it\/wp-json\/wp\/v2\/pages\/5271\/revisions"}],"up":[{"embeddable":true,"href":"https:\/\/www.seatechnology.eu\/it\/wp-json\/wp\/v2\/pages\/5159"}],"wp:featuredmedia":[{"embeddable":true,"href":"https:\/\/www.seatechnology.eu\/it\/wp-json\/wp\/v2\/media\/4291"}],"wp:attachment":[{"href":"https:\/\/www.seatechnology.eu\/it\/wp-json\/wp\/v2\/media?parent=5271"}],"curies":[{"name":"wp","href":"https:\/\/api.w.org\/{rel}","templated":true}]}}