{"id":5361,"date":"2021-10-05T10:12:03","date_gmt":"2021-10-05T08:12:03","guid":{"rendered":"https:\/\/www.seatechnology.eu\/?page_id=5361"},"modified":"2024-12-03T09:36:27","modified_gmt":"2024-12-03T08:36:27","slug":"seagrind-550","status":"publish","type":"page","link":"https:\/\/www.seatechnology.eu\/it\/macchine-per-la-preparazione-delle-superfici\/seagrind-550\/","title":{"rendered":"Seagrind 550"},"content":{"rendered":"<div class=\"wpb-content-wrapper\"><p>[vc_row text_align=&#8221;center&#8221; bottom_padding=&#8221;50&#8243;][vc_column width=&#8221;1\/1&#8243;][vc_column_text]<\/p>\n<h1><span style=\"color: #009cde;\">SEAGRIND 550<\/span><\/h1>\n<p>[\/vc_column_text][\/vc_column][\/vc_row][vc_row top_padding=&#8221;10&#8243; bottom_padding=&#8221;10&#8243;][vc_column width=&#8221;1\/3&#8243;]<div class=\"single_image wpb_content_element align-left  animate image_box_shadow image_opacity \" data-animation=\"fade-in-from-top\" data-delay=\"300\"><a href=\"https:\/\/www.seatechnology.eu\/wp-content\/uploads\/2024\/10\/SEAGRIND-550-modello-2024-_DSC0087.jpg\" class=\"prettyPhoto\" rel=\"prettyPhoto[image]\"><img loading=\"lazy\" decoding=\"async\" width=\"1500\" height=\"1500\" src=\"https:\/\/www.seatechnology.eu\/wp-content\/uploads\/2024\/10\/SEAGRIND-550-modello-2024-_DSC0087.jpg\" class=\"attachment-full\" alt=\"\" title=\"SEAGRIND 550 modello 2024 _DSC0087\" srcset=\"https:\/\/www.seatechnology.eu\/wp-content\/uploads\/2024\/10\/SEAGRIND-550-modello-2024-_DSC0087.jpg 1500w, https:\/\/www.seatechnology.eu\/wp-content\/uploads\/2024\/10\/SEAGRIND-550-modello-2024-_DSC0087-600x600.jpg 600w, https:\/\/www.seatechnology.eu\/wp-content\/uploads\/2024\/10\/SEAGRIND-550-modello-2024-_DSC0087-1200x1200.jpg 1200w, https:\/\/www.seatechnology.eu\/wp-content\/uploads\/2024\/10\/SEAGRIND-550-modello-2024-_DSC0087-150x150.jpg 150w, https:\/\/www.seatechnology.eu\/wp-content\/uploads\/2024\/10\/SEAGRIND-550-modello-2024-_DSC0087-768x768.jpg 768w, https:\/\/www.seatechnology.eu\/wp-content\/uploads\/2024\/10\/SEAGRIND-550-modello-2024-_DSC0087-80x80.jpg 80w, https:\/\/www.seatechnology.eu\/wp-content\/uploads\/2024\/10\/SEAGRIND-550-modello-2024-_DSC0087-500x500.jpg 500w, https:\/\/www.seatechnology.eu\/wp-content\/uploads\/2024\/10\/SEAGRIND-550-modello-2024-_DSC0087-1000x1000.jpg 1000w\" sizes=\"auto, (max-width: 1500px) 100vw, 1500px\" \/><\/a><\/div>[vc_row_inner][vc_column_inner][vc_column_text]<\/p>\n<p style=\"text-align: center;\"><strong>Accedi alla scheda tecnica<\/strong><\/p>\n<p>[\/vc_column_text][vc_btn title=&#8221;Seagrind 550&#8243; style=&#8221;3d&#8221; color=&#8221;primary&#8221; align=&#8221;center&#8221; i_icon_fontawesome=&#8221;far fa-file-pdf&#8221; css=&#8221;.vc_custom_1637319459026{margin-top: 0px !important;margin-right: 0px !important;margin-bottom: 0px !important;margin-left: 0px !important;padding-top: 0px !important;padding-right: 0px !important;padding-bottom: 0px !important;padding-left: 0px !important;}&#8221; add_icon=&#8221;true&#8221; link=&#8221;url:%2Fdl.php%3Ffile_url%3Dhttps%3A%2F%2Fwww.seatechnology.eu%2Fwp-content%2Fuploads%2F2021%2F11%2FSEAGRIND-550-Sea-Technology.pdf&#8221;][\/vc_column_inner][\/vc_row_inner][\/vc_column][vc_column width=&#8221;2\/3&#8243;]<div class=\"headline font-inherit fontsize-inherit fontweight-700 lh-inherit align-center transform-uppercase head-descrizione\" style=\"\">DESCRIZIONE<\/div>[vc_column_text]SEAGRIND 550 \u00e8 una grande macchina levigatrice, studiata dagli ingegneri di SEA TECHNOLOGY per medie e grandi superfici da levigare. I punti di forza sono la potenza di 3000 W che permette alla SEAGRIND 550 di lavorare con 3 satelliti portautensili e la possibilit\u00e0 di operare, oltre che a secco per levigare i pavimenti, anche ad acqua per la loro lucidatura finale. Il movimento rotatorio ai platorelli \u00e8 trasmesso tramite ingranaggi anzich\u00e9 da cinghie dentate. La rotazione orbitale \u00e8 selezionabile, con inversione del senso di rotazione destrorsa o sinistrorsa. Il piatto principale basculante semplifica il lavoro dell\u2019operatore sulle superfici irregolari. Dotata di braccio a doppia regolazione e richiudibile.[\/vc_column_text]<div class=\"headline font-inherit fontsize-inherit fontweight-700 lh-inherit align-center transform-uppercase head-descrizione\" style=\"\">SCHEDA TECNICA<\/div>[vc_column_text]<\/p>\n<table class=\"table-seatechnology-bis\">\n<tbody>\n<tr>\n<td colspan=\"2\">DESCRIZIONE<\/td>\n<\/tr>\n<tr>\n<td>Potenza assorbita: 3000 W &#8211; 230 V &#8211; 50\/60 Hz &#8211; 16 A<\/td>\n<td>Protezione: IP 54<\/td>\n<\/tr>\n<tr>\n<td>Diametro piatto: 550 mm<\/td>\n<td>Peso: 140 Kg<\/td>\n<\/tr>\n<tr>\n<td>Velocit\u00e0: 1720 Giri \/ Min<\/td>\n<td>Dimensioni (H x P x L): 130 x 115 x 60 cm<\/td>\n<\/tr>\n<tr>\n<td>Attacco Moduli: rapido ad incastro<\/td>\n<td>Contaore: si<\/td>\n<\/tr>\n<tr>\n<td>Trasmissione: ad ingranaggi<\/td>\n<td>Rotorbitanza: regolabile<\/td>\n<\/tr>\n<\/tbody>\n<\/table>\n<p>[\/vc_column_text][vc_column_text]<\/p>\n<table class=\"table-seatechnology-bis\">\n<tbody>\n<tr>\n<td>COD.<\/td>\n<td>DESCRIZIONE<\/td>\n<\/tr>\n<tr>\n<td>SEAGRIND550<\/td>\n<td>LEVIGATRICE PROFESS. MOD. SEAGRIND550<\/td>\n<\/tr>\n<tr>\n<td>SEAGRIND550PS<\/td>\n<td>PESO STABILIZZATORE<\/td>\n<\/tr>\n<\/tbody>\n<\/table>\n<p>[\/vc_column_text][\/vc_column][\/vc_row]<\/p>\n<\/div>","protected":false},"excerpt":{"rendered":"<p>[vc_row text_align=&#8221;center&#8221; bottom_padding=&#8221;50&#8243;][vc_column width=&#8221;1\/1&#8243;][vc_column_text] SEAGRIND 550 [\/vc_column_text][\/vc_column][\/vc_row][vc_row top_padding=&#8221;10&#8243; bottom_padding=&#8221;10&#8243;][vc_column width=&#8221;1\/3&#8243;][vc_row_inner][vc_column_inner][vc_column_text] Accedi alla scheda tecnica [\/vc_column_text][vc_btn title=&#8221;Seagrind 550&#8243; style=&#8221;3d&#8221; color=&#8221;primary&#8221; align=&#8221;center&#8221; i_icon_fontawesome=&#8221;far fa-file-pdf&#8221; css=&#8221;.vc_custom_1637319459026{margin-top: 0px !important;margin-right: 0px !important;margin-bottom: 0px !important;margin-left: 0px !important;padding-top: 0px !important;padding-right: 0px !important;padding-bottom: 0px !important;padding-left: 0px !important;}&#8221; add_icon=&#8221;true&#8221; link=&#8221;url:%2Fdl.php%3Ffile_url%3Dhttps%3A%2F%2Fwww.seatechnology.eu%2Fwp-content%2Fuploads%2F2021%2F11%2FSEAGRIND-550-Sea-Technology.pdf&#8221;][\/vc_column_inner][\/vc_row_inner][\/vc_column][vc_column width=&#8221;2\/3&#8243;][vc_column_text]SEAGRIND 550 \u00e8 una grande macchina levigatrice, studiata dagli ingegneri di SEA TECHNOLOGY per medie e grandi superfici da levigare. I punti di forza sono la potenza di 3000 W che permette alla SEAGRIND 550 di lavorare con 3 satelliti portautensili e la possibilit\u00e0 di operare, oltre che a secco per levigare i pavimenti, anche ad acqua per la loro lucidatura finale. Il movimento rotatorio ai platorelli \u00e8 trasmesso tramite ingranaggi anzich\u00e9 da cinghie dentate. La rotazione orbitale \u00e8 selezionabile, con inversione del senso di rotazione destrorsa o sinistrorsa. Il piatto principale basculante semplifica il lavoro dell\u2019operatore sulle superfici irregolari. Dotata di braccio a doppia regolazione e richiudibile.[\/vc_column_text][vc_column_text] DESCRIZIONE Potenza assorbita: 3000 W &#8211; 230 V &#8211; 50\/60 Hz &#8211; 16 A Protezione: IP 54 Diametro piatto: 550 mm Peso: 140 Kg Velocit\u00e0: 1720 Giri \/ Min Dimensioni (H x P x L): 130 x 115 x 60 cm Attacco Moduli: rapido ad incastro Contaore: si Trasmissione: ad ingranaggi [&hellip;]<\/p>\n","protected":false},"author":3,"featured_media":10752,"parent":5342,"menu_order":9,"comment_status":"closed","ping_status":"closed","template":"","meta":{"inline_featured_image":false,"footnotes":""},"class_list":["post-5361","page","type-page","status-publish","has-post-thumbnail","hentry"],"yoast_head":"<!-- This site is optimized with the Yoast SEO plugin v26.8 - https:\/\/yoast.com\/product\/yoast-seo-wordpress\/ -->\n<title>Seagrind 550 - Sea Technology<\/title>\n<meta name=\"description\" content=\"SEAGRIND 550 grande macchina levigatrice di 3000 W di potenza lavora con 3 satelliti portautensili a secco per levigare che ad acqua per lucidatura finale\" \/>\n<meta name=\"robots\" content=\"index, follow, max-snippet:-1, max-image-preview:large, max-video-preview:-1\" \/>\n<link rel=\"canonical\" href=\"https:\/\/www.seatechnology.eu\/it\/macchine-per-la-preparazione-delle-superfici\/seagrind-550\/\" \/>\n<meta property=\"og:locale\" content=\"it_IT\" \/>\n<meta property=\"og:type\" content=\"article\" \/>\n<meta property=\"og:title\" content=\"Seagrind 550 - Sea Technology\" \/>\n<meta property=\"og:description\" content=\"SEAGRIND 550 grande macchina levigatrice di 3000 W di potenza lavora con 3 satelliti portautensili a secco per levigare che ad acqua per lucidatura finale\" \/>\n<meta property=\"og:url\" content=\"https:\/\/www.seatechnology.eu\/it\/macchine-per-la-preparazione-delle-superfici\/seagrind-550\/\" \/>\n<meta property=\"og:site_name\" content=\"Sea Technology\" \/>\n<meta property=\"article:publisher\" content=\"https:\/\/www.facebook.com\/seatechnologyeu\/\" \/>\n<meta property=\"article:modified_time\" content=\"2024-12-03T08:36:27+00:00\" \/>\n<meta property=\"og:image\" content=\"https:\/\/www.seatechnology.eu\/wp-content\/uploads\/2024\/10\/SEAGRIND-550-modello-2024-_DSC0087.jpg\" \/>\n\t<meta property=\"og:image:width\" content=\"1500\" \/>\n\t<meta property=\"og:image:height\" content=\"1500\" \/>\n\t<meta property=\"og:image:type\" content=\"image\/jpeg\" \/>\n<meta name=\"twitter:card\" content=\"summary_large_image\" \/>\n<meta name=\"twitter:site\" content=\"@SeaTechnology_\" \/>\n<meta name=\"twitter:label1\" content=\"Tempo di lettura stimato\" \/>\n\t<meta name=\"twitter:data1\" content=\"1 minuto\" \/>\n<script type=\"application\/ld+json\" class=\"yoast-schema-graph\">{\"@context\":\"https:\/\/schema.org\",\"@graph\":[{\"@type\":\"WebPage\",\"@id\":\"https:\/\/www.seatechnology.eu\/it\/macchine-per-la-preparazione-delle-superfici\/seagrind-550\/\",\"url\":\"https:\/\/www.seatechnology.eu\/it\/macchine-per-la-preparazione-delle-superfici\/seagrind-550\/\",\"name\":\"Seagrind 550 - Sea Technology\",\"isPartOf\":{\"@id\":\"https:\/\/www.seatechnology.eu\/it\/#website\"},\"primaryImageOfPage\":{\"@id\":\"https:\/\/www.seatechnology.eu\/it\/macchine-per-la-preparazione-delle-superfici\/seagrind-550\/#primaryimage\"},\"image\":{\"@id\":\"https:\/\/www.seatechnology.eu\/it\/macchine-per-la-preparazione-delle-superfici\/seagrind-550\/#primaryimage\"},\"thumbnailUrl\":\"https:\/\/www.seatechnology.eu\/wp-content\/uploads\/2024\/10\/SEAGRIND-550-modello-2024-_DSC0087.jpg\",\"datePublished\":\"2021-10-05T08:12:03+00:00\",\"dateModified\":\"2024-12-03T08:36:27+00:00\",\"description\":\"SEAGRIND 550 grande macchina levigatrice di 3000 W di potenza lavora con 3 satelliti portautensili a secco per levigare che ad acqua per lucidatura finale\",\"breadcrumb\":{\"@id\":\"https:\/\/www.seatechnology.eu\/it\/macchine-per-la-preparazione-delle-superfici\/seagrind-550\/#breadcrumb\"},\"inLanguage\":\"it-IT\",\"potentialAction\":[{\"@type\":\"ReadAction\",\"target\":[\"https:\/\/www.seatechnology.eu\/it\/macchine-per-la-preparazione-delle-superfici\/seagrind-550\/\"]}]},{\"@type\":\"ImageObject\",\"inLanguage\":\"it-IT\",\"@id\":\"https:\/\/www.seatechnology.eu\/it\/macchine-per-la-preparazione-delle-superfici\/seagrind-550\/#primaryimage\",\"url\":\"https:\/\/www.seatechnology.eu\/wp-content\/uploads\/2024\/10\/SEAGRIND-550-modello-2024-_DSC0087.jpg\",\"contentUrl\":\"https:\/\/www.seatechnology.eu\/wp-content\/uploads\/2024\/10\/SEAGRIND-550-modello-2024-_DSC0087.jpg\",\"width\":1500,\"height\":1500},{\"@type\":\"BreadcrumbList\",\"@id\":\"https:\/\/www.seatechnology.eu\/it\/macchine-per-la-preparazione-delle-superfici\/seagrind-550\/#breadcrumb\",\"itemListElement\":[{\"@type\":\"ListItem\",\"position\":1,\"name\":\"Home\",\"item\":\"https:\/\/www.seatechnology.eu\/it\/\"},{\"@type\":\"ListItem\",\"position\":2,\"name\":\"Macchine per la preparazione delle superfici\",\"item\":\"https:\/\/www.seatechnology.eu\/it\/macchine-per-la-preparazione-delle-superfici\/\"},{\"@type\":\"ListItem\",\"position\":3,\"name\":\"Seagrind 550\"}]},{\"@type\":\"WebSite\",\"@id\":\"https:\/\/www.seatechnology.eu\/it\/#website\",\"url\":\"https:\/\/www.seatechnology.eu\/it\/\",\"name\":\"Sea Technology\",\"description\":\"Experts in diamond tools, Since 1973\",\"publisher\":{\"@id\":\"https:\/\/www.seatechnology.eu\/it\/#organization\"},\"potentialAction\":[{\"@type\":\"SearchAction\",\"target\":{\"@type\":\"EntryPoint\",\"urlTemplate\":\"https:\/\/www.seatechnology.eu\/it\/?s={search_term_string}\"},\"query-input\":{\"@type\":\"PropertyValueSpecification\",\"valueRequired\":true,\"valueName\":\"search_term_string\"}}],\"inLanguage\":\"it-IT\"},{\"@type\":\"Organization\",\"@id\":\"https:\/\/www.seatechnology.eu\/it\/#organization\",\"name\":\"Sea Technology Srl\",\"url\":\"https:\/\/www.seatechnology.eu\/it\/\",\"logo\":{\"@type\":\"ImageObject\",\"inLanguage\":\"it-IT\",\"@id\":\"https:\/\/www.seatechnology.eu\/it\/#\/schema\/logo\/image\/\",\"url\":\"https:\/\/www.seatechnology.eu\/wp-content\/uploads\/2019\/09\/SeaTechnology-vertical-300px.png\",\"contentUrl\":\"https:\/\/www.seatechnology.eu\/wp-content\/uploads\/2019\/09\/SeaTechnology-vertical-300px.png\",\"width\":244,\"height\":266,\"caption\":\"Sea Technology Srl\"},\"image\":{\"@id\":\"https:\/\/www.seatechnology.eu\/it\/#\/schema\/logo\/image\/\"},\"sameAs\":[\"https:\/\/www.facebook.com\/seatechnologyeu\/\",\"https:\/\/x.com\/SeaTechnology_\",\"https:\/\/www.linkedin.com\/company\/sea-technology-srl\",\"https:\/\/www.youtube.com\/@seatechnology5754\"]}]}<\/script>\n<!-- \/ Yoast SEO plugin. -->","yoast_head_json":{"title":"Seagrind 550 - Sea Technology","description":"SEAGRIND 550 grande macchina levigatrice di 3000 W di potenza lavora con 3 satelliti portautensili a secco per levigare che ad acqua per lucidatura finale","robots":{"index":"index","follow":"follow","max-snippet":"max-snippet:-1","max-image-preview":"max-image-preview:large","max-video-preview":"max-video-preview:-1"},"canonical":"https:\/\/www.seatechnology.eu\/it\/macchine-per-la-preparazione-delle-superfici\/seagrind-550\/","og_locale":"it_IT","og_type":"article","og_title":"Seagrind 550 - Sea Technology","og_description":"SEAGRIND 550 grande macchina levigatrice di 3000 W di potenza lavora con 3 satelliti portautensili a secco per levigare che ad acqua per lucidatura finale","og_url":"https:\/\/www.seatechnology.eu\/it\/macchine-per-la-preparazione-delle-superfici\/seagrind-550\/","og_site_name":"Sea Technology","article_publisher":"https:\/\/www.facebook.com\/seatechnologyeu\/","article_modified_time":"2024-12-03T08:36:27+00:00","og_image":[{"width":1500,"height":1500,"url":"https:\/\/www.seatechnology.eu\/wp-content\/uploads\/2024\/10\/SEAGRIND-550-modello-2024-_DSC0087.jpg","type":"image\/jpeg"}],"twitter_card":"summary_large_image","twitter_site":"@SeaTechnology_","twitter_misc":{"Tempo di lettura stimato":"1 minuto"},"schema":{"@context":"https:\/\/schema.org","@graph":[{"@type":"WebPage","@id":"https:\/\/www.seatechnology.eu\/it\/macchine-per-la-preparazione-delle-superfici\/seagrind-550\/","url":"https:\/\/www.seatechnology.eu\/it\/macchine-per-la-preparazione-delle-superfici\/seagrind-550\/","name":"Seagrind 550 - Sea Technology","isPartOf":{"@id":"https:\/\/www.seatechnology.eu\/it\/#website"},"primaryImageOfPage":{"@id":"https:\/\/www.seatechnology.eu\/it\/macchine-per-la-preparazione-delle-superfici\/seagrind-550\/#primaryimage"},"image":{"@id":"https:\/\/www.seatechnology.eu\/it\/macchine-per-la-preparazione-delle-superfici\/seagrind-550\/#primaryimage"},"thumbnailUrl":"https:\/\/www.seatechnology.eu\/wp-content\/uploads\/2024\/10\/SEAGRIND-550-modello-2024-_DSC0087.jpg","datePublished":"2021-10-05T08:12:03+00:00","dateModified":"2024-12-03T08:36:27+00:00","description":"SEAGRIND 550 grande macchina levigatrice di 3000 W di potenza lavora con 3 satelliti portautensili a secco per levigare che ad acqua per lucidatura finale","breadcrumb":{"@id":"https:\/\/www.seatechnology.eu\/it\/macchine-per-la-preparazione-delle-superfici\/seagrind-550\/#breadcrumb"},"inLanguage":"it-IT","potentialAction":[{"@type":"ReadAction","target":["https:\/\/www.seatechnology.eu\/it\/macchine-per-la-preparazione-delle-superfici\/seagrind-550\/"]}]},{"@type":"ImageObject","inLanguage":"it-IT","@id":"https:\/\/www.seatechnology.eu\/it\/macchine-per-la-preparazione-delle-superfici\/seagrind-550\/#primaryimage","url":"https:\/\/www.seatechnology.eu\/wp-content\/uploads\/2024\/10\/SEAGRIND-550-modello-2024-_DSC0087.jpg","contentUrl":"https:\/\/www.seatechnology.eu\/wp-content\/uploads\/2024\/10\/SEAGRIND-550-modello-2024-_DSC0087.jpg","width":1500,"height":1500},{"@type":"BreadcrumbList","@id":"https:\/\/www.seatechnology.eu\/it\/macchine-per-la-preparazione-delle-superfici\/seagrind-550\/#breadcrumb","itemListElement":[{"@type":"ListItem","position":1,"name":"Home","item":"https:\/\/www.seatechnology.eu\/it\/"},{"@type":"ListItem","position":2,"name":"Macchine per la preparazione delle superfici","item":"https:\/\/www.seatechnology.eu\/it\/macchine-per-la-preparazione-delle-superfici\/"},{"@type":"ListItem","position":3,"name":"Seagrind 550"}]},{"@type":"WebSite","@id":"https:\/\/www.seatechnology.eu\/it\/#website","url":"https:\/\/www.seatechnology.eu\/it\/","name":"Sea Technology","description":"Experts in diamond tools, Since 1973","publisher":{"@id":"https:\/\/www.seatechnology.eu\/it\/#organization"},"potentialAction":[{"@type":"SearchAction","target":{"@type":"EntryPoint","urlTemplate":"https:\/\/www.seatechnology.eu\/it\/?s={search_term_string}"},"query-input":{"@type":"PropertyValueSpecification","valueRequired":true,"valueName":"search_term_string"}}],"inLanguage":"it-IT"},{"@type":"Organization","@id":"https:\/\/www.seatechnology.eu\/it\/#organization","name":"Sea Technology Srl","url":"https:\/\/www.seatechnology.eu\/it\/","logo":{"@type":"ImageObject","inLanguage":"it-IT","@id":"https:\/\/www.seatechnology.eu\/it\/#\/schema\/logo\/image\/","url":"https:\/\/www.seatechnology.eu\/wp-content\/uploads\/2019\/09\/SeaTechnology-vertical-300px.png","contentUrl":"https:\/\/www.seatechnology.eu\/wp-content\/uploads\/2019\/09\/SeaTechnology-vertical-300px.png","width":244,"height":266,"caption":"Sea Technology Srl"},"image":{"@id":"https:\/\/www.seatechnology.eu\/it\/#\/schema\/logo\/image\/"},"sameAs":["https:\/\/www.facebook.com\/seatechnologyeu\/","https:\/\/x.com\/SeaTechnology_","https:\/\/www.linkedin.com\/company\/sea-technology-srl","https:\/\/www.youtube.com\/@seatechnology5754"]}]}},"_links":{"self":[{"href":"https:\/\/www.seatechnology.eu\/it\/wp-json\/wp\/v2\/pages\/5361","targetHints":{"allow":["GET"]}}],"collection":[{"href":"https:\/\/www.seatechnology.eu\/it\/wp-json\/wp\/v2\/pages"}],"about":[{"href":"https:\/\/www.seatechnology.eu\/it\/wp-json\/wp\/v2\/types\/page"}],"author":[{"embeddable":true,"href":"https:\/\/www.seatechnology.eu\/it\/wp-json\/wp\/v2\/users\/3"}],"replies":[{"embeddable":true,"href":"https:\/\/www.seatechnology.eu\/it\/wp-json\/wp\/v2\/comments?post=5361"}],"version-history":[{"count":1,"href":"https:\/\/www.seatechnology.eu\/it\/wp-json\/wp\/v2\/pages\/5361\/revisions"}],"predecessor-version":[{"id":10756,"href":"https:\/\/www.seatechnology.eu\/it\/wp-json\/wp\/v2\/pages\/5361\/revisions\/10756"}],"up":[{"embeddable":true,"href":"https:\/\/www.seatechnology.eu\/it\/wp-json\/wp\/v2\/pages\/5342"}],"wp:featuredmedia":[{"embeddable":true,"href":"https:\/\/www.seatechnology.eu\/it\/wp-json\/wp\/v2\/media\/10752"}],"wp:attachment":[{"href":"https:\/\/www.seatechnology.eu\/it\/wp-json\/wp\/v2\/media?parent=5361"}],"curies":[{"name":"wp","href":"https:\/\/api.w.org\/{rel}","templated":true}]}}