{"id":9098,"date":"2022-10-26T11:46:08","date_gmt":"2022-10-26T09:46:08","guid":{"rendered":"https:\/\/www.seatechnology.eu\/?page_id=9098"},"modified":"2025-07-21T15:50:58","modified_gmt":"2025-07-21T13:50:58","slug":"seadrill-200-pasp","status":"publish","type":"page","link":"https:\/\/www.seatechnology.eu\/it\/macchine-edili-carotaggio\/seadrill-200-pasp\/","title":{"rendered":"Seadrill 200 PASP"},"content":{"rendered":"<div class=\"wpb-content-wrapper\"><p>[vc_row text_align=&#8221;center&#8221; bottom_padding=&#8221;50&#8243;][vc_column width=&#8221;1\/1&#8243;][vc_column_text]<\/p>\n<h1><span style=\"color: #009cde;\">SEADRILL 200 PASP<\/span><\/h1>\n<p>[\/vc_column_text][\/vc_column][\/vc_row][vc_row top_padding=&#8221;10&#8243; bottom_padding=&#8221;10&#8243;][vc_column width=&#8221;1\/3&#8243;]<div class=\"single_image wpb_content_element align-left  animate image_box_shadow image_opacity \" data-animation=\"fade-in-from-top\" data-delay=\"300\"><a href=\"https:\/\/www.seatechnology.eu\/wp-content\/uploads\/2025\/06\/SEADRILL-200P-ASP-03-06-2025-_DSC0026-1.jpg\" class=\"prettyPhoto\" rel=\"prettyPhoto[image]\"><img loading=\"lazy\" decoding=\"async\" width=\"1600\" height=\"1600\" src=\"https:\/\/www.seatechnology.eu\/wp-content\/uploads\/2025\/06\/SEADRILL-200P-ASP-03-06-2025-_DSC0026-1.jpg\" class=\"attachment-full\" alt=\"\" title=\"SEADRILL 200P ASP 03-06-2025 _DSC0026\" srcset=\"https:\/\/www.seatechnology.eu\/wp-content\/uploads\/2025\/06\/SEADRILL-200P-ASP-03-06-2025-_DSC0026-1.jpg 1600w, https:\/\/www.seatechnology.eu\/wp-content\/uploads\/2025\/06\/SEADRILL-200P-ASP-03-06-2025-_DSC0026-1-600x600.jpg 600w, https:\/\/www.seatechnology.eu\/wp-content\/uploads\/2025\/06\/SEADRILL-200P-ASP-03-06-2025-_DSC0026-1-1200x1200.jpg 1200w, https:\/\/www.seatechnology.eu\/wp-content\/uploads\/2025\/06\/SEADRILL-200P-ASP-03-06-2025-_DSC0026-1-150x150.jpg 150w, https:\/\/www.seatechnology.eu\/wp-content\/uploads\/2025\/06\/SEADRILL-200P-ASP-03-06-2025-_DSC0026-1-768x768.jpg 768w, https:\/\/www.seatechnology.eu\/wp-content\/uploads\/2025\/06\/SEADRILL-200P-ASP-03-06-2025-_DSC0026-1-1536x1536.jpg 1536w, https:\/\/www.seatechnology.eu\/wp-content\/uploads\/2025\/06\/SEADRILL-200P-ASP-03-06-2025-_DSC0026-1-80x80.jpg 80w, https:\/\/www.seatechnology.eu\/wp-content\/uploads\/2025\/06\/SEADRILL-200P-ASP-03-06-2025-_DSC0026-1-500x500.jpg 500w, https:\/\/www.seatechnology.eu\/wp-content\/uploads\/2025\/06\/SEADRILL-200P-ASP-03-06-2025-_DSC0026-1-1000x1000.jpg 1000w\" sizes=\"auto, (max-width: 1600px) 100vw, 1600px\" \/><\/a><\/div>[vc_row_inner][vc_column_inner][vc_column_text]<\/p>\n<p style=\"text-align: center;\"><strong>Accedi alla scheda tecnica<\/strong><\/p>\n<p>[\/vc_column_text][vc_btn title=&#8221;Seadrill 200 PASP&#8221; style=&#8221;3d&#8221; color=&#8221;primary&#8221; align=&#8221;center&#8221; i_icon_fontawesome=&#8221;far fa-file-pdf&#8221; css=&#8221;.vc_custom_1753105861533{margin-top: 0px !important;margin-right: 0px !important;margin-bottom: 0px !important;margin-left: 0px !important;padding-top: 0px !important;padding-right: 0px !important;padding-bottom: 0px !important;padding-left: 0px !important;}&#8221; add_icon=&#8221;true&#8221; link=&#8221;url:%2Fdl.php%3Ffile_url%3Dhttps%3A%2F%2Fwww.seatechnology.eu%2Fwp-content%2Fuploads%2F2025%2F07%2FSEADRILL-200-PASP-Sea-Technology.pdf&#8221;][\/vc_column_inner][\/vc_row_inner][\/vc_column][vc_column width=&#8221;2\/3&#8243;]<div class=\"headline font-inherit fontsize-inherit fontweight-700 lh-inherit align-center transform-uppercase head-descrizione\" style=\"\">DESCRIZIONE<\/div>[vc_column_text]La SEADRILL 200 PASP, ottenuta dal montaggio del SEADRILL 2000P sulla colonna SEASTAND 200, \u00e8 un sistema di carotaggio con aspirazione fino al diametro 250 mm. Si distingue per la sua versatilit\u00e0 grazie al favorevole rapporto peso\/potenza e per la possibilit\u00e0 di essere fissata sia tramite l\u2019apposito tassello in dotazione sia attraverso fissaggio sottovuoto per il quale \u00e8 gi\u00e0 predisposta. \u00c8 possibile effettuare carotaggi inclinati di 45\u00b0. Base in acciaio di dimensioni ridotte per essere posizionata pi\u00f9 agilmente.[\/vc_column_text]<div class=\"headline font-inherit fontsize-inherit fontweight-700 lh-inherit align-center transform-uppercase head-descrizione\" style=\"\">SCHEDA TECNICA<\/div>[vc_column_text]<\/p>\n<table class=\"table-seatechnology-bis\">\n<tbody>\n<tr>\n<td colspan=\"2\">DESCRIZIONE<\/td>\n<\/tr>\n<tr>\n<td>Motore: SEADRILL 2000P<\/td>\n<td>Cremagliera e colonna in un\u2019unica fusione<\/td>\n<\/tr>\n<tr>\n<td>Attacco 1\u201d1\/4<\/td>\n<td>Basamento in acciaio<\/td>\n<\/tr>\n<tr>\n<td>Adatto per forature max di 250 mm<\/td>\n<td>Inclinabile a 45\u00b0<\/td>\n<\/tr>\n<tr>\n<td>Corsa utile: 510mm<br \/>\nAltezza colonna: 850mm<\/td>\n<td>Peso colonna: 11,5 kg<br \/>\nPeso motore: 5 kg<\/td>\n<\/tr>\n<tr>\n<td>Sgancio rapido del motore<\/td>\n<td>A norma CE<\/td>\n<\/tr>\n<\/tbody>\n<\/table>\n<p>[\/vc_column_text][vc_column_text]<\/p>\n<table class=\"table-seatechnology-bis\">\n<tbody>\n<tr>\n<td>CODICE<\/td>\n<td>DESCRIZIONE<\/td>\n<\/tr>\n<tr>\n<td>SEADRILL200PASP<\/td>\n<td>CAROTATRICE PROFESSIONALE SEADRILL200 PASP COMPLETA DI ACCESSORI E MOTORE<\/td>\n<\/tr>\n<\/tbody>\n<\/table>\n<p>[\/vc_column_text][\/vc_column][\/vc_row]<\/p>\n<\/div>","protected":false},"excerpt":{"rendered":"<p>[vc_row text_align=&#8221;center&#8221; bottom_padding=&#8221;50&#8243;][vc_column width=&#8221;1\/1&#8243;][vc_column_text] SEADRILL 200 PASP [\/vc_column_text][\/vc_column][\/vc_row][vc_row top_padding=&#8221;10&#8243; bottom_padding=&#8221;10&#8243;][vc_column width=&#8221;1\/3&#8243;][vc_row_inner][vc_column_inner][vc_column_text] Accedi alla scheda tecnica [\/vc_column_text][vc_btn title=&#8221;Seadrill 200 PASP&#8221; style=&#8221;3d&#8221; color=&#8221;primary&#8221; align=&#8221;center&#8221; i_icon_fontawesome=&#8221;far fa-file-pdf&#8221; css=&#8221;.vc_custom_1753105861533{margin-top: 0px !important;margin-right: 0px !important;margin-bottom: 0px !important;margin-left: 0px !important;padding-top: 0px !important;padding-right: 0px !important;padding-bottom: 0px !important;padding-left: 0px !important;}&#8221; add_icon=&#8221;true&#8221; link=&#8221;url:%2Fdl.php%3Ffile_url%3Dhttps%3A%2F%2Fwww.seatechnology.eu%2Fwp-content%2Fuploads%2F2025%2F07%2FSEADRILL-200-PASP-Sea-Technology.pdf&#8221;][\/vc_column_inner][\/vc_row_inner][\/vc_column][vc_column width=&#8221;2\/3&#8243;][vc_column_text]La SEADRILL 200 PASP, ottenuta dal montaggio del SEADRILL 2000P sulla colonna SEASTAND 200, \u00e8 un sistema di carotaggio con aspirazione fino al diametro 250 mm. Si distingue per la sua versatilit\u00e0 grazie al favorevole rapporto peso\/potenza e per la possibilit\u00e0 di essere fissata sia tramite l\u2019apposito tassello in dotazione sia attraverso fissaggio sottovuoto per il quale \u00e8 gi\u00e0 predisposta. \u00c8 possibile effettuare carotaggi inclinati di 45\u00b0. Base in acciaio di dimensioni ridotte per essere posizionata pi\u00f9 agilmente.[\/vc_column_text][vc_column_text] DESCRIZIONE Motore: SEADRILL 2000P Cremagliera e colonna in un\u2019unica fusione Attacco 1\u201d1\/4 Basamento in acciaio Adatto per forature max di 250 mm Inclinabile a 45\u00b0 Corsa utile: 510mm Altezza colonna: 850mm Peso colonna: 11,5 kg Peso motore: 5 kg Sgancio rapido del motore A norma CE [\/vc_column_text][vc_column_text] CODICE DESCRIZIONE SEADRILL200PASP CAROTATRICE PROFESSIONALE SEADRILL200 PASP COMPLETA DI ACCESSORI E MOTORE [\/vc_column_text][\/vc_column][\/vc_row]<\/p>\n","protected":false},"author":3,"featured_media":11310,"parent":1157,"menu_order":5,"comment_status":"closed","ping_status":"closed","template":"","meta":{"inline_featured_image":false,"footnotes":""},"class_list":["post-9098","page","type-page","status-publish","has-post-thumbnail","hentry"],"yoast_head":"<!-- This site is optimized with the Yoast SEO plugin v26.8 - https:\/\/yoast.com\/product\/yoast-seo-wordpress\/ -->\n<title>Seadrill 200 PASP - Sea Technology<\/title>\n<meta name=\"description\" content=\"SEADRILL 200 PASP colonna in acciaio e macchina SEADRILL 2000P per il carotaggio fino al diametro 205 mm\" \/>\n<meta name=\"robots\" content=\"index, follow, max-snippet:-1, max-image-preview:large, max-video-preview:-1\" \/>\n<link rel=\"canonical\" href=\"https:\/\/www.seatechnology.eu\/it\/macchine-edili-carotaggio\/seadrill-200-pasp\/\" \/>\n<meta property=\"og:locale\" content=\"it_IT\" \/>\n<meta property=\"og:type\" content=\"article\" \/>\n<meta property=\"og:title\" content=\"Seadrill 200 PASP - Sea Technology\" \/>\n<meta property=\"og:description\" content=\"SEADRILL 200 PASP colonna in acciaio e macchina SEADRILL 2000P per il carotaggio fino al diametro 205 mm\" \/>\n<meta property=\"og:url\" content=\"https:\/\/www.seatechnology.eu\/it\/macchine-edili-carotaggio\/seadrill-200-pasp\/\" \/>\n<meta property=\"og:site_name\" content=\"Sea Technology\" \/>\n<meta property=\"article:publisher\" content=\"https:\/\/www.facebook.com\/seatechnologyeu\/\" \/>\n<meta property=\"article:modified_time\" content=\"2025-07-21T13:50:58+00:00\" \/>\n<meta property=\"og:image\" content=\"https:\/\/www.seatechnology.eu\/wp-content\/uploads\/2025\/06\/SEADRILL-200P-ASP-03-06-2025-_DSC0026-1.jpg\" \/>\n\t<meta property=\"og:image:width\" content=\"1600\" \/>\n\t<meta property=\"og:image:height\" content=\"1600\" \/>\n\t<meta property=\"og:image:type\" content=\"image\/jpeg\" \/>\n<meta name=\"twitter:card\" content=\"summary_large_image\" \/>\n<meta name=\"twitter:site\" content=\"@SeaTechnology_\" \/>\n<meta name=\"twitter:label1\" content=\"Tempo di lettura stimato\" \/>\n\t<meta name=\"twitter:data1\" content=\"1 minuto\" \/>\n<script type=\"application\/ld+json\" class=\"yoast-schema-graph\">{\"@context\":\"https:\/\/schema.org\",\"@graph\":[{\"@type\":\"WebPage\",\"@id\":\"https:\/\/www.seatechnology.eu\/it\/macchine-edili-carotaggio\/seadrill-200-pasp\/\",\"url\":\"https:\/\/www.seatechnology.eu\/it\/macchine-edili-carotaggio\/seadrill-200-pasp\/\",\"name\":\"Seadrill 200 PASP - Sea Technology\",\"isPartOf\":{\"@id\":\"https:\/\/www.seatechnology.eu\/it\/#website\"},\"primaryImageOfPage\":{\"@id\":\"https:\/\/www.seatechnology.eu\/it\/macchine-edili-carotaggio\/seadrill-200-pasp\/#primaryimage\"},\"image\":{\"@id\":\"https:\/\/www.seatechnology.eu\/it\/macchine-edili-carotaggio\/seadrill-200-pasp\/#primaryimage\"},\"thumbnailUrl\":\"https:\/\/www.seatechnology.eu\/wp-content\/uploads\/2025\/06\/SEADRILL-200P-ASP-03-06-2025-_DSC0026-1.jpg\",\"datePublished\":\"2022-10-26T09:46:08+00:00\",\"dateModified\":\"2025-07-21T13:50:58+00:00\",\"description\":\"SEADRILL 200 PASP colonna in acciaio e macchina SEADRILL 2000P per il carotaggio fino al diametro 205 mm\",\"breadcrumb\":{\"@id\":\"https:\/\/www.seatechnology.eu\/it\/macchine-edili-carotaggio\/seadrill-200-pasp\/#breadcrumb\"},\"inLanguage\":\"it-IT\",\"potentialAction\":[{\"@type\":\"ReadAction\",\"target\":[\"https:\/\/www.seatechnology.eu\/it\/macchine-edili-carotaggio\/seadrill-200-pasp\/\"]}]},{\"@type\":\"ImageObject\",\"inLanguage\":\"it-IT\",\"@id\":\"https:\/\/www.seatechnology.eu\/it\/macchine-edili-carotaggio\/seadrill-200-pasp\/#primaryimage\",\"url\":\"https:\/\/www.seatechnology.eu\/wp-content\/uploads\/2025\/06\/SEADRILL-200P-ASP-03-06-2025-_DSC0026-1.jpg\",\"contentUrl\":\"https:\/\/www.seatechnology.eu\/wp-content\/uploads\/2025\/06\/SEADRILL-200P-ASP-03-06-2025-_DSC0026-1.jpg\",\"width\":1600,\"height\":1600},{\"@type\":\"BreadcrumbList\",\"@id\":\"https:\/\/www.seatechnology.eu\/it\/macchine-edili-carotaggio\/seadrill-200-pasp\/#breadcrumb\",\"itemListElement\":[{\"@type\":\"ListItem\",\"position\":1,\"name\":\"Home\",\"item\":\"https:\/\/www.seatechnology.eu\/it\/\"},{\"@type\":\"ListItem\",\"position\":2,\"name\":\"Macchine edili carotaggio\",\"item\":\"https:\/\/www.seatechnology.eu\/it\/macchine-edili-carotaggio\/\"},{\"@type\":\"ListItem\",\"position\":3,\"name\":\"Seadrill 200 PASP\"}]},{\"@type\":\"WebSite\",\"@id\":\"https:\/\/www.seatechnology.eu\/it\/#website\",\"url\":\"https:\/\/www.seatechnology.eu\/it\/\",\"name\":\"Sea Technology\",\"description\":\"Experts in diamond tools, Since 1973\",\"publisher\":{\"@id\":\"https:\/\/www.seatechnology.eu\/it\/#organization\"},\"potentialAction\":[{\"@type\":\"SearchAction\",\"target\":{\"@type\":\"EntryPoint\",\"urlTemplate\":\"https:\/\/www.seatechnology.eu\/it\/?s={search_term_string}\"},\"query-input\":{\"@type\":\"PropertyValueSpecification\",\"valueRequired\":true,\"valueName\":\"search_term_string\"}}],\"inLanguage\":\"it-IT\"},{\"@type\":\"Organization\",\"@id\":\"https:\/\/www.seatechnology.eu\/it\/#organization\",\"name\":\"Sea Technology Srl\",\"url\":\"https:\/\/www.seatechnology.eu\/it\/\",\"logo\":{\"@type\":\"ImageObject\",\"inLanguage\":\"it-IT\",\"@id\":\"https:\/\/www.seatechnology.eu\/it\/#\/schema\/logo\/image\/\",\"url\":\"https:\/\/www.seatechnology.eu\/wp-content\/uploads\/2019\/09\/SeaTechnology-vertical-300px.png\",\"contentUrl\":\"https:\/\/www.seatechnology.eu\/wp-content\/uploads\/2019\/09\/SeaTechnology-vertical-300px.png\",\"width\":244,\"height\":266,\"caption\":\"Sea Technology Srl\"},\"image\":{\"@id\":\"https:\/\/www.seatechnology.eu\/it\/#\/schema\/logo\/image\/\"},\"sameAs\":[\"https:\/\/www.facebook.com\/seatechnologyeu\/\",\"https:\/\/x.com\/SeaTechnology_\",\"https:\/\/www.linkedin.com\/company\/sea-technology-srl\",\"https:\/\/www.youtube.com\/@seatechnology5754\"]}]}<\/script>\n<!-- \/ Yoast SEO plugin. -->","yoast_head_json":{"title":"Seadrill 200 PASP - Sea Technology","description":"SEADRILL 200 PASP colonna in acciaio e macchina SEADRILL 2000P per il carotaggio fino al diametro 205 mm","robots":{"index":"index","follow":"follow","max-snippet":"max-snippet:-1","max-image-preview":"max-image-preview:large","max-video-preview":"max-video-preview:-1"},"canonical":"https:\/\/www.seatechnology.eu\/it\/macchine-edili-carotaggio\/seadrill-200-pasp\/","og_locale":"it_IT","og_type":"article","og_title":"Seadrill 200 PASP - Sea Technology","og_description":"SEADRILL 200 PASP colonna in acciaio e macchina SEADRILL 2000P per il carotaggio fino al diametro 205 mm","og_url":"https:\/\/www.seatechnology.eu\/it\/macchine-edili-carotaggio\/seadrill-200-pasp\/","og_site_name":"Sea Technology","article_publisher":"https:\/\/www.facebook.com\/seatechnologyeu\/","article_modified_time":"2025-07-21T13:50:58+00:00","og_image":[{"width":1600,"height":1600,"url":"https:\/\/www.seatechnology.eu\/wp-content\/uploads\/2025\/06\/SEADRILL-200P-ASP-03-06-2025-_DSC0026-1.jpg","type":"image\/jpeg"}],"twitter_card":"summary_large_image","twitter_site":"@SeaTechnology_","twitter_misc":{"Tempo di lettura stimato":"1 minuto"},"schema":{"@context":"https:\/\/schema.org","@graph":[{"@type":"WebPage","@id":"https:\/\/www.seatechnology.eu\/it\/macchine-edili-carotaggio\/seadrill-200-pasp\/","url":"https:\/\/www.seatechnology.eu\/it\/macchine-edili-carotaggio\/seadrill-200-pasp\/","name":"Seadrill 200 PASP - Sea Technology","isPartOf":{"@id":"https:\/\/www.seatechnology.eu\/it\/#website"},"primaryImageOfPage":{"@id":"https:\/\/www.seatechnology.eu\/it\/macchine-edili-carotaggio\/seadrill-200-pasp\/#primaryimage"},"image":{"@id":"https:\/\/www.seatechnology.eu\/it\/macchine-edili-carotaggio\/seadrill-200-pasp\/#primaryimage"},"thumbnailUrl":"https:\/\/www.seatechnology.eu\/wp-content\/uploads\/2025\/06\/SEADRILL-200P-ASP-03-06-2025-_DSC0026-1.jpg","datePublished":"2022-10-26T09:46:08+00:00","dateModified":"2025-07-21T13:50:58+00:00","description":"SEADRILL 200 PASP colonna in acciaio e macchina SEADRILL 2000P per il carotaggio fino al diametro 205 mm","breadcrumb":{"@id":"https:\/\/www.seatechnology.eu\/it\/macchine-edili-carotaggio\/seadrill-200-pasp\/#breadcrumb"},"inLanguage":"it-IT","potentialAction":[{"@type":"ReadAction","target":["https:\/\/www.seatechnology.eu\/it\/macchine-edili-carotaggio\/seadrill-200-pasp\/"]}]},{"@type":"ImageObject","inLanguage":"it-IT","@id":"https:\/\/www.seatechnology.eu\/it\/macchine-edili-carotaggio\/seadrill-200-pasp\/#primaryimage","url":"https:\/\/www.seatechnology.eu\/wp-content\/uploads\/2025\/06\/SEADRILL-200P-ASP-03-06-2025-_DSC0026-1.jpg","contentUrl":"https:\/\/www.seatechnology.eu\/wp-content\/uploads\/2025\/06\/SEADRILL-200P-ASP-03-06-2025-_DSC0026-1.jpg","width":1600,"height":1600},{"@type":"BreadcrumbList","@id":"https:\/\/www.seatechnology.eu\/it\/macchine-edili-carotaggio\/seadrill-200-pasp\/#breadcrumb","itemListElement":[{"@type":"ListItem","position":1,"name":"Home","item":"https:\/\/www.seatechnology.eu\/it\/"},{"@type":"ListItem","position":2,"name":"Macchine edili carotaggio","item":"https:\/\/www.seatechnology.eu\/it\/macchine-edili-carotaggio\/"},{"@type":"ListItem","position":3,"name":"Seadrill 200 PASP"}]},{"@type":"WebSite","@id":"https:\/\/www.seatechnology.eu\/it\/#website","url":"https:\/\/www.seatechnology.eu\/it\/","name":"Sea Technology","description":"Experts in diamond tools, Since 1973","publisher":{"@id":"https:\/\/www.seatechnology.eu\/it\/#organization"},"potentialAction":[{"@type":"SearchAction","target":{"@type":"EntryPoint","urlTemplate":"https:\/\/www.seatechnology.eu\/it\/?s={search_term_string}"},"query-input":{"@type":"PropertyValueSpecification","valueRequired":true,"valueName":"search_term_string"}}],"inLanguage":"it-IT"},{"@type":"Organization","@id":"https:\/\/www.seatechnology.eu\/it\/#organization","name":"Sea Technology Srl","url":"https:\/\/www.seatechnology.eu\/it\/","logo":{"@type":"ImageObject","inLanguage":"it-IT","@id":"https:\/\/www.seatechnology.eu\/it\/#\/schema\/logo\/image\/","url":"https:\/\/www.seatechnology.eu\/wp-content\/uploads\/2019\/09\/SeaTechnology-vertical-300px.png","contentUrl":"https:\/\/www.seatechnology.eu\/wp-content\/uploads\/2019\/09\/SeaTechnology-vertical-300px.png","width":244,"height":266,"caption":"Sea Technology Srl"},"image":{"@id":"https:\/\/www.seatechnology.eu\/it\/#\/schema\/logo\/image\/"},"sameAs":["https:\/\/www.facebook.com\/seatechnologyeu\/","https:\/\/x.com\/SeaTechnology_","https:\/\/www.linkedin.com\/company\/sea-technology-srl","https:\/\/www.youtube.com\/@seatechnology5754"]}]}},"_links":{"self":[{"href":"https:\/\/www.seatechnology.eu\/it\/wp-json\/wp\/v2\/pages\/9098","targetHints":{"allow":["GET"]}}],"collection":[{"href":"https:\/\/www.seatechnology.eu\/it\/wp-json\/wp\/v2\/pages"}],"about":[{"href":"https:\/\/www.seatechnology.eu\/it\/wp-json\/wp\/v2\/types\/page"}],"author":[{"embeddable":true,"href":"https:\/\/www.seatechnology.eu\/it\/wp-json\/wp\/v2\/users\/3"}],"replies":[{"embeddable":true,"href":"https:\/\/www.seatechnology.eu\/it\/wp-json\/wp\/v2\/comments?post=9098"}],"version-history":[{"count":7,"href":"https:\/\/www.seatechnology.eu\/it\/wp-json\/wp\/v2\/pages\/9098\/revisions"}],"predecessor-version":[{"id":11397,"href":"https:\/\/www.seatechnology.eu\/it\/wp-json\/wp\/v2\/pages\/9098\/revisions\/11397"}],"up":[{"embeddable":true,"href":"https:\/\/www.seatechnology.eu\/it\/wp-json\/wp\/v2\/pages\/1157"}],"wp:featuredmedia":[{"embeddable":true,"href":"https:\/\/www.seatechnology.eu\/it\/wp-json\/wp\/v2\/media\/11310"}],"wp:attachment":[{"href":"https:\/\/www.seatechnology.eu\/it\/wp-json\/wp\/v2\/media?parent=9098"}],"curies":[{"name":"wp","href":"https:\/\/api.w.org\/{rel}","templated":true}]}}