{"id":9155,"date":"2022-10-27T10:45:17","date_gmt":"2022-10-27T08:45:17","guid":{"rendered":"https:\/\/www.seatechnology.eu\/?page_id=9155"},"modified":"2022-10-27T10:52:58","modified_gmt":"2022-10-27T08:52:58","slug":"seadrill3700hf","status":"publish","type":"page","link":"https:\/\/www.seatechnology.eu\/it\/alta-frequenza\/seadrill3700hf\/","title":{"rendered":"SEADRILL3700HF"},"content":{"rendered":"<div class=\"wpb-content-wrapper\"><p>[vc_row text_align=&#8221;center&#8221; bottom_padding=&#8221;50&#8243;][vc_column width=&#8221;1\/1&#8243;][vc_column_text]<\/p>\n<h1><span style=\"color: #009cde;\">SEADRILL3700HF<\/span><\/h1>\n<p>[\/vc_column_text][\/vc_column][\/vc_row][vc_row top_padding=&#8221;10&#8243; bottom_padding=&#8221;10&#8243;][vc_column width=&#8221;1\/3&#8243;]<div class=\"single_image wpb_content_element align-left  animate image_box_shadow image_opacity \" data-animation=\"fade-in-from-top\" data-delay=\"300\"><a href=\"https:\/\/www.seatechnology.eu\/wp-content\/uploads\/2022\/10\/SEADRILL3700HF.jpg\" class=\"prettyPhoto\" rel=\"prettyPhoto[image]\"><img loading=\"lazy\" decoding=\"async\" width=\"1500\" height=\"1500\" src=\"https:\/\/www.seatechnology.eu\/wp-content\/uploads\/2022\/10\/SEADRILL3700HF.jpg\" class=\"attachment-full\" alt=\"\" title=\"SEADRILL3700HF\" srcset=\"https:\/\/www.seatechnology.eu\/wp-content\/uploads\/2022\/10\/SEADRILL3700HF.jpg 1500w, https:\/\/www.seatechnology.eu\/wp-content\/uploads\/2022\/10\/SEADRILL3700HF-600x600.jpg 600w, https:\/\/www.seatechnology.eu\/wp-content\/uploads\/2022\/10\/SEADRILL3700HF-1200x1200.jpg 1200w, https:\/\/www.seatechnology.eu\/wp-content\/uploads\/2022\/10\/SEADRILL3700HF-150x150.jpg 150w, https:\/\/www.seatechnology.eu\/wp-content\/uploads\/2022\/10\/SEADRILL3700HF-768x768.jpg 768w, https:\/\/www.seatechnology.eu\/wp-content\/uploads\/2022\/10\/SEADRILL3700HF-80x80.jpg 80w, https:\/\/www.seatechnology.eu\/wp-content\/uploads\/2022\/10\/SEADRILL3700HF-500x500.jpg 500w, https:\/\/www.seatechnology.eu\/wp-content\/uploads\/2022\/10\/SEADRILL3700HF-1000x1000.jpg 1000w\" sizes=\"auto, (max-width: 1500px) 100vw, 1500px\" \/><\/a><\/div>[vc_row_inner][vc_column_inner][vc_column_text]<\/p>\n<p style=\"text-align: center;\"><strong>Accedi alla scheda tecnica<\/strong><\/p>\n<p>[\/vc_column_text][vc_btn title=&#8221;SEADRILL3700HF&#8221; style=&#8221;3d&#8221; color=&#8221;primary&#8221; align=&#8221;center&#8221; i_icon_fontawesome=&#8221;far fa-file-pdf&#8221; add_icon=&#8221;true&#8221; link=&#8221;url:%2Fdl.php%3Ffile_url%3Dhttps%3A%2F%2Fwww.seatechnology.eu%2Fwp-content%2Fuploads%2F2022%2F10%2FSEADRILL-3700-HF-Sea-Technology-IT.pdf&#8221; css=&#8221;.vc_custom_1666859422632{margin-top: 0px !important;margin-right: 0px !important;margin-bottom: 0px !important;margin-left: 0px !important;padding-top: 0px !important;padding-right: 0px !important;padding-bottom: 0px !important;padding-left: 0px !important;}&#8221;][\/vc_column_inner][\/vc_row_inner][\/vc_column][vc_column width=&#8221;2\/3&#8243;]<div class=\"headline font-inherit fontsize-inherit fontweight-700 lh-inherit align-center transform-uppercase head-descrizione\" style=\"\">DESCRIZIONE<\/div>[vc_column_text]SEADRILL3700HF \u00e8 un carotatore manuale per carotaggio ad acqua su calcestruzzo armato, muratura e pietre naturali.<br \/>\nDotato di attacco esterno 1\u201d1\/4 ed interno 1\/2gas e predisposto per il montaggio su colonna, \u00e8 adatto per forature dal \u00f8 20 al \u00f8 150 mm.<br \/>\nIl motore ad alta frequenza \u00e8 raffreddato ad acqua, con potenza da 3700W in monofase e 6500W in trifase, a seconda della disponibilit\u00e0 elettrica del cantiere.[\/vc_column_text]<div class=\"headline font-inherit fontsize-inherit fontweight-700 lh-inherit align-center transform-uppercase head-descrizione\" style=\"\">SCHEDA TECNICA<\/div>[vc_column_text]<\/p>\n<table class=\"table-seatechnology-bis\">\n<tbody>\n<tr>\n<td colspan=\"4\">DESCRIZIONE<\/td>\n<\/tr>\n<tr>\n<td><\/td>\n<td><strong>U.M.<\/strong><\/td>\n<td><strong>MONOFASE<\/strong><\/td>\n<td><strong>TRIFASE<\/strong><\/td>\n<\/tr>\n<tr>\n<td>Voltaggio<\/td>\n<td>V<\/td>\n<td>230<\/td>\n<td>400<\/td>\n<\/tr>\n<tr>\n<td>Potenza Max<\/td>\n<td>W<\/td>\n<td>3700<\/td>\n<td>6500<\/td>\n<\/tr>\n<tr>\n<td>Potenza continua<\/td>\n<td>W<\/td>\n<td>2700<\/td>\n<td>4800<\/td>\n<\/tr>\n<tr>\n<td>Collare \u00d8<\/td>\n<td>mm<\/td>\n<td>60<\/td>\n<td>60<\/td>\n<\/tr>\n<tr>\n<td>Lungh. Totale<\/td>\n<td>mm<\/td>\n<td>375<\/td>\n<td>375<\/td>\n<\/tr>\n<tr>\n<td>Dotato di 3 velocit\u00e0 motore<br \/>\nselezionabili meccanicamente:<\/td>\n<td>1\/min<\/td>\n<td>1 \u2013 630 giri\/min<br \/>\n2 \u2013 1400 giri\/min<br \/>\n3 \u2013 2900 giri\/min<\/td>\n<td>1 \u2013 630 giri\/min<br \/>\n2 \u2013 1400 giri\/min<br \/>\n3 \u2013 2900 giri\/min<\/td>\n<\/tr>\n<tr>\n<td>Peso<\/td>\n<td>Kg<\/td>\n<td>6,2<\/td>\n<td>6,2<\/td>\n<\/tr>\n<\/tbody>\n<\/table>\n<p>[\/vc_column_text][vc_column_text]<\/p>\n<table class=\"table-seatechnology-bis\">\n<tbody>\n<tr>\n<td>COD.<\/td>\n<td>DESCRIZIONE<\/td>\n<\/tr>\n<tr>\n<td>SEADRILL3700HF<\/td>\n<td>Carotatore manuale ad alta frequenza per carotaggio ad acqua \u2013 1\u201d1\/4<\/td>\n<\/tr>\n<tr>\n<td>SEASTAND200<\/td>\n<td>Colonna inclinabile 200 per carotatrice diamantata<\/td>\n<\/tr>\n<tr>\n<td>SEACUT400HF6D<\/td>\n<td>Convertitore frequenza<\/td>\n<\/tr>\n<\/tbody>\n<\/table>\n<p>[\/vc_column_text][\/vc_column][\/vc_row]<\/p>\n<\/div>","protected":false},"excerpt":{"rendered":"<p>[vc_row text_align=&#8221;center&#8221; bottom_padding=&#8221;50&#8243;][vc_column width=&#8221;1\/1&#8243;][vc_column_text] SEADRILL3700HF [\/vc_column_text][\/vc_column][\/vc_row][vc_row top_padding=&#8221;10&#8243; bottom_padding=&#8221;10&#8243;][vc_column width=&#8221;1\/3&#8243;][vc_row_inner][vc_column_inner][vc_column_text] Accedi alla scheda tecnica [\/vc_column_text][vc_btn title=&#8221;SEADRILL3700HF&#8221; style=&#8221;3d&#8221; color=&#8221;primary&#8221; align=&#8221;center&#8221; i_icon_fontawesome=&#8221;far fa-file-pdf&#8221; add_icon=&#8221;true&#8221; link=&#8221;url:%2Fdl.php%3Ffile_url%3Dhttps%3A%2F%2Fwww.seatechnology.eu%2Fwp-content%2Fuploads%2F2022%2F10%2FSEADRILL-3700-HF-Sea-Technology-IT.pdf&#8221; css=&#8221;.vc_custom_1666859422632{margin-top: 0px !important;margin-right: 0px !important;margin-bottom: 0px !important;margin-left: 0px !important;padding-top: 0px !important;padding-right: 0px !important;padding-bottom: 0px !important;padding-left: 0px !important;}&#8221;][\/vc_column_inner][\/vc_row_inner][\/vc_column][vc_column width=&#8221;2\/3&#8243;][vc_column_text]SEADRILL3700HF \u00e8 un carotatore manuale per carotaggio ad acqua su calcestruzzo armato, muratura e pietre naturali. Dotato di attacco esterno 1\u201d1\/4 ed interno 1\/2gas e predisposto per il montaggio su colonna, \u00e8 adatto per forature dal \u00f8 20 al \u00f8 150 mm. Il motore ad alta frequenza \u00e8 raffreddato ad acqua, con potenza da 3700W in monofase e 6500W in trifase, a seconda della disponibilit\u00e0 elettrica del cantiere.[\/vc_column_text][vc_column_text] DESCRIZIONE U.M. MONOFASE TRIFASE Voltaggio V 230 400 Potenza Max W 3700 6500 Potenza continua W 2700 4800 Collare \u00d8 mm 60 60 Lungh. Totale mm 375 375 Dotato di 3 velocit\u00e0 motore selezionabili meccanicamente: 1\/min 1 \u2013 630 giri\/min 2 \u2013 1400 giri\/min 3 \u2013 2900 giri\/min 1 \u2013 630 giri\/min 2 \u2013 1400 giri\/min 3 \u2013 2900 giri\/min Peso Kg 6,2 6,2 [\/vc_column_text][vc_column_text] COD. DESCRIZIONE SEADRILL3700HF Carotatore manuale ad alta frequenza per carotaggio ad acqua \u2013 1\u201d1\/4 SEASTAND200 Colonna inclinabile 200 per carotatrice diamantata SEACUT400HF6D Convertitore frequenza [\/vc_column_text][\/vc_column][\/vc_row]<\/p>\n","protected":false},"author":3,"featured_media":8957,"parent":8963,"menu_order":6,"comment_status":"closed","ping_status":"closed","template":"","meta":{"inline_featured_image":false,"footnotes":""},"class_list":["post-9155","page","type-page","status-publish","has-post-thumbnail","hentry"],"yoast_head":"<!-- This site is optimized with the Yoast SEO plugin v26.8 - https:\/\/yoast.com\/product\/yoast-seo-wordpress\/ -->\n<title>SEADRILL3700HF - Sea Technology<\/title>\n<meta name=\"description\" content=\"SEADRILL3700HF carotatore manuale calcestruzzo armato muratura pietre attacco esterno 1\u201d1\/4 interno 1\/2gas per colonna dal \u00f8 20 al \u00f8 150 mm\" \/>\n<meta name=\"robots\" content=\"index, follow, max-snippet:-1, max-image-preview:large, max-video-preview:-1\" \/>\n<link rel=\"canonical\" href=\"https:\/\/www.seatechnology.eu\/it\/alta-frequenza\/seadrill3700hf\/\" \/>\n<meta property=\"og:locale\" content=\"it_IT\" \/>\n<meta property=\"og:type\" content=\"article\" \/>\n<meta property=\"og:title\" content=\"SEADRILL3700HF - Sea Technology\" \/>\n<meta property=\"og:description\" content=\"SEADRILL3700HF carotatore manuale calcestruzzo armato muratura pietre attacco esterno 1\u201d1\/4 interno 1\/2gas per colonna dal \u00f8 20 al \u00f8 150 mm\" \/>\n<meta property=\"og:url\" content=\"https:\/\/www.seatechnology.eu\/it\/alta-frequenza\/seadrill3700hf\/\" \/>\n<meta property=\"og:site_name\" content=\"Sea Technology\" \/>\n<meta property=\"article:publisher\" content=\"https:\/\/www.facebook.com\/seatechnologyeu\/\" \/>\n<meta property=\"article:modified_time\" content=\"2022-10-27T08:52:58+00:00\" \/>\n<meta property=\"og:image\" content=\"https:\/\/www.seatechnology.eu\/wp-content\/uploads\/2022\/10\/SEADRILL3700HF.jpg\" \/>\n\t<meta property=\"og:image:width\" content=\"1500\" \/>\n\t<meta property=\"og:image:height\" content=\"1500\" \/>\n\t<meta property=\"og:image:type\" content=\"image\/jpeg\" \/>\n<meta name=\"twitter:card\" content=\"summary_large_image\" \/>\n<meta name=\"twitter:site\" content=\"@SeaTechnology_\" \/>\n<meta name=\"twitter:label1\" content=\"Tempo di lettura stimato\" \/>\n\t<meta name=\"twitter:data1\" content=\"2 minuti\" \/>\n<script type=\"application\/ld+json\" class=\"yoast-schema-graph\">{\"@context\":\"https:\/\/schema.org\",\"@graph\":[{\"@type\":\"WebPage\",\"@id\":\"https:\/\/www.seatechnology.eu\/it\/alta-frequenza\/seadrill3700hf\/\",\"url\":\"https:\/\/www.seatechnology.eu\/it\/alta-frequenza\/seadrill3700hf\/\",\"name\":\"SEADRILL3700HF - Sea Technology\",\"isPartOf\":{\"@id\":\"https:\/\/www.seatechnology.eu\/it\/#website\"},\"primaryImageOfPage\":{\"@id\":\"https:\/\/www.seatechnology.eu\/it\/alta-frequenza\/seadrill3700hf\/#primaryimage\"},\"image\":{\"@id\":\"https:\/\/www.seatechnology.eu\/it\/alta-frequenza\/seadrill3700hf\/#primaryimage\"},\"thumbnailUrl\":\"https:\/\/www.seatechnology.eu\/wp-content\/uploads\/2022\/10\/SEADRILL3700HF.jpg\",\"datePublished\":\"2022-10-27T08:45:17+00:00\",\"dateModified\":\"2022-10-27T08:52:58+00:00\",\"description\":\"SEADRILL3700HF carotatore manuale calcestruzzo armato muratura pietre attacco esterno 1\u201d1\/4 interno 1\/2gas per colonna dal \u00f8 20 al \u00f8 150 mm\",\"breadcrumb\":{\"@id\":\"https:\/\/www.seatechnology.eu\/it\/alta-frequenza\/seadrill3700hf\/#breadcrumb\"},\"inLanguage\":\"it-IT\",\"potentialAction\":[{\"@type\":\"ReadAction\",\"target\":[\"https:\/\/www.seatechnology.eu\/it\/alta-frequenza\/seadrill3700hf\/\"]}]},{\"@type\":\"ImageObject\",\"inLanguage\":\"it-IT\",\"@id\":\"https:\/\/www.seatechnology.eu\/it\/alta-frequenza\/seadrill3700hf\/#primaryimage\",\"url\":\"https:\/\/www.seatechnology.eu\/wp-content\/uploads\/2022\/10\/SEADRILL3700HF.jpg\",\"contentUrl\":\"https:\/\/www.seatechnology.eu\/wp-content\/uploads\/2022\/10\/SEADRILL3700HF.jpg\",\"width\":1500,\"height\":1500},{\"@type\":\"BreadcrumbList\",\"@id\":\"https:\/\/www.seatechnology.eu\/it\/alta-frequenza\/seadrill3700hf\/#breadcrumb\",\"itemListElement\":[{\"@type\":\"ListItem\",\"position\":1,\"name\":\"Home\",\"item\":\"https:\/\/www.seatechnology.eu\/it\/\"},{\"@type\":\"ListItem\",\"position\":2,\"name\":\"Alta Frequenza\",\"item\":\"https:\/\/www.seatechnology.eu\/it\/alta-frequenza\/\"},{\"@type\":\"ListItem\",\"position\":3,\"name\":\"SEADRILL3700HF\"}]},{\"@type\":\"WebSite\",\"@id\":\"https:\/\/www.seatechnology.eu\/it\/#website\",\"url\":\"https:\/\/www.seatechnology.eu\/it\/\",\"name\":\"Sea Technology\",\"description\":\"Experts in diamond tools, Since 1973\",\"publisher\":{\"@id\":\"https:\/\/www.seatechnology.eu\/it\/#organization\"},\"potentialAction\":[{\"@type\":\"SearchAction\",\"target\":{\"@type\":\"EntryPoint\",\"urlTemplate\":\"https:\/\/www.seatechnology.eu\/it\/?s={search_term_string}\"},\"query-input\":{\"@type\":\"PropertyValueSpecification\",\"valueRequired\":true,\"valueName\":\"search_term_string\"}}],\"inLanguage\":\"it-IT\"},{\"@type\":\"Organization\",\"@id\":\"https:\/\/www.seatechnology.eu\/it\/#organization\",\"name\":\"Sea Technology Srl\",\"url\":\"https:\/\/www.seatechnology.eu\/it\/\",\"logo\":{\"@type\":\"ImageObject\",\"inLanguage\":\"it-IT\",\"@id\":\"https:\/\/www.seatechnology.eu\/it\/#\/schema\/logo\/image\/\",\"url\":\"https:\/\/www.seatechnology.eu\/wp-content\/uploads\/2019\/09\/SeaTechnology-vertical-300px.png\",\"contentUrl\":\"https:\/\/www.seatechnology.eu\/wp-content\/uploads\/2019\/09\/SeaTechnology-vertical-300px.png\",\"width\":244,\"height\":266,\"caption\":\"Sea Technology Srl\"},\"image\":{\"@id\":\"https:\/\/www.seatechnology.eu\/it\/#\/schema\/logo\/image\/\"},\"sameAs\":[\"https:\/\/www.facebook.com\/seatechnologyeu\/\",\"https:\/\/x.com\/SeaTechnology_\",\"https:\/\/www.linkedin.com\/company\/sea-technology-srl\",\"https:\/\/www.youtube.com\/@seatechnology5754\"]}]}<\/script>\n<!-- \/ Yoast SEO plugin. -->","yoast_head_json":{"title":"SEADRILL3700HF - Sea Technology","description":"SEADRILL3700HF carotatore manuale calcestruzzo armato muratura pietre attacco esterno 1\u201d1\/4 interno 1\/2gas per colonna dal \u00f8 20 al \u00f8 150 mm","robots":{"index":"index","follow":"follow","max-snippet":"max-snippet:-1","max-image-preview":"max-image-preview:large","max-video-preview":"max-video-preview:-1"},"canonical":"https:\/\/www.seatechnology.eu\/it\/alta-frequenza\/seadrill3700hf\/","og_locale":"it_IT","og_type":"article","og_title":"SEADRILL3700HF - Sea Technology","og_description":"SEADRILL3700HF carotatore manuale calcestruzzo armato muratura pietre attacco esterno 1\u201d1\/4 interno 1\/2gas per colonna dal \u00f8 20 al \u00f8 150 mm","og_url":"https:\/\/www.seatechnology.eu\/it\/alta-frequenza\/seadrill3700hf\/","og_site_name":"Sea Technology","article_publisher":"https:\/\/www.facebook.com\/seatechnologyeu\/","article_modified_time":"2022-10-27T08:52:58+00:00","og_image":[{"width":1500,"height":1500,"url":"https:\/\/www.seatechnology.eu\/wp-content\/uploads\/2022\/10\/SEADRILL3700HF.jpg","type":"image\/jpeg"}],"twitter_card":"summary_large_image","twitter_site":"@SeaTechnology_","twitter_misc":{"Tempo di lettura stimato":"2 minuti"},"schema":{"@context":"https:\/\/schema.org","@graph":[{"@type":"WebPage","@id":"https:\/\/www.seatechnology.eu\/it\/alta-frequenza\/seadrill3700hf\/","url":"https:\/\/www.seatechnology.eu\/it\/alta-frequenza\/seadrill3700hf\/","name":"SEADRILL3700HF - Sea Technology","isPartOf":{"@id":"https:\/\/www.seatechnology.eu\/it\/#website"},"primaryImageOfPage":{"@id":"https:\/\/www.seatechnology.eu\/it\/alta-frequenza\/seadrill3700hf\/#primaryimage"},"image":{"@id":"https:\/\/www.seatechnology.eu\/it\/alta-frequenza\/seadrill3700hf\/#primaryimage"},"thumbnailUrl":"https:\/\/www.seatechnology.eu\/wp-content\/uploads\/2022\/10\/SEADRILL3700HF.jpg","datePublished":"2022-10-27T08:45:17+00:00","dateModified":"2022-10-27T08:52:58+00:00","description":"SEADRILL3700HF carotatore manuale calcestruzzo armato muratura pietre attacco esterno 1\u201d1\/4 interno 1\/2gas per colonna dal \u00f8 20 al \u00f8 150 mm","breadcrumb":{"@id":"https:\/\/www.seatechnology.eu\/it\/alta-frequenza\/seadrill3700hf\/#breadcrumb"},"inLanguage":"it-IT","potentialAction":[{"@type":"ReadAction","target":["https:\/\/www.seatechnology.eu\/it\/alta-frequenza\/seadrill3700hf\/"]}]},{"@type":"ImageObject","inLanguage":"it-IT","@id":"https:\/\/www.seatechnology.eu\/it\/alta-frequenza\/seadrill3700hf\/#primaryimage","url":"https:\/\/www.seatechnology.eu\/wp-content\/uploads\/2022\/10\/SEADRILL3700HF.jpg","contentUrl":"https:\/\/www.seatechnology.eu\/wp-content\/uploads\/2022\/10\/SEADRILL3700HF.jpg","width":1500,"height":1500},{"@type":"BreadcrumbList","@id":"https:\/\/www.seatechnology.eu\/it\/alta-frequenza\/seadrill3700hf\/#breadcrumb","itemListElement":[{"@type":"ListItem","position":1,"name":"Home","item":"https:\/\/www.seatechnology.eu\/it\/"},{"@type":"ListItem","position":2,"name":"Alta Frequenza","item":"https:\/\/www.seatechnology.eu\/it\/alta-frequenza\/"},{"@type":"ListItem","position":3,"name":"SEADRILL3700HF"}]},{"@type":"WebSite","@id":"https:\/\/www.seatechnology.eu\/it\/#website","url":"https:\/\/www.seatechnology.eu\/it\/","name":"Sea Technology","description":"Experts in diamond tools, Since 1973","publisher":{"@id":"https:\/\/www.seatechnology.eu\/it\/#organization"},"potentialAction":[{"@type":"SearchAction","target":{"@type":"EntryPoint","urlTemplate":"https:\/\/www.seatechnology.eu\/it\/?s={search_term_string}"},"query-input":{"@type":"PropertyValueSpecification","valueRequired":true,"valueName":"search_term_string"}}],"inLanguage":"it-IT"},{"@type":"Organization","@id":"https:\/\/www.seatechnology.eu\/it\/#organization","name":"Sea Technology Srl","url":"https:\/\/www.seatechnology.eu\/it\/","logo":{"@type":"ImageObject","inLanguage":"it-IT","@id":"https:\/\/www.seatechnology.eu\/it\/#\/schema\/logo\/image\/","url":"https:\/\/www.seatechnology.eu\/wp-content\/uploads\/2019\/09\/SeaTechnology-vertical-300px.png","contentUrl":"https:\/\/www.seatechnology.eu\/wp-content\/uploads\/2019\/09\/SeaTechnology-vertical-300px.png","width":244,"height":266,"caption":"Sea Technology Srl"},"image":{"@id":"https:\/\/www.seatechnology.eu\/it\/#\/schema\/logo\/image\/"},"sameAs":["https:\/\/www.facebook.com\/seatechnologyeu\/","https:\/\/x.com\/SeaTechnology_","https:\/\/www.linkedin.com\/company\/sea-technology-srl","https:\/\/www.youtube.com\/@seatechnology5754"]}]}},"_links":{"self":[{"href":"https:\/\/www.seatechnology.eu\/it\/wp-json\/wp\/v2\/pages\/9155","targetHints":{"allow":["GET"]}}],"collection":[{"href":"https:\/\/www.seatechnology.eu\/it\/wp-json\/wp\/v2\/pages"}],"about":[{"href":"https:\/\/www.seatechnology.eu\/it\/wp-json\/wp\/v2\/types\/page"}],"author":[{"embeddable":true,"href":"https:\/\/www.seatechnology.eu\/it\/wp-json\/wp\/v2\/users\/3"}],"replies":[{"embeddable":true,"href":"https:\/\/www.seatechnology.eu\/it\/wp-json\/wp\/v2\/comments?post=9155"}],"version-history":[{"count":0,"href":"https:\/\/www.seatechnology.eu\/it\/wp-json\/wp\/v2\/pages\/9155\/revisions"}],"up":[{"embeddable":true,"href":"https:\/\/www.seatechnology.eu\/it\/wp-json\/wp\/v2\/pages\/8963"}],"wp:featuredmedia":[{"embeddable":true,"href":"https:\/\/www.seatechnology.eu\/it\/wp-json\/wp\/v2\/media\/8957"}],"wp:attachment":[{"href":"https:\/\/www.seatechnology.eu\/it\/wp-json\/wp\/v2\/media?parent=9155"}],"curies":[{"name":"wp","href":"https:\/\/api.w.org\/{rel}","templated":true}]}}