{"id":9162,"date":"2022-10-27T10:55:53","date_gmt":"2022-10-27T08:55:53","guid":{"rendered":"https:\/\/www.seatechnology.eu\/?page_id=9162"},"modified":"2022-10-27T10:56:55","modified_gmt":"2022-10-27T08:56:55","slug":"seadrill3700hfrig","status":"publish","type":"page","link":"https:\/\/www.seatechnology.eu\/it\/alta-frequenza\/seadrill3700hfrig\/","title":{"rendered":"SEADRILL3700HFRIG"},"content":{"rendered":"<div class=\"wpb-content-wrapper\"><p>[vc_row text_align=&#8221;center&#8221; bottom_padding=&#8221;50&#8243;][vc_column width=&#8221;1\/1&#8243;][vc_column_text]<\/p>\n<h1><span style=\"color: #009cde;\">SEADRILL3700HFRIG<\/span><\/h1>\n<p>[\/vc_column_text][\/vc_column][\/vc_row][vc_row top_padding=&#8221;10&#8243; bottom_padding=&#8221;10&#8243;][vc_column width=&#8221;1\/3&#8243;]<div class=\"single_image wpb_content_element align-left  animate image_box_shadow image_opacity \" data-animation=\"fade-in-from-top\" data-delay=\"300\"><a href=\"https:\/\/www.seatechnology.eu\/wp-content\/uploads\/2022\/10\/SEADRILL3700HFRIG.jpg\" class=\"prettyPhoto\" rel=\"prettyPhoto[image]\"><img loading=\"lazy\" decoding=\"async\" width=\"1500\" height=\"1500\" src=\"https:\/\/www.seatechnology.eu\/wp-content\/uploads\/2022\/10\/SEADRILL3700HFRIG.jpg\" class=\"attachment-full\" alt=\"\" title=\"SEADRILL3700HFRIG\" srcset=\"https:\/\/www.seatechnology.eu\/wp-content\/uploads\/2022\/10\/SEADRILL3700HFRIG.jpg 1500w, https:\/\/www.seatechnology.eu\/wp-content\/uploads\/2022\/10\/SEADRILL3700HFRIG-600x600.jpg 600w, https:\/\/www.seatechnology.eu\/wp-content\/uploads\/2022\/10\/SEADRILL3700HFRIG-1200x1200.jpg 1200w, https:\/\/www.seatechnology.eu\/wp-content\/uploads\/2022\/10\/SEADRILL3700HFRIG-150x150.jpg 150w, https:\/\/www.seatechnology.eu\/wp-content\/uploads\/2022\/10\/SEADRILL3700HFRIG-768x768.jpg 768w, https:\/\/www.seatechnology.eu\/wp-content\/uploads\/2022\/10\/SEADRILL3700HFRIG-80x80.jpg 80w, https:\/\/www.seatechnology.eu\/wp-content\/uploads\/2022\/10\/SEADRILL3700HFRIG-500x500.jpg 500w, https:\/\/www.seatechnology.eu\/wp-content\/uploads\/2022\/10\/SEADRILL3700HFRIG-1000x1000.jpg 1000w\" sizes=\"auto, (max-width: 1500px) 100vw, 1500px\" \/><\/a><\/div>[vc_row_inner][vc_column_inner][vc_column_text]<\/p>\n<p style=\"text-align: center;\"><strong>Accedi alla scheda tecnica<\/strong><\/p>\n<p>[\/vc_column_text][vc_btn title=&#8221;SEADRILL3700HFRIG&#8221; style=&#8221;3d&#8221; color=&#8221;primary&#8221; align=&#8221;center&#8221; i_icon_fontawesome=&#8221;far fa-file-pdf&#8221; add_icon=&#8221;true&#8221; link=&#8221;url:%2Fdl.php%3Ffile_url%3Dhttps%3A%2F%2Fwww.seatechnology.eu%2Fwp-content%2Fuploads%2F2022%2F10%2FSEADRILL-3700-HFRIG-Sea-Technology-IT.pdf&#8221; css=&#8221;.vc_custom_1666860847327{margin-top: 0px !important;margin-right: 0px !important;margin-bottom: 0px !important;margin-left: 0px !important;padding-top: 0px !important;padding-right: 0px !important;padding-bottom: 0px !important;padding-left: 0px !important;}&#8221;][\/vc_column_inner][\/vc_row_inner][\/vc_column][vc_column width=&#8221;2\/3&#8243;]<div class=\"headline font-inherit fontsize-inherit fontweight-700 lh-inherit align-center transform-uppercase head-descrizione\" style=\"\">DESCRIZIONE<\/div>[vc_column_text]SEADRILL3700HFRIG \u00e8 un motore ad alta frequenza adatto al carotaggio ad acqua su colonna per forature su calcestruzzo armato, muratura e pietre naturali.<br \/>\nEssendo gestito da un convertitore ad alta frequenza, funziona con potenze da 3700 W in monofase a 6500 W in trifase, a seconda della disponibilit\u00e0 elettrica del cantiere.<br \/>\nMolto apprezzato per l\u2019elevato numero di giri, \u00e8 indicato per forature dal \u00f8 20 al \u00f8 150 mm e risulta la soluzione ideale per lavorazioni in spazi ridotti.[\/vc_column_text]<div class=\"headline font-inherit fontsize-inherit fontweight-700 lh-inherit align-center transform-uppercase head-descrizione\" style=\"\">SCHEDA TECNICA<\/div>[vc_column_text]<\/p>\n<table class=\"table-seatechnology-bis\">\n<tbody>\n<tr>\n<td colspan=\"4\">DESCRIZIONE<\/td>\n<\/tr>\n<tr>\n<td><\/td>\n<td><strong>U.M.<\/strong><\/td>\n<td><strong>MONOFASE<\/strong><\/td>\n<td><strong>TRIFASE<\/strong><\/td>\n<\/tr>\n<tr>\n<td>Voltaggio<\/td>\n<td>V<\/td>\n<td>230<\/td>\n<td>400<\/td>\n<\/tr>\n<tr>\n<td>Potenza Max<\/td>\n<td>W<\/td>\n<td>3700<\/td>\n<td>6500<\/td>\n<\/tr>\n<tr>\n<td>Potenza continua<\/td>\n<td>W<\/td>\n<td>2700<\/td>\n<td>4800<\/td>\n<\/tr>\n<tr>\n<td>Collare \u00d8<\/td>\n<td>mm<\/td>\n<td>60<\/td>\n<td>60<\/td>\n<\/tr>\n<tr>\n<td>Lungh. Totale<\/td>\n<td>mm<\/td>\n<td>375<\/td>\n<td>375<\/td>\n<\/tr>\n<tr>\n<td>Dotato di 3 velocit\u00e0 motore<br \/>\nselezionabili meccanicamente:<\/td>\n<td>1\/min<\/td>\n<td>1 \u2013 630 giri\/min<br \/>\n2 \u2013 1400 giri\/min<br \/>\n3 \u2013 2900 giri\/min<\/td>\n<td>1 \u2013 630 giri\/min<br \/>\n2 \u2013 1400 giri\/min<br \/>\n3 \u2013 2900 giri\/min<\/td>\n<\/tr>\n<tr>\n<td>Peso<\/td>\n<td>Kg<\/td>\n<td>6,2<\/td>\n<td>6,2<\/td>\n<\/tr>\n<\/tbody>\n<\/table>\n<p>[\/vc_column_text][vc_column_text]<\/p>\n<table class=\"table-seatechnology-bis\">\n<tbody>\n<tr>\n<td>COD.<\/td>\n<td>DESCRIZIONE<\/td>\n<\/tr>\n<tr>\n<td>SEADRILL3700HFRIG<\/td>\n<td>Motore alta frequenza per carotaggio ad acqua su colonna \u2013 1\u201d1\/4<\/td>\n<\/tr>\n<tr>\n<td>SEASTAND250<\/td>\n<td>Colonna inclinabile 250 per carotatrice diamantata<\/td>\n<\/tr>\n<tr>\n<td>PSTAND250<\/td>\n<td>Colonna prof. in acciaio 250 inclinabile per carotatrice diamantata<\/td>\n<\/tr>\n<tr>\n<td>SEACUT400HF6D<\/td>\n<td>Convertitore frequenza<\/td>\n<\/tr>\n<\/tbody>\n<\/table>\n<p>[\/vc_column_text][\/vc_column][\/vc_row]<\/p>\n<\/div>","protected":false},"excerpt":{"rendered":"<p>[vc_row text_align=&#8221;center&#8221; bottom_padding=&#8221;50&#8243;][vc_column width=&#8221;1\/1&#8243;][vc_column_text] SEADRILL3700HFRIG [\/vc_column_text][\/vc_column][\/vc_row][vc_row top_padding=&#8221;10&#8243; bottom_padding=&#8221;10&#8243;][vc_column width=&#8221;1\/3&#8243;][vc_row_inner][vc_column_inner][vc_column_text] Accedi alla scheda tecnica [\/vc_column_text][vc_btn title=&#8221;SEADRILL3700HFRIG&#8221; style=&#8221;3d&#8221; color=&#8221;primary&#8221; align=&#8221;center&#8221; i_icon_fontawesome=&#8221;far fa-file-pdf&#8221; add_icon=&#8221;true&#8221; link=&#8221;url:%2Fdl.php%3Ffile_url%3Dhttps%3A%2F%2Fwww.seatechnology.eu%2Fwp-content%2Fuploads%2F2022%2F10%2FSEADRILL-3700-HFRIG-Sea-Technology-IT.pdf&#8221; css=&#8221;.vc_custom_1666860847327{margin-top: 0px !important;margin-right: 0px !important;margin-bottom: 0px !important;margin-left: 0px !important;padding-top: 0px !important;padding-right: 0px !important;padding-bottom: 0px !important;padding-left: 0px !important;}&#8221;][\/vc_column_inner][\/vc_row_inner][\/vc_column][vc_column width=&#8221;2\/3&#8243;][vc_column_text]SEADRILL3700HFRIG \u00e8 un motore ad alta frequenza adatto al carotaggio ad acqua su colonna per forature su calcestruzzo armato, muratura e pietre naturali. Essendo gestito da un convertitore ad alta frequenza, funziona con potenze da 3700 W in monofase a 6500 W in trifase, a seconda della disponibilit\u00e0 elettrica del cantiere. Molto apprezzato per l\u2019elevato numero di giri, \u00e8 indicato per forature dal \u00f8 20 al \u00f8 150 mm e risulta la soluzione ideale per lavorazioni in spazi ridotti.[\/vc_column_text][vc_column_text] DESCRIZIONE U.M. MONOFASE TRIFASE Voltaggio V 230 400 Potenza Max W 3700 6500 Potenza continua W 2700 4800 Collare \u00d8 mm 60 60 Lungh. Totale mm 375 375 Dotato di 3 velocit\u00e0 motore selezionabili meccanicamente: 1\/min 1 \u2013 630 giri\/min 2 \u2013 1400 giri\/min 3 \u2013 2900 giri\/min 1 \u2013 630 giri\/min 2 \u2013 1400 giri\/min 3 \u2013 2900 giri\/min Peso Kg 6,2 6,2 [\/vc_column_text][vc_column_text] COD. DESCRIZIONE SEADRILL3700HFRIG Motore alta frequenza per carotaggio ad acqua su colonna \u2013 1\u201d1\/4 SEASTAND250 Colonna inclinabile [&hellip;]<\/p>\n","protected":false},"author":3,"featured_media":8959,"parent":8963,"menu_order":7,"comment_status":"closed","ping_status":"closed","template":"","meta":{"inline_featured_image":false,"footnotes":""},"class_list":["post-9162","page","type-page","status-publish","has-post-thumbnail","hentry"],"yoast_head":"<!-- This site is optimized with the Yoast SEO plugin v26.8 - https:\/\/yoast.com\/product\/yoast-seo-wordpress\/ -->\n<title>SEADRILL3700HFRIG - Sea Technology<\/title>\n<meta name=\"description\" content=\"SEADRILL3700HF carotatore manuale calcestruzzo armato muratura pietre attacco esterno 1\u201d1\/4 interno 1\/2gas per colonna dal \u00f8 20 al \u00f8 150 mm\" \/>\n<meta name=\"robots\" content=\"index, follow, max-snippet:-1, max-image-preview:large, max-video-preview:-1\" \/>\n<link rel=\"canonical\" href=\"https:\/\/www.seatechnology.eu\/it\/alta-frequenza\/seadrill3700hfrig\/\" \/>\n<meta property=\"og:locale\" content=\"it_IT\" \/>\n<meta property=\"og:type\" content=\"article\" \/>\n<meta property=\"og:title\" content=\"SEADRILL3700HFRIG - Sea Technology\" \/>\n<meta property=\"og:description\" content=\"SEADRILL3700HF carotatore manuale calcestruzzo armato muratura pietre attacco esterno 1\u201d1\/4 interno 1\/2gas per colonna dal \u00f8 20 al \u00f8 150 mm\" \/>\n<meta property=\"og:url\" content=\"https:\/\/www.seatechnology.eu\/it\/alta-frequenza\/seadrill3700hfrig\/\" \/>\n<meta property=\"og:site_name\" content=\"Sea Technology\" \/>\n<meta property=\"article:publisher\" content=\"https:\/\/www.facebook.com\/seatechnologyeu\/\" \/>\n<meta property=\"article:modified_time\" content=\"2022-10-27T08:56:55+00:00\" \/>\n<meta property=\"og:image\" content=\"https:\/\/www.seatechnology.eu\/wp-content\/uploads\/2022\/10\/SEADRILL3700HFRIG.jpg\" \/>\n\t<meta property=\"og:image:width\" content=\"1500\" \/>\n\t<meta property=\"og:image:height\" content=\"1500\" \/>\n\t<meta property=\"og:image:type\" content=\"image\/jpeg\" \/>\n<meta name=\"twitter:card\" content=\"summary_large_image\" \/>\n<meta name=\"twitter:site\" content=\"@SeaTechnology_\" \/>\n<meta name=\"twitter:label1\" content=\"Tempo di lettura stimato\" \/>\n\t<meta name=\"twitter:data1\" content=\"2 minuti\" \/>\n<script type=\"application\/ld+json\" class=\"yoast-schema-graph\">{\"@context\":\"https:\/\/schema.org\",\"@graph\":[{\"@type\":\"WebPage\",\"@id\":\"https:\/\/www.seatechnology.eu\/it\/alta-frequenza\/seadrill3700hfrig\/\",\"url\":\"https:\/\/www.seatechnology.eu\/it\/alta-frequenza\/seadrill3700hfrig\/\",\"name\":\"SEADRILL3700HFRIG - Sea Technology\",\"isPartOf\":{\"@id\":\"https:\/\/www.seatechnology.eu\/it\/#website\"},\"primaryImageOfPage\":{\"@id\":\"https:\/\/www.seatechnology.eu\/it\/alta-frequenza\/seadrill3700hfrig\/#primaryimage\"},\"image\":{\"@id\":\"https:\/\/www.seatechnology.eu\/it\/alta-frequenza\/seadrill3700hfrig\/#primaryimage\"},\"thumbnailUrl\":\"https:\/\/www.seatechnology.eu\/wp-content\/uploads\/2022\/10\/SEADRILL3700HFRIG.jpg\",\"datePublished\":\"2022-10-27T08:55:53+00:00\",\"dateModified\":\"2022-10-27T08:56:55+00:00\",\"description\":\"SEADRILL3700HF carotatore manuale calcestruzzo armato muratura pietre attacco esterno 1\u201d1\/4 interno 1\/2gas per colonna dal \u00f8 20 al \u00f8 150 mm\",\"breadcrumb\":{\"@id\":\"https:\/\/www.seatechnology.eu\/it\/alta-frequenza\/seadrill3700hfrig\/#breadcrumb\"},\"inLanguage\":\"it-IT\",\"potentialAction\":[{\"@type\":\"ReadAction\",\"target\":[\"https:\/\/www.seatechnology.eu\/it\/alta-frequenza\/seadrill3700hfrig\/\"]}]},{\"@type\":\"ImageObject\",\"inLanguage\":\"it-IT\",\"@id\":\"https:\/\/www.seatechnology.eu\/it\/alta-frequenza\/seadrill3700hfrig\/#primaryimage\",\"url\":\"https:\/\/www.seatechnology.eu\/wp-content\/uploads\/2022\/10\/SEADRILL3700HFRIG.jpg\",\"contentUrl\":\"https:\/\/www.seatechnology.eu\/wp-content\/uploads\/2022\/10\/SEADRILL3700HFRIG.jpg\",\"width\":1500,\"height\":1500},{\"@type\":\"BreadcrumbList\",\"@id\":\"https:\/\/www.seatechnology.eu\/it\/alta-frequenza\/seadrill3700hfrig\/#breadcrumb\",\"itemListElement\":[{\"@type\":\"ListItem\",\"position\":1,\"name\":\"Home\",\"item\":\"https:\/\/www.seatechnology.eu\/it\/\"},{\"@type\":\"ListItem\",\"position\":2,\"name\":\"Alta Frequenza\",\"item\":\"https:\/\/www.seatechnology.eu\/it\/alta-frequenza\/\"},{\"@type\":\"ListItem\",\"position\":3,\"name\":\"SEADRILL3700HFRIG\"}]},{\"@type\":\"WebSite\",\"@id\":\"https:\/\/www.seatechnology.eu\/it\/#website\",\"url\":\"https:\/\/www.seatechnology.eu\/it\/\",\"name\":\"Sea Technology\",\"description\":\"Experts in diamond tools, Since 1973\",\"publisher\":{\"@id\":\"https:\/\/www.seatechnology.eu\/it\/#organization\"},\"potentialAction\":[{\"@type\":\"SearchAction\",\"target\":{\"@type\":\"EntryPoint\",\"urlTemplate\":\"https:\/\/www.seatechnology.eu\/it\/?s={search_term_string}\"},\"query-input\":{\"@type\":\"PropertyValueSpecification\",\"valueRequired\":true,\"valueName\":\"search_term_string\"}}],\"inLanguage\":\"it-IT\"},{\"@type\":\"Organization\",\"@id\":\"https:\/\/www.seatechnology.eu\/it\/#organization\",\"name\":\"Sea Technology Srl\",\"url\":\"https:\/\/www.seatechnology.eu\/it\/\",\"logo\":{\"@type\":\"ImageObject\",\"inLanguage\":\"it-IT\",\"@id\":\"https:\/\/www.seatechnology.eu\/it\/#\/schema\/logo\/image\/\",\"url\":\"https:\/\/www.seatechnology.eu\/wp-content\/uploads\/2019\/09\/SeaTechnology-vertical-300px.png\",\"contentUrl\":\"https:\/\/www.seatechnology.eu\/wp-content\/uploads\/2019\/09\/SeaTechnology-vertical-300px.png\",\"width\":244,\"height\":266,\"caption\":\"Sea Technology Srl\"},\"image\":{\"@id\":\"https:\/\/www.seatechnology.eu\/it\/#\/schema\/logo\/image\/\"},\"sameAs\":[\"https:\/\/www.facebook.com\/seatechnologyeu\/\",\"https:\/\/x.com\/SeaTechnology_\",\"https:\/\/www.linkedin.com\/company\/sea-technology-srl\",\"https:\/\/www.youtube.com\/@seatechnology5754\"]}]}<\/script>\n<!-- \/ Yoast SEO plugin. -->","yoast_head_json":{"title":"SEADRILL3700HFRIG - Sea Technology","description":"SEADRILL3700HF carotatore manuale calcestruzzo armato muratura pietre attacco esterno 1\u201d1\/4 interno 1\/2gas per colonna dal \u00f8 20 al \u00f8 150 mm","robots":{"index":"index","follow":"follow","max-snippet":"max-snippet:-1","max-image-preview":"max-image-preview:large","max-video-preview":"max-video-preview:-1"},"canonical":"https:\/\/www.seatechnology.eu\/it\/alta-frequenza\/seadrill3700hfrig\/","og_locale":"it_IT","og_type":"article","og_title":"SEADRILL3700HFRIG - Sea Technology","og_description":"SEADRILL3700HF carotatore manuale calcestruzzo armato muratura pietre attacco esterno 1\u201d1\/4 interno 1\/2gas per colonna dal \u00f8 20 al \u00f8 150 mm","og_url":"https:\/\/www.seatechnology.eu\/it\/alta-frequenza\/seadrill3700hfrig\/","og_site_name":"Sea Technology","article_publisher":"https:\/\/www.facebook.com\/seatechnologyeu\/","article_modified_time":"2022-10-27T08:56:55+00:00","og_image":[{"width":1500,"height":1500,"url":"https:\/\/www.seatechnology.eu\/wp-content\/uploads\/2022\/10\/SEADRILL3700HFRIG.jpg","type":"image\/jpeg"}],"twitter_card":"summary_large_image","twitter_site":"@SeaTechnology_","twitter_misc":{"Tempo di lettura stimato":"2 minuti"},"schema":{"@context":"https:\/\/schema.org","@graph":[{"@type":"WebPage","@id":"https:\/\/www.seatechnology.eu\/it\/alta-frequenza\/seadrill3700hfrig\/","url":"https:\/\/www.seatechnology.eu\/it\/alta-frequenza\/seadrill3700hfrig\/","name":"SEADRILL3700HFRIG - Sea Technology","isPartOf":{"@id":"https:\/\/www.seatechnology.eu\/it\/#website"},"primaryImageOfPage":{"@id":"https:\/\/www.seatechnology.eu\/it\/alta-frequenza\/seadrill3700hfrig\/#primaryimage"},"image":{"@id":"https:\/\/www.seatechnology.eu\/it\/alta-frequenza\/seadrill3700hfrig\/#primaryimage"},"thumbnailUrl":"https:\/\/www.seatechnology.eu\/wp-content\/uploads\/2022\/10\/SEADRILL3700HFRIG.jpg","datePublished":"2022-10-27T08:55:53+00:00","dateModified":"2022-10-27T08:56:55+00:00","description":"SEADRILL3700HF carotatore manuale calcestruzzo armato muratura pietre attacco esterno 1\u201d1\/4 interno 1\/2gas per colonna dal \u00f8 20 al \u00f8 150 mm","breadcrumb":{"@id":"https:\/\/www.seatechnology.eu\/it\/alta-frequenza\/seadrill3700hfrig\/#breadcrumb"},"inLanguage":"it-IT","potentialAction":[{"@type":"ReadAction","target":["https:\/\/www.seatechnology.eu\/it\/alta-frequenza\/seadrill3700hfrig\/"]}]},{"@type":"ImageObject","inLanguage":"it-IT","@id":"https:\/\/www.seatechnology.eu\/it\/alta-frequenza\/seadrill3700hfrig\/#primaryimage","url":"https:\/\/www.seatechnology.eu\/wp-content\/uploads\/2022\/10\/SEADRILL3700HFRIG.jpg","contentUrl":"https:\/\/www.seatechnology.eu\/wp-content\/uploads\/2022\/10\/SEADRILL3700HFRIG.jpg","width":1500,"height":1500},{"@type":"BreadcrumbList","@id":"https:\/\/www.seatechnology.eu\/it\/alta-frequenza\/seadrill3700hfrig\/#breadcrumb","itemListElement":[{"@type":"ListItem","position":1,"name":"Home","item":"https:\/\/www.seatechnology.eu\/it\/"},{"@type":"ListItem","position":2,"name":"Alta Frequenza","item":"https:\/\/www.seatechnology.eu\/it\/alta-frequenza\/"},{"@type":"ListItem","position":3,"name":"SEADRILL3700HFRIG"}]},{"@type":"WebSite","@id":"https:\/\/www.seatechnology.eu\/it\/#website","url":"https:\/\/www.seatechnology.eu\/it\/","name":"Sea Technology","description":"Experts in diamond tools, Since 1973","publisher":{"@id":"https:\/\/www.seatechnology.eu\/it\/#organization"},"potentialAction":[{"@type":"SearchAction","target":{"@type":"EntryPoint","urlTemplate":"https:\/\/www.seatechnology.eu\/it\/?s={search_term_string}"},"query-input":{"@type":"PropertyValueSpecification","valueRequired":true,"valueName":"search_term_string"}}],"inLanguage":"it-IT"},{"@type":"Organization","@id":"https:\/\/www.seatechnology.eu\/it\/#organization","name":"Sea Technology Srl","url":"https:\/\/www.seatechnology.eu\/it\/","logo":{"@type":"ImageObject","inLanguage":"it-IT","@id":"https:\/\/www.seatechnology.eu\/it\/#\/schema\/logo\/image\/","url":"https:\/\/www.seatechnology.eu\/wp-content\/uploads\/2019\/09\/SeaTechnology-vertical-300px.png","contentUrl":"https:\/\/www.seatechnology.eu\/wp-content\/uploads\/2019\/09\/SeaTechnology-vertical-300px.png","width":244,"height":266,"caption":"Sea Technology Srl"},"image":{"@id":"https:\/\/www.seatechnology.eu\/it\/#\/schema\/logo\/image\/"},"sameAs":["https:\/\/www.facebook.com\/seatechnologyeu\/","https:\/\/x.com\/SeaTechnology_","https:\/\/www.linkedin.com\/company\/sea-technology-srl","https:\/\/www.youtube.com\/@seatechnology5754"]}]}},"_links":{"self":[{"href":"https:\/\/www.seatechnology.eu\/it\/wp-json\/wp\/v2\/pages\/9162","targetHints":{"allow":["GET"]}}],"collection":[{"href":"https:\/\/www.seatechnology.eu\/it\/wp-json\/wp\/v2\/pages"}],"about":[{"href":"https:\/\/www.seatechnology.eu\/it\/wp-json\/wp\/v2\/types\/page"}],"author":[{"embeddable":true,"href":"https:\/\/www.seatechnology.eu\/it\/wp-json\/wp\/v2\/users\/3"}],"replies":[{"embeddable":true,"href":"https:\/\/www.seatechnology.eu\/it\/wp-json\/wp\/v2\/comments?post=9162"}],"version-history":[{"count":0,"href":"https:\/\/www.seatechnology.eu\/it\/wp-json\/wp\/v2\/pages\/9162\/revisions"}],"up":[{"embeddable":true,"href":"https:\/\/www.seatechnology.eu\/it\/wp-json\/wp\/v2\/pages\/8963"}],"wp:featuredmedia":[{"embeddable":true,"href":"https:\/\/www.seatechnology.eu\/it\/wp-json\/wp\/v2\/media\/8959"}],"wp:attachment":[{"href":"https:\/\/www.seatechnology.eu\/it\/wp-json\/wp\/v2\/media?parent=9162"}],"curies":[{"name":"wp","href":"https:\/\/api.w.org\/{rel}","templated":true}]}}